{"id":33252,"date":"2023-11-22T08:49:49","date_gmt":"2023-11-22T07:49:49","guid":{"rendered":"https:\/\/www.allinclusivehotels.it\/hotels\/hotel-vienna"},"modified":"2023-12-19T15:02:35","modified_gmt":"2023-12-19T14:02:35","slug":"hotel-vienna","status":"publish","type":"page","link":"https:\/\/www.allinclusivehotels.it\/fr\/hotels\/hotel-vienna","title":{"rendered":"H\u00f4tel Vienna"},"content":{"rendered":"\n<p>L&#039;<b>H\u00f4tel Vienna<\/b> de <b>Primiero San Martino di Castrozza<\/b> est entour\u00e9 par le vaste panorama des Dolomites. Pour vos <b>vacances All Inclusive dans le Trentin Haut Adige<\/b>, vous b\u00e9n\u00e9ficierez des meilleurs services, toujours tout inclus. Par exemple, l\u2019<b>acc\u00e8s au spa panoramique<\/b>, ouvert de 14h \u00e0 20h et r\u00e9serv\u00e9 aux adultes \u00e0 partir de 17h, o\u00f9 vous pourrez vous d\u00e9tendre apr\u00e8s une journ\u00e9e sur les pistes ou de randonn\u00e9e en montagne. Vous y trouverez un maxi sauna, un sauna bio, un bain turc aux essences de montagne, des douches \u00e9motionnelles, une <b>piscine chauff\u00e9e et hydro<\/b>, un <b>jacuzzi d\u2019eau chaude ext\u00e9rieur<\/b>.<\/p>\n\n\n\n<!--more-->\n\n\n\n<p>Si vous<b> voyagez avec des enfants<\/b>, vous pouvez choisir de vous amuser avec eux dans la piscine ou de les confier \u00e0 l&#039;\u00e9quipe d&#039;animation, qui organise des activit\u00e9s dans le cadre du <b>Mini Club<\/b> et du <b>Junior Club<\/b>, <b>\u00e0 partir de 4 ans<\/b>. Vous pourrez \u00e9galement faire des <b>excursions d&#039;\u00e9t\u00e9 pour adultes et enfants<\/b>, comme des visites en refuges de montagne, des parcs d&#039;attractions en altitude, des promenades en compagnie de guides du parc, ou encore des exp\u00e9riences \u00e0 vivre en couple.<\/p>\n\n\n\n<p>Le <b>jardin de 5\u00a0000 m\u00b2<\/b> compte un <b>plan d\u2019eau Kneipp<\/b>, des jeux pour enfants et une <b>terrasse panoramique<\/b> avec parasols, transats \u00e0 disposition des clients et tables pour d\u00e9jeuner en plein air. Pour les amateurs de ski, l&#039;h\u00f4tel dispose d&#039;un <b>local<\/b> <b>destin\u00e9 \u00e0 l&#039;\u00e9quipement<\/b>, d\u2019un service de <b>transfert <\/b>vers les pistes, des <b>accords avec les \u00e9coles de ski<\/b> pour les enfants et les adolescents, et des <b>\u00e9quipements pour les enfants<\/b>.<\/p>\n\n\n\n<p>La <b>place de parking dans le garage couvert<\/b> est toujours garantie.<\/p>\n","protected":false},"excerpt":{"rendered":"<p>L&#039;H\u00f4tel Vienna de Primiero San Martino di Castrozza est entour\u00e9 par le vaste panorama des &hellip;<\/p>\n","protected":false},"author":1,"featured_media":0,"parent":8241,"menu_order":0,"comment_status":"closed","ping_status":"closed","template":"page-templates\/scheda_hotel.php","meta":{"_acf_changed":false,"footnotes":""},"class_list":["post-33252","page","type-page","status-publish","hentry"],"acf":[],"yoast_head":"<!-- This site is optimized with the Yoast SEO plugin v27.6 - https:\/\/yoast.com\/product\/yoast-seo-wordpress\/ -->\n<title>Offres All Inclusive de l&#039;H\u00f4tel Vienna \u00e0 San Martino di Castrozza<\/title>\n<meta name=\"description\" content=\"Envie de vacances\u00a0? D\u00e9couvrez les offres All Inclusive et les forfaits tout compris de l\u2019H\u00f4tel Vienna de Primiero San Martino di Castrozza\" \/>\n<meta name=\"robots\" content=\"index, follow, max-snippet:-1, max-image-preview:large, max-video-preview:-1\" \/>\n<link rel=\"canonical\" href=\"https:\/\/www.allinclusivehotels.it\/fr\/hotels\/hotel-vienna\" \/>\n<meta property=\"og:locale\" content=\"fr_FR\" \/>\n<meta property=\"og:type\" content=\"article\" \/>\n<meta property=\"og:title\" content=\"Offres All Inclusive de l&#039;H\u00f4tel Vienna \u00e0 San Martino di Castrozza\" \/>\n<meta property=\"og:description\" content=\"Envie de vacances\u00a0? D\u00e9couvrez les offres All Inclusive et les forfaits tout compris de l\u2019H\u00f4tel Vienna de Primiero San Martino di Castrozza\" \/>\n<meta property=\"og:url\" content=\"https:\/\/www.allinclusivehotels.it\/fr\/hotels\/hotel-vienna\" \/>\n<meta property=\"og:site_name\" content=\"All Inclusive Hotels\" \/>\n<meta property=\"article:modified_time\" content=\"2023-12-19T14:02:35+00:00\" \/>\n<meta name=\"twitter:card\" content=\"summary_large_image\" \/>\n<meta name=\"twitter:label1\" content=\"Dur\u00e9e de lecture estim\u00e9e\" \/>\n\t<meta name=\"twitter:data1\" content=\"1 minute\" \/>\n<script type=\"application\/ld+json\" class=\"yoast-schema-graph\">{\"@context\":\"https:\\\/\\\/schema.org\",\"@graph\":[{\"@type\":\"WebPage\",\"@id\":\"https:\\\/\\\/www.allinclusivehotels.it\\\/fr\\\/hotels\\\/hotel-vienna\",\"url\":\"https:\\\/\\\/www.allinclusivehotels.it\\\/fr\\\/hotels\\\/hotel-vienna\",\"name\":\"Offres All Inclusive de l'H\u00f4tel Vienna \u00e0 San Martino di Castrozza\",\"isPartOf\":{\"@id\":\"https:\\\/\\\/www.allinclusivehotels.it\\\/fr#website\"},\"datePublished\":\"2023-11-22T07:49:49+00:00\",\"dateModified\":\"2023-12-19T14:02:35+00:00\",\"description\":\"Envie de vacances\u00a0? D\u00e9couvrez les offres All Inclusive et les forfaits tout compris de l\u2019H\u00f4tel Vienna de Primiero San Martino di Castrozza\",\"breadcrumb\":{\"@id\":\"https:\\\/\\\/www.allinclusivehotels.it\\\/fr\\\/hotels\\\/hotel-vienna#breadcrumb\"},\"inLanguage\":\"fr-FR\",\"potentialAction\":[{\"@type\":\"ReadAction\",\"target\":[\"https:\\\/\\\/www.allinclusivehotels.it\\\/fr\\\/hotels\\\/hotel-vienna\"]}]},{\"@type\":\"BreadcrumbList\",\"@id\":\"https:\\\/\\\/www.allinclusivehotels.it\\\/fr\\\/hotels\\\/hotel-vienna#breadcrumb\",\"itemListElement\":[{\"@type\":\"ListItem\",\"position\":1,\"name\":\"Home\",\"item\":\"https:\\\/\\\/www.allinclusivehotels.it\\\/fr\"},{\"@type\":\"ListItem\",\"position\":2,\"name\":\"H\u00f4tels\",\"item\":\"https:\\\/\\\/www.allinclusivehotels.it\\\/fr\\\/hotels\"},{\"@type\":\"ListItem\",\"position\":3,\"name\":\"H\u00f4tel Vienna\"}]},{\"@type\":\"WebSite\",\"@id\":\"https:\\\/\\\/www.allinclusivehotels.it\\\/fr#website\",\"url\":\"https:\\\/\\\/www.allinclusivehotels.it\\\/fr\",\"name\":\"All Inclusive Hotels\",\"description\":\"\",\"publisher\":{\"@id\":\"https:\\\/\\\/www.allinclusivehotels.it\\\/fr#organization\"},\"potentialAction\":[{\"@type\":\"SearchAction\",\"target\":{\"@type\":\"EntryPoint\",\"urlTemplate\":\"https:\\\/\\\/www.allinclusivehotels.it\\\/fr?s={search_term_string}\"},\"query-input\":{\"@type\":\"PropertyValueSpecification\",\"valueRequired\":true,\"valueName\":\"search_term_string\"}}],\"inLanguage\":\"fr-FR\"},{\"@type\":\"Organization\",\"@id\":\"https:\\\/\\\/www.allinclusivehotels.it\\\/fr#organization\",\"name\":\"All Inclusive Hotels\",\"url\":\"https:\\\/\\\/www.allinclusivehotels.it\\\/fr\",\"logo\":{\"@type\":\"ImageObject\",\"inLanguage\":\"fr-FR\",\"@id\":\"https:\\\/\\\/www.allinclusivehotels.it\\\/fr#\\\/schema\\\/logo\\\/image\\\/\",\"url\":\"\",\"contentUrl\":\"\",\"caption\":\"All Inclusive Hotels\"},\"image\":{\"@id\":\"https:\\\/\\\/www.allinclusivehotels.it\\\/fr#\\\/schema\\\/logo\\\/image\\\/\"}}]}<\/script>\n<!-- \/ Yoast SEO plugin. -->","yoast_head_json":{"title":"Offres All Inclusive de l'H\u00f4tel Vienna \u00e0 San Martino di Castrozza","description":"Envie de vacances\u00a0? D\u00e9couvrez les offres All Inclusive et les forfaits tout compris de l\u2019H\u00f4tel Vienna de Primiero San Martino di Castrozza","robots":{"index":"index","follow":"follow","max-snippet":"max-snippet:-1","max-image-preview":"max-image-preview:large","max-video-preview":"max-video-preview:-1"},"canonical":"https:\/\/www.allinclusivehotels.it\/fr\/hotels\/hotel-vienna","og_locale":"fr_FR","og_type":"article","og_title":"Offres All Inclusive de l'H\u00f4tel Vienna \u00e0 San Martino di Castrozza","og_description":"Envie de vacances\u00a0? D\u00e9couvrez les offres All Inclusive et les forfaits tout compris de l\u2019H\u00f4tel Vienna de Primiero San Martino di Castrozza","og_url":"https:\/\/www.allinclusivehotels.it\/fr\/hotels\/hotel-vienna","og_site_name":"All Inclusive Hotels","article_modified_time":"2023-12-19T14:02:35+00:00","twitter_card":"summary_large_image","twitter_misc":{"Dur\u00e9e de lecture estim\u00e9e":"1 minute"},"schema":{"@context":"https:\/\/schema.org","@graph":[{"@type":"WebPage","@id":"https:\/\/www.allinclusivehotels.it\/fr\/hotels\/hotel-vienna","url":"https:\/\/www.allinclusivehotels.it\/fr\/hotels\/hotel-vienna","name":"Offres All Inclusive de l'H\u00f4tel Vienna \u00e0 San Martino di Castrozza","isPartOf":{"@id":"https:\/\/www.allinclusivehotels.it\/fr#website"},"datePublished":"2023-11-22T07:49:49+00:00","dateModified":"2023-12-19T14:02:35+00:00","description":"Envie de vacances\u00a0? D\u00e9couvrez les offres All Inclusive et les forfaits tout compris de l\u2019H\u00f4tel Vienna de Primiero San Martino di Castrozza","breadcrumb":{"@id":"https:\/\/www.allinclusivehotels.it\/fr\/hotels\/hotel-vienna#breadcrumb"},"inLanguage":"fr-FR","potentialAction":[{"@type":"ReadAction","target":["https:\/\/www.allinclusivehotels.it\/fr\/hotels\/hotel-vienna"]}]},{"@type":"BreadcrumbList","@id":"https:\/\/www.allinclusivehotels.it\/fr\/hotels\/hotel-vienna#breadcrumb","itemListElement":[{"@type":"ListItem","position":1,"name":"Home","item":"https:\/\/www.allinclusivehotels.it\/fr"},{"@type":"ListItem","position":2,"name":"H\u00f4tels","item":"https:\/\/www.allinclusivehotels.it\/fr\/hotels"},{"@type":"ListItem","position":3,"name":"H\u00f4tel Vienna"}]},{"@type":"WebSite","@id":"https:\/\/www.allinclusivehotels.it\/fr#website","url":"https:\/\/www.allinclusivehotels.it\/fr","name":"All Inclusive Hotels","description":"","publisher":{"@id":"https:\/\/www.allinclusivehotels.it\/fr#organization"},"potentialAction":[{"@type":"SearchAction","target":{"@type":"EntryPoint","urlTemplate":"https:\/\/www.allinclusivehotels.it\/fr?s={search_term_string}"},"query-input":{"@type":"PropertyValueSpecification","valueRequired":true,"valueName":"search_term_string"}}],"inLanguage":"fr-FR"},{"@type":"Organization","@id":"https:\/\/www.allinclusivehotels.it\/fr#organization","name":"All Inclusive Hotels","url":"https:\/\/www.allinclusivehotels.it\/fr","logo":{"@type":"ImageObject","inLanguage":"fr-FR","@id":"https:\/\/www.allinclusivehotels.it\/fr#\/schema\/logo\/image\/","url":"","contentUrl":"","caption":"All Inclusive Hotels"},"image":{"@id":"https:\/\/www.allinclusivehotels.it\/fr#\/schema\/logo\/image\/"}}]}},"_links":{"self":[{"href":"https:\/\/www.allinclusivehotels.it\/fr\/wp-json\/wp\/v2\/pages\/33252","targetHints":{"allow":["GET"]}}],"collection":[{"href":"https:\/\/www.allinclusivehotels.it\/fr\/wp-json\/wp\/v2\/pages"}],"about":[{"href":"https:\/\/www.allinclusivehotels.it\/fr\/wp-json\/wp\/v2\/types\/page"}],"author":[{"embeddable":true,"href":"https:\/\/www.allinclusivehotels.it\/fr\/wp-json\/wp\/v2\/users\/1"}],"replies":[{"embeddable":true,"href":"https:\/\/www.allinclusivehotels.it\/fr\/wp-json\/wp\/v2\/comments?post=33252"}],"version-history":[{"count":3,"href":"https:\/\/www.allinclusivehotels.it\/fr\/wp-json\/wp\/v2\/pages\/33252\/revisions"}],"predecessor-version":[{"id":34171,"href":"https:\/\/www.allinclusivehotels.it\/fr\/wp-json\/wp\/v2\/pages\/33252\/revisions\/34171"}],"up":[{"embeddable":true,"href":"https:\/\/www.allinclusivehotels.it\/fr\/wp-json\/wp\/v2\/pages\/8241"}],"wp:attachment":[{"href":"https:\/\/www.allinclusivehotels.it\/fr\/wp-json\/wp\/v2\/media?parent=33252"}],"curies":[{"name":"wp","href":"https:\/\/api.w.org\/{rel}","templated":true}]}}