{"id":30107,"date":"2023-05-22T09:26:43","date_gmt":"2023-05-22T07:26:43","guid":{"rendered":"https:\/\/www.allinclusivehotels.it\/destinations\/lidi-ferraresi"},"modified":"2023-05-22T09:26:47","modified_gmt":"2023-05-22T07:26:47","slug":"lidi-ferraresi","status":"publish","type":"page","link":"https:\/\/www.allinclusivehotels.it\/fr\/destinations\/lidi-ferraresi","title":{"rendered":"Lidi Ferraresi"},"content":{"rendered":"\n<p>Un s\u00e9jour nature d\u00e9di\u00e9 \u00e0 la d\u00e9tente vous attend dans les <b>h\u00f4tels All Inclusive des Lidi Ferraresi<\/b>. En plus des 25 km de c\u00f4tes,vous trouverez \u00e9galement des plages \u00e9quip\u00e9es et des plages libres, pour qui souhaite vivre une exp\u00e9rience authentique.<\/p>\n\n\n\n<!--more-->\n\n\n\n<p>Les Lidi Ferraresi sont au nombre de 7 &#8211; Lido degli Estensi, Lido degli Scacchi, Lido delle Nazioni, Lido di Pomposa, Lido di Spina, Lido di Volano, Lido di Classe &#8211; et sont tr\u00e8s appr\u00e9ci\u00e9s \u00e0 la fois par les familles \u00e0 la recherche d&#8217;un <b>s\u00e9jour All Inclusive avec enfants<\/b> et les <b>couples de tout \u00e2ge<\/b> que par les <b>groupes d&#8217;amis <\/b>qui souhaitent passer un s\u00e9jour sans soucis. En effet, les h\u00f4tels et r\u00e9sidences garantissent les meilleurs services toujours inclus, du divertissement \u00e0 l&#8217;excellente restauration en passant par la plage et le parking.<\/p>\n\n\n\n<p>\u00c0 cela vient s\u2019ajouter l&#8217;une des zones les plus belles et les plus intactes d&#8217;Italie, le<b> Parc du Delta du P\u00f4<\/b>, \u00e0 d\u00e9couvrir de mani\u00e8re ind\u00e9pendante ou avec des circuits organis\u00e9s, entre excursions, cyclotourisme, promenades en bateau et \u00e9quitation. Les chemins sont vari\u00e9s et adapt\u00e9s \u00e0 tous les niveaux de pr\u00e9paration. \u00c0 ne pas manquer, ceux de la Pineta di Classe ou de la Pineta San Vitale, ou encore l&#8217;anneau de Punte Alberete avec la splendide for\u00eat inond\u00e9e ou, encore une fois, une visite \u00e0 pied, \u00e0 v\u00e9lo ou en bateau \u00e9lectrique \u00e0 la saline de Cervia.<\/p>\n\n\n\n<p>Durant des<b> vacances All Inclusive aux Lidi Ferraresi<\/b>, une promenade dans la jolie Comacchio s&#8217;impose, caract\u00e9ris\u00e9e par ses maisons color\u00e9es qui se refl\u00e8tent le long des canaux. Vous y trouverez des lieux embl\u00e9matiques et uniques tels que le mus\u00e9e Museo del Delta Antico et la fabrique Manifattura dei Marinati.<\/p>\n\n\n\n<p>Pour qui aime la <b>vie nocturne<\/b>, les Lidi Ferraresi ne manquent pas de <b>clubs<\/b> o\u00f9 danser et boire un bon cocktail, certains directement sur la plage.<\/p>\n","protected":false},"excerpt":{"rendered":"<p>Un s\u00e9jour nature d\u00e9di\u00e9 \u00e0 la d\u00e9tente vous attend dans les h\u00f4tels All Inclusive des &hellip;<\/p>\n","protected":false},"author":1,"featured_media":0,"parent":8167,"menu_order":0,"comment_status":"closed","ping_status":"closed","template":"page-templates\/destinazione.php","meta":{"_acf_changed":false,"footnotes":""},"class_list":["post-30107","page","type-page","status-publish","hentry"],"acf":[],"yoast_head":"<!-- This site is optimized with the Yoast SEO plugin v27.0 - https:\/\/yoast.com\/product\/yoast-seo-wordpress\/ -->\n<title>H\u00f4tel All Inclusive Lidi Ferraresi\u00a0: Offres H\u00f4tels pour familles<\/title>\n<meta name=\"description\" content=\"Vous cherchez un h\u00f4tel All Inclusive aux Lidi Ferraresi\u00a0? D\u00e9couvrez la plus grande s\u00e9lection d\u2019h\u00f4tels All Inclusive en Italie. Voir les offres\u00a0!\" \/>\n<meta name=\"robots\" content=\"index, follow, max-snippet:-1, max-image-preview:large, max-video-preview:-1\" \/>\n<link rel=\"canonical\" href=\"https:\/\/www.allinclusivehotels.it\/fr\/destinations\/lidi-ferraresi\" \/>\n<meta property=\"og:locale\" content=\"fr_FR\" \/>\n<meta property=\"og:type\" content=\"article\" \/>\n<meta property=\"og:title\" content=\"H\u00f4tel All Inclusive Lidi Ferraresi\u00a0: Offres H\u00f4tels pour familles\" \/>\n<meta property=\"og:description\" content=\"Vous cherchez un h\u00f4tel All Inclusive aux Lidi Ferraresi\u00a0? D\u00e9couvrez la plus grande s\u00e9lection d\u2019h\u00f4tels All Inclusive en Italie. Voir les offres\u00a0!\" \/>\n<meta property=\"og:url\" content=\"https:\/\/www.allinclusivehotels.it\/fr\/destinations\/lidi-ferraresi\" \/>\n<meta property=\"og:site_name\" content=\"All Inclusive Hotels\" \/>\n<meta property=\"article:modified_time\" content=\"2023-05-22T07:26:47+00:00\" \/>\n<meta name=\"twitter:card\" content=\"summary_large_image\" \/>\n<meta name=\"twitter:label1\" content=\"Dur\u00e9e de lecture estim\u00e9e\" \/>\n\t<meta name=\"twitter:data1\" content=\"2 minutes\" \/>\n<script type=\"application\/ld+json\" class=\"yoast-schema-graph\">{\"@context\":\"https:\/\/schema.org\",\"@graph\":[{\"@type\":\"WebPage\",\"@id\":\"https:\/\/www.allinclusivehotels.it\/fr\/destinations\/lidi-ferraresi\",\"url\":\"https:\/\/www.allinclusivehotels.it\/fr\/destinations\/lidi-ferraresi\",\"name\":\"H\u00f4tel All Inclusive Lidi Ferraresi\u00a0: Offres H\u00f4tels pour familles\",\"isPartOf\":{\"@id\":\"https:\/\/www.allinclusivehotels.it\/fr#website\"},\"datePublished\":\"2023-05-22T07:26:43+00:00\",\"dateModified\":\"2023-05-22T07:26:47+00:00\",\"description\":\"Vous cherchez un h\u00f4tel All Inclusive aux Lidi Ferraresi\u00a0? D\u00e9couvrez la plus grande s\u00e9lection d\u2019h\u00f4tels All Inclusive en Italie. Voir les offres\u00a0!\",\"breadcrumb\":{\"@id\":\"https:\/\/www.allinclusivehotels.it\/fr\/destinations\/lidi-ferraresi#breadcrumb\"},\"inLanguage\":\"fr-FR\",\"potentialAction\":[{\"@type\":\"ReadAction\",\"target\":[\"https:\/\/www.allinclusivehotels.it\/fr\/destinations\/lidi-ferraresi\"]}]},{\"@type\":\"BreadcrumbList\",\"@id\":\"https:\/\/www.allinclusivehotels.it\/fr\/destinations\/lidi-ferraresi#breadcrumb\",\"itemListElement\":[{\"@type\":\"ListItem\",\"position\":1,\"name\":\"Home\",\"item\":\"https:\/\/www.allinclusivehotels.it\/fr\"},{\"@type\":\"ListItem\",\"position\":2,\"name\":\"Destinations\",\"item\":\"https:\/\/www.allinclusivehotels.it\/fr\/destinations\"},{\"@type\":\"ListItem\",\"position\":3,\"name\":\"Lidi Ferraresi\"}]},{\"@type\":\"WebSite\",\"@id\":\"https:\/\/www.allinclusivehotels.it\/fr#website\",\"url\":\"https:\/\/www.allinclusivehotels.it\/fr\",\"name\":\"All Inclusive Hotels\",\"description\":\"\",\"publisher\":{\"@id\":\"https:\/\/www.allinclusivehotels.it\/fr#organization\"},\"potentialAction\":[{\"@type\":\"SearchAction\",\"target\":{\"@type\":\"EntryPoint\",\"urlTemplate\":\"https:\/\/www.allinclusivehotels.it\/fr?s={search_term_string}\"},\"query-input\":{\"@type\":\"PropertyValueSpecification\",\"valueRequired\":true,\"valueName\":\"search_term_string\"}}],\"inLanguage\":\"fr-FR\"},{\"@type\":\"Organization\",\"@id\":\"https:\/\/www.allinclusivehotels.it\/fr#organization\",\"name\":\"All Inclusive Hotels\",\"url\":\"https:\/\/www.allinclusivehotels.it\/fr\",\"logo\":{\"@type\":\"ImageObject\",\"inLanguage\":\"fr-FR\",\"@id\":\"https:\/\/www.allinclusivehotels.it\/fr#\/schema\/logo\/image\/\",\"url\":\"\",\"contentUrl\":\"\",\"caption\":\"All Inclusive Hotels\"},\"image\":{\"@id\":\"https:\/\/www.allinclusivehotels.it\/fr#\/schema\/logo\/image\/\"}}]}<\/script>\n<!-- \/ Yoast SEO plugin. -->","yoast_head_json":{"title":"H\u00f4tel All Inclusive Lidi Ferraresi\u00a0: Offres H\u00f4tels pour familles","description":"Vous cherchez un h\u00f4tel All Inclusive aux Lidi Ferraresi\u00a0? D\u00e9couvrez la plus grande s\u00e9lection d\u2019h\u00f4tels All Inclusive en Italie. Voir les offres\u00a0!","robots":{"index":"index","follow":"follow","max-snippet":"max-snippet:-1","max-image-preview":"max-image-preview:large","max-video-preview":"max-video-preview:-1"},"canonical":"https:\/\/www.allinclusivehotels.it\/fr\/destinations\/lidi-ferraresi","og_locale":"fr_FR","og_type":"article","og_title":"H\u00f4tel All Inclusive Lidi Ferraresi\u00a0: Offres H\u00f4tels pour familles","og_description":"Vous cherchez un h\u00f4tel All Inclusive aux Lidi Ferraresi\u00a0? D\u00e9couvrez la plus grande s\u00e9lection d\u2019h\u00f4tels All Inclusive en Italie. Voir les offres\u00a0!","og_url":"https:\/\/www.allinclusivehotels.it\/fr\/destinations\/lidi-ferraresi","og_site_name":"All Inclusive Hotels","article_modified_time":"2023-05-22T07:26:47+00:00","twitter_card":"summary_large_image","twitter_misc":{"Dur\u00e9e de lecture estim\u00e9e":"2 minutes"},"schema":{"@context":"https:\/\/schema.org","@graph":[{"@type":"WebPage","@id":"https:\/\/www.allinclusivehotels.it\/fr\/destinations\/lidi-ferraresi","url":"https:\/\/www.allinclusivehotels.it\/fr\/destinations\/lidi-ferraresi","name":"H\u00f4tel All Inclusive Lidi Ferraresi\u00a0: Offres H\u00f4tels pour familles","isPartOf":{"@id":"https:\/\/www.allinclusivehotels.it\/fr#website"},"datePublished":"2023-05-22T07:26:43+00:00","dateModified":"2023-05-22T07:26:47+00:00","description":"Vous cherchez un h\u00f4tel All Inclusive aux Lidi Ferraresi\u00a0? D\u00e9couvrez la plus grande s\u00e9lection d\u2019h\u00f4tels All Inclusive en Italie. Voir les offres\u00a0!","breadcrumb":{"@id":"https:\/\/www.allinclusivehotels.it\/fr\/destinations\/lidi-ferraresi#breadcrumb"},"inLanguage":"fr-FR","potentialAction":[{"@type":"ReadAction","target":["https:\/\/www.allinclusivehotels.it\/fr\/destinations\/lidi-ferraresi"]}]},{"@type":"BreadcrumbList","@id":"https:\/\/www.allinclusivehotels.it\/fr\/destinations\/lidi-ferraresi#breadcrumb","itemListElement":[{"@type":"ListItem","position":1,"name":"Home","item":"https:\/\/www.allinclusivehotels.it\/fr"},{"@type":"ListItem","position":2,"name":"Destinations","item":"https:\/\/www.allinclusivehotels.it\/fr\/destinations"},{"@type":"ListItem","position":3,"name":"Lidi Ferraresi"}]},{"@type":"WebSite","@id":"https:\/\/www.allinclusivehotels.it\/fr#website","url":"https:\/\/www.allinclusivehotels.it\/fr","name":"All Inclusive Hotels","description":"","publisher":{"@id":"https:\/\/www.allinclusivehotels.it\/fr#organization"},"potentialAction":[{"@type":"SearchAction","target":{"@type":"EntryPoint","urlTemplate":"https:\/\/www.allinclusivehotels.it\/fr?s={search_term_string}"},"query-input":{"@type":"PropertyValueSpecification","valueRequired":true,"valueName":"search_term_string"}}],"inLanguage":"fr-FR"},{"@type":"Organization","@id":"https:\/\/www.allinclusivehotels.it\/fr#organization","name":"All Inclusive Hotels","url":"https:\/\/www.allinclusivehotels.it\/fr","logo":{"@type":"ImageObject","inLanguage":"fr-FR","@id":"https:\/\/www.allinclusivehotels.it\/fr#\/schema\/logo\/image\/","url":"","contentUrl":"","caption":"All Inclusive Hotels"},"image":{"@id":"https:\/\/www.allinclusivehotels.it\/fr#\/schema\/logo\/image\/"}}]}},"_links":{"self":[{"href":"https:\/\/www.allinclusivehotels.it\/fr\/wp-json\/wp\/v2\/pages\/30107","targetHints":{"allow":["GET"]}}],"collection":[{"href":"https:\/\/www.allinclusivehotels.it\/fr\/wp-json\/wp\/v2\/pages"}],"about":[{"href":"https:\/\/www.allinclusivehotels.it\/fr\/wp-json\/wp\/v2\/types\/page"}],"author":[{"embeddable":true,"href":"https:\/\/www.allinclusivehotels.it\/fr\/wp-json\/wp\/v2\/users\/1"}],"replies":[{"embeddable":true,"href":"https:\/\/www.allinclusivehotels.it\/fr\/wp-json\/wp\/v2\/comments?post=30107"}],"version-history":[{"count":1,"href":"https:\/\/www.allinclusivehotels.it\/fr\/wp-json\/wp\/v2\/pages\/30107\/revisions"}],"predecessor-version":[{"id":30108,"href":"https:\/\/www.allinclusivehotels.it\/fr\/wp-json\/wp\/v2\/pages\/30107\/revisions\/30108"}],"up":[{"embeddable":true,"href":"https:\/\/www.allinclusivehotels.it\/fr\/wp-json\/wp\/v2\/pages\/8167"}],"wp:attachment":[{"href":"https:\/\/www.allinclusivehotels.it\/fr\/wp-json\/wp\/v2\/media?parent=30107"}],"curies":[{"name":"wp","href":"https:\/\/api.w.org\/{rel}","templated":true}]}}