{"id":29677,"date":"2023-04-27T10:22:01","date_gmt":"2023-04-27T08:22:01","guid":{"rendered":"https:\/\/www.allinclusivehotels.it\/hotels\/hotel-belvedere"},"modified":"2023-05-22T10:01:10","modified_gmt":"2023-05-22T08:01:10","slug":"hotel-belvedere","status":"publish","type":"page","link":"https:\/\/www.allinclusivehotels.it\/fr\/hotels\/hotel-belvedere","title":{"rendered":"H\u00f4tel Belvedere"},"content":{"rendered":"\n<p>L&#8217;<b>H\u00f4tel Belvedere<\/b> de <b>Villa Rosa di Martinsicuro<\/b> occupe une place enviable en <b>front de mer<\/b>. Sur la <b>plage priv\u00e9e<\/b> \u00e0 usage exclusif des clients, juste en face de l&#8217;h\u00f4tel, vous disposerez d&#8217;un parasol et de deux transats pour vous d\u00e9tendre. Des journ\u00e9es insouciantes et paisibles vous attendent entre bronzage, baignades en mer et longues balades, tandis que les plus petits pourront profiter de notre service d&#8217;<b>animation<\/b>.<\/p>\n\n\n\n<!--more-->\n\n\n\n<p>Si vous pr\u00e9f\u00e9rez un plongeon rafra\u00eechissant dans la <b>piscine<\/b>, celle de l&#8217;h\u00f4tel est toujours accessible, ensoleill\u00e9e et entour\u00e9e d&#8217;un <b>solarium \u00e9quip\u00e9<\/b>, lequel est \u00e9galement l&#8217;endroit id\u00e9al pour un ap\u00e9ritif au coucher du soleil. Les plus petits pourront nager et jouer en toute s\u00e9curit\u00e9 dans la zone <b>peu profonde<\/b>.<\/p>\n\n\n\n<p>L&#8217;h\u00f4tel met un <b>parking priv\u00e9<\/b> \u00e0 disposition de ces clients, situ\u00e9 \u00e0 courte distance, avec places sous r\u00e9serve de disponibilit\u00e9, ainsi que des <b>v\u00e9los gratuits <\/b>pour se divertir le long de la piste cyclable qui passe devant la structure, et laquelle vous permettra de vous rendre \u00e0 Alba Adriatica en quelques minutes.<\/p>\n","protected":false},"excerpt":{"rendered":"<p>L&#8217;H\u00f4tel Belvedere de Villa Rosa di Martinsicuro occupe une place enviable en front de mer. &hellip;<\/p>\n","protected":false},"author":1,"featured_media":0,"parent":8241,"menu_order":0,"comment_status":"closed","ping_status":"closed","template":"page-templates\/scheda_hotel.php","meta":{"_acf_changed":false,"footnotes":""},"class_list":["post-29677","page","type-page","status-publish","hentry"],"acf":[],"yoast_head":"<!-- This site is optimized with the Yoast SEO plugin v27.0 - https:\/\/yoast.com\/product\/yoast-seo-wordpress\/ -->\n<title>Offres All Inclusive de l&#039;H\u00f4tel Belvedere de Villa Rosa di Martinsicuro<\/title>\n<meta name=\"description\" content=\"Envie de vacances\u00a0? D\u00e9couvrez les offres All Inclusive et les forfaits tout compris de l\u2019H\u00f4tel Belvedere de Villa Rosa di Martinsicuro\u00a0!\" \/>\n<meta name=\"robots\" content=\"index, follow, max-snippet:-1, max-image-preview:large, max-video-preview:-1\" \/>\n<link rel=\"canonical\" href=\"https:\/\/www.allinclusivehotels.it\/fr\/hotels\/hotel-belvedere\" \/>\n<meta property=\"og:locale\" content=\"fr_FR\" \/>\n<meta property=\"og:type\" content=\"article\" \/>\n<meta property=\"og:title\" content=\"Offres All Inclusive de l&#039;H\u00f4tel Belvedere de Villa Rosa di Martinsicuro\" \/>\n<meta property=\"og:description\" content=\"Envie de vacances\u00a0? D\u00e9couvrez les offres All Inclusive et les forfaits tout compris de l\u2019H\u00f4tel Belvedere de Villa Rosa di Martinsicuro\u00a0!\" \/>\n<meta property=\"og:url\" content=\"https:\/\/www.allinclusivehotels.it\/fr\/hotels\/hotel-belvedere\" \/>\n<meta property=\"og:site_name\" content=\"All Inclusive Hotels\" \/>\n<meta property=\"article:modified_time\" content=\"2023-05-22T08:01:10+00:00\" \/>\n<meta name=\"twitter:card\" content=\"summary_large_image\" \/>\n<meta name=\"twitter:label1\" content=\"Dur\u00e9e de lecture estim\u00e9e\" \/>\n\t<meta name=\"twitter:data1\" content=\"1 minute\" \/>\n<script type=\"application\/ld+json\" class=\"yoast-schema-graph\">{\"@context\":\"https:\/\/schema.org\",\"@graph\":[{\"@type\":\"WebPage\",\"@id\":\"https:\/\/www.allinclusivehotels.it\/fr\/hotels\/hotel-belvedere\",\"url\":\"https:\/\/www.allinclusivehotels.it\/fr\/hotels\/hotel-belvedere\",\"name\":\"Offres All Inclusive de l'H\u00f4tel Belvedere de Villa Rosa di Martinsicuro\",\"isPartOf\":{\"@id\":\"https:\/\/www.allinclusivehotels.it\/fr#website\"},\"datePublished\":\"2023-04-27T08:22:01+00:00\",\"dateModified\":\"2023-05-22T08:01:10+00:00\",\"description\":\"Envie de vacances\u00a0? D\u00e9couvrez les offres All Inclusive et les forfaits tout compris de l\u2019H\u00f4tel Belvedere de Villa Rosa di Martinsicuro\u00a0!\",\"breadcrumb\":{\"@id\":\"https:\/\/www.allinclusivehotels.it\/fr\/hotels\/hotel-belvedere#breadcrumb\"},\"inLanguage\":\"fr-FR\",\"potentialAction\":[{\"@type\":\"ReadAction\",\"target\":[\"https:\/\/www.allinclusivehotels.it\/fr\/hotels\/hotel-belvedere\"]}]},{\"@type\":\"BreadcrumbList\",\"@id\":\"https:\/\/www.allinclusivehotels.it\/fr\/hotels\/hotel-belvedere#breadcrumb\",\"itemListElement\":[{\"@type\":\"ListItem\",\"position\":1,\"name\":\"Home\",\"item\":\"https:\/\/www.allinclusivehotels.it\/fr\"},{\"@type\":\"ListItem\",\"position\":2,\"name\":\"H\u00f4tels\",\"item\":\"https:\/\/www.allinclusivehotels.it\/fr\/hotels\"},{\"@type\":\"ListItem\",\"position\":3,\"name\":\"H\u00f4tel Belvedere\"}]},{\"@type\":\"WebSite\",\"@id\":\"https:\/\/www.allinclusivehotels.it\/fr#website\",\"url\":\"https:\/\/www.allinclusivehotels.it\/fr\",\"name\":\"All Inclusive Hotels\",\"description\":\"\",\"publisher\":{\"@id\":\"https:\/\/www.allinclusivehotels.it\/fr#organization\"},\"potentialAction\":[{\"@type\":\"SearchAction\",\"target\":{\"@type\":\"EntryPoint\",\"urlTemplate\":\"https:\/\/www.allinclusivehotels.it\/fr?s={search_term_string}\"},\"query-input\":{\"@type\":\"PropertyValueSpecification\",\"valueRequired\":true,\"valueName\":\"search_term_string\"}}],\"inLanguage\":\"fr-FR\"},{\"@type\":\"Organization\",\"@id\":\"https:\/\/www.allinclusivehotels.it\/fr#organization\",\"name\":\"All Inclusive Hotels\",\"url\":\"https:\/\/www.allinclusivehotels.it\/fr\",\"logo\":{\"@type\":\"ImageObject\",\"inLanguage\":\"fr-FR\",\"@id\":\"https:\/\/www.allinclusivehotels.it\/fr#\/schema\/logo\/image\/\",\"url\":\"\",\"contentUrl\":\"\",\"caption\":\"All Inclusive Hotels\"},\"image\":{\"@id\":\"https:\/\/www.allinclusivehotels.it\/fr#\/schema\/logo\/image\/\"}}]}<\/script>\n<!-- \/ Yoast SEO plugin. -->","yoast_head_json":{"title":"Offres All Inclusive de l'H\u00f4tel Belvedere de Villa Rosa di Martinsicuro","description":"Envie de vacances\u00a0? D\u00e9couvrez les offres All Inclusive et les forfaits tout compris de l\u2019H\u00f4tel Belvedere de Villa Rosa di Martinsicuro\u00a0!","robots":{"index":"index","follow":"follow","max-snippet":"max-snippet:-1","max-image-preview":"max-image-preview:large","max-video-preview":"max-video-preview:-1"},"canonical":"https:\/\/www.allinclusivehotels.it\/fr\/hotels\/hotel-belvedere","og_locale":"fr_FR","og_type":"article","og_title":"Offres All Inclusive de l'H\u00f4tel Belvedere de Villa Rosa di Martinsicuro","og_description":"Envie de vacances\u00a0? D\u00e9couvrez les offres All Inclusive et les forfaits tout compris de l\u2019H\u00f4tel Belvedere de Villa Rosa di Martinsicuro\u00a0!","og_url":"https:\/\/www.allinclusivehotels.it\/fr\/hotels\/hotel-belvedere","og_site_name":"All Inclusive Hotels","article_modified_time":"2023-05-22T08:01:10+00:00","twitter_card":"summary_large_image","twitter_misc":{"Dur\u00e9e de lecture estim\u00e9e":"1 minute"},"schema":{"@context":"https:\/\/schema.org","@graph":[{"@type":"WebPage","@id":"https:\/\/www.allinclusivehotels.it\/fr\/hotels\/hotel-belvedere","url":"https:\/\/www.allinclusivehotels.it\/fr\/hotels\/hotel-belvedere","name":"Offres All Inclusive de l'H\u00f4tel Belvedere de Villa Rosa di Martinsicuro","isPartOf":{"@id":"https:\/\/www.allinclusivehotels.it\/fr#website"},"datePublished":"2023-04-27T08:22:01+00:00","dateModified":"2023-05-22T08:01:10+00:00","description":"Envie de vacances\u00a0? D\u00e9couvrez les offres All Inclusive et les forfaits tout compris de l\u2019H\u00f4tel Belvedere de Villa Rosa di Martinsicuro\u00a0!","breadcrumb":{"@id":"https:\/\/www.allinclusivehotels.it\/fr\/hotels\/hotel-belvedere#breadcrumb"},"inLanguage":"fr-FR","potentialAction":[{"@type":"ReadAction","target":["https:\/\/www.allinclusivehotels.it\/fr\/hotels\/hotel-belvedere"]}]},{"@type":"BreadcrumbList","@id":"https:\/\/www.allinclusivehotels.it\/fr\/hotels\/hotel-belvedere#breadcrumb","itemListElement":[{"@type":"ListItem","position":1,"name":"Home","item":"https:\/\/www.allinclusivehotels.it\/fr"},{"@type":"ListItem","position":2,"name":"H\u00f4tels","item":"https:\/\/www.allinclusivehotels.it\/fr\/hotels"},{"@type":"ListItem","position":3,"name":"H\u00f4tel Belvedere"}]},{"@type":"WebSite","@id":"https:\/\/www.allinclusivehotels.it\/fr#website","url":"https:\/\/www.allinclusivehotels.it\/fr","name":"All Inclusive Hotels","description":"","publisher":{"@id":"https:\/\/www.allinclusivehotels.it\/fr#organization"},"potentialAction":[{"@type":"SearchAction","target":{"@type":"EntryPoint","urlTemplate":"https:\/\/www.allinclusivehotels.it\/fr?s={search_term_string}"},"query-input":{"@type":"PropertyValueSpecification","valueRequired":true,"valueName":"search_term_string"}}],"inLanguage":"fr-FR"},{"@type":"Organization","@id":"https:\/\/www.allinclusivehotels.it\/fr#organization","name":"All Inclusive Hotels","url":"https:\/\/www.allinclusivehotels.it\/fr","logo":{"@type":"ImageObject","inLanguage":"fr-FR","@id":"https:\/\/www.allinclusivehotels.it\/fr#\/schema\/logo\/image\/","url":"","contentUrl":"","caption":"All Inclusive Hotels"},"image":{"@id":"https:\/\/www.allinclusivehotels.it\/fr#\/schema\/logo\/image\/"}}]}},"_links":{"self":[{"href":"https:\/\/www.allinclusivehotels.it\/fr\/wp-json\/wp\/v2\/pages\/29677","targetHints":{"allow":["GET"]}}],"collection":[{"href":"https:\/\/www.allinclusivehotels.it\/fr\/wp-json\/wp\/v2\/pages"}],"about":[{"href":"https:\/\/www.allinclusivehotels.it\/fr\/wp-json\/wp\/v2\/types\/page"}],"author":[{"embeddable":true,"href":"https:\/\/www.allinclusivehotels.it\/fr\/wp-json\/wp\/v2\/users\/1"}],"replies":[{"embeddable":true,"href":"https:\/\/www.allinclusivehotels.it\/fr\/wp-json\/wp\/v2\/comments?post=29677"}],"version-history":[{"count":3,"href":"https:\/\/www.allinclusivehotels.it\/fr\/wp-json\/wp\/v2\/pages\/29677\/revisions"}],"predecessor-version":[{"id":30125,"href":"https:\/\/www.allinclusivehotels.it\/fr\/wp-json\/wp\/v2\/pages\/29677\/revisions\/30125"}],"up":[{"embeddable":true,"href":"https:\/\/www.allinclusivehotels.it\/fr\/wp-json\/wp\/v2\/pages\/8241"}],"wp:attachment":[{"href":"https:\/\/www.allinclusivehotels.it\/fr\/wp-json\/wp\/v2\/media?parent=29677"}],"curies":[{"name":"wp","href":"https:\/\/api.w.org\/{rel}","templated":true}]}}