{"id":28861,"date":"2023-04-11T11:22:01","date_gmt":"2023-04-11T09:22:01","guid":{"rendered":"https:\/\/www.allinclusivehotels.it\/hotels\/club-family-hotel-village-milano-marittima"},"modified":"2025-10-27T11:08:36","modified_gmt":"2025-10-27T10:08:36","slug":"club-family-hotel-village-milano-marittima","status":"publish","type":"page","link":"https:\/\/www.allinclusivehotels.it\/fr\/hotels\/club-family-hotel-village-milano-marittima","title":{"rendered":"Club Family Hotel Village Milano Marittima"},"content":{"rendered":"\n<p>Le <b>Club Family Hotel Village<\/b> de <b>Milano Marittima<\/b> dispose d\u2019un tr\u00e8s bel <b>emplacement en bord de mer<\/b>, et vous pourrez vous rendre \u00e0 la plage simplement en traversant la <b>promenade pi\u00e9tonne<\/b>. Dans l&#8217;\u00e9tablissement partenaire, vous trouverez <b>1 parasol et 2 transats toujours inclus<\/b> \u00e0 votre disposition, mais si vous pr\u00e9f\u00e9rez rester \u00e0 l&#8217;h\u00f4tel, vous pourrez toujours vous d\u00e9tendre dans la <b>piscine chauff\u00e9e avec toboggan<\/b> surplombant la plage, pendant que vos enfants participent aux activit\u00e9s organis\u00e9es <b>7 jours sur 7 par l&#8217;\u00e9quipe d&#8217;animation<\/b>.<\/p>\n\n\n\n<!--more-->\n\n\n\n<p>Dans ce Family Hotel, le divertissement des plus petits est toujours garanti\u00a0: <b>Mini Club <\/b>de 4 \u00e0 8 ans, <b>Junior Club<\/b> de 9 \u00e0 12 ans, <b>Teen Club <\/b>de 13 \u00e0 17 ans, Dina la Merendina, ateliers, jeux de groupe, d\u00e9jeuner et d\u00eener avec les animateurs, baby-dance, spectacles en soir\u00e9e, buffet au coucher. Nous disposons \u00e9galement d\u2019un <b>jardin de 400 m\u00b2<\/b> et d\u2019une <b>aire de jeux int\u00e9rieure de 100 m\u00b2 <\/b>avec aire de jeux \u00e0 th\u00e8me, jeux multim\u00e9dia, Play Station 5, casques pour r\u00e9alit\u00e9 augment\u00e9e, espace arcade avec bornes r\u00e9tro, laser tag arena et m\u00eame une v\u00e9ritable piste de voitures \u00e9lectriques, pour des d\u00e9fis amusants entre amis\u00a0!<\/p>\n\n\n\n<p>Gr\u00e2ce \u00e0 notre <b>pass<\/b>, vous pourrez <b>garer gratuitement<\/b> votre voiture \u00e0 proximit\u00e9, En alternative, nous disposons d\u2019un <b>parking int\u00e9rieur<\/b> payant, disponible sur r\u00e9servation.<\/p>\n\n\n\n<p>Au <b>Club Family Hotel Village<\/b> de <b>Milano Marittima<\/b>, les animaux sont les bienvenus. De plus, pendant tout l\u2019\u00e9t\u00e9, pour un s\u00e9jour d\u2019<b>au moins 6 nuits, l&#8217;h\u00f4tel offre des billets pour le parc d&#8217;attractions Mirabilandia<\/b>\u00a0\u00e0 toute la famille\u00a0!<\/p>\n","protected":false},"excerpt":{"rendered":"<p>Le Club Family Hotel Village de Milano Marittima dispose d\u2019un tr\u00e8s bel emplacement en bord &hellip;<\/p>\n","protected":false},"author":1,"featured_media":0,"parent":8241,"menu_order":0,"comment_status":"closed","ping_status":"closed","template":"page-templates\/scheda_hotel.php","meta":{"_acf_changed":false,"footnotes":""},"class_list":["post-28861","page","type-page","status-publish","hentry"],"acf":[],"yoast_head":"<!-- This site is optimized with the Yoast SEO plugin v27.0 - https:\/\/yoast.com\/product\/yoast-seo-wordpress\/ -->\n<title>Offres All Inclusive du Club Family Hotel Village \u00e0 Milano Marittima<\/title>\n<meta name=\"description\" content=\"Envie de vacances\u00a0? D\u00e9couvrez les offres All Inclusive et les forfaits tout compris du Club Family Hotel Village \u00e0 Milano Marittima\u00a0!\" \/>\n<meta name=\"robots\" content=\"index, follow, max-snippet:-1, max-image-preview:large, max-video-preview:-1\" \/>\n<link rel=\"canonical\" href=\"https:\/\/www.allinclusivehotels.it\/fr\/hotels\/club-family-hotel-village-milano-marittima\" \/>\n<meta property=\"og:locale\" content=\"fr_FR\" \/>\n<meta property=\"og:type\" content=\"article\" \/>\n<meta property=\"og:title\" content=\"Offres All Inclusive du Club Family Hotel Village \u00e0 Milano Marittima\" \/>\n<meta property=\"og:description\" content=\"Envie de vacances\u00a0? D\u00e9couvrez les offres All Inclusive et les forfaits tout compris du Club Family Hotel Village \u00e0 Milano Marittima\u00a0!\" \/>\n<meta property=\"og:url\" content=\"https:\/\/www.allinclusivehotels.it\/fr\/hotels\/club-family-hotel-village-milano-marittima\" \/>\n<meta property=\"og:site_name\" content=\"All Inclusive Hotels\" \/>\n<meta property=\"article:modified_time\" content=\"2025-10-27T10:08:36+00:00\" \/>\n<meta name=\"twitter:card\" content=\"summary_large_image\" \/>\n<meta name=\"twitter:label1\" content=\"Dur\u00e9e de lecture estim\u00e9e\" \/>\n\t<meta name=\"twitter:data1\" content=\"2 minutes\" \/>\n<script type=\"application\/ld+json\" class=\"yoast-schema-graph\">{\"@context\":\"https:\/\/schema.org\",\"@graph\":[{\"@type\":\"WebPage\",\"@id\":\"https:\/\/www.allinclusivehotels.it\/fr\/hotels\/club-family-hotel-village-milano-marittima\",\"url\":\"https:\/\/www.allinclusivehotels.it\/fr\/hotels\/club-family-hotel-village-milano-marittima\",\"name\":\"Offres All Inclusive du Club Family Hotel Village \u00e0 Milano Marittima\",\"isPartOf\":{\"@id\":\"https:\/\/www.allinclusivehotels.it\/fr#website\"},\"datePublished\":\"2023-04-11T09:22:01+00:00\",\"dateModified\":\"2025-10-27T10:08:36+00:00\",\"description\":\"Envie de vacances\u00a0? D\u00e9couvrez les offres All Inclusive et les forfaits tout compris du Club Family Hotel Village \u00e0 Milano Marittima\u00a0!\",\"breadcrumb\":{\"@id\":\"https:\/\/www.allinclusivehotels.it\/fr\/hotels\/club-family-hotel-village-milano-marittima#breadcrumb\"},\"inLanguage\":\"fr-FR\",\"potentialAction\":[{\"@type\":\"ReadAction\",\"target\":[\"https:\/\/www.allinclusivehotels.it\/fr\/hotels\/club-family-hotel-village-milano-marittima\"]}]},{\"@type\":\"BreadcrumbList\",\"@id\":\"https:\/\/www.allinclusivehotels.it\/fr\/hotels\/club-family-hotel-village-milano-marittima#breadcrumb\",\"itemListElement\":[{\"@type\":\"ListItem\",\"position\":1,\"name\":\"Home\",\"item\":\"https:\/\/www.allinclusivehotels.it\/fr\"},{\"@type\":\"ListItem\",\"position\":2,\"name\":\"H\u00f4tels\",\"item\":\"https:\/\/www.allinclusivehotels.it\/fr\/hotels\"},{\"@type\":\"ListItem\",\"position\":3,\"name\":\"Club Family Hotel Village Milano Marittima\"}]},{\"@type\":\"WebSite\",\"@id\":\"https:\/\/www.allinclusivehotels.it\/fr#website\",\"url\":\"https:\/\/www.allinclusivehotels.it\/fr\",\"name\":\"All Inclusive Hotels\",\"description\":\"\",\"publisher\":{\"@id\":\"https:\/\/www.allinclusivehotels.it\/fr#organization\"},\"potentialAction\":[{\"@type\":\"SearchAction\",\"target\":{\"@type\":\"EntryPoint\",\"urlTemplate\":\"https:\/\/www.allinclusivehotels.it\/fr?s={search_term_string}\"},\"query-input\":{\"@type\":\"PropertyValueSpecification\",\"valueRequired\":true,\"valueName\":\"search_term_string\"}}],\"inLanguage\":\"fr-FR\"},{\"@type\":\"Organization\",\"@id\":\"https:\/\/www.allinclusivehotels.it\/fr#organization\",\"name\":\"All Inclusive Hotels\",\"url\":\"https:\/\/www.allinclusivehotels.it\/fr\",\"logo\":{\"@type\":\"ImageObject\",\"inLanguage\":\"fr-FR\",\"@id\":\"https:\/\/www.allinclusivehotels.it\/fr#\/schema\/logo\/image\/\",\"url\":\"\",\"contentUrl\":\"\",\"caption\":\"All Inclusive Hotels\"},\"image\":{\"@id\":\"https:\/\/www.allinclusivehotels.it\/fr#\/schema\/logo\/image\/\"}}]}<\/script>\n<!-- \/ Yoast SEO plugin. -->","yoast_head_json":{"title":"Offres All Inclusive du Club Family Hotel Village \u00e0 Milano Marittima","description":"Envie de vacances\u00a0? D\u00e9couvrez les offres All Inclusive et les forfaits tout compris du Club Family Hotel Village \u00e0 Milano Marittima\u00a0!","robots":{"index":"index","follow":"follow","max-snippet":"max-snippet:-1","max-image-preview":"max-image-preview:large","max-video-preview":"max-video-preview:-1"},"canonical":"https:\/\/www.allinclusivehotels.it\/fr\/hotels\/club-family-hotel-village-milano-marittima","og_locale":"fr_FR","og_type":"article","og_title":"Offres All Inclusive du Club Family Hotel Village \u00e0 Milano Marittima","og_description":"Envie de vacances\u00a0? D\u00e9couvrez les offres All Inclusive et les forfaits tout compris du Club Family Hotel Village \u00e0 Milano Marittima\u00a0!","og_url":"https:\/\/www.allinclusivehotels.it\/fr\/hotels\/club-family-hotel-village-milano-marittima","og_site_name":"All Inclusive Hotels","article_modified_time":"2025-10-27T10:08:36+00:00","twitter_card":"summary_large_image","twitter_misc":{"Dur\u00e9e de lecture estim\u00e9e":"2 minutes"},"schema":{"@context":"https:\/\/schema.org","@graph":[{"@type":"WebPage","@id":"https:\/\/www.allinclusivehotels.it\/fr\/hotels\/club-family-hotel-village-milano-marittima","url":"https:\/\/www.allinclusivehotels.it\/fr\/hotels\/club-family-hotel-village-milano-marittima","name":"Offres All Inclusive du Club Family Hotel Village \u00e0 Milano Marittima","isPartOf":{"@id":"https:\/\/www.allinclusivehotels.it\/fr#website"},"datePublished":"2023-04-11T09:22:01+00:00","dateModified":"2025-10-27T10:08:36+00:00","description":"Envie de vacances\u00a0? D\u00e9couvrez les offres All Inclusive et les forfaits tout compris du Club Family Hotel Village \u00e0 Milano Marittima\u00a0!","breadcrumb":{"@id":"https:\/\/www.allinclusivehotels.it\/fr\/hotels\/club-family-hotel-village-milano-marittima#breadcrumb"},"inLanguage":"fr-FR","potentialAction":[{"@type":"ReadAction","target":["https:\/\/www.allinclusivehotels.it\/fr\/hotels\/club-family-hotel-village-milano-marittima"]}]},{"@type":"BreadcrumbList","@id":"https:\/\/www.allinclusivehotels.it\/fr\/hotels\/club-family-hotel-village-milano-marittima#breadcrumb","itemListElement":[{"@type":"ListItem","position":1,"name":"Home","item":"https:\/\/www.allinclusivehotels.it\/fr"},{"@type":"ListItem","position":2,"name":"H\u00f4tels","item":"https:\/\/www.allinclusivehotels.it\/fr\/hotels"},{"@type":"ListItem","position":3,"name":"Club Family Hotel Village Milano Marittima"}]},{"@type":"WebSite","@id":"https:\/\/www.allinclusivehotels.it\/fr#website","url":"https:\/\/www.allinclusivehotels.it\/fr","name":"All Inclusive Hotels","description":"","publisher":{"@id":"https:\/\/www.allinclusivehotels.it\/fr#organization"},"potentialAction":[{"@type":"SearchAction","target":{"@type":"EntryPoint","urlTemplate":"https:\/\/www.allinclusivehotels.it\/fr?s={search_term_string}"},"query-input":{"@type":"PropertyValueSpecification","valueRequired":true,"valueName":"search_term_string"}}],"inLanguage":"fr-FR"},{"@type":"Organization","@id":"https:\/\/www.allinclusivehotels.it\/fr#organization","name":"All Inclusive Hotels","url":"https:\/\/www.allinclusivehotels.it\/fr","logo":{"@type":"ImageObject","inLanguage":"fr-FR","@id":"https:\/\/www.allinclusivehotels.it\/fr#\/schema\/logo\/image\/","url":"","contentUrl":"","caption":"All Inclusive Hotels"},"image":{"@id":"https:\/\/www.allinclusivehotels.it\/fr#\/schema\/logo\/image\/"}}]}},"_links":{"self":[{"href":"https:\/\/www.allinclusivehotels.it\/fr\/wp-json\/wp\/v2\/pages\/28861","targetHints":{"allow":["GET"]}}],"collection":[{"href":"https:\/\/www.allinclusivehotels.it\/fr\/wp-json\/wp\/v2\/pages"}],"about":[{"href":"https:\/\/www.allinclusivehotels.it\/fr\/wp-json\/wp\/v2\/types\/page"}],"author":[{"embeddable":true,"href":"https:\/\/www.allinclusivehotels.it\/fr\/wp-json\/wp\/v2\/users\/1"}],"replies":[{"embeddable":true,"href":"https:\/\/www.allinclusivehotels.it\/fr\/wp-json\/wp\/v2\/comments?post=28861"}],"version-history":[{"count":3,"href":"https:\/\/www.allinclusivehotels.it\/fr\/wp-json\/wp\/v2\/pages\/28861\/revisions"}],"predecessor-version":[{"id":49143,"href":"https:\/\/www.allinclusivehotels.it\/fr\/wp-json\/wp\/v2\/pages\/28861\/revisions\/49143"}],"up":[{"embeddable":true,"href":"https:\/\/www.allinclusivehotels.it\/fr\/wp-json\/wp\/v2\/pages\/8241"}],"wp:attachment":[{"href":"https:\/\/www.allinclusivehotels.it\/fr\/wp-json\/wp\/v2\/media?parent=28861"}],"curies":[{"name":"wp","href":"https:\/\/api.w.org\/{rel}","templated":true}]}}