{"id":28463,"date":"2023-04-03T11:32:32","date_gmt":"2023-04-03T09:32:32","guid":{"rendered":"https:\/\/www.allinclusivehotels.it\/villages\/airone-bianco-residence-village"},"modified":"2023-05-22T09:30:31","modified_gmt":"2023-05-22T07:30:31","slug":"airone-bianco-residence-village","status":"publish","type":"page","link":"https:\/\/www.allinclusivehotels.it\/fr\/villages\/airone-bianco-residence-village","title":{"rendered":"Airone Bianco Residence Village"},"content":{"rendered":"\n<p>L&#8217;<b>Airone Residence Village \u00e0 Lido delle Nazioni<\/b> est un village touristique pour passer des <b>vacances tout compris aux Lidi Ferraresi<\/b>, o\u00f9 vous pouvez choisir entre un s\u00e9jour confortable dans un <b>bungalow <\/b>ou dans nos <b>appartements <\/b>\u00e9quip\u00e9s. Le village dispose d&#8217;une <b>plage priv\u00e9e<\/b>, \u00e0 laquelle vous pourrez vous rendre confortablement gr\u00e2ce \u00e0 notre <b>navette gratuite<\/b>, avec 1 parasol et 1 transat \u00e0 votre disposition, un service d\u2019animation, une aire de jeux, un bar, sans oublier les terrains de beach volley et de beach tennis.<\/p>\n\n\n\n<!--more-->\n\n\n\n<p>L&#8217;Airone Bianco Residence Village dispose d\u2019une belle <b>piscine bien-\u00eatre d\u00e9di\u00e9e aux adultes<\/b> avec m\u00e9ridienne baln\u00e9o, et d\u2019une <b>piscine pour enfants <\/b>\u00e0 profondeur variable de 30 \u00e0 90 cm, avec jeux d&#8217;eau, bateau pirate et fontaine. L&#8217;espace piscine est entour\u00e9 d&#8217;un <b>solarium \u00e9quip\u00e9<\/b> de parasols et transats.<\/p>\n\n\n\n<p>Nous organisons chaque jour des <b>animations pour adultes et enfants<\/b>, \u00e0 la plage, \u00e0 la piscine, \u00e0 l&#8217;h\u00f4tel et au th\u00e9\u00e2tre. Au village, vous trouverez tout ce dont vous avez besoin pour voyager l\u00e9ger avec vos enfants, avec des services en chambre et dans la salle \u00e0 manger, ainsi que des menus adapt\u00e9s aux plus petits.<\/p>\n\n\n\n<p>L\u2019\u00e9tablissement <b>aime les animaux<\/b>, c\u2019est pourquoi les animaux de compagnie sont les bienvenus dans certains types de chambre. Si vous aimez les vacances riches en exp\u00e9riences, nous disposons d\u2019un <b>service de r\u00e9servation d&#8217;excursions<\/b> dans le Parc du Delta du P\u00f4.<\/p>\n","protected":false},"excerpt":{"rendered":"<p>L&#8217;Airone Residence Village \u00e0 Lido delle Nazioni est un village touristique pour passer des vacances &hellip;<\/p>\n","protected":false},"author":1,"featured_media":0,"parent":8229,"menu_order":0,"comment_status":"closed","ping_status":"closed","template":"page-templates\/scheda_hotel.php","meta":{"_acf_changed":false,"footnotes":""},"class_list":["post-28463","page","type-page","status-publish","hentry"],"acf":[],"yoast_head":"<!-- This site is optimized with the Yoast SEO plugin v27.0 - https:\/\/yoast.com\/product\/yoast-seo-wordpress\/ -->\n<title>Offres All Inclusive de l\u2019Airone Bianco Residence Village \u00e0 Lido delle Nazioni<\/title>\n<meta name=\"description\" content=\"Envie de vacances\u00a0? D\u00e9couvrez les offres All Inclusive et les forfaits tout compris de l\u2019Airone Bianco Residence Village \u00e0 Lido delle Nazioni\u00a0!\" \/>\n<meta name=\"robots\" content=\"index, follow, max-snippet:-1, max-image-preview:large, max-video-preview:-1\" \/>\n<link rel=\"canonical\" href=\"https:\/\/www.allinclusivehotels.it\/fr\/villages\/airone-bianco-residence-village\" \/>\n<meta property=\"og:locale\" content=\"fr_FR\" \/>\n<meta property=\"og:type\" content=\"article\" \/>\n<meta property=\"og:title\" content=\"Offres All Inclusive de l\u2019Airone Bianco Residence Village \u00e0 Lido delle Nazioni\" \/>\n<meta property=\"og:description\" content=\"Envie de vacances\u00a0? D\u00e9couvrez les offres All Inclusive et les forfaits tout compris de l\u2019Airone Bianco Residence Village \u00e0 Lido delle Nazioni\u00a0!\" \/>\n<meta property=\"og:url\" content=\"https:\/\/www.allinclusivehotels.it\/fr\/villages\/airone-bianco-residence-village\" \/>\n<meta property=\"og:site_name\" content=\"All Inclusive Hotels\" \/>\n<meta property=\"article:modified_time\" content=\"2023-05-22T07:30:31+00:00\" \/>\n<meta name=\"twitter:card\" content=\"summary_large_image\" \/>\n<meta name=\"twitter:label1\" content=\"Dur\u00e9e de lecture estim\u00e9e\" \/>\n\t<meta name=\"twitter:data1\" content=\"1 minute\" \/>\n<script type=\"application\/ld+json\" class=\"yoast-schema-graph\">{\"@context\":\"https:\/\/schema.org\",\"@graph\":[{\"@type\":\"WebPage\",\"@id\":\"https:\/\/www.allinclusivehotels.it\/fr\/villages\/airone-bianco-residence-village\",\"url\":\"https:\/\/www.allinclusivehotels.it\/fr\/villages\/airone-bianco-residence-village\",\"name\":\"Offres All Inclusive de l\u2019Airone Bianco Residence Village \u00e0 Lido delle Nazioni\",\"isPartOf\":{\"@id\":\"https:\/\/www.allinclusivehotels.it\/fr#website\"},\"datePublished\":\"2023-04-03T09:32:32+00:00\",\"dateModified\":\"2023-05-22T07:30:31+00:00\",\"description\":\"Envie de vacances\u00a0? D\u00e9couvrez les offres All Inclusive et les forfaits tout compris de l\u2019Airone Bianco Residence Village \u00e0 Lido delle Nazioni\u00a0!\",\"breadcrumb\":{\"@id\":\"https:\/\/www.allinclusivehotels.it\/fr\/villages\/airone-bianco-residence-village#breadcrumb\"},\"inLanguage\":\"fr-FR\",\"potentialAction\":[{\"@type\":\"ReadAction\",\"target\":[\"https:\/\/www.allinclusivehotels.it\/fr\/villages\/airone-bianco-residence-village\"]}]},{\"@type\":\"BreadcrumbList\",\"@id\":\"https:\/\/www.allinclusivehotels.it\/fr\/villages\/airone-bianco-residence-village#breadcrumb\",\"itemListElement\":[{\"@type\":\"ListItem\",\"position\":1,\"name\":\"Home\",\"item\":\"https:\/\/www.allinclusivehotels.it\/fr\"},{\"@type\":\"ListItem\",\"position\":2,\"name\":\"Villages\",\"item\":\"https:\/\/www.allinclusivehotels.it\/fr\/villages\"},{\"@type\":\"ListItem\",\"position\":3,\"name\":\"Airone Bianco Residence Village\"}]},{\"@type\":\"WebSite\",\"@id\":\"https:\/\/www.allinclusivehotels.it\/fr#website\",\"url\":\"https:\/\/www.allinclusivehotels.it\/fr\",\"name\":\"All Inclusive Hotels\",\"description\":\"\",\"publisher\":{\"@id\":\"https:\/\/www.allinclusivehotels.it\/fr#organization\"},\"potentialAction\":[{\"@type\":\"SearchAction\",\"target\":{\"@type\":\"EntryPoint\",\"urlTemplate\":\"https:\/\/www.allinclusivehotels.it\/fr?s={search_term_string}\"},\"query-input\":{\"@type\":\"PropertyValueSpecification\",\"valueRequired\":true,\"valueName\":\"search_term_string\"}}],\"inLanguage\":\"fr-FR\"},{\"@type\":\"Organization\",\"@id\":\"https:\/\/www.allinclusivehotels.it\/fr#organization\",\"name\":\"All Inclusive Hotels\",\"url\":\"https:\/\/www.allinclusivehotels.it\/fr\",\"logo\":{\"@type\":\"ImageObject\",\"inLanguage\":\"fr-FR\",\"@id\":\"https:\/\/www.allinclusivehotels.it\/fr#\/schema\/logo\/image\/\",\"url\":\"\",\"contentUrl\":\"\",\"caption\":\"All Inclusive Hotels\"},\"image\":{\"@id\":\"https:\/\/www.allinclusivehotels.it\/fr#\/schema\/logo\/image\/\"}}]}<\/script>\n<!-- \/ Yoast SEO plugin. -->","yoast_head_json":{"title":"Offres All Inclusive de l\u2019Airone Bianco Residence Village \u00e0 Lido delle Nazioni","description":"Envie de vacances\u00a0? D\u00e9couvrez les offres All Inclusive et les forfaits tout compris de l\u2019Airone Bianco Residence Village \u00e0 Lido delle Nazioni\u00a0!","robots":{"index":"index","follow":"follow","max-snippet":"max-snippet:-1","max-image-preview":"max-image-preview:large","max-video-preview":"max-video-preview:-1"},"canonical":"https:\/\/www.allinclusivehotels.it\/fr\/villages\/airone-bianco-residence-village","og_locale":"fr_FR","og_type":"article","og_title":"Offres All Inclusive de l\u2019Airone Bianco Residence Village \u00e0 Lido delle Nazioni","og_description":"Envie de vacances\u00a0? D\u00e9couvrez les offres All Inclusive et les forfaits tout compris de l\u2019Airone Bianco Residence Village \u00e0 Lido delle Nazioni\u00a0!","og_url":"https:\/\/www.allinclusivehotels.it\/fr\/villages\/airone-bianco-residence-village","og_site_name":"All Inclusive Hotels","article_modified_time":"2023-05-22T07:30:31+00:00","twitter_card":"summary_large_image","twitter_misc":{"Dur\u00e9e de lecture estim\u00e9e":"1 minute"},"schema":{"@context":"https:\/\/schema.org","@graph":[{"@type":"WebPage","@id":"https:\/\/www.allinclusivehotels.it\/fr\/villages\/airone-bianco-residence-village","url":"https:\/\/www.allinclusivehotels.it\/fr\/villages\/airone-bianco-residence-village","name":"Offres All Inclusive de l\u2019Airone Bianco Residence Village \u00e0 Lido delle Nazioni","isPartOf":{"@id":"https:\/\/www.allinclusivehotels.it\/fr#website"},"datePublished":"2023-04-03T09:32:32+00:00","dateModified":"2023-05-22T07:30:31+00:00","description":"Envie de vacances\u00a0? D\u00e9couvrez les offres All Inclusive et les forfaits tout compris de l\u2019Airone Bianco Residence Village \u00e0 Lido delle Nazioni\u00a0!","breadcrumb":{"@id":"https:\/\/www.allinclusivehotels.it\/fr\/villages\/airone-bianco-residence-village#breadcrumb"},"inLanguage":"fr-FR","potentialAction":[{"@type":"ReadAction","target":["https:\/\/www.allinclusivehotels.it\/fr\/villages\/airone-bianco-residence-village"]}]},{"@type":"BreadcrumbList","@id":"https:\/\/www.allinclusivehotels.it\/fr\/villages\/airone-bianco-residence-village#breadcrumb","itemListElement":[{"@type":"ListItem","position":1,"name":"Home","item":"https:\/\/www.allinclusivehotels.it\/fr"},{"@type":"ListItem","position":2,"name":"Villages","item":"https:\/\/www.allinclusivehotels.it\/fr\/villages"},{"@type":"ListItem","position":3,"name":"Airone Bianco Residence Village"}]},{"@type":"WebSite","@id":"https:\/\/www.allinclusivehotels.it\/fr#website","url":"https:\/\/www.allinclusivehotels.it\/fr","name":"All Inclusive Hotels","description":"","publisher":{"@id":"https:\/\/www.allinclusivehotels.it\/fr#organization"},"potentialAction":[{"@type":"SearchAction","target":{"@type":"EntryPoint","urlTemplate":"https:\/\/www.allinclusivehotels.it\/fr?s={search_term_string}"},"query-input":{"@type":"PropertyValueSpecification","valueRequired":true,"valueName":"search_term_string"}}],"inLanguage":"fr-FR"},{"@type":"Organization","@id":"https:\/\/www.allinclusivehotels.it\/fr#organization","name":"All Inclusive Hotels","url":"https:\/\/www.allinclusivehotels.it\/fr","logo":{"@type":"ImageObject","inLanguage":"fr-FR","@id":"https:\/\/www.allinclusivehotels.it\/fr#\/schema\/logo\/image\/","url":"","contentUrl":"","caption":"All Inclusive Hotels"},"image":{"@id":"https:\/\/www.allinclusivehotels.it\/fr#\/schema\/logo\/image\/"}}]}},"_links":{"self":[{"href":"https:\/\/www.allinclusivehotels.it\/fr\/wp-json\/wp\/v2\/pages\/28463","targetHints":{"allow":["GET"]}}],"collection":[{"href":"https:\/\/www.allinclusivehotels.it\/fr\/wp-json\/wp\/v2\/pages"}],"about":[{"href":"https:\/\/www.allinclusivehotels.it\/fr\/wp-json\/wp\/v2\/types\/page"}],"author":[{"embeddable":true,"href":"https:\/\/www.allinclusivehotels.it\/fr\/wp-json\/wp\/v2\/users\/1"}],"replies":[{"embeddable":true,"href":"https:\/\/www.allinclusivehotels.it\/fr\/wp-json\/wp\/v2\/comments?post=28463"}],"version-history":[{"count":2,"href":"https:\/\/www.allinclusivehotels.it\/fr\/wp-json\/wp\/v2\/pages\/28463\/revisions"}],"predecessor-version":[{"id":30112,"href":"https:\/\/www.allinclusivehotels.it\/fr\/wp-json\/wp\/v2\/pages\/28463\/revisions\/30112"}],"up":[{"embeddable":true,"href":"https:\/\/www.allinclusivehotels.it\/fr\/wp-json\/wp\/v2\/pages\/8229"}],"wp:attachment":[{"href":"https:\/\/www.allinclusivehotels.it\/fr\/wp-json\/wp\/v2\/media?parent=28463"}],"curies":[{"name":"wp","href":"https:\/\/api.w.org\/{rel}","templated":true}]}}