{"id":28417,"date":"2023-04-03T09:14:12","date_gmt":"2023-04-03T07:14:12","guid":{"rendered":"https:\/\/www.allinclusivehotels.it\/hotels\/pomposa-residence"},"modified":"2023-05-22T09:30:30","modified_gmt":"2023-05-22T07:30:30","slug":"pomposa-residence","status":"publish","type":"page","link":"https:\/\/www.allinclusivehotels.it\/fr\/hotels\/pomposa-residence","title":{"rendered":"Pomposa Residence"},"content":{"rendered":"\n<p>Des vacances paisibles, ludiques, reposantes et modulables selon vos envies vous attendent \u00e0 <b>Pomposa Residence \u00e0 Lido di Pomposa<\/b>, en plein c\u0153ur du Parc du Delta du P\u00f4. Ici, la libert\u00e9 d&#8217;un s\u00e9jour dans les modernes <b>bungalow <\/b>de la r\u00e9sidence, s\u2019allie \u00e0 la commodit\u00e9 des meilleurs services d&#8217;un h\u00f4tel, toujours disponibles, \u00e0 savoir, un <b>restaurant<\/b> avec une excellente cuisine, un service d\u2019<b>animation<\/b> pour adultes et enfants, une <b>plage affili\u00e9e<\/b> facilement accessible, avec piscine et <b>1 parasol et 1 transat inclus<\/b>.<\/p>\n\n\n\n<!--more-->\n\n\n\n<p>Le <b>divertissement pour tous <\/b>est pr\u00e9vu aussi bien \u00e0 la <b>plage<\/b> pendant la journ\u00e9e, et sur la <b>terrasse de l&#8217;h\u00f4tel<\/b> en soir\u00e9e, avec de la baby-dance, un spectacle de cabaret, des bals, et des spectacles diff\u00e9rents tous les jours.<\/p>\n\n\n\n<p>\u00c0 Pomposa Residence, les <b>animaux sont les bienvenus<\/b> dans certains types d&#8217;h\u00e9bergement. Nous disposons \u00e9galement d\u2019un service de <b>r\u00e9servation d&#8217;excursions<\/b> afin de vous permettre de d\u00e9couvrir les merveilles naturelles du Parc du Delta du P\u00f4 et des Lidi di Comacchio \u00e0 v\u00e9lo, \u00e0 cheval, en bateau et \u00e0 pied.<\/p>\n","protected":false},"excerpt":{"rendered":"<p>Des vacances paisibles, ludiques, reposantes et modulables selon vos envies vous attendent \u00e0 Pomposa Residence &hellip;<\/p>\n","protected":false},"author":1,"featured_media":0,"parent":8241,"menu_order":0,"comment_status":"closed","ping_status":"closed","template":"page-templates\/scheda_hotel.php","meta":{"_acf_changed":false,"footnotes":""},"class_list":["post-28417","page","type-page","status-publish","hentry"],"acf":[],"yoast_head":"<!-- This site is optimized with the Yoast SEO plugin v27.0 - https:\/\/yoast.com\/product\/yoast-seo-wordpress\/ -->\n<title>Offres All Inclusive de la Pomposa Residence \u00e0 Lido di Pomposa<\/title>\n<meta name=\"description\" content=\"Envie de vacances\u00a0? D\u00e9couvrez les offres All Inclusive et les forfaits tout compris de la Pomposa Residence de Lido di Pomposa\u00a0!\" \/>\n<meta name=\"robots\" content=\"index, follow, max-snippet:-1, max-image-preview:large, max-video-preview:-1\" \/>\n<link rel=\"canonical\" href=\"https:\/\/www.allinclusivehotels.it\/fr\/hotels\/pomposa-residence\" \/>\n<meta property=\"og:locale\" content=\"fr_FR\" \/>\n<meta property=\"og:type\" content=\"article\" \/>\n<meta property=\"og:title\" content=\"Offres All Inclusive de la Pomposa Residence \u00e0 Lido di Pomposa\" \/>\n<meta property=\"og:description\" content=\"Envie de vacances\u00a0? D\u00e9couvrez les offres All Inclusive et les forfaits tout compris de la Pomposa Residence de Lido di Pomposa\u00a0!\" \/>\n<meta property=\"og:url\" content=\"https:\/\/www.allinclusivehotels.it\/fr\/hotels\/pomposa-residence\" \/>\n<meta property=\"og:site_name\" content=\"All Inclusive Hotels\" \/>\n<meta property=\"article:modified_time\" content=\"2023-05-22T07:30:30+00:00\" \/>\n<meta name=\"twitter:card\" content=\"summary_large_image\" \/>\n<meta name=\"twitter:label1\" content=\"Dur\u00e9e de lecture estim\u00e9e\" \/>\n\t<meta name=\"twitter:data1\" content=\"1 minute\" \/>\n<script type=\"application\/ld+json\" class=\"yoast-schema-graph\">{\"@context\":\"https:\/\/schema.org\",\"@graph\":[{\"@type\":\"WebPage\",\"@id\":\"https:\/\/www.allinclusivehotels.it\/fr\/hotels\/pomposa-residence\",\"url\":\"https:\/\/www.allinclusivehotels.it\/fr\/hotels\/pomposa-residence\",\"name\":\"Offres All Inclusive de la Pomposa Residence \u00e0 Lido di Pomposa\",\"isPartOf\":{\"@id\":\"https:\/\/www.allinclusivehotels.it\/fr#website\"},\"datePublished\":\"2023-04-03T07:14:12+00:00\",\"dateModified\":\"2023-05-22T07:30:30+00:00\",\"description\":\"Envie de vacances\u00a0? D\u00e9couvrez les offres All Inclusive et les forfaits tout compris de la Pomposa Residence de Lido di Pomposa\u00a0!\",\"breadcrumb\":{\"@id\":\"https:\/\/www.allinclusivehotels.it\/fr\/hotels\/pomposa-residence#breadcrumb\"},\"inLanguage\":\"fr-FR\",\"potentialAction\":[{\"@type\":\"ReadAction\",\"target\":[\"https:\/\/www.allinclusivehotels.it\/fr\/hotels\/pomposa-residence\"]}]},{\"@type\":\"BreadcrumbList\",\"@id\":\"https:\/\/www.allinclusivehotels.it\/fr\/hotels\/pomposa-residence#breadcrumb\",\"itemListElement\":[{\"@type\":\"ListItem\",\"position\":1,\"name\":\"Home\",\"item\":\"https:\/\/www.allinclusivehotels.it\/fr\"},{\"@type\":\"ListItem\",\"position\":2,\"name\":\"H\u00f4tels\",\"item\":\"https:\/\/www.allinclusivehotels.it\/fr\/hotels\"},{\"@type\":\"ListItem\",\"position\":3,\"name\":\"Pomposa Residence\"}]},{\"@type\":\"WebSite\",\"@id\":\"https:\/\/www.allinclusivehotels.it\/fr#website\",\"url\":\"https:\/\/www.allinclusivehotels.it\/fr\",\"name\":\"All Inclusive Hotels\",\"description\":\"\",\"publisher\":{\"@id\":\"https:\/\/www.allinclusivehotels.it\/fr#organization\"},\"potentialAction\":[{\"@type\":\"SearchAction\",\"target\":{\"@type\":\"EntryPoint\",\"urlTemplate\":\"https:\/\/www.allinclusivehotels.it\/fr?s={search_term_string}\"},\"query-input\":{\"@type\":\"PropertyValueSpecification\",\"valueRequired\":true,\"valueName\":\"search_term_string\"}}],\"inLanguage\":\"fr-FR\"},{\"@type\":\"Organization\",\"@id\":\"https:\/\/www.allinclusivehotels.it\/fr#organization\",\"name\":\"All Inclusive Hotels\",\"url\":\"https:\/\/www.allinclusivehotels.it\/fr\",\"logo\":{\"@type\":\"ImageObject\",\"inLanguage\":\"fr-FR\",\"@id\":\"https:\/\/www.allinclusivehotels.it\/fr#\/schema\/logo\/image\/\",\"url\":\"\",\"contentUrl\":\"\",\"caption\":\"All Inclusive Hotels\"},\"image\":{\"@id\":\"https:\/\/www.allinclusivehotels.it\/fr#\/schema\/logo\/image\/\"}}]}<\/script>\n<!-- \/ Yoast SEO plugin. -->","yoast_head_json":{"title":"Offres All Inclusive de la Pomposa Residence \u00e0 Lido di Pomposa","description":"Envie de vacances\u00a0? D\u00e9couvrez les offres All Inclusive et les forfaits tout compris de la Pomposa Residence de Lido di Pomposa\u00a0!","robots":{"index":"index","follow":"follow","max-snippet":"max-snippet:-1","max-image-preview":"max-image-preview:large","max-video-preview":"max-video-preview:-1"},"canonical":"https:\/\/www.allinclusivehotels.it\/fr\/hotels\/pomposa-residence","og_locale":"fr_FR","og_type":"article","og_title":"Offres All Inclusive de la Pomposa Residence \u00e0 Lido di Pomposa","og_description":"Envie de vacances\u00a0? D\u00e9couvrez les offres All Inclusive et les forfaits tout compris de la Pomposa Residence de Lido di Pomposa\u00a0!","og_url":"https:\/\/www.allinclusivehotels.it\/fr\/hotels\/pomposa-residence","og_site_name":"All Inclusive Hotels","article_modified_time":"2023-05-22T07:30:30+00:00","twitter_card":"summary_large_image","twitter_misc":{"Dur\u00e9e de lecture estim\u00e9e":"1 minute"},"schema":{"@context":"https:\/\/schema.org","@graph":[{"@type":"WebPage","@id":"https:\/\/www.allinclusivehotels.it\/fr\/hotels\/pomposa-residence","url":"https:\/\/www.allinclusivehotels.it\/fr\/hotels\/pomposa-residence","name":"Offres All Inclusive de la Pomposa Residence \u00e0 Lido di Pomposa","isPartOf":{"@id":"https:\/\/www.allinclusivehotels.it\/fr#website"},"datePublished":"2023-04-03T07:14:12+00:00","dateModified":"2023-05-22T07:30:30+00:00","description":"Envie de vacances\u00a0? D\u00e9couvrez les offres All Inclusive et les forfaits tout compris de la Pomposa Residence de Lido di Pomposa\u00a0!","breadcrumb":{"@id":"https:\/\/www.allinclusivehotels.it\/fr\/hotels\/pomposa-residence#breadcrumb"},"inLanguage":"fr-FR","potentialAction":[{"@type":"ReadAction","target":["https:\/\/www.allinclusivehotels.it\/fr\/hotels\/pomposa-residence"]}]},{"@type":"BreadcrumbList","@id":"https:\/\/www.allinclusivehotels.it\/fr\/hotels\/pomposa-residence#breadcrumb","itemListElement":[{"@type":"ListItem","position":1,"name":"Home","item":"https:\/\/www.allinclusivehotels.it\/fr"},{"@type":"ListItem","position":2,"name":"H\u00f4tels","item":"https:\/\/www.allinclusivehotels.it\/fr\/hotels"},{"@type":"ListItem","position":3,"name":"Pomposa Residence"}]},{"@type":"WebSite","@id":"https:\/\/www.allinclusivehotels.it\/fr#website","url":"https:\/\/www.allinclusivehotels.it\/fr","name":"All Inclusive Hotels","description":"","publisher":{"@id":"https:\/\/www.allinclusivehotels.it\/fr#organization"},"potentialAction":[{"@type":"SearchAction","target":{"@type":"EntryPoint","urlTemplate":"https:\/\/www.allinclusivehotels.it\/fr?s={search_term_string}"},"query-input":{"@type":"PropertyValueSpecification","valueRequired":true,"valueName":"search_term_string"}}],"inLanguage":"fr-FR"},{"@type":"Organization","@id":"https:\/\/www.allinclusivehotels.it\/fr#organization","name":"All Inclusive Hotels","url":"https:\/\/www.allinclusivehotels.it\/fr","logo":{"@type":"ImageObject","inLanguage":"fr-FR","@id":"https:\/\/www.allinclusivehotels.it\/fr#\/schema\/logo\/image\/","url":"","contentUrl":"","caption":"All Inclusive Hotels"},"image":{"@id":"https:\/\/www.allinclusivehotels.it\/fr#\/schema\/logo\/image\/"}}]}},"_links":{"self":[{"href":"https:\/\/www.allinclusivehotels.it\/fr\/wp-json\/wp\/v2\/pages\/28417","targetHints":{"allow":["GET"]}}],"collection":[{"href":"https:\/\/www.allinclusivehotels.it\/fr\/wp-json\/wp\/v2\/pages"}],"about":[{"href":"https:\/\/www.allinclusivehotels.it\/fr\/wp-json\/wp\/v2\/types\/page"}],"author":[{"embeddable":true,"href":"https:\/\/www.allinclusivehotels.it\/fr\/wp-json\/wp\/v2\/users\/1"}],"replies":[{"embeddable":true,"href":"https:\/\/www.allinclusivehotels.it\/fr\/wp-json\/wp\/v2\/comments?post=28417"}],"version-history":[{"count":2,"href":"https:\/\/www.allinclusivehotels.it\/fr\/wp-json\/wp\/v2\/pages\/28417\/revisions"}],"predecessor-version":[{"id":30111,"href":"https:\/\/www.allinclusivehotels.it\/fr\/wp-json\/wp\/v2\/pages\/28417\/revisions\/30111"}],"up":[{"embeddable":true,"href":"https:\/\/www.allinclusivehotels.it\/fr\/wp-json\/wp\/v2\/pages\/8241"}],"wp:attachment":[{"href":"https:\/\/www.allinclusivehotels.it\/fr\/wp-json\/wp\/v2\/media?parent=28417"}],"curies":[{"name":"wp","href":"https:\/\/api.w.org\/{rel}","templated":true}]}}