{"id":28341,"date":"2023-03-30T09:58:18","date_gmt":"2023-03-30T07:58:18","guid":{"rendered":"https:\/\/www.allinclusivehotels.it\/destinations\/scalea"},"modified":"2023-03-30T09:58:19","modified_gmt":"2023-03-30T07:58:19","slug":"scalea","status":"publish","type":"page","link":"https:\/\/www.allinclusivehotels.it\/fr\/destinations\/scalea","title":{"rendered":"Scalea"},"content":{"rendered":"\n<p>Village m\u00e9di\u00e9val caract\u00e9ristique surplombant la mer Tyrrh\u00e9nienne, <b>Scalea <\/b>est une localit\u00e9 touristique de la Riviera dei Cedri, o\u00f9 vous pourrez profiter de vacances alliant mer et montagne, histoire et nature.<\/p>\n\n\n\n<p>Les<b> h\u00f4tels All Inclusive de Scalea <\/b>vous attendent pour une exp\u00e9rience de d\u00e9tente entre plages paradisiaques baign\u00e9es par une mer limpide, une excellente cuisine aux saveurs authentiques de la Calabre, du divertissement pour les enfants et des services sp\u00e9cialement con\u00e7us pour les familles.<\/p>\n\n\n\n<!--more-->\n\n\n\n<p>Scalea est principalement connue pour ses <b>plages <\/b>allant de la falaise d&#8217;Ainela \u00e0 l&#8217;embouchure du fleuve Lao, avec leurs <b>\u00e9tablissements baln\u00e9aires modernes et \u00e9quip\u00e9s<\/b>. Mais cette belle station touristique se distingue \u00e9galement par la possibilit\u00e9 de vivre des aventures en contact \u00e9troit avec la nature dans le tout proche <b>Parc national du Pollino<\/b>, ainsi que dans les <b>R\u00e9serves d&#8217;\u00c9tat<\/b> &#8211; du fleuve Lao et du fleuve Argentino &#8211; ou sur les sommets de l&#8217;Orsomarso, avec des <b>exp\u00e9riences de plein air <\/b>allant du rafting \u00e0 la randonn\u00e9e, en passant par le v\u00e9lo. La splendeur de la mer Tyrrh\u00e9nienne, d&#8217;autre part, est le cadre id\u00e9al pour des <b>sorties en bateau<\/b> pour admirer les grottes et baies l\u00e9gendaires, mais \u00e9galement pour faire de la <b>plong\u00e9e en apn\u00e9e <\/b>et de la <b>plong\u00e9e sous-marine<\/b>.<\/p>\n\n\n","protected":false},"excerpt":{"rendered":"<p>Village m\u00e9di\u00e9val caract\u00e9ristique surplombant la mer Tyrrh\u00e9nienne, Scalea est une localit\u00e9 touristique de la Riviera &hellip;<\/p>\n","protected":false},"author":1,"featured_media":0,"parent":8167,"menu_order":0,"comment_status":"closed","ping_status":"closed","template":"page-templates\/destinazione.php","meta":{"_acf_changed":false,"footnotes":""},"class_list":["post-28341","page","type-page","status-publish","hentry"],"acf":[],"yoast_head":"<!-- This site is optimized with the Yoast SEO plugin v27.0 - https:\/\/yoast.com\/product\/yoast-seo-wordpress\/ -->\n<title>H\u00f4tels All Inclusive Scalea\u00a0: Offres Hotel<\/title>\n<meta name=\"description\" content=\"Vous \u00eates \u00e0 la recherche d&#039;un h\u00f4tel tout compris \u00e0 Scalea\u00a0? D\u00e9couvrez la plus grande s\u00e9lection d\u2019h\u00f4tels All Inclusive en Italie. Voir les offres\u00a0!\" \/>\n<meta name=\"robots\" content=\"index, follow, max-snippet:-1, max-image-preview:large, max-video-preview:-1\" \/>\n<link rel=\"canonical\" href=\"https:\/\/www.allinclusivehotels.it\/fr\/destinations\/scalea\" \/>\n<meta property=\"og:locale\" content=\"fr_FR\" \/>\n<meta property=\"og:type\" content=\"article\" \/>\n<meta property=\"og:title\" content=\"H\u00f4tels All Inclusive Scalea\u00a0: Offres Hotel\" \/>\n<meta property=\"og:description\" content=\"Vous \u00eates \u00e0 la recherche d&#039;un h\u00f4tel tout compris \u00e0 Scalea\u00a0? D\u00e9couvrez la plus grande s\u00e9lection d\u2019h\u00f4tels All Inclusive en Italie. Voir les offres\u00a0!\" \/>\n<meta property=\"og:url\" content=\"https:\/\/www.allinclusivehotels.it\/fr\/destinations\/scalea\" \/>\n<meta property=\"og:site_name\" content=\"All Inclusive Hotels\" \/>\n<meta property=\"article:modified_time\" content=\"2023-03-30T07:58:19+00:00\" \/>\n<meta name=\"twitter:card\" content=\"summary_large_image\" \/>\n<meta name=\"twitter:label1\" content=\"Dur\u00e9e de lecture estim\u00e9e\" \/>\n\t<meta name=\"twitter:data1\" content=\"1 minute\" \/>\n<script type=\"application\/ld+json\" class=\"yoast-schema-graph\">{\"@context\":\"https:\/\/schema.org\",\"@graph\":[{\"@type\":\"WebPage\",\"@id\":\"https:\/\/www.allinclusivehotels.it\/fr\/destinations\/scalea\",\"url\":\"https:\/\/www.allinclusivehotels.it\/fr\/destinations\/scalea\",\"name\":\"H\u00f4tels All Inclusive Scalea\u00a0: Offres Hotel\",\"isPartOf\":{\"@id\":\"https:\/\/www.allinclusivehotels.it\/fr#website\"},\"datePublished\":\"2023-03-30T07:58:18+00:00\",\"dateModified\":\"2023-03-30T07:58:19+00:00\",\"description\":\"Vous \u00eates \u00e0 la recherche d'un h\u00f4tel tout compris \u00e0 Scalea\u00a0? D\u00e9couvrez la plus grande s\u00e9lection d\u2019h\u00f4tels All Inclusive en Italie. Voir les offres\u00a0!\",\"breadcrumb\":{\"@id\":\"https:\/\/www.allinclusivehotels.it\/fr\/destinations\/scalea#breadcrumb\"},\"inLanguage\":\"fr-FR\",\"potentialAction\":[{\"@type\":\"ReadAction\",\"target\":[\"https:\/\/www.allinclusivehotels.it\/fr\/destinations\/scalea\"]}]},{\"@type\":\"BreadcrumbList\",\"@id\":\"https:\/\/www.allinclusivehotels.it\/fr\/destinations\/scalea#breadcrumb\",\"itemListElement\":[{\"@type\":\"ListItem\",\"position\":1,\"name\":\"Home\",\"item\":\"https:\/\/www.allinclusivehotels.it\/fr\"},{\"@type\":\"ListItem\",\"position\":2,\"name\":\"Destinations\",\"item\":\"https:\/\/www.allinclusivehotels.it\/fr\/destinations\"},{\"@type\":\"ListItem\",\"position\":3,\"name\":\"Scalea\"}]},{\"@type\":\"WebSite\",\"@id\":\"https:\/\/www.allinclusivehotels.it\/fr#website\",\"url\":\"https:\/\/www.allinclusivehotels.it\/fr\",\"name\":\"All Inclusive Hotels\",\"description\":\"\",\"publisher\":{\"@id\":\"https:\/\/www.allinclusivehotels.it\/fr#organization\"},\"potentialAction\":[{\"@type\":\"SearchAction\",\"target\":{\"@type\":\"EntryPoint\",\"urlTemplate\":\"https:\/\/www.allinclusivehotels.it\/fr?s={search_term_string}\"},\"query-input\":{\"@type\":\"PropertyValueSpecification\",\"valueRequired\":true,\"valueName\":\"search_term_string\"}}],\"inLanguage\":\"fr-FR\"},{\"@type\":\"Organization\",\"@id\":\"https:\/\/www.allinclusivehotels.it\/fr#organization\",\"name\":\"All Inclusive Hotels\",\"url\":\"https:\/\/www.allinclusivehotels.it\/fr\",\"logo\":{\"@type\":\"ImageObject\",\"inLanguage\":\"fr-FR\",\"@id\":\"https:\/\/www.allinclusivehotels.it\/fr#\/schema\/logo\/image\/\",\"url\":\"\",\"contentUrl\":\"\",\"caption\":\"All Inclusive Hotels\"},\"image\":{\"@id\":\"https:\/\/www.allinclusivehotels.it\/fr#\/schema\/logo\/image\/\"}}]}<\/script>\n<!-- \/ Yoast SEO plugin. -->","yoast_head_json":{"title":"H\u00f4tels All Inclusive Scalea\u00a0: Offres Hotel","description":"Vous \u00eates \u00e0 la recherche d'un h\u00f4tel tout compris \u00e0 Scalea\u00a0? D\u00e9couvrez la plus grande s\u00e9lection d\u2019h\u00f4tels All Inclusive en Italie. Voir les offres\u00a0!","robots":{"index":"index","follow":"follow","max-snippet":"max-snippet:-1","max-image-preview":"max-image-preview:large","max-video-preview":"max-video-preview:-1"},"canonical":"https:\/\/www.allinclusivehotels.it\/fr\/destinations\/scalea","og_locale":"fr_FR","og_type":"article","og_title":"H\u00f4tels All Inclusive Scalea\u00a0: Offres Hotel","og_description":"Vous \u00eates \u00e0 la recherche d'un h\u00f4tel tout compris \u00e0 Scalea\u00a0? D\u00e9couvrez la plus grande s\u00e9lection d\u2019h\u00f4tels All Inclusive en Italie. Voir les offres\u00a0!","og_url":"https:\/\/www.allinclusivehotels.it\/fr\/destinations\/scalea","og_site_name":"All Inclusive Hotels","article_modified_time":"2023-03-30T07:58:19+00:00","twitter_card":"summary_large_image","twitter_misc":{"Dur\u00e9e de lecture estim\u00e9e":"1 minute"},"schema":{"@context":"https:\/\/schema.org","@graph":[{"@type":"WebPage","@id":"https:\/\/www.allinclusivehotels.it\/fr\/destinations\/scalea","url":"https:\/\/www.allinclusivehotels.it\/fr\/destinations\/scalea","name":"H\u00f4tels All Inclusive Scalea\u00a0: Offres Hotel","isPartOf":{"@id":"https:\/\/www.allinclusivehotels.it\/fr#website"},"datePublished":"2023-03-30T07:58:18+00:00","dateModified":"2023-03-30T07:58:19+00:00","description":"Vous \u00eates \u00e0 la recherche d'un h\u00f4tel tout compris \u00e0 Scalea\u00a0? D\u00e9couvrez la plus grande s\u00e9lection d\u2019h\u00f4tels All Inclusive en Italie. Voir les offres\u00a0!","breadcrumb":{"@id":"https:\/\/www.allinclusivehotels.it\/fr\/destinations\/scalea#breadcrumb"},"inLanguage":"fr-FR","potentialAction":[{"@type":"ReadAction","target":["https:\/\/www.allinclusivehotels.it\/fr\/destinations\/scalea"]}]},{"@type":"BreadcrumbList","@id":"https:\/\/www.allinclusivehotels.it\/fr\/destinations\/scalea#breadcrumb","itemListElement":[{"@type":"ListItem","position":1,"name":"Home","item":"https:\/\/www.allinclusivehotels.it\/fr"},{"@type":"ListItem","position":2,"name":"Destinations","item":"https:\/\/www.allinclusivehotels.it\/fr\/destinations"},{"@type":"ListItem","position":3,"name":"Scalea"}]},{"@type":"WebSite","@id":"https:\/\/www.allinclusivehotels.it\/fr#website","url":"https:\/\/www.allinclusivehotels.it\/fr","name":"All Inclusive Hotels","description":"","publisher":{"@id":"https:\/\/www.allinclusivehotels.it\/fr#organization"},"potentialAction":[{"@type":"SearchAction","target":{"@type":"EntryPoint","urlTemplate":"https:\/\/www.allinclusivehotels.it\/fr?s={search_term_string}"},"query-input":{"@type":"PropertyValueSpecification","valueRequired":true,"valueName":"search_term_string"}}],"inLanguage":"fr-FR"},{"@type":"Organization","@id":"https:\/\/www.allinclusivehotels.it\/fr#organization","name":"All Inclusive Hotels","url":"https:\/\/www.allinclusivehotels.it\/fr","logo":{"@type":"ImageObject","inLanguage":"fr-FR","@id":"https:\/\/www.allinclusivehotels.it\/fr#\/schema\/logo\/image\/","url":"","contentUrl":"","caption":"All Inclusive Hotels"},"image":{"@id":"https:\/\/www.allinclusivehotels.it\/fr#\/schema\/logo\/image\/"}}]}},"_links":{"self":[{"href":"https:\/\/www.allinclusivehotels.it\/fr\/wp-json\/wp\/v2\/pages\/28341","targetHints":{"allow":["GET"]}}],"collection":[{"href":"https:\/\/www.allinclusivehotels.it\/fr\/wp-json\/wp\/v2\/pages"}],"about":[{"href":"https:\/\/www.allinclusivehotels.it\/fr\/wp-json\/wp\/v2\/types\/page"}],"author":[{"embeddable":true,"href":"https:\/\/www.allinclusivehotels.it\/fr\/wp-json\/wp\/v2\/users\/1"}],"replies":[{"embeddable":true,"href":"https:\/\/www.allinclusivehotels.it\/fr\/wp-json\/wp\/v2\/comments?post=28341"}],"version-history":[{"count":1,"href":"https:\/\/www.allinclusivehotels.it\/fr\/wp-json\/wp\/v2\/pages\/28341\/revisions"}],"predecessor-version":[{"id":28342,"href":"https:\/\/www.allinclusivehotels.it\/fr\/wp-json\/wp\/v2\/pages\/28341\/revisions\/28342"}],"up":[{"embeddable":true,"href":"https:\/\/www.allinclusivehotels.it\/fr\/wp-json\/wp\/v2\/pages\/8167"}],"wp:attachment":[{"href":"https:\/\/www.allinclusivehotels.it\/fr\/wp-json\/wp\/v2\/media?parent=28341"}],"curies":[{"name":"wp","href":"https:\/\/api.w.org\/{rel}","templated":true}]}}