{"id":28326,"date":"2023-03-30T09:41:01","date_gmt":"2023-03-30T07:41:01","guid":{"rendered":"https:\/\/www.allinclusivehotels.it\/destinations\/rossano-calabro"},"modified":"2023-03-30T09:41:03","modified_gmt":"2023-03-30T07:41:03","slug":"rossano-calabro","status":"publish","type":"page","link":"https:\/\/www.allinclusivehotels.it\/fr\/destinations\/rossano-calabro","title":{"rendered":"Rossano Calabro"},"content":{"rendered":"\n<p>Avec sa splendide position dans la plaine de Sibari, entre la Sila et la cristalline mer Ionienne, Rossano Calabro repr\u00e9sente un point panoramique exceptionnel dans la r\u00e9gion. Des <b>vacances All Inclusive<\/b> dans les <b>h\u00f4tels de Rossano Calabro<\/b> ajoutent une touche ind\u00e9l\u00e9bile \u00e0 une exp\u00e9rience qui combine le meilleur de la r\u00e9gion\u00a0: un accueil attentif et authentique, une cuisine qui repr\u00e9sente l&#8217;essence de la Calabre, avec tous les services toujours inclus pour garantir des vacances sans soucis.<\/p>\n\n\n\n<!--more-->\n\n\n\n<p>Le <b>front de mer de Schiavonea<\/b> est un joyau d&#8217;une valeur inestimable, caract\u00e9ris\u00e9 par de magnifiques plages libres et plages \u00e9quip\u00e9es, qui mettent \u00e0 l&#8217;aise les touristes de tous \u00e2ges. Naturellement, les clubs et les discoth\u00e8ques ne manquent pas pour d&#8217;agr\u00e9ables soir\u00e9es sociales.<\/p>\n\n\n\n<p>Cet emplacement est \u00e9galement id\u00e9al pour qui, outre se d\u00e9tendre sur la plage et \u00e0 l&#8217;h\u00f4tel, souhaite s\u2019accorder quelques jours d&#8217;exploration entre culture et nature. Le <b>centre de Rossano Calabro<\/b> est riche en \u00e9difices historiques et religieux de grand int\u00e9r\u00eat, notamment le Mus\u00e9e dioc\u00e9sain du Codex, avec son Code violet inscrit dans la cat\u00e9gorie \u00ab\u00a0M\u00e9moire du monde\u00a0\u00bb de l&#8217;UNESCO.<\/p>\n\n\n\n<p>Toujours dans la zone de Corigliano-Rossano, vous trouverez l\u2019<b>Oasis Naturaliste des G\u00e9ants de Cozzo del Pesco<\/b>, une r\u00e9serve pleine d&#8217;ambiances, o\u00f9 les randonneurs peuvent suivre diff\u00e9rents itin\u00e9raires adapt\u00e9s \u00e0 tous les niveaux de pr\u00e9paration et, notamment, se rendre jusqu&#8217;\u00e0 la for\u00eat monumentale pour admirer 12 ch\u00e2taigniers extr\u00eamement anciens.<\/p>\n\n\n\n<p>Parmi les sp\u00e9cialit\u00e9s gastronomiques et \u00e0 ne pas manquer \u00e0 Rossano Calabro, vous trouverez une r\u00e9glisse renomm\u00e9e et l&#8217;huile d&#8217;olive extra vierge Bruzio DOP.<\/p>\n","protected":false},"excerpt":{"rendered":"<p>Avec sa splendide position dans la plaine de Sibari, entre la Sila et la cristalline &hellip;<\/p>\n","protected":false},"author":1,"featured_media":0,"parent":8167,"menu_order":0,"comment_status":"closed","ping_status":"closed","template":"page-templates\/destinazione.php","meta":{"_acf_changed":false,"footnotes":""},"class_list":["post-28326","page","type-page","status-publish","hentry"],"acf":[],"yoast_head":"<!-- This site is optimized with the Yoast SEO plugin v27.0 - https:\/\/yoast.com\/product\/yoast-seo-wordpress\/ -->\n<title>H\u00f4tel All Inclusive Rossano Calabro\u00a0: Offres H\u00f4tels<\/title>\n<meta name=\"description\" content=\"Vous cherchez un h\u00f4tel All Inclusive \u00e0 Rossano Calabro\u00a0? D\u00e9couvrez la plus grande s\u00e9lection d\u2019h\u00f4tels All Inclusive en Italie. Voir les offres\u00a0!\" \/>\n<meta name=\"robots\" content=\"index, follow, max-snippet:-1, max-image-preview:large, max-video-preview:-1\" \/>\n<link rel=\"canonical\" href=\"https:\/\/www.allinclusivehotels.it\/fr\/destinations\/rossano-calabro\" \/>\n<meta property=\"og:locale\" content=\"fr_FR\" \/>\n<meta property=\"og:type\" content=\"article\" \/>\n<meta property=\"og:title\" content=\"H\u00f4tel All Inclusive Rossano Calabro\u00a0: Offres H\u00f4tels\" \/>\n<meta property=\"og:description\" content=\"Vous cherchez un h\u00f4tel All Inclusive \u00e0 Rossano Calabro\u00a0? D\u00e9couvrez la plus grande s\u00e9lection d\u2019h\u00f4tels All Inclusive en Italie. Voir les offres\u00a0!\" \/>\n<meta property=\"og:url\" content=\"https:\/\/www.allinclusivehotels.it\/fr\/destinations\/rossano-calabro\" \/>\n<meta property=\"og:site_name\" content=\"All Inclusive Hotels\" \/>\n<meta property=\"article:modified_time\" content=\"2023-03-30T07:41:03+00:00\" \/>\n<meta name=\"twitter:card\" content=\"summary_large_image\" \/>\n<meta name=\"twitter:label1\" content=\"Dur\u00e9e de lecture estim\u00e9e\" \/>\n\t<meta name=\"twitter:data1\" content=\"1 minute\" \/>\n<script type=\"application\/ld+json\" class=\"yoast-schema-graph\">{\"@context\":\"https:\/\/schema.org\",\"@graph\":[{\"@type\":\"WebPage\",\"@id\":\"https:\/\/www.allinclusivehotels.it\/fr\/destinations\/rossano-calabro\",\"url\":\"https:\/\/www.allinclusivehotels.it\/fr\/destinations\/rossano-calabro\",\"name\":\"H\u00f4tel All Inclusive Rossano Calabro\u00a0: Offres H\u00f4tels\",\"isPartOf\":{\"@id\":\"https:\/\/www.allinclusivehotels.it\/fr#website\"},\"datePublished\":\"2023-03-30T07:41:01+00:00\",\"dateModified\":\"2023-03-30T07:41:03+00:00\",\"description\":\"Vous cherchez un h\u00f4tel All Inclusive \u00e0 Rossano Calabro\u00a0? D\u00e9couvrez la plus grande s\u00e9lection d\u2019h\u00f4tels All Inclusive en Italie. Voir les offres\u00a0!\",\"breadcrumb\":{\"@id\":\"https:\/\/www.allinclusivehotels.it\/fr\/destinations\/rossano-calabro#breadcrumb\"},\"inLanguage\":\"fr-FR\",\"potentialAction\":[{\"@type\":\"ReadAction\",\"target\":[\"https:\/\/www.allinclusivehotels.it\/fr\/destinations\/rossano-calabro\"]}]},{\"@type\":\"BreadcrumbList\",\"@id\":\"https:\/\/www.allinclusivehotels.it\/fr\/destinations\/rossano-calabro#breadcrumb\",\"itemListElement\":[{\"@type\":\"ListItem\",\"position\":1,\"name\":\"Home\",\"item\":\"https:\/\/www.allinclusivehotels.it\/fr\"},{\"@type\":\"ListItem\",\"position\":2,\"name\":\"Destinations\",\"item\":\"https:\/\/www.allinclusivehotels.it\/fr\/destinations\"},{\"@type\":\"ListItem\",\"position\":3,\"name\":\"Rossano Calabro\"}]},{\"@type\":\"WebSite\",\"@id\":\"https:\/\/www.allinclusivehotels.it\/fr#website\",\"url\":\"https:\/\/www.allinclusivehotels.it\/fr\",\"name\":\"All Inclusive Hotels\",\"description\":\"\",\"publisher\":{\"@id\":\"https:\/\/www.allinclusivehotels.it\/fr#organization\"},\"potentialAction\":[{\"@type\":\"SearchAction\",\"target\":{\"@type\":\"EntryPoint\",\"urlTemplate\":\"https:\/\/www.allinclusivehotels.it\/fr?s={search_term_string}\"},\"query-input\":{\"@type\":\"PropertyValueSpecification\",\"valueRequired\":true,\"valueName\":\"search_term_string\"}}],\"inLanguage\":\"fr-FR\"},{\"@type\":\"Organization\",\"@id\":\"https:\/\/www.allinclusivehotels.it\/fr#organization\",\"name\":\"All Inclusive Hotels\",\"url\":\"https:\/\/www.allinclusivehotels.it\/fr\",\"logo\":{\"@type\":\"ImageObject\",\"inLanguage\":\"fr-FR\",\"@id\":\"https:\/\/www.allinclusivehotels.it\/fr#\/schema\/logo\/image\/\",\"url\":\"\",\"contentUrl\":\"\",\"caption\":\"All Inclusive Hotels\"},\"image\":{\"@id\":\"https:\/\/www.allinclusivehotels.it\/fr#\/schema\/logo\/image\/\"}}]}<\/script>\n<!-- \/ Yoast SEO plugin. -->","yoast_head_json":{"title":"H\u00f4tel All Inclusive Rossano Calabro\u00a0: Offres H\u00f4tels","description":"Vous cherchez un h\u00f4tel All Inclusive \u00e0 Rossano Calabro\u00a0? D\u00e9couvrez la plus grande s\u00e9lection d\u2019h\u00f4tels All Inclusive en Italie. Voir les offres\u00a0!","robots":{"index":"index","follow":"follow","max-snippet":"max-snippet:-1","max-image-preview":"max-image-preview:large","max-video-preview":"max-video-preview:-1"},"canonical":"https:\/\/www.allinclusivehotels.it\/fr\/destinations\/rossano-calabro","og_locale":"fr_FR","og_type":"article","og_title":"H\u00f4tel All Inclusive Rossano Calabro\u00a0: Offres H\u00f4tels","og_description":"Vous cherchez un h\u00f4tel All Inclusive \u00e0 Rossano Calabro\u00a0? D\u00e9couvrez la plus grande s\u00e9lection d\u2019h\u00f4tels All Inclusive en Italie. Voir les offres\u00a0!","og_url":"https:\/\/www.allinclusivehotels.it\/fr\/destinations\/rossano-calabro","og_site_name":"All Inclusive Hotels","article_modified_time":"2023-03-30T07:41:03+00:00","twitter_card":"summary_large_image","twitter_misc":{"Dur\u00e9e de lecture estim\u00e9e":"1 minute"},"schema":{"@context":"https:\/\/schema.org","@graph":[{"@type":"WebPage","@id":"https:\/\/www.allinclusivehotels.it\/fr\/destinations\/rossano-calabro","url":"https:\/\/www.allinclusivehotels.it\/fr\/destinations\/rossano-calabro","name":"H\u00f4tel All Inclusive Rossano Calabro\u00a0: Offres H\u00f4tels","isPartOf":{"@id":"https:\/\/www.allinclusivehotels.it\/fr#website"},"datePublished":"2023-03-30T07:41:01+00:00","dateModified":"2023-03-30T07:41:03+00:00","description":"Vous cherchez un h\u00f4tel All Inclusive \u00e0 Rossano Calabro\u00a0? D\u00e9couvrez la plus grande s\u00e9lection d\u2019h\u00f4tels All Inclusive en Italie. Voir les offres\u00a0!","breadcrumb":{"@id":"https:\/\/www.allinclusivehotels.it\/fr\/destinations\/rossano-calabro#breadcrumb"},"inLanguage":"fr-FR","potentialAction":[{"@type":"ReadAction","target":["https:\/\/www.allinclusivehotels.it\/fr\/destinations\/rossano-calabro"]}]},{"@type":"BreadcrumbList","@id":"https:\/\/www.allinclusivehotels.it\/fr\/destinations\/rossano-calabro#breadcrumb","itemListElement":[{"@type":"ListItem","position":1,"name":"Home","item":"https:\/\/www.allinclusivehotels.it\/fr"},{"@type":"ListItem","position":2,"name":"Destinations","item":"https:\/\/www.allinclusivehotels.it\/fr\/destinations"},{"@type":"ListItem","position":3,"name":"Rossano Calabro"}]},{"@type":"WebSite","@id":"https:\/\/www.allinclusivehotels.it\/fr#website","url":"https:\/\/www.allinclusivehotels.it\/fr","name":"All Inclusive Hotels","description":"","publisher":{"@id":"https:\/\/www.allinclusivehotels.it\/fr#organization"},"potentialAction":[{"@type":"SearchAction","target":{"@type":"EntryPoint","urlTemplate":"https:\/\/www.allinclusivehotels.it\/fr?s={search_term_string}"},"query-input":{"@type":"PropertyValueSpecification","valueRequired":true,"valueName":"search_term_string"}}],"inLanguage":"fr-FR"},{"@type":"Organization","@id":"https:\/\/www.allinclusivehotels.it\/fr#organization","name":"All Inclusive Hotels","url":"https:\/\/www.allinclusivehotels.it\/fr","logo":{"@type":"ImageObject","inLanguage":"fr-FR","@id":"https:\/\/www.allinclusivehotels.it\/fr#\/schema\/logo\/image\/","url":"","contentUrl":"","caption":"All Inclusive Hotels"},"image":{"@id":"https:\/\/www.allinclusivehotels.it\/fr#\/schema\/logo\/image\/"}}]}},"_links":{"self":[{"href":"https:\/\/www.allinclusivehotels.it\/fr\/wp-json\/wp\/v2\/pages\/28326","targetHints":{"allow":["GET"]}}],"collection":[{"href":"https:\/\/www.allinclusivehotels.it\/fr\/wp-json\/wp\/v2\/pages"}],"about":[{"href":"https:\/\/www.allinclusivehotels.it\/fr\/wp-json\/wp\/v2\/types\/page"}],"author":[{"embeddable":true,"href":"https:\/\/www.allinclusivehotels.it\/fr\/wp-json\/wp\/v2\/users\/1"}],"replies":[{"embeddable":true,"href":"https:\/\/www.allinclusivehotels.it\/fr\/wp-json\/wp\/v2\/comments?post=28326"}],"version-history":[{"count":1,"href":"https:\/\/www.allinclusivehotels.it\/fr\/wp-json\/wp\/v2\/pages\/28326\/revisions"}],"predecessor-version":[{"id":28327,"href":"https:\/\/www.allinclusivehotels.it\/fr\/wp-json\/wp\/v2\/pages\/28326\/revisions\/28327"}],"up":[{"embeddable":true,"href":"https:\/\/www.allinclusivehotels.it\/fr\/wp-json\/wp\/v2\/pages\/8167"}],"wp:attachment":[{"href":"https:\/\/www.allinclusivehotels.it\/fr\/wp-json\/wp\/v2\/media?parent=28326"}],"curies":[{"name":"wp","href":"https:\/\/api.w.org\/{rel}","templated":true}]}}