{"id":27608,"date":"2023-03-15T11:25:12","date_gmt":"2023-03-15T10:25:12","guid":{"rendered":"https:\/\/www.allinclusivehotels.it\/hotels\/color-perla-village"},"modified":"2023-03-30T09:31:16","modified_gmt":"2023-03-30T07:31:16","slug":"color-perla-village","status":"publish","type":"page","link":"https:\/\/www.allinclusivehotels.it\/fr\/hotels\/color-perla-village","title":{"rendered":"Color Perla Village"},"content":{"rendered":"\n<p>Le <b>Color Perla Village de Bellaria-Igea Marina<\/b>, b\u00e9n\u00e9ficie d&#8217;un bel emplacement directement sur la mer, avec une <b>plage priv\u00e9e<\/b> divis\u00e9e en une ar\u00e8ne multisports, un espace lounge avec palmiers et transats, un espace bar avec le Color Food Corner et un espace animalier ferm\u00e9 pour qui voyage avec des animaux. Pour vous d\u00e9tendre, vous trouverez toujours \u00e0 disposition <b>1 parasol et 2 transats<\/b>.<\/p>\n\n\n\n<!--more-->\n\n\n\n<p>L&#8217;h\u00f4tel dispose d&#8217;une grande <b>piscine semi-olympique<\/b> pour adultes, d\u2019un jacuzzi et d\u2019une <b>piscine r\u00e9serv\u00e9e aux enfants<\/b>, \u00e9galement \u00e9quip\u00e9e d&#8217;un toboggan aquatique et entour\u00e9e d&#8217;un \u00e9l\u00e9gant solarium. Les enfants et les adolescents trouveront un service d\u2019<b>animations disponible 7 jours sur 7 sur la plage et \u00e0 l&#8217;h\u00f4tel<\/b>, avec plein d&#8217;activit\u00e9s ludiques, ateliers, cours de cuisine pour enfants et autres f\u00eates\u00a0: <b>Mini Club <\/b>de 4 \u00e0 10 ans, <b>Junior Club<\/b> de 10 \u00e0 14 ans, <b>Teen Club<\/b> de 15 \u00e0 18 ans. De plus, nos salles de jeux \u00e0 th\u00e8me <b>MiniCocoland <\/b>et <b>JuniorCocoland<\/b>, sont toujours ouvertes.<\/p>\n\n\n\n<p>Avec la formule <b>Premium All Inclusive<\/b>, nous vous attendons pour des vacances sans soucis avec<b> Open Bar illimit\u00e9<\/b>, Food Corner, Coco Snack et Buonanotte Coco, <b>parking <\/b>et toutes les activit\u00e9s d&#8217;animation inclus dans le forfait.<\/p>\n","protected":false},"excerpt":{"rendered":"<p>Le Color Perla Village de Bellaria-Igea Marina, b\u00e9n\u00e9ficie d&#8217;un bel emplacement directement sur la mer, &hellip;<\/p>\n","protected":false},"author":1,"featured_media":0,"parent":8241,"menu_order":0,"comment_status":"closed","ping_status":"closed","template":"page-templates\/scheda_hotel.php","meta":{"_acf_changed":false,"footnotes":""},"class_list":["post-27608","page","type-page","status-publish","hentry"],"acf":[],"yoast_head":"<!-- This site is optimized with the Yoast SEO plugin v27.0 - https:\/\/yoast.com\/product\/yoast-seo-wordpress\/ -->\n<title>Offres All Inclusive Color Perla Village \u00e0 Bellaria - Igea Marina<\/title>\n<meta name=\"description\" content=\"Envie de vacances\u00a0? D\u00e9couvrez les offres All Inclusive et les forfaits tout compris du Color Perla Village \u00e0 Bellaria - Igea Marina\u00a0!\" \/>\n<meta name=\"robots\" content=\"index, follow, max-snippet:-1, max-image-preview:large, max-video-preview:-1\" \/>\n<link rel=\"canonical\" href=\"https:\/\/www.allinclusivehotels.it\/fr\/hotels\/color-perla-village\" \/>\n<meta property=\"og:locale\" content=\"fr_FR\" \/>\n<meta property=\"og:type\" content=\"article\" \/>\n<meta property=\"og:title\" content=\"Offres All Inclusive Color Perla Village \u00e0 Bellaria - Igea Marina\" \/>\n<meta property=\"og:description\" content=\"Envie de vacances\u00a0? D\u00e9couvrez les offres All Inclusive et les forfaits tout compris du Color Perla Village \u00e0 Bellaria - Igea Marina\u00a0!\" \/>\n<meta property=\"og:url\" content=\"https:\/\/www.allinclusivehotels.it\/fr\/hotels\/color-perla-village\" \/>\n<meta property=\"og:site_name\" content=\"All Inclusive Hotels\" \/>\n<meta property=\"article:modified_time\" content=\"2023-03-30T07:31:16+00:00\" \/>\n<meta name=\"twitter:card\" content=\"summary_large_image\" \/>\n<meta name=\"twitter:label1\" content=\"Dur\u00e9e de lecture estim\u00e9e\" \/>\n\t<meta name=\"twitter:data1\" content=\"1 minute\" \/>\n<script type=\"application\/ld+json\" class=\"yoast-schema-graph\">{\"@context\":\"https:\/\/schema.org\",\"@graph\":[{\"@type\":\"WebPage\",\"@id\":\"https:\/\/www.allinclusivehotels.it\/fr\/hotels\/color-perla-village\",\"url\":\"https:\/\/www.allinclusivehotels.it\/fr\/hotels\/color-perla-village\",\"name\":\"Offres All Inclusive Color Perla Village \u00e0 Bellaria - Igea Marina\",\"isPartOf\":{\"@id\":\"https:\/\/www.allinclusivehotels.it\/fr#website\"},\"datePublished\":\"2023-03-15T10:25:12+00:00\",\"dateModified\":\"2023-03-30T07:31:16+00:00\",\"description\":\"Envie de vacances\u00a0? D\u00e9couvrez les offres All Inclusive et les forfaits tout compris du Color Perla Village \u00e0 Bellaria - Igea Marina\u00a0!\",\"breadcrumb\":{\"@id\":\"https:\/\/www.allinclusivehotels.it\/fr\/hotels\/color-perla-village#breadcrumb\"},\"inLanguage\":\"fr-FR\",\"potentialAction\":[{\"@type\":\"ReadAction\",\"target\":[\"https:\/\/www.allinclusivehotels.it\/fr\/hotels\/color-perla-village\"]}]},{\"@type\":\"BreadcrumbList\",\"@id\":\"https:\/\/www.allinclusivehotels.it\/fr\/hotels\/color-perla-village#breadcrumb\",\"itemListElement\":[{\"@type\":\"ListItem\",\"position\":1,\"name\":\"Home\",\"item\":\"https:\/\/www.allinclusivehotels.it\/fr\"},{\"@type\":\"ListItem\",\"position\":2,\"name\":\"H\u00f4tels\",\"item\":\"https:\/\/www.allinclusivehotels.it\/fr\/hotels\"},{\"@type\":\"ListItem\",\"position\":3,\"name\":\"Color Perla Village\"}]},{\"@type\":\"WebSite\",\"@id\":\"https:\/\/www.allinclusivehotels.it\/fr#website\",\"url\":\"https:\/\/www.allinclusivehotels.it\/fr\",\"name\":\"All Inclusive Hotels\",\"description\":\"\",\"publisher\":{\"@id\":\"https:\/\/www.allinclusivehotels.it\/fr#organization\"},\"potentialAction\":[{\"@type\":\"SearchAction\",\"target\":{\"@type\":\"EntryPoint\",\"urlTemplate\":\"https:\/\/www.allinclusivehotels.it\/fr?s={search_term_string}\"},\"query-input\":{\"@type\":\"PropertyValueSpecification\",\"valueRequired\":true,\"valueName\":\"search_term_string\"}}],\"inLanguage\":\"fr-FR\"},{\"@type\":\"Organization\",\"@id\":\"https:\/\/www.allinclusivehotels.it\/fr#organization\",\"name\":\"All Inclusive Hotels\",\"url\":\"https:\/\/www.allinclusivehotels.it\/fr\",\"logo\":{\"@type\":\"ImageObject\",\"inLanguage\":\"fr-FR\",\"@id\":\"https:\/\/www.allinclusivehotels.it\/fr#\/schema\/logo\/image\/\",\"url\":\"\",\"contentUrl\":\"\",\"caption\":\"All Inclusive Hotels\"},\"image\":{\"@id\":\"https:\/\/www.allinclusivehotels.it\/fr#\/schema\/logo\/image\/\"}}]}<\/script>\n<!-- \/ Yoast SEO plugin. -->","yoast_head_json":{"title":"Offres All Inclusive Color Perla Village \u00e0 Bellaria - Igea Marina","description":"Envie de vacances\u00a0? D\u00e9couvrez les offres All Inclusive et les forfaits tout compris du Color Perla Village \u00e0 Bellaria - Igea Marina\u00a0!","robots":{"index":"index","follow":"follow","max-snippet":"max-snippet:-1","max-image-preview":"max-image-preview:large","max-video-preview":"max-video-preview:-1"},"canonical":"https:\/\/www.allinclusivehotels.it\/fr\/hotels\/color-perla-village","og_locale":"fr_FR","og_type":"article","og_title":"Offres All Inclusive Color Perla Village \u00e0 Bellaria - Igea Marina","og_description":"Envie de vacances\u00a0? D\u00e9couvrez les offres All Inclusive et les forfaits tout compris du Color Perla Village \u00e0 Bellaria - Igea Marina\u00a0!","og_url":"https:\/\/www.allinclusivehotels.it\/fr\/hotels\/color-perla-village","og_site_name":"All Inclusive Hotels","article_modified_time":"2023-03-30T07:31:16+00:00","twitter_card":"summary_large_image","twitter_misc":{"Dur\u00e9e de lecture estim\u00e9e":"1 minute"},"schema":{"@context":"https:\/\/schema.org","@graph":[{"@type":"WebPage","@id":"https:\/\/www.allinclusivehotels.it\/fr\/hotels\/color-perla-village","url":"https:\/\/www.allinclusivehotels.it\/fr\/hotels\/color-perla-village","name":"Offres All Inclusive Color Perla Village \u00e0 Bellaria - Igea Marina","isPartOf":{"@id":"https:\/\/www.allinclusivehotels.it\/fr#website"},"datePublished":"2023-03-15T10:25:12+00:00","dateModified":"2023-03-30T07:31:16+00:00","description":"Envie de vacances\u00a0? D\u00e9couvrez les offres All Inclusive et les forfaits tout compris du Color Perla Village \u00e0 Bellaria - Igea Marina\u00a0!","breadcrumb":{"@id":"https:\/\/www.allinclusivehotels.it\/fr\/hotels\/color-perla-village#breadcrumb"},"inLanguage":"fr-FR","potentialAction":[{"@type":"ReadAction","target":["https:\/\/www.allinclusivehotels.it\/fr\/hotels\/color-perla-village"]}]},{"@type":"BreadcrumbList","@id":"https:\/\/www.allinclusivehotels.it\/fr\/hotels\/color-perla-village#breadcrumb","itemListElement":[{"@type":"ListItem","position":1,"name":"Home","item":"https:\/\/www.allinclusivehotels.it\/fr"},{"@type":"ListItem","position":2,"name":"H\u00f4tels","item":"https:\/\/www.allinclusivehotels.it\/fr\/hotels"},{"@type":"ListItem","position":3,"name":"Color Perla Village"}]},{"@type":"WebSite","@id":"https:\/\/www.allinclusivehotels.it\/fr#website","url":"https:\/\/www.allinclusivehotels.it\/fr","name":"All Inclusive Hotels","description":"","publisher":{"@id":"https:\/\/www.allinclusivehotels.it\/fr#organization"},"potentialAction":[{"@type":"SearchAction","target":{"@type":"EntryPoint","urlTemplate":"https:\/\/www.allinclusivehotels.it\/fr?s={search_term_string}"},"query-input":{"@type":"PropertyValueSpecification","valueRequired":true,"valueName":"search_term_string"}}],"inLanguage":"fr-FR"},{"@type":"Organization","@id":"https:\/\/www.allinclusivehotels.it\/fr#organization","name":"All Inclusive Hotels","url":"https:\/\/www.allinclusivehotels.it\/fr","logo":{"@type":"ImageObject","inLanguage":"fr-FR","@id":"https:\/\/www.allinclusivehotels.it\/fr#\/schema\/logo\/image\/","url":"","contentUrl":"","caption":"All Inclusive Hotels"},"image":{"@id":"https:\/\/www.allinclusivehotels.it\/fr#\/schema\/logo\/image\/"}}]}},"_links":{"self":[{"href":"https:\/\/www.allinclusivehotels.it\/fr\/wp-json\/wp\/v2\/pages\/27608","targetHints":{"allow":["GET"]}}],"collection":[{"href":"https:\/\/www.allinclusivehotels.it\/fr\/wp-json\/wp\/v2\/pages"}],"about":[{"href":"https:\/\/www.allinclusivehotels.it\/fr\/wp-json\/wp\/v2\/types\/page"}],"author":[{"embeddable":true,"href":"https:\/\/www.allinclusivehotels.it\/fr\/wp-json\/wp\/v2\/users\/1"}],"replies":[{"embeddable":true,"href":"https:\/\/www.allinclusivehotels.it\/fr\/wp-json\/wp\/v2\/comments?post=27608"}],"version-history":[{"count":2,"href":"https:\/\/www.allinclusivehotels.it\/fr\/wp-json\/wp\/v2\/pages\/27608\/revisions"}],"predecessor-version":[{"id":28323,"href":"https:\/\/www.allinclusivehotels.it\/fr\/wp-json\/wp\/v2\/pages\/27608\/revisions\/28323"}],"up":[{"embeddable":true,"href":"https:\/\/www.allinclusivehotels.it\/fr\/wp-json\/wp\/v2\/pages\/8241"}],"wp:attachment":[{"href":"https:\/\/www.allinclusivehotels.it\/fr\/wp-json\/wp\/v2\/media?parent=27608"}],"curies":[{"name":"wp","href":"https:\/\/api.w.org\/{rel}","templated":true}]}}