{"id":26911,"date":"2023-03-09T12:58:54","date_gmt":"2023-03-09T11:58:54","guid":{"rendered":"https:\/\/www.allinclusivehotels.it\/destinations\/san-bartolomeo-al-mare"},"modified":"2023-03-09T12:58:55","modified_gmt":"2023-03-09T11:58:55","slug":"san-bartolomeo-al-mare","status":"publish","type":"page","link":"https:\/\/www.allinclusivehotels.it\/fr\/destinations\/san-bartolomeo-al-mare","title":{"rendered":"San Bartolomeo al Mare"},"content":{"rendered":"\n<p>Ville anim\u00e9e situ\u00e9e \u00e0 9\u00a0km d\u2019Imperia, <b>San Bartolomeo al Mare<\/b> b\u00e9n\u00e9ficie d\u2019un climat doux et agr\u00e9able toute l\u2019ann\u00e9e. Perle du <b>golfe Dianese<\/b>, la station dispose de belles plages s\u00fbres et \u00e9quip\u00e9es, et d\u2019une mer limpide o\u00f9, outre les sports nautiques classiques, il est possible de faire d\u2019<b>excitantes excursions en bateau dans le sanctuaire des c\u00e9tac\u00e9s<\/b>, au d\u00e9part de la jolie marina.<\/p>\n\n\n\n<p>Des vacances dans les <b>h\u00f4tels All Inclusive de San Bartolomeo al Mare<\/b> vous garantissent une d\u00e9tente maximale en toute saison, ainsi que la certitude de pouvoir d\u00e9couvrir la r\u00e9gion sans limites\u00a0! Qu\u2019il s\u2019agisse de vacances en couple, en famille, entre amis ou en solitaire, vous trouverez toujours quelque chose \u00e0 faire.<\/p>\n\n\n\n<!--more-->\n\n\n\n<p>San Bartolomeo al Mare poss\u00e8de une<b> belle rue pi\u00e9tonne en bord de mer<\/b>, o\u00f9 vous pourrez vous promener ou faire du jogging\u00a0; c\u2019est un excellent point de d\u00e9part pour faire des <b>randonn\u00e9es dans l\u2019arri\u00e8re-pays ligure<\/b> et rejoindre rapidement les <b>pistes cyclables les plus c\u00e9l\u00e8bres de la Ligurie occidentale.<\/b> Si vous \u00eates passionn\u00e9 par les petits villages caract\u00e9ristiques de la Ligurie, ne manquez pas <b>Cervo, \u00e0 1\u00a0km<\/b>, qui fait partie du circuit des \u00ab\u00a0Plus beaux villages d\u2019Italie\u00a0\u00bb.<\/p>\n\n\n","protected":false},"excerpt":{"rendered":"<p>Ville anim\u00e9e situ\u00e9e \u00e0 9\u00a0km d\u2019Imperia, San Bartolomeo al Mare b\u00e9n\u00e9ficie d\u2019un climat doux et &hellip;<\/p>\n","protected":false},"author":1,"featured_media":0,"parent":8167,"menu_order":0,"comment_status":"closed","ping_status":"closed","template":"page-templates\/destinazione.php","meta":{"_acf_changed":false,"footnotes":""},"class_list":["post-26911","page","type-page","status-publish","hentry"],"acf":[],"yoast_head":"<!-- This site is optimized with the Yoast SEO plugin v27.0 - https:\/\/yoast.com\/product\/yoast-seo-wordpress\/ -->\n<title>H\u00f4tel All Inclusive San Bartolomeo al Mare\u00a0: Offres Hotel<\/title>\n<meta name=\"description\" content=\"Un h\u00f4tel All Inclusive \u00e0 San Bartolomeo al Mare\u00a0? D\u00e9couvrez la plus grande s\u00e9lection d\u2019h\u00f4tels All Inclusive en Italie. Voir les offres\u00a0!\" \/>\n<meta name=\"robots\" content=\"index, follow, max-snippet:-1, max-image-preview:large, max-video-preview:-1\" \/>\n<link rel=\"canonical\" href=\"https:\/\/www.allinclusivehotels.it\/fr\/destinations\/san-bartolomeo-al-mare\" \/>\n<meta property=\"og:locale\" content=\"fr_FR\" \/>\n<meta property=\"og:type\" content=\"article\" \/>\n<meta property=\"og:title\" content=\"H\u00f4tel All Inclusive San Bartolomeo al Mare\u00a0: Offres Hotel\" \/>\n<meta property=\"og:description\" content=\"Un h\u00f4tel All Inclusive \u00e0 San Bartolomeo al Mare\u00a0? D\u00e9couvrez la plus grande s\u00e9lection d\u2019h\u00f4tels All Inclusive en Italie. Voir les offres\u00a0!\" \/>\n<meta property=\"og:url\" content=\"https:\/\/www.allinclusivehotels.it\/fr\/destinations\/san-bartolomeo-al-mare\" \/>\n<meta property=\"og:site_name\" content=\"All Inclusive Hotels\" \/>\n<meta property=\"article:modified_time\" content=\"2023-03-09T11:58:55+00:00\" \/>\n<meta name=\"twitter:card\" content=\"summary_large_image\" \/>\n<meta name=\"twitter:label1\" content=\"Dur\u00e9e de lecture estim\u00e9e\" \/>\n\t<meta name=\"twitter:data1\" content=\"1 minute\" \/>\n<script type=\"application\/ld+json\" class=\"yoast-schema-graph\">{\"@context\":\"https:\/\/schema.org\",\"@graph\":[{\"@type\":\"WebPage\",\"@id\":\"https:\/\/www.allinclusivehotels.it\/fr\/destinations\/san-bartolomeo-al-mare\",\"url\":\"https:\/\/www.allinclusivehotels.it\/fr\/destinations\/san-bartolomeo-al-mare\",\"name\":\"H\u00f4tel All Inclusive San Bartolomeo al Mare\u00a0: Offres Hotel\",\"isPartOf\":{\"@id\":\"https:\/\/www.allinclusivehotels.it\/fr#website\"},\"datePublished\":\"2023-03-09T11:58:54+00:00\",\"dateModified\":\"2023-03-09T11:58:55+00:00\",\"description\":\"Un h\u00f4tel All Inclusive \u00e0 San Bartolomeo al Mare\u00a0? D\u00e9couvrez la plus grande s\u00e9lection d\u2019h\u00f4tels All Inclusive en Italie. Voir les offres\u00a0!\",\"breadcrumb\":{\"@id\":\"https:\/\/www.allinclusivehotels.it\/fr\/destinations\/san-bartolomeo-al-mare#breadcrumb\"},\"inLanguage\":\"fr-FR\",\"potentialAction\":[{\"@type\":\"ReadAction\",\"target\":[\"https:\/\/www.allinclusivehotels.it\/fr\/destinations\/san-bartolomeo-al-mare\"]}]},{\"@type\":\"BreadcrumbList\",\"@id\":\"https:\/\/www.allinclusivehotels.it\/fr\/destinations\/san-bartolomeo-al-mare#breadcrumb\",\"itemListElement\":[{\"@type\":\"ListItem\",\"position\":1,\"name\":\"Home\",\"item\":\"https:\/\/www.allinclusivehotels.it\/fr\"},{\"@type\":\"ListItem\",\"position\":2,\"name\":\"Destinations\",\"item\":\"https:\/\/www.allinclusivehotels.it\/fr\/destinations\"},{\"@type\":\"ListItem\",\"position\":3,\"name\":\"San Bartolomeo al Mare\"}]},{\"@type\":\"WebSite\",\"@id\":\"https:\/\/www.allinclusivehotels.it\/fr#website\",\"url\":\"https:\/\/www.allinclusivehotels.it\/fr\",\"name\":\"All Inclusive Hotels\",\"description\":\"\",\"publisher\":{\"@id\":\"https:\/\/www.allinclusivehotels.it\/fr#organization\"},\"potentialAction\":[{\"@type\":\"SearchAction\",\"target\":{\"@type\":\"EntryPoint\",\"urlTemplate\":\"https:\/\/www.allinclusivehotels.it\/fr?s={search_term_string}\"},\"query-input\":{\"@type\":\"PropertyValueSpecification\",\"valueRequired\":true,\"valueName\":\"search_term_string\"}}],\"inLanguage\":\"fr-FR\"},{\"@type\":\"Organization\",\"@id\":\"https:\/\/www.allinclusivehotels.it\/fr#organization\",\"name\":\"All Inclusive Hotels\",\"url\":\"https:\/\/www.allinclusivehotels.it\/fr\",\"logo\":{\"@type\":\"ImageObject\",\"inLanguage\":\"fr-FR\",\"@id\":\"https:\/\/www.allinclusivehotels.it\/fr#\/schema\/logo\/image\/\",\"url\":\"\",\"contentUrl\":\"\",\"caption\":\"All Inclusive Hotels\"},\"image\":{\"@id\":\"https:\/\/www.allinclusivehotels.it\/fr#\/schema\/logo\/image\/\"}}]}<\/script>\n<!-- \/ Yoast SEO plugin. -->","yoast_head_json":{"title":"H\u00f4tel All Inclusive San Bartolomeo al Mare\u00a0: Offres Hotel","description":"Un h\u00f4tel All Inclusive \u00e0 San Bartolomeo al Mare\u00a0? D\u00e9couvrez la plus grande s\u00e9lection d\u2019h\u00f4tels All Inclusive en Italie. Voir les offres\u00a0!","robots":{"index":"index","follow":"follow","max-snippet":"max-snippet:-1","max-image-preview":"max-image-preview:large","max-video-preview":"max-video-preview:-1"},"canonical":"https:\/\/www.allinclusivehotels.it\/fr\/destinations\/san-bartolomeo-al-mare","og_locale":"fr_FR","og_type":"article","og_title":"H\u00f4tel All Inclusive San Bartolomeo al Mare\u00a0: Offres Hotel","og_description":"Un h\u00f4tel All Inclusive \u00e0 San Bartolomeo al Mare\u00a0? D\u00e9couvrez la plus grande s\u00e9lection d\u2019h\u00f4tels All Inclusive en Italie. Voir les offres\u00a0!","og_url":"https:\/\/www.allinclusivehotels.it\/fr\/destinations\/san-bartolomeo-al-mare","og_site_name":"All Inclusive Hotels","article_modified_time":"2023-03-09T11:58:55+00:00","twitter_card":"summary_large_image","twitter_misc":{"Dur\u00e9e de lecture estim\u00e9e":"1 minute"},"schema":{"@context":"https:\/\/schema.org","@graph":[{"@type":"WebPage","@id":"https:\/\/www.allinclusivehotels.it\/fr\/destinations\/san-bartolomeo-al-mare","url":"https:\/\/www.allinclusivehotels.it\/fr\/destinations\/san-bartolomeo-al-mare","name":"H\u00f4tel All Inclusive San Bartolomeo al Mare\u00a0: Offres Hotel","isPartOf":{"@id":"https:\/\/www.allinclusivehotels.it\/fr#website"},"datePublished":"2023-03-09T11:58:54+00:00","dateModified":"2023-03-09T11:58:55+00:00","description":"Un h\u00f4tel All Inclusive \u00e0 San Bartolomeo al Mare\u00a0? D\u00e9couvrez la plus grande s\u00e9lection d\u2019h\u00f4tels All Inclusive en Italie. Voir les offres\u00a0!","breadcrumb":{"@id":"https:\/\/www.allinclusivehotels.it\/fr\/destinations\/san-bartolomeo-al-mare#breadcrumb"},"inLanguage":"fr-FR","potentialAction":[{"@type":"ReadAction","target":["https:\/\/www.allinclusivehotels.it\/fr\/destinations\/san-bartolomeo-al-mare"]}]},{"@type":"BreadcrumbList","@id":"https:\/\/www.allinclusivehotels.it\/fr\/destinations\/san-bartolomeo-al-mare#breadcrumb","itemListElement":[{"@type":"ListItem","position":1,"name":"Home","item":"https:\/\/www.allinclusivehotels.it\/fr"},{"@type":"ListItem","position":2,"name":"Destinations","item":"https:\/\/www.allinclusivehotels.it\/fr\/destinations"},{"@type":"ListItem","position":3,"name":"San Bartolomeo al Mare"}]},{"@type":"WebSite","@id":"https:\/\/www.allinclusivehotels.it\/fr#website","url":"https:\/\/www.allinclusivehotels.it\/fr","name":"All Inclusive Hotels","description":"","publisher":{"@id":"https:\/\/www.allinclusivehotels.it\/fr#organization"},"potentialAction":[{"@type":"SearchAction","target":{"@type":"EntryPoint","urlTemplate":"https:\/\/www.allinclusivehotels.it\/fr?s={search_term_string}"},"query-input":{"@type":"PropertyValueSpecification","valueRequired":true,"valueName":"search_term_string"}}],"inLanguage":"fr-FR"},{"@type":"Organization","@id":"https:\/\/www.allinclusivehotels.it\/fr#organization","name":"All Inclusive Hotels","url":"https:\/\/www.allinclusivehotels.it\/fr","logo":{"@type":"ImageObject","inLanguage":"fr-FR","@id":"https:\/\/www.allinclusivehotels.it\/fr#\/schema\/logo\/image\/","url":"","contentUrl":"","caption":"All Inclusive Hotels"},"image":{"@id":"https:\/\/www.allinclusivehotels.it\/fr#\/schema\/logo\/image\/"}}]}},"_links":{"self":[{"href":"https:\/\/www.allinclusivehotels.it\/fr\/wp-json\/wp\/v2\/pages\/26911","targetHints":{"allow":["GET"]}}],"collection":[{"href":"https:\/\/www.allinclusivehotels.it\/fr\/wp-json\/wp\/v2\/pages"}],"about":[{"href":"https:\/\/www.allinclusivehotels.it\/fr\/wp-json\/wp\/v2\/types\/page"}],"author":[{"embeddable":true,"href":"https:\/\/www.allinclusivehotels.it\/fr\/wp-json\/wp\/v2\/users\/1"}],"replies":[{"embeddable":true,"href":"https:\/\/www.allinclusivehotels.it\/fr\/wp-json\/wp\/v2\/comments?post=26911"}],"version-history":[{"count":1,"href":"https:\/\/www.allinclusivehotels.it\/fr\/wp-json\/wp\/v2\/pages\/26911\/revisions"}],"predecessor-version":[{"id":26912,"href":"https:\/\/www.allinclusivehotels.it\/fr\/wp-json\/wp\/v2\/pages\/26911\/revisions\/26912"}],"up":[{"embeddable":true,"href":"https:\/\/www.allinclusivehotels.it\/fr\/wp-json\/wp\/v2\/pages\/8167"}],"wp:attachment":[{"href":"https:\/\/www.allinclusivehotels.it\/fr\/wp-json\/wp\/v2\/media?parent=26911"}],"curies":[{"name":"wp","href":"https:\/\/api.w.org\/{rel}","templated":true}]}}