{"id":26883,"date":"2023-03-08T12:40:50","date_gmt":"2023-03-08T11:40:50","guid":{"rendered":"https:\/\/www.allinclusivehotels.it\/hotels\/hotel-esplanade-rimini"},"modified":"2023-10-02T12:05:14","modified_gmt":"2023-10-02T10:05:14","slug":"hotel-esplanade-rimini","status":"publish","type":"page","link":"https:\/\/www.allinclusivehotels.it\/fr\/hotels\/hotel-esplanade-rimini","title":{"rendered":"H\u00f4tel Esplanade"},"content":{"rendered":"\n<p>L&#039;<b>H\u00f4tel Esplanade de Rimini<\/b> se trouve \u00e0 <b>150 m\u00e8tres de la plage<\/b>, facilement accessible \u00e0 pied. Vous y trouverez <b>1 parasol et 2 transats toujours inclus<\/b>. De plus, l&#039;\u00e9tablissement affili\u00e9 moderne dispose de terrains de sport, d&#039;un espace fitness et d\u2019un espace d\u00e9tente, d&#039;une aire de jeux, d&#039;un Mini Club et d&#039;un service d\u2019animation. Si vous souhaitez passer une journ\u00e9e diff\u00e9rente de d&#039;habitude, profitez des <b>entr\u00e9es illimit\u00e9es au Riccione Beach Village<\/b>\u00a0!<\/p>\n\n\n\n<!--more-->\n\n\n\n<p>\u00c0 l&#039;h\u00f4tel, vous trouverez<b> tout ce dont vous avez besoin pour vos vacances avec des enfants<\/b>\u00a0: des services en chambre et dans la salle \u00e0 manger, des chambres Family communicantes, une cuisine toujours ouverte o\u00f9 pr\u00e9parer les repas de b\u00e9b\u00e9, des animations pendant les repas et un espace de jeux.<\/p>\n\n\n\n<p>L\u2019emplacement strat\u00e9gique de l&#039;h\u00f4tel permet de visiter les parcs \u00e0 th\u00e8me les plus c\u00e9l\u00e8bres de la Riviera romagnole, par exemple <b>Fiabilandia<\/b>, \u00e0 laquelle vous rendre \u00e0 pied. Vous pouvez \u00e9galement vous promener librement parmi les boutiques et les clubs du front de mer, ou utilisez les <b>v\u00e9los mis \u00e0 votre disposition gratuitement<\/b>.<\/p>\n","protected":false},"excerpt":{"rendered":"<p>L&#039;H\u00f4tel Esplanade de Rimini se trouve \u00e0 150 m\u00e8tres de la plage, facilement accessible \u00e0 &hellip;<\/p>\n","protected":false},"author":1,"featured_media":0,"parent":8241,"menu_order":0,"comment_status":"closed","ping_status":"closed","template":"page-templates\/scheda_hotel.php","meta":{"_acf_changed":false,"footnotes":""},"class_list":["post-26883","page","type-page","status-publish","hentry"],"acf":[],"yoast_head":"<!-- This site is optimized with the Yoast SEO plugin v27.0 - https:\/\/yoast.com\/product\/yoast-seo-wordpress\/ -->\n<title>Offres All Inclusive de l&#039;H\u00f4tel Esplanade de Rimini<\/title>\n<meta name=\"description\" content=\"Envie de vacances\u00a0? D\u00e9couvrez les offres All Inclusive et les forfaits tout compris de l\u2019H\u00f4tel Esplanade de Rimini\u00a0!\" \/>\n<meta name=\"robots\" content=\"index, follow, max-snippet:-1, max-image-preview:large, max-video-preview:-1\" \/>\n<link rel=\"canonical\" href=\"https:\/\/www.allinclusivehotels.it\/fr\/hotels\/hotel-esplanade-rimini\" \/>\n<meta property=\"og:locale\" content=\"fr_FR\" \/>\n<meta property=\"og:type\" content=\"article\" \/>\n<meta property=\"og:title\" content=\"Offres All Inclusive de l&#039;H\u00f4tel Esplanade de Rimini\" \/>\n<meta property=\"og:description\" content=\"Envie de vacances\u00a0? D\u00e9couvrez les offres All Inclusive et les forfaits tout compris de l\u2019H\u00f4tel Esplanade de Rimini\u00a0!\" \/>\n<meta property=\"og:url\" content=\"https:\/\/www.allinclusivehotels.it\/fr\/hotels\/hotel-esplanade-rimini\" \/>\n<meta property=\"og:site_name\" content=\"All Inclusive Hotels\" \/>\n<meta property=\"article:modified_time\" content=\"2023-10-02T10:05:14+00:00\" \/>\n<meta name=\"twitter:card\" content=\"summary_large_image\" \/>\n<script type=\"application\/ld+json\" class=\"yoast-schema-graph\">{\"@context\":\"https:\/\/schema.org\",\"@graph\":[{\"@type\":\"WebPage\",\"@id\":\"https:\/\/www.allinclusivehotels.it\/fr\/hotels\/hotel-esplanade-rimini\",\"url\":\"https:\/\/www.allinclusivehotels.it\/fr\/hotels\/hotel-esplanade-rimini\",\"name\":\"Offres All Inclusive de l'H\u00f4tel Esplanade de Rimini\",\"isPartOf\":{\"@id\":\"https:\/\/www.allinclusivehotels.it\/fr#website\"},\"datePublished\":\"2023-03-08T11:40:50+00:00\",\"dateModified\":\"2023-10-02T10:05:14+00:00\",\"description\":\"Envie de vacances\u00a0? D\u00e9couvrez les offres All Inclusive et les forfaits tout compris de l\u2019H\u00f4tel Esplanade de Rimini\u00a0!\",\"breadcrumb\":{\"@id\":\"https:\/\/www.allinclusivehotels.it\/fr\/hotels\/hotel-esplanade-rimini#breadcrumb\"},\"inLanguage\":\"fr-FR\",\"potentialAction\":[{\"@type\":\"ReadAction\",\"target\":[\"https:\/\/www.allinclusivehotels.it\/fr\/hotels\/hotel-esplanade-rimini\"]}]},{\"@type\":\"BreadcrumbList\",\"@id\":\"https:\/\/www.allinclusivehotels.it\/fr\/hotels\/hotel-esplanade-rimini#breadcrumb\",\"itemListElement\":[{\"@type\":\"ListItem\",\"position\":1,\"name\":\"Home\",\"item\":\"https:\/\/www.allinclusivehotels.it\/fr\"},{\"@type\":\"ListItem\",\"position\":2,\"name\":\"H\u00f4tels\",\"item\":\"https:\/\/www.allinclusivehotels.it\/fr\/hotels\"},{\"@type\":\"ListItem\",\"position\":3,\"name\":\"H\u00f4tel Esplanade\"}]},{\"@type\":\"WebSite\",\"@id\":\"https:\/\/www.allinclusivehotels.it\/fr#website\",\"url\":\"https:\/\/www.allinclusivehotels.it\/fr\",\"name\":\"All Inclusive Hotels\",\"description\":\"\",\"publisher\":{\"@id\":\"https:\/\/www.allinclusivehotels.it\/fr#organization\"},\"potentialAction\":[{\"@type\":\"SearchAction\",\"target\":{\"@type\":\"EntryPoint\",\"urlTemplate\":\"https:\/\/www.allinclusivehotels.it\/fr?s={search_term_string}\"},\"query-input\":{\"@type\":\"PropertyValueSpecification\",\"valueRequired\":true,\"valueName\":\"search_term_string\"}}],\"inLanguage\":\"fr-FR\"},{\"@type\":\"Organization\",\"@id\":\"https:\/\/www.allinclusivehotels.it\/fr#organization\",\"name\":\"All Inclusive Hotels\",\"url\":\"https:\/\/www.allinclusivehotels.it\/fr\",\"logo\":{\"@type\":\"ImageObject\",\"inLanguage\":\"fr-FR\",\"@id\":\"https:\/\/www.allinclusivehotels.it\/fr#\/schema\/logo\/image\/\",\"url\":\"\",\"contentUrl\":\"\",\"caption\":\"All Inclusive Hotels\"},\"image\":{\"@id\":\"https:\/\/www.allinclusivehotels.it\/fr#\/schema\/logo\/image\/\"}}]}<\/script>\n<!-- \/ Yoast SEO plugin. -->","yoast_head_json":{"title":"Offres All Inclusive de l'H\u00f4tel Esplanade de Rimini","description":"Envie de vacances\u00a0? D\u00e9couvrez les offres All Inclusive et les forfaits tout compris de l\u2019H\u00f4tel Esplanade de Rimini\u00a0!","robots":{"index":"index","follow":"follow","max-snippet":"max-snippet:-1","max-image-preview":"max-image-preview:large","max-video-preview":"max-video-preview:-1"},"canonical":"https:\/\/www.allinclusivehotels.it\/fr\/hotels\/hotel-esplanade-rimini","og_locale":"fr_FR","og_type":"article","og_title":"Offres All Inclusive de l'H\u00f4tel Esplanade de Rimini","og_description":"Envie de vacances\u00a0? D\u00e9couvrez les offres All Inclusive et les forfaits tout compris de l\u2019H\u00f4tel Esplanade de Rimini\u00a0!","og_url":"https:\/\/www.allinclusivehotels.it\/fr\/hotels\/hotel-esplanade-rimini","og_site_name":"All Inclusive Hotels","article_modified_time":"2023-10-02T10:05:14+00:00","twitter_card":"summary_large_image","schema":{"@context":"https:\/\/schema.org","@graph":[{"@type":"WebPage","@id":"https:\/\/www.allinclusivehotels.it\/fr\/hotels\/hotel-esplanade-rimini","url":"https:\/\/www.allinclusivehotels.it\/fr\/hotels\/hotel-esplanade-rimini","name":"Offres All Inclusive de l'H\u00f4tel Esplanade de Rimini","isPartOf":{"@id":"https:\/\/www.allinclusivehotels.it\/fr#website"},"datePublished":"2023-03-08T11:40:50+00:00","dateModified":"2023-10-02T10:05:14+00:00","description":"Envie de vacances\u00a0? D\u00e9couvrez les offres All Inclusive et les forfaits tout compris de l\u2019H\u00f4tel Esplanade de Rimini\u00a0!","breadcrumb":{"@id":"https:\/\/www.allinclusivehotels.it\/fr\/hotels\/hotel-esplanade-rimini#breadcrumb"},"inLanguage":"fr-FR","potentialAction":[{"@type":"ReadAction","target":["https:\/\/www.allinclusivehotels.it\/fr\/hotels\/hotel-esplanade-rimini"]}]},{"@type":"BreadcrumbList","@id":"https:\/\/www.allinclusivehotels.it\/fr\/hotels\/hotel-esplanade-rimini#breadcrumb","itemListElement":[{"@type":"ListItem","position":1,"name":"Home","item":"https:\/\/www.allinclusivehotels.it\/fr"},{"@type":"ListItem","position":2,"name":"H\u00f4tels","item":"https:\/\/www.allinclusivehotels.it\/fr\/hotels"},{"@type":"ListItem","position":3,"name":"H\u00f4tel Esplanade"}]},{"@type":"WebSite","@id":"https:\/\/www.allinclusivehotels.it\/fr#website","url":"https:\/\/www.allinclusivehotels.it\/fr","name":"All Inclusive Hotels","description":"","publisher":{"@id":"https:\/\/www.allinclusivehotels.it\/fr#organization"},"potentialAction":[{"@type":"SearchAction","target":{"@type":"EntryPoint","urlTemplate":"https:\/\/www.allinclusivehotels.it\/fr?s={search_term_string}"},"query-input":{"@type":"PropertyValueSpecification","valueRequired":true,"valueName":"search_term_string"}}],"inLanguage":"fr-FR"},{"@type":"Organization","@id":"https:\/\/www.allinclusivehotels.it\/fr#organization","name":"All Inclusive Hotels","url":"https:\/\/www.allinclusivehotels.it\/fr","logo":{"@type":"ImageObject","inLanguage":"fr-FR","@id":"https:\/\/www.allinclusivehotels.it\/fr#\/schema\/logo\/image\/","url":"","contentUrl":"","caption":"All Inclusive Hotels"},"image":{"@id":"https:\/\/www.allinclusivehotels.it\/fr#\/schema\/logo\/image\/"}}]}},"_links":{"self":[{"href":"https:\/\/www.allinclusivehotels.it\/fr\/wp-json\/wp\/v2\/pages\/26883","targetHints":{"allow":["GET"]}}],"collection":[{"href":"https:\/\/www.allinclusivehotels.it\/fr\/wp-json\/wp\/v2\/pages"}],"about":[{"href":"https:\/\/www.allinclusivehotels.it\/fr\/wp-json\/wp\/v2\/types\/page"}],"author":[{"embeddable":true,"href":"https:\/\/www.allinclusivehotels.it\/fr\/wp-json\/wp\/v2\/users\/1"}],"replies":[{"embeddable":true,"href":"https:\/\/www.allinclusivehotels.it\/fr\/wp-json\/wp\/v2\/comments?post=26883"}],"version-history":[{"count":4,"href":"https:\/\/www.allinclusivehotels.it\/fr\/wp-json\/wp\/v2\/pages\/26883\/revisions"}],"predecessor-version":[{"id":32950,"href":"https:\/\/www.allinclusivehotels.it\/fr\/wp-json\/wp\/v2\/pages\/26883\/revisions\/32950"}],"up":[{"embeddable":true,"href":"https:\/\/www.allinclusivehotels.it\/fr\/wp-json\/wp\/v2\/pages\/8241"}],"wp:attachment":[{"href":"https:\/\/www.allinclusivehotels.it\/fr\/wp-json\/wp\/v2\/media?parent=26883"}],"curies":[{"name":"wp","href":"https:\/\/api.w.org\/{rel}","templated":true}]}}