{"id":26810,"date":"2023-03-07T13:19:56","date_gmt":"2023-03-07T12:19:56","guid":{"rendered":"https:\/\/www.allinclusivehotels.it\/hotels\/hotel-poseidon-nettuno"},"modified":"2023-10-02T12:05:12","modified_gmt":"2023-10-02T10:05:12","slug":"hotel-poseidon-nettuno","status":"publish","type":"page","link":"https:\/\/www.allinclusivehotels.it\/fr\/hotels\/hotel-poseidon-nettuno","title":{"rendered":"H\u00f4tel Poseidon &#038; Nettuno"},"content":{"rendered":"\n<p>L&#039;<b>H\u00f4tel Poseidon &amp; Nettuno<\/b> se trouve dans un bel endroit, <b>directement sur la plage<\/b> de San Benedetto del Tronto, face \u2018 un <b>\u00e9tablissement baln\u00e9aire priv\u00e9<\/b> r\u00e9serv\u00e9 aux clients, le Chalet Nettuno. Vous y trouverez toujours \u00e0 votre disposition<b> 1 parasol, 1 transat et 1 chaise longue<\/b>, un terrain de beach-volley, une aire de jeux et des animations pour les enfants, sans oublier le bar pour d\u00e9guster un cocktail frais en regardant la mer.<\/p>\n\n\n\n<!--more-->\n\n\n\n<p>Si vous pr\u00e9f\u00e9rez des vacances en toute libert\u00e9 sans toutefois renoncer au confort de l&#039;h\u00f4tel, vous pouvez choisir l&#039;un des <b>six appartements de la D\u00e9pendance Sole<\/b>, \u00e0 seulement 5 m\u00e8tres du b\u00e2timent principal.<\/p>\n\n\n\n<p>L&#039;ambiance familiale et d\u00e9tendue sert de toile de fond \u00e0 des services tels que l&#039;excellente <b>cuisine \u00e0 d\u00e9guster face \u00e0 la mer<\/b>, le <b>parking gratuit<\/b> ferm\u00e9, l&#039;utilisation de <b>v\u00e9los<\/b>, les <b>animations<\/b> pour adultes et enfants. De plus, les <b>animaux de compagnie sont \u00e9galement les bienvenus<\/b>.<\/p>\n","protected":false},"excerpt":{"rendered":"<p>L&#039;H\u00f4tel Poseidon &amp; Nettuno se trouve dans un bel endroit, directement sur la plage de &hellip;<\/p>\n","protected":false},"author":1,"featured_media":0,"parent":8241,"menu_order":0,"comment_status":"closed","ping_status":"closed","template":"page-templates\/scheda_hotel.php","meta":{"_acf_changed":false,"footnotes":""},"class_list":["post-26810","page","type-page","status-publish","hentry"],"acf":[],"yoast_head":"<!-- This site is optimized with the Yoast SEO plugin v27.0 - https:\/\/yoast.com\/product\/yoast-seo-wordpress\/ -->\n<title>Offres All Inclusve H\u00f4tel Poseidon &amp; Nettuno \u00e0 San Benedetto del Tronto<\/title>\n<meta name=\"description\" content=\"Envie de vacances\u00a0? D\u00e9couvrez les offres All Inclusive et les forfaits tout compris de l\u2019H\u00f4tel Poseidon &amp; Nettuno \u00e0 San Benedetto del Tronto\" \/>\n<meta name=\"robots\" content=\"index, follow, max-snippet:-1, max-image-preview:large, max-video-preview:-1\" \/>\n<link rel=\"canonical\" href=\"https:\/\/www.allinclusivehotels.it\/fr\/hotels\/hotel-poseidon-nettuno\" \/>\n<meta property=\"og:locale\" content=\"fr_FR\" \/>\n<meta property=\"og:type\" content=\"article\" \/>\n<meta property=\"og:title\" content=\"Offres All Inclusve H\u00f4tel Poseidon &amp; Nettuno \u00e0 San Benedetto del Tronto\" \/>\n<meta property=\"og:description\" content=\"Envie de vacances\u00a0? D\u00e9couvrez les offres All Inclusive et les forfaits tout compris de l\u2019H\u00f4tel Poseidon &amp; Nettuno \u00e0 San Benedetto del Tronto\" \/>\n<meta property=\"og:url\" content=\"https:\/\/www.allinclusivehotels.it\/fr\/hotels\/hotel-poseidon-nettuno\" \/>\n<meta property=\"og:site_name\" content=\"All Inclusive Hotels\" \/>\n<meta property=\"article:modified_time\" content=\"2023-10-02T10:05:12+00:00\" \/>\n<meta name=\"twitter:card\" content=\"summary_large_image\" \/>\n<meta name=\"twitter:label1\" content=\"Dur\u00e9e de lecture estim\u00e9e\" \/>\n\t<meta name=\"twitter:data1\" content=\"1 minute\" \/>\n<script type=\"application\/ld+json\" class=\"yoast-schema-graph\">{\"@context\":\"https:\/\/schema.org\",\"@graph\":[{\"@type\":\"WebPage\",\"@id\":\"https:\/\/www.allinclusivehotels.it\/fr\/hotels\/hotel-poseidon-nettuno\",\"url\":\"https:\/\/www.allinclusivehotels.it\/fr\/hotels\/hotel-poseidon-nettuno\",\"name\":\"Offres All Inclusve H\u00f4tel Poseidon & Nettuno \u00e0 San Benedetto del Tronto\",\"isPartOf\":{\"@id\":\"https:\/\/www.allinclusivehotels.it\/fr#website\"},\"datePublished\":\"2023-03-07T12:19:56+00:00\",\"dateModified\":\"2023-10-02T10:05:12+00:00\",\"description\":\"Envie de vacances\u00a0? D\u00e9couvrez les offres All Inclusive et les forfaits tout compris de l\u2019H\u00f4tel Poseidon & Nettuno \u00e0 San Benedetto del Tronto\",\"breadcrumb\":{\"@id\":\"https:\/\/www.allinclusivehotels.it\/fr\/hotels\/hotel-poseidon-nettuno#breadcrumb\"},\"inLanguage\":\"fr-FR\",\"potentialAction\":[{\"@type\":\"ReadAction\",\"target\":[\"https:\/\/www.allinclusivehotels.it\/fr\/hotels\/hotel-poseidon-nettuno\"]}]},{\"@type\":\"BreadcrumbList\",\"@id\":\"https:\/\/www.allinclusivehotels.it\/fr\/hotels\/hotel-poseidon-nettuno#breadcrumb\",\"itemListElement\":[{\"@type\":\"ListItem\",\"position\":1,\"name\":\"Home\",\"item\":\"https:\/\/www.allinclusivehotels.it\/fr\"},{\"@type\":\"ListItem\",\"position\":2,\"name\":\"H\u00f4tels\",\"item\":\"https:\/\/www.allinclusivehotels.it\/fr\/hotels\"},{\"@type\":\"ListItem\",\"position\":3,\"name\":\"H\u00f4tel Poseidon &#038; Nettuno\"}]},{\"@type\":\"WebSite\",\"@id\":\"https:\/\/www.allinclusivehotels.it\/fr#website\",\"url\":\"https:\/\/www.allinclusivehotels.it\/fr\",\"name\":\"All Inclusive Hotels\",\"description\":\"\",\"publisher\":{\"@id\":\"https:\/\/www.allinclusivehotels.it\/fr#organization\"},\"potentialAction\":[{\"@type\":\"SearchAction\",\"target\":{\"@type\":\"EntryPoint\",\"urlTemplate\":\"https:\/\/www.allinclusivehotels.it\/fr?s={search_term_string}\"},\"query-input\":{\"@type\":\"PropertyValueSpecification\",\"valueRequired\":true,\"valueName\":\"search_term_string\"}}],\"inLanguage\":\"fr-FR\"},{\"@type\":\"Organization\",\"@id\":\"https:\/\/www.allinclusivehotels.it\/fr#organization\",\"name\":\"All Inclusive Hotels\",\"url\":\"https:\/\/www.allinclusivehotels.it\/fr\",\"logo\":{\"@type\":\"ImageObject\",\"inLanguage\":\"fr-FR\",\"@id\":\"https:\/\/www.allinclusivehotels.it\/fr#\/schema\/logo\/image\/\",\"url\":\"\",\"contentUrl\":\"\",\"caption\":\"All Inclusive Hotels\"},\"image\":{\"@id\":\"https:\/\/www.allinclusivehotels.it\/fr#\/schema\/logo\/image\/\"}}]}<\/script>\n<!-- \/ Yoast SEO plugin. -->","yoast_head_json":{"title":"Offres All Inclusve H\u00f4tel Poseidon & Nettuno \u00e0 San Benedetto del Tronto","description":"Envie de vacances\u00a0? D\u00e9couvrez les offres All Inclusive et les forfaits tout compris de l\u2019H\u00f4tel Poseidon & Nettuno \u00e0 San Benedetto del Tronto","robots":{"index":"index","follow":"follow","max-snippet":"max-snippet:-1","max-image-preview":"max-image-preview:large","max-video-preview":"max-video-preview:-1"},"canonical":"https:\/\/www.allinclusivehotels.it\/fr\/hotels\/hotel-poseidon-nettuno","og_locale":"fr_FR","og_type":"article","og_title":"Offres All Inclusve H\u00f4tel Poseidon & Nettuno \u00e0 San Benedetto del Tronto","og_description":"Envie de vacances\u00a0? D\u00e9couvrez les offres All Inclusive et les forfaits tout compris de l\u2019H\u00f4tel Poseidon & Nettuno \u00e0 San Benedetto del Tronto","og_url":"https:\/\/www.allinclusivehotels.it\/fr\/hotels\/hotel-poseidon-nettuno","og_site_name":"All Inclusive Hotels","article_modified_time":"2023-10-02T10:05:12+00:00","twitter_card":"summary_large_image","twitter_misc":{"Dur\u00e9e de lecture estim\u00e9e":"1 minute"},"schema":{"@context":"https:\/\/schema.org","@graph":[{"@type":"WebPage","@id":"https:\/\/www.allinclusivehotels.it\/fr\/hotels\/hotel-poseidon-nettuno","url":"https:\/\/www.allinclusivehotels.it\/fr\/hotels\/hotel-poseidon-nettuno","name":"Offres All Inclusve H\u00f4tel Poseidon & Nettuno \u00e0 San Benedetto del Tronto","isPartOf":{"@id":"https:\/\/www.allinclusivehotels.it\/fr#website"},"datePublished":"2023-03-07T12:19:56+00:00","dateModified":"2023-10-02T10:05:12+00:00","description":"Envie de vacances\u00a0? D\u00e9couvrez les offres All Inclusive et les forfaits tout compris de l\u2019H\u00f4tel Poseidon & Nettuno \u00e0 San Benedetto del Tronto","breadcrumb":{"@id":"https:\/\/www.allinclusivehotels.it\/fr\/hotels\/hotel-poseidon-nettuno#breadcrumb"},"inLanguage":"fr-FR","potentialAction":[{"@type":"ReadAction","target":["https:\/\/www.allinclusivehotels.it\/fr\/hotels\/hotel-poseidon-nettuno"]}]},{"@type":"BreadcrumbList","@id":"https:\/\/www.allinclusivehotels.it\/fr\/hotels\/hotel-poseidon-nettuno#breadcrumb","itemListElement":[{"@type":"ListItem","position":1,"name":"Home","item":"https:\/\/www.allinclusivehotels.it\/fr"},{"@type":"ListItem","position":2,"name":"H\u00f4tels","item":"https:\/\/www.allinclusivehotels.it\/fr\/hotels"},{"@type":"ListItem","position":3,"name":"H\u00f4tel Poseidon &#038; Nettuno"}]},{"@type":"WebSite","@id":"https:\/\/www.allinclusivehotels.it\/fr#website","url":"https:\/\/www.allinclusivehotels.it\/fr","name":"All Inclusive Hotels","description":"","publisher":{"@id":"https:\/\/www.allinclusivehotels.it\/fr#organization"},"potentialAction":[{"@type":"SearchAction","target":{"@type":"EntryPoint","urlTemplate":"https:\/\/www.allinclusivehotels.it\/fr?s={search_term_string}"},"query-input":{"@type":"PropertyValueSpecification","valueRequired":true,"valueName":"search_term_string"}}],"inLanguage":"fr-FR"},{"@type":"Organization","@id":"https:\/\/www.allinclusivehotels.it\/fr#organization","name":"All Inclusive Hotels","url":"https:\/\/www.allinclusivehotels.it\/fr","logo":{"@type":"ImageObject","inLanguage":"fr-FR","@id":"https:\/\/www.allinclusivehotels.it\/fr#\/schema\/logo\/image\/","url":"","contentUrl":"","caption":"All Inclusive Hotels"},"image":{"@id":"https:\/\/www.allinclusivehotels.it\/fr#\/schema\/logo\/image\/"}}]}},"_links":{"self":[{"href":"https:\/\/www.allinclusivehotels.it\/fr\/wp-json\/wp\/v2\/pages\/26810","targetHints":{"allow":["GET"]}}],"collection":[{"href":"https:\/\/www.allinclusivehotels.it\/fr\/wp-json\/wp\/v2\/pages"}],"about":[{"href":"https:\/\/www.allinclusivehotels.it\/fr\/wp-json\/wp\/v2\/types\/page"}],"author":[{"embeddable":true,"href":"https:\/\/www.allinclusivehotels.it\/fr\/wp-json\/wp\/v2\/users\/1"}],"replies":[{"embeddable":true,"href":"https:\/\/www.allinclusivehotels.it\/fr\/wp-json\/wp\/v2\/comments?post=26810"}],"version-history":[{"count":3,"href":"https:\/\/www.allinclusivehotels.it\/fr\/wp-json\/wp\/v2\/pages\/26810\/revisions"}],"predecessor-version":[{"id":32948,"href":"https:\/\/www.allinclusivehotels.it\/fr\/wp-json\/wp\/v2\/pages\/26810\/revisions\/32948"}],"up":[{"embeddable":true,"href":"https:\/\/www.allinclusivehotels.it\/fr\/wp-json\/wp\/v2\/pages\/8241"}],"wp:attachment":[{"href":"https:\/\/www.allinclusivehotels.it\/fr\/wp-json\/wp\/v2\/media?parent=26810"}],"curies":[{"name":"wp","href":"https:\/\/api.w.org\/{rel}","templated":true}]}}