{"id":25834,"date":"2023-02-27T09:12:27","date_gmt":"2023-02-27T08:12:27","guid":{"rendered":"https:\/\/www.allinclusivehotels.it\/hotels\/hotel-venezia"},"modified":"2023-03-14T17:00:14","modified_gmt":"2023-03-14T16:00:14","slug":"hotel-venezia","status":"publish","type":"page","link":"https:\/\/www.allinclusivehotels.it\/fr\/hotels\/hotel-venezia","title":{"rendered":"H\u00f4tel Venezia"},"content":{"rendered":"\n<p>L&#8217;<b>H\u00f4tel Venezia<\/b> b\u00e9n\u00e9ficie d&#8217;un bel emplacement dans le <b>centre de Tortoreto Lido<\/b> et proche de la <b>plage priv\u00e9e<\/b> &#8211; avec piscine, petit restaurant, aire de jeux et animations pour les enfants &#8211; o\u00f9 chaque chambre se voit attribuer<b> un parasol, un transat et une chaise longue<\/b>. L&#8217;\u00e9tablissement, tr\u00e8s soign\u00e9 et calme, ainsi que l&#8217;h\u00f4tel, sont \u00e0 gestion familiale et l&#8217;hospitalit\u00e9 des propri\u00e9taires est toujours appr\u00e9ci\u00e9e de tous les clients.<\/p>\n\n\n\n<!--more-->\n\n\n\n<p>Si vous \u00eates en <b>vacances avec des enfants<\/b>, vous trouverez des services sp\u00e9cifiques qui vous permettront de s\u00e9journer en toute tranquillit\u00e9 : berceaux et lits avec ridelles antichute, dans la chambre avec notamment chaises hautes, rehausseurs, couverts pour enfant, menus sp\u00e9ciaux et horaires de repas flexibles ou encore de grandes chambres familiales.<\/p>\n\n\n\n<p>Vous disposez \u00e9galement de <b>v\u00e9los <\/b>pour vous promener, \u00e9galement avec si\u00e8ges enfant, d\u2019une <b>place de parking garantie<\/b> dans notre parking couvert ferm\u00e9, dans le garage ou \u00e0 proximit\u00e9 de l&#8217;h\u00f4tel, sans oublier la connexion <b>Wi-Fi <\/b>haut d\u00e9bit dans tout l&#8217;\u00e9tablissement.<\/p>\n","protected":false},"excerpt":{"rendered":"<p>L&#8217;H\u00f4tel Venezia b\u00e9n\u00e9ficie d&#8217;un bel emplacement dans le centre de Tortoreto Lido et proche de &hellip;<\/p>\n","protected":false},"author":1,"featured_media":0,"parent":8241,"menu_order":0,"comment_status":"closed","ping_status":"closed","template":"page-templates\/scheda_hotel.php","meta":{"_acf_changed":false,"footnotes":""},"class_list":["post-25834","page","type-page","status-publish","hentry"],"acf":[],"yoast_head":"<!-- This site is optimized with the Yoast SEO plugin v27.0 - https:\/\/yoast.com\/product\/yoast-seo-wordpress\/ -->\n<title>Offres All Inclusive de l&#039;H\u00f4tel Venezia \u00e0 Tortoreto Lido<\/title>\n<meta name=\"description\" content=\"Envie de vacances\u00a0? D\u00e9couvrez les offres All Inclusive et les forfaits tout compris de l\u2019H\u00f4tel Venezia \u00e0 Tortoreto Lido\u00a0!\" \/>\n<meta name=\"robots\" content=\"index, follow, max-snippet:-1, max-image-preview:large, max-video-preview:-1\" \/>\n<link rel=\"canonical\" href=\"https:\/\/www.allinclusivehotels.it\/fr\/hotels\/hotel-venezia\" \/>\n<meta property=\"og:locale\" content=\"fr_FR\" \/>\n<meta property=\"og:type\" content=\"article\" \/>\n<meta property=\"og:title\" content=\"Offres All Inclusive de l&#039;H\u00f4tel Venezia \u00e0 Tortoreto Lido\" \/>\n<meta property=\"og:description\" content=\"Envie de vacances\u00a0? D\u00e9couvrez les offres All Inclusive et les forfaits tout compris de l\u2019H\u00f4tel Venezia \u00e0 Tortoreto Lido\u00a0!\" \/>\n<meta property=\"og:url\" content=\"https:\/\/www.allinclusivehotels.it\/fr\/hotels\/hotel-venezia\" \/>\n<meta property=\"og:site_name\" content=\"All Inclusive Hotels\" \/>\n<meta property=\"article:modified_time\" content=\"2023-03-14T16:00:14+00:00\" \/>\n<meta name=\"twitter:card\" content=\"summary_large_image\" \/>\n<meta name=\"twitter:label1\" content=\"Dur\u00e9e de lecture estim\u00e9e\" \/>\n\t<meta name=\"twitter:data1\" content=\"1 minute\" \/>\n<script type=\"application\/ld+json\" class=\"yoast-schema-graph\">{\"@context\":\"https:\/\/schema.org\",\"@graph\":[{\"@type\":\"WebPage\",\"@id\":\"https:\/\/www.allinclusivehotels.it\/fr\/hotels\/hotel-venezia\",\"url\":\"https:\/\/www.allinclusivehotels.it\/fr\/hotels\/hotel-venezia\",\"name\":\"Offres All Inclusive de l'H\u00f4tel Venezia \u00e0 Tortoreto Lido\",\"isPartOf\":{\"@id\":\"https:\/\/www.allinclusivehotels.it\/fr#website\"},\"datePublished\":\"2023-02-27T08:12:27+00:00\",\"dateModified\":\"2023-03-14T16:00:14+00:00\",\"description\":\"Envie de vacances\u00a0? D\u00e9couvrez les offres All Inclusive et les forfaits tout compris de l\u2019H\u00f4tel Venezia \u00e0 Tortoreto Lido\u00a0!\",\"breadcrumb\":{\"@id\":\"https:\/\/www.allinclusivehotels.it\/fr\/hotels\/hotel-venezia#breadcrumb\"},\"inLanguage\":\"fr-FR\",\"potentialAction\":[{\"@type\":\"ReadAction\",\"target\":[\"https:\/\/www.allinclusivehotels.it\/fr\/hotels\/hotel-venezia\"]}]},{\"@type\":\"BreadcrumbList\",\"@id\":\"https:\/\/www.allinclusivehotels.it\/fr\/hotels\/hotel-venezia#breadcrumb\",\"itemListElement\":[{\"@type\":\"ListItem\",\"position\":1,\"name\":\"Home\",\"item\":\"https:\/\/www.allinclusivehotels.it\/fr\"},{\"@type\":\"ListItem\",\"position\":2,\"name\":\"H\u00f4tels\",\"item\":\"https:\/\/www.allinclusivehotels.it\/fr\/hotels\"},{\"@type\":\"ListItem\",\"position\":3,\"name\":\"H\u00f4tel Venezia\"}]},{\"@type\":\"WebSite\",\"@id\":\"https:\/\/www.allinclusivehotels.it\/fr#website\",\"url\":\"https:\/\/www.allinclusivehotels.it\/fr\",\"name\":\"All Inclusive Hotels\",\"description\":\"\",\"publisher\":{\"@id\":\"https:\/\/www.allinclusivehotels.it\/fr#organization\"},\"potentialAction\":[{\"@type\":\"SearchAction\",\"target\":{\"@type\":\"EntryPoint\",\"urlTemplate\":\"https:\/\/www.allinclusivehotels.it\/fr?s={search_term_string}\"},\"query-input\":{\"@type\":\"PropertyValueSpecification\",\"valueRequired\":true,\"valueName\":\"search_term_string\"}}],\"inLanguage\":\"fr-FR\"},{\"@type\":\"Organization\",\"@id\":\"https:\/\/www.allinclusivehotels.it\/fr#organization\",\"name\":\"All Inclusive Hotels\",\"url\":\"https:\/\/www.allinclusivehotels.it\/fr\",\"logo\":{\"@type\":\"ImageObject\",\"inLanguage\":\"fr-FR\",\"@id\":\"https:\/\/www.allinclusivehotels.it\/fr#\/schema\/logo\/image\/\",\"url\":\"\",\"contentUrl\":\"\",\"caption\":\"All Inclusive Hotels\"},\"image\":{\"@id\":\"https:\/\/www.allinclusivehotels.it\/fr#\/schema\/logo\/image\/\"}}]}<\/script>\n<!-- \/ Yoast SEO plugin. -->","yoast_head_json":{"title":"Offres All Inclusive de l'H\u00f4tel Venezia \u00e0 Tortoreto Lido","description":"Envie de vacances\u00a0? D\u00e9couvrez les offres All Inclusive et les forfaits tout compris de l\u2019H\u00f4tel Venezia \u00e0 Tortoreto Lido\u00a0!","robots":{"index":"index","follow":"follow","max-snippet":"max-snippet:-1","max-image-preview":"max-image-preview:large","max-video-preview":"max-video-preview:-1"},"canonical":"https:\/\/www.allinclusivehotels.it\/fr\/hotels\/hotel-venezia","og_locale":"fr_FR","og_type":"article","og_title":"Offres All Inclusive de l'H\u00f4tel Venezia \u00e0 Tortoreto Lido","og_description":"Envie de vacances\u00a0? D\u00e9couvrez les offres All Inclusive et les forfaits tout compris de l\u2019H\u00f4tel Venezia \u00e0 Tortoreto Lido\u00a0!","og_url":"https:\/\/www.allinclusivehotels.it\/fr\/hotels\/hotel-venezia","og_site_name":"All Inclusive Hotels","article_modified_time":"2023-03-14T16:00:14+00:00","twitter_card":"summary_large_image","twitter_misc":{"Dur\u00e9e de lecture estim\u00e9e":"1 minute"},"schema":{"@context":"https:\/\/schema.org","@graph":[{"@type":"WebPage","@id":"https:\/\/www.allinclusivehotels.it\/fr\/hotels\/hotel-venezia","url":"https:\/\/www.allinclusivehotels.it\/fr\/hotels\/hotel-venezia","name":"Offres All Inclusive de l'H\u00f4tel Venezia \u00e0 Tortoreto Lido","isPartOf":{"@id":"https:\/\/www.allinclusivehotels.it\/fr#website"},"datePublished":"2023-02-27T08:12:27+00:00","dateModified":"2023-03-14T16:00:14+00:00","description":"Envie de vacances\u00a0? D\u00e9couvrez les offres All Inclusive et les forfaits tout compris de l\u2019H\u00f4tel Venezia \u00e0 Tortoreto Lido\u00a0!","breadcrumb":{"@id":"https:\/\/www.allinclusivehotels.it\/fr\/hotels\/hotel-venezia#breadcrumb"},"inLanguage":"fr-FR","potentialAction":[{"@type":"ReadAction","target":["https:\/\/www.allinclusivehotels.it\/fr\/hotels\/hotel-venezia"]}]},{"@type":"BreadcrumbList","@id":"https:\/\/www.allinclusivehotels.it\/fr\/hotels\/hotel-venezia#breadcrumb","itemListElement":[{"@type":"ListItem","position":1,"name":"Home","item":"https:\/\/www.allinclusivehotels.it\/fr"},{"@type":"ListItem","position":2,"name":"H\u00f4tels","item":"https:\/\/www.allinclusivehotels.it\/fr\/hotels"},{"@type":"ListItem","position":3,"name":"H\u00f4tel Venezia"}]},{"@type":"WebSite","@id":"https:\/\/www.allinclusivehotels.it\/fr#website","url":"https:\/\/www.allinclusivehotels.it\/fr","name":"All Inclusive Hotels","description":"","publisher":{"@id":"https:\/\/www.allinclusivehotels.it\/fr#organization"},"potentialAction":[{"@type":"SearchAction","target":{"@type":"EntryPoint","urlTemplate":"https:\/\/www.allinclusivehotels.it\/fr?s={search_term_string}"},"query-input":{"@type":"PropertyValueSpecification","valueRequired":true,"valueName":"search_term_string"}}],"inLanguage":"fr-FR"},{"@type":"Organization","@id":"https:\/\/www.allinclusivehotels.it\/fr#organization","name":"All Inclusive Hotels","url":"https:\/\/www.allinclusivehotels.it\/fr","logo":{"@type":"ImageObject","inLanguage":"fr-FR","@id":"https:\/\/www.allinclusivehotels.it\/fr#\/schema\/logo\/image\/","url":"","contentUrl":"","caption":"All Inclusive Hotels"},"image":{"@id":"https:\/\/www.allinclusivehotels.it\/fr#\/schema\/logo\/image\/"}}]}},"_links":{"self":[{"href":"https:\/\/www.allinclusivehotels.it\/fr\/wp-json\/wp\/v2\/pages\/25834","targetHints":{"allow":["GET"]}}],"collection":[{"href":"https:\/\/www.allinclusivehotels.it\/fr\/wp-json\/wp\/v2\/pages"}],"about":[{"href":"https:\/\/www.allinclusivehotels.it\/fr\/wp-json\/wp\/v2\/types\/page"}],"author":[{"embeddable":true,"href":"https:\/\/www.allinclusivehotels.it\/fr\/wp-json\/wp\/v2\/users\/1"}],"replies":[{"embeddable":true,"href":"https:\/\/www.allinclusivehotels.it\/fr\/wp-json\/wp\/v2\/comments?post=25834"}],"version-history":[{"count":3,"href":"https:\/\/www.allinclusivehotels.it\/fr\/wp-json\/wp\/v2\/pages\/25834\/revisions"}],"predecessor-version":[{"id":27580,"href":"https:\/\/www.allinclusivehotels.it\/fr\/wp-json\/wp\/v2\/pages\/25834\/revisions\/27580"}],"up":[{"embeddable":true,"href":"https:\/\/www.allinclusivehotels.it\/fr\/wp-json\/wp\/v2\/pages\/8241"}],"wp:attachment":[{"href":"https:\/\/www.allinclusivehotels.it\/fr\/wp-json\/wp\/v2\/media?parent=25834"}],"curies":[{"name":"wp","href":"https:\/\/api.w.org\/{rel}","templated":true}]}}