{"id":25118,"date":"2023-02-06T11:35:49","date_gmt":"2023-02-06T10:35:49","guid":{"rendered":"https:\/\/www.allinclusivehotels.it\/destinations\/palinuro"},"modified":"2023-02-06T12:12:28","modified_gmt":"2023-02-06T11:12:28","slug":"palinuro","status":"publish","type":"page","link":"https:\/\/www.allinclusivehotels.it\/fr\/destinations\/palinuro","title":{"rendered":"Palinuro"},"content":{"rendered":"\n<p><b>Palinuro<\/b>, l&#8217;une des stations baln\u00e9aires les plus c\u00e9l\u00e8bres du <b>Cilento<\/b>, porte le nom du timonier l\u00e9gendaire d&#8217;En\u00e9e chant\u00e9 par Virgile. Elle se caract\u00e9rise par une mer d&#8217;une beaut\u00e9 l\u00e9gendaire, poss\u00e8de un littoral parsem\u00e9 de grottes naturelles et de fonds marins appr\u00e9ci\u00e9s des plongeurs, avec <b>plages am\u00e9nag\u00e9es et autres criques secr\u00e8tes<\/b>.<\/p>\n\n\n\n<p>Les <b>r\u00e9sidences et h\u00f4tels All Inclusive \u00e0 Palinuro<\/b> garantissent des vacances sans soucis \u00e0 quelques pas de la mer, pour permettre aux clients de pleinement se d\u00e9tendre sur les plages r\u00e9compens\u00e9es par les titres de <b>Drapeau bleu <\/b>et<b> Drapeau vert<\/b>.<\/p>\n\n\n\n<!--more-->\n\n\n\n<p>Parmi les plus embl\u00e9matiques <b>plages de Palinuro<\/b>, il faut mentionner celle de l&#8217;Arco Naturale (arche naturelle en fran\u00e7ais &#8211; avec le c\u00e9l\u00e8bre arc symbole du village), celle de Marinella, des Dune, du Buon Dormire et du Mingardo, sets de nombreux films. Ne manquez pas les excursions en bateau pour admirer la <b>Grotte bleue<\/b>, la <b>Grotte de sang<\/b> et celles <b>des moines<\/b>, ou encore de vous rendre sur l\u2019<b>\u00cele du lapin<\/b>.<\/p>\n\n\n\n<p>La vieille ville de Palinuro est riche en <b>lieux de divertissement<\/b>, <b>restaurants<\/b>, et <b>bo\u00eetes de nuit<\/b>, qui accueillent les amateurs de vie sociale et de divertissement.<\/p>\n","protected":false},"excerpt":{"rendered":"<p>Palinuro, l&#8217;une des stations baln\u00e9aires les plus c\u00e9l\u00e8bres du Cilento, porte le nom du timonier &hellip;<\/p>\n","protected":false},"author":1,"featured_media":0,"parent":8167,"menu_order":0,"comment_status":"closed","ping_status":"closed","template":"page-templates\/destinazione.php","meta":{"_acf_changed":false,"footnotes":""},"class_list":["post-25118","page","type-page","status-publish","hentry"],"acf":[],"yoast_head":"<!-- This site is optimized with the Yoast SEO plugin v27.6 - https:\/\/yoast.com\/product\/yoast-seo-wordpress\/ -->\n<title>R\u00e9sidences et h\u00f4tels All Inclusive Palinuro\u00a0: Offres pour familles<\/title>\n<meta name=\"description\" content=\"Vous cherchez des r\u00e9sidences et h\u00f4tels All Inclusive \u00e0 Palinuro\u00a0? D\u00e9couvrez notre s\u00e9lection d&#039;h\u00f4tels All Inclusive en Italie. Consultez les offres\u00a0!\" \/>\n<meta name=\"robots\" content=\"index, follow, max-snippet:-1, max-image-preview:large, max-video-preview:-1\" \/>\n<link rel=\"canonical\" href=\"https:\/\/www.allinclusivehotels.it\/fr\/destinations\/palinuro\" \/>\n<meta property=\"og:locale\" content=\"fr_FR\" \/>\n<meta property=\"og:type\" content=\"article\" \/>\n<meta property=\"og:title\" content=\"R\u00e9sidences et h\u00f4tels All Inclusive Palinuro\u00a0: Offres pour familles\" \/>\n<meta property=\"og:description\" content=\"Vous cherchez des r\u00e9sidences et h\u00f4tels All Inclusive \u00e0 Palinuro\u00a0? D\u00e9couvrez notre s\u00e9lection d&#039;h\u00f4tels All Inclusive en Italie. Consultez les offres\u00a0!\" \/>\n<meta property=\"og:url\" content=\"https:\/\/www.allinclusivehotels.it\/fr\/destinations\/palinuro\" \/>\n<meta property=\"og:site_name\" content=\"All Inclusive Hotels\" \/>\n<meta property=\"article:modified_time\" content=\"2023-02-06T11:12:28+00:00\" \/>\n<meta name=\"twitter:card\" content=\"summary_large_image\" \/>\n<meta name=\"twitter:label1\" content=\"Dur\u00e9e de lecture estim\u00e9e\" \/>\n\t<meta name=\"twitter:data1\" content=\"1 minute\" \/>\n<script type=\"application\/ld+json\" class=\"yoast-schema-graph\">{\"@context\":\"https:\\\/\\\/schema.org\",\"@graph\":[{\"@type\":\"WebPage\",\"@id\":\"https:\\\/\\\/www.allinclusivehotels.it\\\/fr\\\/destinations\\\/palinuro\",\"url\":\"https:\\\/\\\/www.allinclusivehotels.it\\\/fr\\\/destinations\\\/palinuro\",\"name\":\"R\u00e9sidences et h\u00f4tels All Inclusive Palinuro\u00a0: Offres pour familles\",\"isPartOf\":{\"@id\":\"https:\\\/\\\/www.allinclusivehotels.it\\\/fr#website\"},\"datePublished\":\"2023-02-06T10:35:49+00:00\",\"dateModified\":\"2023-02-06T11:12:28+00:00\",\"description\":\"Vous cherchez des r\u00e9sidences et h\u00f4tels All Inclusive \u00e0 Palinuro\u00a0? D\u00e9couvrez notre s\u00e9lection d'h\u00f4tels All Inclusive en Italie. Consultez les offres\u00a0!\",\"breadcrumb\":{\"@id\":\"https:\\\/\\\/www.allinclusivehotels.it\\\/fr\\\/destinations\\\/palinuro#breadcrumb\"},\"inLanguage\":\"fr-FR\",\"potentialAction\":[{\"@type\":\"ReadAction\",\"target\":[\"https:\\\/\\\/www.allinclusivehotels.it\\\/fr\\\/destinations\\\/palinuro\"]}]},{\"@type\":\"BreadcrumbList\",\"@id\":\"https:\\\/\\\/www.allinclusivehotels.it\\\/fr\\\/destinations\\\/palinuro#breadcrumb\",\"itemListElement\":[{\"@type\":\"ListItem\",\"position\":1,\"name\":\"Home\",\"item\":\"https:\\\/\\\/www.allinclusivehotels.it\\\/fr\"},{\"@type\":\"ListItem\",\"position\":2,\"name\":\"Destinations\",\"item\":\"https:\\\/\\\/www.allinclusivehotels.it\\\/fr\\\/destinations\"},{\"@type\":\"ListItem\",\"position\":3,\"name\":\"Palinuro\"}]},{\"@type\":\"WebSite\",\"@id\":\"https:\\\/\\\/www.allinclusivehotels.it\\\/fr#website\",\"url\":\"https:\\\/\\\/www.allinclusivehotels.it\\\/fr\",\"name\":\"All Inclusive Hotels\",\"description\":\"\",\"publisher\":{\"@id\":\"https:\\\/\\\/www.allinclusivehotels.it\\\/fr#organization\"},\"potentialAction\":[{\"@type\":\"SearchAction\",\"target\":{\"@type\":\"EntryPoint\",\"urlTemplate\":\"https:\\\/\\\/www.allinclusivehotels.it\\\/fr?s={search_term_string}\"},\"query-input\":{\"@type\":\"PropertyValueSpecification\",\"valueRequired\":true,\"valueName\":\"search_term_string\"}}],\"inLanguage\":\"fr-FR\"},{\"@type\":\"Organization\",\"@id\":\"https:\\\/\\\/www.allinclusivehotels.it\\\/fr#organization\",\"name\":\"All Inclusive Hotels\",\"url\":\"https:\\\/\\\/www.allinclusivehotels.it\\\/fr\",\"logo\":{\"@type\":\"ImageObject\",\"inLanguage\":\"fr-FR\",\"@id\":\"https:\\\/\\\/www.allinclusivehotels.it\\\/fr#\\\/schema\\\/logo\\\/image\\\/\",\"url\":\"\",\"contentUrl\":\"\",\"caption\":\"All Inclusive Hotels\"},\"image\":{\"@id\":\"https:\\\/\\\/www.allinclusivehotels.it\\\/fr#\\\/schema\\\/logo\\\/image\\\/\"}}]}<\/script>\n<!-- \/ Yoast SEO plugin. -->","yoast_head_json":{"title":"R\u00e9sidences et h\u00f4tels All Inclusive Palinuro\u00a0: Offres pour familles","description":"Vous cherchez des r\u00e9sidences et h\u00f4tels All Inclusive \u00e0 Palinuro\u00a0? D\u00e9couvrez notre s\u00e9lection d'h\u00f4tels All Inclusive en Italie. Consultez les offres\u00a0!","robots":{"index":"index","follow":"follow","max-snippet":"max-snippet:-1","max-image-preview":"max-image-preview:large","max-video-preview":"max-video-preview:-1"},"canonical":"https:\/\/www.allinclusivehotels.it\/fr\/destinations\/palinuro","og_locale":"fr_FR","og_type":"article","og_title":"R\u00e9sidences et h\u00f4tels All Inclusive Palinuro\u00a0: Offres pour familles","og_description":"Vous cherchez des r\u00e9sidences et h\u00f4tels All Inclusive \u00e0 Palinuro\u00a0? D\u00e9couvrez notre s\u00e9lection d'h\u00f4tels All Inclusive en Italie. Consultez les offres\u00a0!","og_url":"https:\/\/www.allinclusivehotels.it\/fr\/destinations\/palinuro","og_site_name":"All Inclusive Hotels","article_modified_time":"2023-02-06T11:12:28+00:00","twitter_card":"summary_large_image","twitter_misc":{"Dur\u00e9e de lecture estim\u00e9e":"1 minute"},"schema":{"@context":"https:\/\/schema.org","@graph":[{"@type":"WebPage","@id":"https:\/\/www.allinclusivehotels.it\/fr\/destinations\/palinuro","url":"https:\/\/www.allinclusivehotels.it\/fr\/destinations\/palinuro","name":"R\u00e9sidences et h\u00f4tels All Inclusive Palinuro\u00a0: Offres pour familles","isPartOf":{"@id":"https:\/\/www.allinclusivehotels.it\/fr#website"},"datePublished":"2023-02-06T10:35:49+00:00","dateModified":"2023-02-06T11:12:28+00:00","description":"Vous cherchez des r\u00e9sidences et h\u00f4tels All Inclusive \u00e0 Palinuro\u00a0? D\u00e9couvrez notre s\u00e9lection d'h\u00f4tels All Inclusive en Italie. Consultez les offres\u00a0!","breadcrumb":{"@id":"https:\/\/www.allinclusivehotels.it\/fr\/destinations\/palinuro#breadcrumb"},"inLanguage":"fr-FR","potentialAction":[{"@type":"ReadAction","target":["https:\/\/www.allinclusivehotels.it\/fr\/destinations\/palinuro"]}]},{"@type":"BreadcrumbList","@id":"https:\/\/www.allinclusivehotels.it\/fr\/destinations\/palinuro#breadcrumb","itemListElement":[{"@type":"ListItem","position":1,"name":"Home","item":"https:\/\/www.allinclusivehotels.it\/fr"},{"@type":"ListItem","position":2,"name":"Destinations","item":"https:\/\/www.allinclusivehotels.it\/fr\/destinations"},{"@type":"ListItem","position":3,"name":"Palinuro"}]},{"@type":"WebSite","@id":"https:\/\/www.allinclusivehotels.it\/fr#website","url":"https:\/\/www.allinclusivehotels.it\/fr","name":"All Inclusive Hotels","description":"","publisher":{"@id":"https:\/\/www.allinclusivehotels.it\/fr#organization"},"potentialAction":[{"@type":"SearchAction","target":{"@type":"EntryPoint","urlTemplate":"https:\/\/www.allinclusivehotels.it\/fr?s={search_term_string}"},"query-input":{"@type":"PropertyValueSpecification","valueRequired":true,"valueName":"search_term_string"}}],"inLanguage":"fr-FR"},{"@type":"Organization","@id":"https:\/\/www.allinclusivehotels.it\/fr#organization","name":"All Inclusive Hotels","url":"https:\/\/www.allinclusivehotels.it\/fr","logo":{"@type":"ImageObject","inLanguage":"fr-FR","@id":"https:\/\/www.allinclusivehotels.it\/fr#\/schema\/logo\/image\/","url":"","contentUrl":"","caption":"All Inclusive Hotels"},"image":{"@id":"https:\/\/www.allinclusivehotels.it\/fr#\/schema\/logo\/image\/"}}]}},"_links":{"self":[{"href":"https:\/\/www.allinclusivehotels.it\/fr\/wp-json\/wp\/v2\/pages\/25118","targetHints":{"allow":["GET"]}}],"collection":[{"href":"https:\/\/www.allinclusivehotels.it\/fr\/wp-json\/wp\/v2\/pages"}],"about":[{"href":"https:\/\/www.allinclusivehotels.it\/fr\/wp-json\/wp\/v2\/types\/page"}],"author":[{"embeddable":true,"href":"https:\/\/www.allinclusivehotels.it\/fr\/wp-json\/wp\/v2\/users\/1"}],"replies":[{"embeddable":true,"href":"https:\/\/www.allinclusivehotels.it\/fr\/wp-json\/wp\/v2\/comments?post=25118"}],"version-history":[{"count":1,"href":"https:\/\/www.allinclusivehotels.it\/fr\/wp-json\/wp\/v2\/pages\/25118\/revisions"}],"predecessor-version":[{"id":25119,"href":"https:\/\/www.allinclusivehotels.it\/fr\/wp-json\/wp\/v2\/pages\/25118\/revisions\/25119"}],"up":[{"embeddable":true,"href":"https:\/\/www.allinclusivehotels.it\/fr\/wp-json\/wp\/v2\/pages\/8167"}],"wp:attachment":[{"href":"https:\/\/www.allinclusivehotels.it\/fr\/wp-json\/wp\/v2\/media?parent=25118"}],"curies":[{"name":"wp","href":"https:\/\/api.w.org\/{rel}","templated":true}]}}