{"id":25116,"date":"2023-02-06T11:35:48","date_gmt":"2023-02-06T10:35:48","guid":{"rendered":"https:\/\/www.allinclusivehotels.it\/destinations\/campanie"},"modified":"2023-03-30T16:55:03","modified_gmt":"2023-03-30T14:55:03","slug":"campanie","status":"publish","type":"page","link":"https:\/\/www.allinclusivehotels.it\/fr\/destinations\/campanie","title":{"rendered":"Campanie"},"content":{"rendered":"\n<p>Nature et culture, gastronomie et vin et tradition, d\u00e9tente sur la plage et activit\u00e9s de plein air&nbsp;: la Campanie poss\u00e8de un patrimoine inestimable de lieux \u00e0 visiter et d&#8217;itin\u00e9raires th\u00e9matiques \u00e0 parcourir. En choisissant des <b>vacances dans les h\u00f4tels All Inclusive en Campanie<\/b>, vous avez la possibilit\u00e9 d&#8217;allier le plaisir de la d\u00e9couverte \u00e0 une exp\u00e9rience r\u00e9g\u00e9n\u00e9rante et relaxante loin du quotidien, tout en b\u00e9n\u00e9ficiant des <b>meilleurs services toujours inclus <\/b>et d\u2019un accueil familial.<\/p>\n\n\n\n<!--more-->\n\n\n\n<p><b>Naples<\/b>, <b>Salerno<\/b> et <b>Caserta<\/b> sont synonymes d&#8217;art et d&#8217;histoire mill\u00e9naire. La <b>C\u00f4te amalfitaine<\/b> et la <b>C\u00f4te de Sorrento<\/b> \u00e9voquent des atmosph\u00e8res cin\u00e9matographiques d&#8217;une \u00e9l\u00e9gance inoubliable. <b>Procida<\/b>, <b>Capri <\/b>et <b>Ischia<\/b> sont des jardins luxuriants entour\u00e9s du bleu intense de la mer. <b>Herculanum <\/b>Et <b>Pomp\u00e9i<\/b>, sous l\u2019\u0153il de l\u2019imposante masse du <b>V\u00e9suve<\/b> racontent encore aujourd\u2019hui les \u00e9v\u00e8nements mill\u00e9naires grav\u00e9s dans la pierre.<\/p>\n\n\n\n<p>Les passionn\u00e9s de nature et d&#8217;histoire trouveront dans le <b>Parc national du Cilento<\/b> un lieu d&#8217;une beaut\u00e9 immacul\u00e9e, caract\u00e9ris\u00e9 par des sentiers, d\u2019anciennes grottes comme celles <b>Castelcivita<\/b>, le site arch\u00e9ologique de <b>Paestum<\/b>, mais \u00e9galement de c\u00e9l\u00e8bres villages comme <b>Palinurus<\/b>, <b>Agropoli <\/b>ou <b>Castellabate<\/b>, rendu c\u00e9l\u00e8bre dans le film \u00ab&nbsp;Benvenuti al Sud&nbsp;\u00bb.<\/p>\n\n\n\n<p>En <b>Campanie<\/b>, vous trouverez quelques-unes<b> des plus belles plages d&#8217;Italie<\/b>, avec des falaises suggestives, du sable dor\u00e9, des villages color\u00e9s. Les \u00e9tablissements \u00e9quip\u00e9s sont parfaits pour les familles et pour qui recherche des services de pointe, tandis que les criques cach\u00e9es rappellent de minuscules paradis tropicaux.<\/p>\n","protected":false},"excerpt":{"rendered":"<p>Nature et culture, gastronomie et vin et tradition, d\u00e9tente sur la plage et activit\u00e9s de &hellip;<\/p>\n","protected":false},"author":1,"featured_media":0,"parent":8167,"menu_order":0,"comment_status":"closed","ping_status":"closed","template":"page-templates\/destinazione.php","meta":{"_acf_changed":false,"footnotes":""},"class_list":["post-25116","page","type-page","status-publish","hentry"],"acf":[],"yoast_head":"<!-- This site is optimized with the Yoast SEO plugin v27.6 - https:\/\/yoast.com\/product\/yoast-seo-wordpress\/ -->\n<title>Vacances All Inclusive en Campanie pour vacances tout compris<\/title>\n<meta name=\"description\" content=\"Des vacances All Inclusive en Campanie\u00a0? D\u00e9couvrez la plus grande s\u00e9lection d&#039;h\u00f4tels All Inclusive en Italie. Consultez les offres\u00a0!\" \/>\n<meta name=\"robots\" content=\"index, follow, max-snippet:-1, max-image-preview:large, max-video-preview:-1\" \/>\n<link rel=\"canonical\" href=\"https:\/\/www.allinclusivehotels.it\/fr\/destinations\/campanie\" \/>\n<meta property=\"og:locale\" content=\"fr_FR\" \/>\n<meta property=\"og:type\" content=\"article\" \/>\n<meta property=\"og:title\" content=\"Vacances All Inclusive en Campanie pour vacances tout compris\" \/>\n<meta property=\"og:description\" content=\"Des vacances All Inclusive en Campanie\u00a0? D\u00e9couvrez la plus grande s\u00e9lection d&#039;h\u00f4tels All Inclusive en Italie. Consultez les offres\u00a0!\" \/>\n<meta property=\"og:url\" content=\"https:\/\/www.allinclusivehotels.it\/fr\/destinations\/campanie\" \/>\n<meta property=\"og:site_name\" content=\"All Inclusive Hotels\" \/>\n<meta property=\"article:modified_time\" content=\"2023-03-30T14:55:03+00:00\" \/>\n<meta name=\"twitter:card\" content=\"summary_large_image\" \/>\n<meta name=\"twitter:label1\" content=\"Dur\u00e9e de lecture estim\u00e9e\" \/>\n\t<meta name=\"twitter:data1\" content=\"2 minutes\" \/>\n<script type=\"application\/ld+json\" class=\"yoast-schema-graph\">{\"@context\":\"https:\\\/\\\/schema.org\",\"@graph\":[{\"@type\":\"WebPage\",\"@id\":\"https:\\\/\\\/www.allinclusivehotels.it\\\/fr\\\/destinations\\\/campanie\",\"url\":\"https:\\\/\\\/www.allinclusivehotels.it\\\/fr\\\/destinations\\\/campanie\",\"name\":\"Vacances All Inclusive en Campanie pour vacances tout compris\",\"isPartOf\":{\"@id\":\"https:\\\/\\\/www.allinclusivehotels.it\\\/fr#website\"},\"datePublished\":\"2023-02-06T10:35:48+00:00\",\"dateModified\":\"2023-03-30T14:55:03+00:00\",\"description\":\"Des vacances All Inclusive en Campanie\u00a0? D\u00e9couvrez la plus grande s\u00e9lection d'h\u00f4tels All Inclusive en Italie. Consultez les offres\u00a0!\",\"breadcrumb\":{\"@id\":\"https:\\\/\\\/www.allinclusivehotels.it\\\/fr\\\/destinations\\\/campanie#breadcrumb\"},\"inLanguage\":\"fr-FR\",\"potentialAction\":[{\"@type\":\"ReadAction\",\"target\":[\"https:\\\/\\\/www.allinclusivehotels.it\\\/fr\\\/destinations\\\/campanie\"]}]},{\"@type\":\"BreadcrumbList\",\"@id\":\"https:\\\/\\\/www.allinclusivehotels.it\\\/fr\\\/destinations\\\/campanie#breadcrumb\",\"itemListElement\":[{\"@type\":\"ListItem\",\"position\":1,\"name\":\"Home\",\"item\":\"https:\\\/\\\/www.allinclusivehotels.it\\\/fr\"},{\"@type\":\"ListItem\",\"position\":2,\"name\":\"Destinations\",\"item\":\"https:\\\/\\\/www.allinclusivehotels.it\\\/fr\\\/destinations\"},{\"@type\":\"ListItem\",\"position\":3,\"name\":\"Campanie\"}]},{\"@type\":\"WebSite\",\"@id\":\"https:\\\/\\\/www.allinclusivehotels.it\\\/fr#website\",\"url\":\"https:\\\/\\\/www.allinclusivehotels.it\\\/fr\",\"name\":\"All Inclusive Hotels\",\"description\":\"\",\"publisher\":{\"@id\":\"https:\\\/\\\/www.allinclusivehotels.it\\\/fr#organization\"},\"potentialAction\":[{\"@type\":\"SearchAction\",\"target\":{\"@type\":\"EntryPoint\",\"urlTemplate\":\"https:\\\/\\\/www.allinclusivehotels.it\\\/fr?s={search_term_string}\"},\"query-input\":{\"@type\":\"PropertyValueSpecification\",\"valueRequired\":true,\"valueName\":\"search_term_string\"}}],\"inLanguage\":\"fr-FR\"},{\"@type\":\"Organization\",\"@id\":\"https:\\\/\\\/www.allinclusivehotels.it\\\/fr#organization\",\"name\":\"All Inclusive Hotels\",\"url\":\"https:\\\/\\\/www.allinclusivehotels.it\\\/fr\",\"logo\":{\"@type\":\"ImageObject\",\"inLanguage\":\"fr-FR\",\"@id\":\"https:\\\/\\\/www.allinclusivehotels.it\\\/fr#\\\/schema\\\/logo\\\/image\\\/\",\"url\":\"\",\"contentUrl\":\"\",\"caption\":\"All Inclusive Hotels\"},\"image\":{\"@id\":\"https:\\\/\\\/www.allinclusivehotels.it\\\/fr#\\\/schema\\\/logo\\\/image\\\/\"}}]}<\/script>\n<!-- \/ Yoast SEO plugin. -->","yoast_head_json":{"title":"Vacances All Inclusive en Campanie pour vacances tout compris","description":"Des vacances All Inclusive en Campanie\u00a0? D\u00e9couvrez la plus grande s\u00e9lection d'h\u00f4tels All Inclusive en Italie. Consultez les offres\u00a0!","robots":{"index":"index","follow":"follow","max-snippet":"max-snippet:-1","max-image-preview":"max-image-preview:large","max-video-preview":"max-video-preview:-1"},"canonical":"https:\/\/www.allinclusivehotels.it\/fr\/destinations\/campanie","og_locale":"fr_FR","og_type":"article","og_title":"Vacances All Inclusive en Campanie pour vacances tout compris","og_description":"Des vacances All Inclusive en Campanie\u00a0? D\u00e9couvrez la plus grande s\u00e9lection d'h\u00f4tels All Inclusive en Italie. Consultez les offres\u00a0!","og_url":"https:\/\/www.allinclusivehotels.it\/fr\/destinations\/campanie","og_site_name":"All Inclusive Hotels","article_modified_time":"2023-03-30T14:55:03+00:00","twitter_card":"summary_large_image","twitter_misc":{"Dur\u00e9e de lecture estim\u00e9e":"2 minutes"},"schema":{"@context":"https:\/\/schema.org","@graph":[{"@type":"WebPage","@id":"https:\/\/www.allinclusivehotels.it\/fr\/destinations\/campanie","url":"https:\/\/www.allinclusivehotels.it\/fr\/destinations\/campanie","name":"Vacances All Inclusive en Campanie pour vacances tout compris","isPartOf":{"@id":"https:\/\/www.allinclusivehotels.it\/fr#website"},"datePublished":"2023-02-06T10:35:48+00:00","dateModified":"2023-03-30T14:55:03+00:00","description":"Des vacances All Inclusive en Campanie\u00a0? D\u00e9couvrez la plus grande s\u00e9lection d'h\u00f4tels All Inclusive en Italie. Consultez les offres\u00a0!","breadcrumb":{"@id":"https:\/\/www.allinclusivehotels.it\/fr\/destinations\/campanie#breadcrumb"},"inLanguage":"fr-FR","potentialAction":[{"@type":"ReadAction","target":["https:\/\/www.allinclusivehotels.it\/fr\/destinations\/campanie"]}]},{"@type":"BreadcrumbList","@id":"https:\/\/www.allinclusivehotels.it\/fr\/destinations\/campanie#breadcrumb","itemListElement":[{"@type":"ListItem","position":1,"name":"Home","item":"https:\/\/www.allinclusivehotels.it\/fr"},{"@type":"ListItem","position":2,"name":"Destinations","item":"https:\/\/www.allinclusivehotels.it\/fr\/destinations"},{"@type":"ListItem","position":3,"name":"Campanie"}]},{"@type":"WebSite","@id":"https:\/\/www.allinclusivehotels.it\/fr#website","url":"https:\/\/www.allinclusivehotels.it\/fr","name":"All Inclusive Hotels","description":"","publisher":{"@id":"https:\/\/www.allinclusivehotels.it\/fr#organization"},"potentialAction":[{"@type":"SearchAction","target":{"@type":"EntryPoint","urlTemplate":"https:\/\/www.allinclusivehotels.it\/fr?s={search_term_string}"},"query-input":{"@type":"PropertyValueSpecification","valueRequired":true,"valueName":"search_term_string"}}],"inLanguage":"fr-FR"},{"@type":"Organization","@id":"https:\/\/www.allinclusivehotels.it\/fr#organization","name":"All Inclusive Hotels","url":"https:\/\/www.allinclusivehotels.it\/fr","logo":{"@type":"ImageObject","inLanguage":"fr-FR","@id":"https:\/\/www.allinclusivehotels.it\/fr#\/schema\/logo\/image\/","url":"","contentUrl":"","caption":"All Inclusive Hotels"},"image":{"@id":"https:\/\/www.allinclusivehotels.it\/fr#\/schema\/logo\/image\/"}}]}},"_links":{"self":[{"href":"https:\/\/www.allinclusivehotels.it\/fr\/wp-json\/wp\/v2\/pages\/25116","targetHints":{"allow":["GET"]}}],"collection":[{"href":"https:\/\/www.allinclusivehotels.it\/fr\/wp-json\/wp\/v2\/pages"}],"about":[{"href":"https:\/\/www.allinclusivehotels.it\/fr\/wp-json\/wp\/v2\/types\/page"}],"author":[{"embeddable":true,"href":"https:\/\/www.allinclusivehotels.it\/fr\/wp-json\/wp\/v2\/users\/1"}],"replies":[{"embeddable":true,"href":"https:\/\/www.allinclusivehotels.it\/fr\/wp-json\/wp\/v2\/comments?post=25116"}],"version-history":[{"count":2,"href":"https:\/\/www.allinclusivehotels.it\/fr\/wp-json\/wp\/v2\/pages\/25116\/revisions"}],"predecessor-version":[{"id":28387,"href":"https:\/\/www.allinclusivehotels.it\/fr\/wp-json\/wp\/v2\/pages\/25116\/revisions\/28387"}],"up":[{"embeddable":true,"href":"https:\/\/www.allinclusivehotels.it\/fr\/wp-json\/wp\/v2\/pages\/8167"}],"wp:attachment":[{"href":"https:\/\/www.allinclusivehotels.it\/fr\/wp-json\/wp\/v2\/media?parent=25116"}],"curies":[{"name":"wp","href":"https:\/\/api.w.org\/{rel}","templated":true}]}}