{"id":25112,"date":"2023-02-06T11:35:34","date_gmt":"2023-02-06T10:35:34","guid":{"rendered":"https:\/\/www.allinclusivehotels.it\/destinations\/calabre"},"modified":"2023-02-06T12:12:25","modified_gmt":"2023-02-06T11:12:25","slug":"calabre","status":"publish","type":"page","link":"https:\/\/www.allinclusivehotels.it\/fr\/destinations\/calabre","title":{"rendered":"Calabre"},"content":{"rendered":"\n<p>800 km de c\u00f4tes baign\u00e9es par une mer de r\u00eave et de splendides plages. Une nature intacte et vari\u00e9e, \u00e0 vivre en toute libert\u00e9 dans les parcs de Sila, Pollino, Aspromonte et Serre, sans oublier les villages, forteresses, anciennes abbayes et villes d&#8217;art. Des <b>vacances All Inclusive en Calabre<\/b> sont synonymes de d\u00e9tente et de plaisir de d\u00e9couvrir\u00a0!<\/p>\n\n\n\n<!--more-->\n\n\n\n<p>Si votre passion est la mer, en Calabre vous pouvez en profiter sous toutes ses formes\u00a0: d\u00e9tente entre <b>\u00e9tablissements \u00e9quip\u00e9s et plages libres<\/b>, avec des itin\u00e9raires fascinants le long de la <b>C\u00f4te des Sarrasins<\/b>, de la <b>C\u00f4te d&#8217;Orange<\/b> et de la<b> C\u00f4te des Dieux<\/b>. Vous pourrez \u00e9galement passer des journ\u00e9es m\u00e9morables sur les plages de sable blanc de <b>Zambrone<\/b>, visiter <b>Scalea<\/b>, le village surplombant la mer, <b>Ciro Marina<\/b> la cit\u00e9 du vin, ou encore l&#8217;embl\u00e9matique <b>Tropea<\/b>.<\/p>\n\n\n\n<p>Si vous ne voulez pas renoncer \u00e0 la montagne, la Calabre vous permettra de vivre chaque jour des \u00e9motions diff\u00e9rentes\u00a0! Vous pouvez faire de la <b>randonn\u00e9e <\/b>ou suivre les <b>itin\u00e9raires pour v\u00e9lo<\/b> sur les plus beaux sentiers du <b>Parc national du Pollino<\/b>, avec une halte dans le pittoresque village de <b>Morano-Calabro<\/b>. Ne manquez pas les <b>G\u00e9ants du Sila<\/b>, les spectaculaires et monumentaux pins et \u00e9rables de la r\u00e9serve naturelle de Fallistro. Vous avez \u00e9galement la possibilit\u00e9 d&#8217;explorer les bois sauvages du <b>Parc naturel des Serre<\/b>.<\/p>\n\n\n\n<p>Des <b>vacances en Calabre<\/b> signifient \u00e9galement <b>voyage gastronomique et \u0153nologique<\/b> dans l&#8217;histoire de la R\u00e9gion, o\u00f9 les peuples qui se sont succ\u00e9d\u00e9s au fil des si\u00e8cles ont laiss\u00e9 des traces de leur passage, par exemple dans l&#8217;utilisation des \u00e9pices et des herbes aromatiques dans les plats traditionnels. Parmi les produits les plus connus et protagonistes de nombreuses recettes, vous trouverez la &#8216;nduja, l&#8217;oignon rouge de Tropea, l&#8217;huile EVO, le caciocavallo de la Sila, le fromage pecorino, les c\u00e8pes, les figues s\u00e8ches, les agrumes, le piment assur\u00e9ment \u00e9pic\u00e9, ainsi qu&#8217;une riche proposition de liqueurs et de vins cors\u00e9s.<\/p>\n\n\n\n<p>Les <b>h\u00f4tels avec formule All Inclusive en Calabre<\/b> vous attendent pour des vacances durant lesquelles vous pourrez profiter de journ\u00e9es d&#8217;exploration et d&#8217;autres d\u00e9di\u00e9es \u00e0 la d\u00e9tente avec, \u00e0 votre disposition, les meilleurs services toujours inclus, que vous voyagiez avec des enfants ou que vous aimiez les activit\u00e9s de plein air.<\/p>\n","protected":false},"excerpt":{"rendered":"<p>800 km de c\u00f4tes baign\u00e9es par une mer de r\u00eave et de splendides plages. Une &hellip;<\/p>\n","protected":false},"author":1,"featured_media":0,"parent":8167,"menu_order":0,"comment_status":"closed","ping_status":"closed","template":"page-templates\/destinazione.php","meta":{"_acf_changed":false,"footnotes":""},"class_list":["post-25112","page","type-page","status-publish","hentry"],"acf":[],"yoast_head":"<!-- This site is optimized with the Yoast SEO plugin v27.0 - https:\/\/yoast.com\/product\/yoast-seo-wordpress\/ -->\n<title>Vacances All Inclusive en Calabre pour vacances tout compris<\/title>\n<meta name=\"description\" content=\"Des vacances All Inclusive en Calabre\u00a0? D\u00e9couvrez la plus grande s\u00e9lection d&#039;h\u00f4tels All Inclusive en Italie. Consultez les offres\u00a0!\" \/>\n<meta name=\"robots\" content=\"index, follow, max-snippet:-1, max-image-preview:large, max-video-preview:-1\" \/>\n<link rel=\"canonical\" href=\"https:\/\/www.allinclusivehotels.it\/fr\/destinations\/calabre\" \/>\n<meta property=\"og:locale\" content=\"fr_FR\" \/>\n<meta property=\"og:type\" content=\"article\" \/>\n<meta property=\"og:title\" content=\"Vacances All Inclusive en Calabre pour vacances tout compris\" \/>\n<meta property=\"og:description\" content=\"Des vacances All Inclusive en Calabre\u00a0? D\u00e9couvrez la plus grande s\u00e9lection d&#039;h\u00f4tels All Inclusive en Italie. Consultez les offres\u00a0!\" \/>\n<meta property=\"og:url\" content=\"https:\/\/www.allinclusivehotels.it\/fr\/destinations\/calabre\" \/>\n<meta property=\"og:site_name\" content=\"All Inclusive Hotels\" \/>\n<meta property=\"article:modified_time\" content=\"2023-02-06T11:12:25+00:00\" \/>\n<meta name=\"twitter:card\" content=\"summary_large_image\" \/>\n<meta name=\"twitter:label1\" content=\"Dur\u00e9e de lecture estim\u00e9e\" \/>\n\t<meta name=\"twitter:data1\" content=\"2 minutes\" \/>\n<script type=\"application\/ld+json\" class=\"yoast-schema-graph\">{\"@context\":\"https:\/\/schema.org\",\"@graph\":[{\"@type\":\"WebPage\",\"@id\":\"https:\/\/www.allinclusivehotels.it\/fr\/destinations\/calabre\",\"url\":\"https:\/\/www.allinclusivehotels.it\/fr\/destinations\/calabre\",\"name\":\"Vacances All Inclusive en Calabre pour vacances tout compris\",\"isPartOf\":{\"@id\":\"https:\/\/www.allinclusivehotels.it\/fr#website\"},\"datePublished\":\"2023-02-06T10:35:34+00:00\",\"dateModified\":\"2023-02-06T11:12:25+00:00\",\"description\":\"Des vacances All Inclusive en Calabre\u00a0? D\u00e9couvrez la plus grande s\u00e9lection d'h\u00f4tels All Inclusive en Italie. Consultez les offres\u00a0!\",\"breadcrumb\":{\"@id\":\"https:\/\/www.allinclusivehotels.it\/fr\/destinations\/calabre#breadcrumb\"},\"inLanguage\":\"fr-FR\",\"potentialAction\":[{\"@type\":\"ReadAction\",\"target\":[\"https:\/\/www.allinclusivehotels.it\/fr\/destinations\/calabre\"]}]},{\"@type\":\"BreadcrumbList\",\"@id\":\"https:\/\/www.allinclusivehotels.it\/fr\/destinations\/calabre#breadcrumb\",\"itemListElement\":[{\"@type\":\"ListItem\",\"position\":1,\"name\":\"Home\",\"item\":\"https:\/\/www.allinclusivehotels.it\/fr\"},{\"@type\":\"ListItem\",\"position\":2,\"name\":\"Destinations\",\"item\":\"https:\/\/www.allinclusivehotels.it\/fr\/destinations\"},{\"@type\":\"ListItem\",\"position\":3,\"name\":\"Calabre\"}]},{\"@type\":\"WebSite\",\"@id\":\"https:\/\/www.allinclusivehotels.it\/fr#website\",\"url\":\"https:\/\/www.allinclusivehotels.it\/fr\",\"name\":\"All Inclusive Hotels\",\"description\":\"\",\"publisher\":{\"@id\":\"https:\/\/www.allinclusivehotels.it\/fr#organization\"},\"potentialAction\":[{\"@type\":\"SearchAction\",\"target\":{\"@type\":\"EntryPoint\",\"urlTemplate\":\"https:\/\/www.allinclusivehotels.it\/fr?s={search_term_string}\"},\"query-input\":{\"@type\":\"PropertyValueSpecification\",\"valueRequired\":true,\"valueName\":\"search_term_string\"}}],\"inLanguage\":\"fr-FR\"},{\"@type\":\"Organization\",\"@id\":\"https:\/\/www.allinclusivehotels.it\/fr#organization\",\"name\":\"All Inclusive Hotels\",\"url\":\"https:\/\/www.allinclusivehotels.it\/fr\",\"logo\":{\"@type\":\"ImageObject\",\"inLanguage\":\"fr-FR\",\"@id\":\"https:\/\/www.allinclusivehotels.it\/fr#\/schema\/logo\/image\/\",\"url\":\"\",\"contentUrl\":\"\",\"caption\":\"All Inclusive Hotels\"},\"image\":{\"@id\":\"https:\/\/www.allinclusivehotels.it\/fr#\/schema\/logo\/image\/\"}}]}<\/script>\n<!-- \/ Yoast SEO plugin. -->","yoast_head_json":{"title":"Vacances All Inclusive en Calabre pour vacances tout compris","description":"Des vacances All Inclusive en Calabre\u00a0? D\u00e9couvrez la plus grande s\u00e9lection d'h\u00f4tels All Inclusive en Italie. Consultez les offres\u00a0!","robots":{"index":"index","follow":"follow","max-snippet":"max-snippet:-1","max-image-preview":"max-image-preview:large","max-video-preview":"max-video-preview:-1"},"canonical":"https:\/\/www.allinclusivehotels.it\/fr\/destinations\/calabre","og_locale":"fr_FR","og_type":"article","og_title":"Vacances All Inclusive en Calabre pour vacances tout compris","og_description":"Des vacances All Inclusive en Calabre\u00a0? D\u00e9couvrez la plus grande s\u00e9lection d'h\u00f4tels All Inclusive en Italie. Consultez les offres\u00a0!","og_url":"https:\/\/www.allinclusivehotels.it\/fr\/destinations\/calabre","og_site_name":"All Inclusive Hotels","article_modified_time":"2023-02-06T11:12:25+00:00","twitter_card":"summary_large_image","twitter_misc":{"Dur\u00e9e de lecture estim\u00e9e":"2 minutes"},"schema":{"@context":"https:\/\/schema.org","@graph":[{"@type":"WebPage","@id":"https:\/\/www.allinclusivehotels.it\/fr\/destinations\/calabre","url":"https:\/\/www.allinclusivehotels.it\/fr\/destinations\/calabre","name":"Vacances All Inclusive en Calabre pour vacances tout compris","isPartOf":{"@id":"https:\/\/www.allinclusivehotels.it\/fr#website"},"datePublished":"2023-02-06T10:35:34+00:00","dateModified":"2023-02-06T11:12:25+00:00","description":"Des vacances All Inclusive en Calabre\u00a0? D\u00e9couvrez la plus grande s\u00e9lection d'h\u00f4tels All Inclusive en Italie. Consultez les offres\u00a0!","breadcrumb":{"@id":"https:\/\/www.allinclusivehotels.it\/fr\/destinations\/calabre#breadcrumb"},"inLanguage":"fr-FR","potentialAction":[{"@type":"ReadAction","target":["https:\/\/www.allinclusivehotels.it\/fr\/destinations\/calabre"]}]},{"@type":"BreadcrumbList","@id":"https:\/\/www.allinclusivehotels.it\/fr\/destinations\/calabre#breadcrumb","itemListElement":[{"@type":"ListItem","position":1,"name":"Home","item":"https:\/\/www.allinclusivehotels.it\/fr"},{"@type":"ListItem","position":2,"name":"Destinations","item":"https:\/\/www.allinclusivehotels.it\/fr\/destinations"},{"@type":"ListItem","position":3,"name":"Calabre"}]},{"@type":"WebSite","@id":"https:\/\/www.allinclusivehotels.it\/fr#website","url":"https:\/\/www.allinclusivehotels.it\/fr","name":"All Inclusive Hotels","description":"","publisher":{"@id":"https:\/\/www.allinclusivehotels.it\/fr#organization"},"potentialAction":[{"@type":"SearchAction","target":{"@type":"EntryPoint","urlTemplate":"https:\/\/www.allinclusivehotels.it\/fr?s={search_term_string}"},"query-input":{"@type":"PropertyValueSpecification","valueRequired":true,"valueName":"search_term_string"}}],"inLanguage":"fr-FR"},{"@type":"Organization","@id":"https:\/\/www.allinclusivehotels.it\/fr#organization","name":"All Inclusive Hotels","url":"https:\/\/www.allinclusivehotels.it\/fr","logo":{"@type":"ImageObject","inLanguage":"fr-FR","@id":"https:\/\/www.allinclusivehotels.it\/fr#\/schema\/logo\/image\/","url":"","contentUrl":"","caption":"All Inclusive Hotels"},"image":{"@id":"https:\/\/www.allinclusivehotels.it\/fr#\/schema\/logo\/image\/"}}]}},"_links":{"self":[{"href":"https:\/\/www.allinclusivehotels.it\/fr\/wp-json\/wp\/v2\/pages\/25112","targetHints":{"allow":["GET"]}}],"collection":[{"href":"https:\/\/www.allinclusivehotels.it\/fr\/wp-json\/wp\/v2\/pages"}],"about":[{"href":"https:\/\/www.allinclusivehotels.it\/fr\/wp-json\/wp\/v2\/types\/page"}],"author":[{"embeddable":true,"href":"https:\/\/www.allinclusivehotels.it\/fr\/wp-json\/wp\/v2\/users\/1"}],"replies":[{"embeddable":true,"href":"https:\/\/www.allinclusivehotels.it\/fr\/wp-json\/wp\/v2\/comments?post=25112"}],"version-history":[{"count":1,"href":"https:\/\/www.allinclusivehotels.it\/fr\/wp-json\/wp\/v2\/pages\/25112\/revisions"}],"predecessor-version":[{"id":25113,"href":"https:\/\/www.allinclusivehotels.it\/fr\/wp-json\/wp\/v2\/pages\/25112\/revisions\/25113"}],"up":[{"embeddable":true,"href":"https:\/\/www.allinclusivehotels.it\/fr\/wp-json\/wp\/v2\/pages\/8167"}],"wp:attachment":[{"href":"https:\/\/www.allinclusivehotels.it\/fr\/wp-json\/wp\/v2\/media?parent=25112"}],"curies":[{"name":"wp","href":"https:\/\/api.w.org\/{rel}","templated":true}]}}