{"id":25101,"date":"2023-02-06T11:06:16","date_gmt":"2023-02-06T10:06:16","guid":{"rendered":"https:\/\/www.allinclusivehotels.it\/offres-all-inclusive\/frioul-venetie-julienne"},"modified":"2023-02-06T11:06:21","modified_gmt":"2023-02-06T10:06:21","slug":"frioul-venetie-julienne","status":"publish","type":"page","link":"https:\/\/www.allinclusivehotels.it\/fr\/offres-all-inclusive\/frioul-venetie-julienne","title":{"rendered":"Frioul-V\u00e9n\u00e9tie Julienne"},"content":{"rendered":"\n<p>Recherchez votre offre pour des<b> vacances All Inclusive en Frioul-V\u00e9n\u00e9tie Julienne<\/b>. Nos h\u00f4tels vous attendent avec une excellente cuisine, de la d\u00e9tente, du divertissement et les <b>meilleurs services toujours inclus<\/b> dans le prix\u00a0!<\/p>\n","protected":false},"excerpt":{"rendered":"<p>Recherchez votre offre pour des vacances All Inclusive en Frioul-V\u00e9n\u00e9tie Julienne. Nos h\u00f4tels vous attendent &hellip;<\/p>\n","protected":false},"author":1,"featured_media":0,"parent":9517,"menu_order":0,"comment_status":"closed","ping_status":"closed","template":"page-templates\/offerte_destinazione.php","meta":{"_acf_changed":false,"footnotes":""},"class_list":["post-25101","page","type-page","status-publish","hentry"],"acf":[],"yoast_head":"<!-- This site is optimized with the Yoast SEO plugin v27.0 - https:\/\/yoast.com\/product\/yoast-seo-wordpress\/ -->\n<title>H\u00f4tels All Inclusive en Frioul-V\u00e9n\u00e9tie Julienne\u00a0: Offres mer Frioul-V\u00e9n\u00e9tie-Julienne<\/title>\n<meta name=\"description\" content=\"Vous cherchez des offres en Frioul-V\u00e9n\u00e9tie Julienne\u00a0? D\u00e9couvrez la plus grande s\u00e9lection d&#039;h\u00f4tels All Inclusive en Italie. Consultez les offres\u00a0!\" \/>\n<meta name=\"robots\" content=\"index, follow, max-snippet:-1, max-image-preview:large, max-video-preview:-1\" \/>\n<link rel=\"canonical\" href=\"https:\/\/www.allinclusivehotels.it\/fr\/offres-all-inclusive\/frioul-venetie-julienne\" \/>\n<meta property=\"og:locale\" content=\"fr_FR\" \/>\n<meta property=\"og:type\" content=\"article\" \/>\n<meta property=\"og:title\" content=\"H\u00f4tels All Inclusive en Frioul-V\u00e9n\u00e9tie Julienne\u00a0: Offres mer Frioul-V\u00e9n\u00e9tie-Julienne\" \/>\n<meta property=\"og:description\" content=\"Vous cherchez des offres en Frioul-V\u00e9n\u00e9tie Julienne\u00a0? D\u00e9couvrez la plus grande s\u00e9lection d&#039;h\u00f4tels All Inclusive en Italie. Consultez les offres\u00a0!\" \/>\n<meta property=\"og:url\" content=\"https:\/\/www.allinclusivehotels.it\/fr\/offres-all-inclusive\/frioul-venetie-julienne\" \/>\n<meta property=\"og:site_name\" content=\"All Inclusive Hotels\" \/>\n<meta property=\"article:modified_time\" content=\"2023-02-06T10:06:21+00:00\" \/>\n<meta name=\"twitter:card\" content=\"summary_large_image\" \/>\n<script type=\"application\/ld+json\" class=\"yoast-schema-graph\">{\"@context\":\"https:\/\/schema.org\",\"@graph\":[{\"@type\":\"WebPage\",\"@id\":\"https:\/\/www.allinclusivehotels.it\/fr\/offres-all-inclusive\/frioul-venetie-julienne\",\"url\":\"https:\/\/www.allinclusivehotels.it\/fr\/offres-all-inclusive\/frioul-venetie-julienne\",\"name\":\"H\u00f4tels All Inclusive en Frioul-V\u00e9n\u00e9tie Julienne\u00a0: Offres mer Frioul-V\u00e9n\u00e9tie-Julienne\",\"isPartOf\":{\"@id\":\"https:\/\/www.allinclusivehotels.it\/fr#website\"},\"datePublished\":\"2023-02-06T10:06:16+00:00\",\"dateModified\":\"2023-02-06T10:06:21+00:00\",\"description\":\"Vous cherchez des offres en Frioul-V\u00e9n\u00e9tie Julienne\u00a0? D\u00e9couvrez la plus grande s\u00e9lection d'h\u00f4tels All Inclusive en Italie. Consultez les offres\u00a0!\",\"breadcrumb\":{\"@id\":\"https:\/\/www.allinclusivehotels.it\/fr\/offres-all-inclusive\/frioul-venetie-julienne#breadcrumb\"},\"inLanguage\":\"fr-FR\",\"potentialAction\":[{\"@type\":\"ReadAction\",\"target\":[\"https:\/\/www.allinclusivehotels.it\/fr\/offres-all-inclusive\/frioul-venetie-julienne\"]}]},{\"@type\":\"BreadcrumbList\",\"@id\":\"https:\/\/www.allinclusivehotels.it\/fr\/offres-all-inclusive\/frioul-venetie-julienne#breadcrumb\",\"itemListElement\":[{\"@type\":\"ListItem\",\"position\":1,\"name\":\"Home\",\"item\":\"https:\/\/www.allinclusivehotels.it\/fr\"},{\"@type\":\"ListItem\",\"position\":2,\"name\":\"Offres All Inclusive\",\"item\":\"https:\/\/www.allinclusivehotels.it\/fr\/offres-all-inclusive\"},{\"@type\":\"ListItem\",\"position\":3,\"name\":\"Frioul-V\u00e9n\u00e9tie Julienne\"}]},{\"@type\":\"WebSite\",\"@id\":\"https:\/\/www.allinclusivehotels.it\/fr#website\",\"url\":\"https:\/\/www.allinclusivehotels.it\/fr\",\"name\":\"All Inclusive Hotels\",\"description\":\"\",\"publisher\":{\"@id\":\"https:\/\/www.allinclusivehotels.it\/fr#organization\"},\"potentialAction\":[{\"@type\":\"SearchAction\",\"target\":{\"@type\":\"EntryPoint\",\"urlTemplate\":\"https:\/\/www.allinclusivehotels.it\/fr?s={search_term_string}\"},\"query-input\":{\"@type\":\"PropertyValueSpecification\",\"valueRequired\":true,\"valueName\":\"search_term_string\"}}],\"inLanguage\":\"fr-FR\"},{\"@type\":\"Organization\",\"@id\":\"https:\/\/www.allinclusivehotels.it\/fr#organization\",\"name\":\"All Inclusive Hotels\",\"url\":\"https:\/\/www.allinclusivehotels.it\/fr\",\"logo\":{\"@type\":\"ImageObject\",\"inLanguage\":\"fr-FR\",\"@id\":\"https:\/\/www.allinclusivehotels.it\/fr#\/schema\/logo\/image\/\",\"url\":\"\",\"contentUrl\":\"\",\"caption\":\"All Inclusive Hotels\"},\"image\":{\"@id\":\"https:\/\/www.allinclusivehotels.it\/fr#\/schema\/logo\/image\/\"}}]}<\/script>\n<!-- \/ Yoast SEO plugin. -->","yoast_head_json":{"title":"H\u00f4tels All Inclusive en Frioul-V\u00e9n\u00e9tie Julienne\u00a0: Offres mer Frioul-V\u00e9n\u00e9tie-Julienne","description":"Vous cherchez des offres en Frioul-V\u00e9n\u00e9tie Julienne\u00a0? D\u00e9couvrez la plus grande s\u00e9lection d'h\u00f4tels All Inclusive en Italie. Consultez les offres\u00a0!","robots":{"index":"index","follow":"follow","max-snippet":"max-snippet:-1","max-image-preview":"max-image-preview:large","max-video-preview":"max-video-preview:-1"},"canonical":"https:\/\/www.allinclusivehotels.it\/fr\/offres-all-inclusive\/frioul-venetie-julienne","og_locale":"fr_FR","og_type":"article","og_title":"H\u00f4tels All Inclusive en Frioul-V\u00e9n\u00e9tie Julienne\u00a0: Offres mer Frioul-V\u00e9n\u00e9tie-Julienne","og_description":"Vous cherchez des offres en Frioul-V\u00e9n\u00e9tie Julienne\u00a0? D\u00e9couvrez la plus grande s\u00e9lection d'h\u00f4tels All Inclusive en Italie. Consultez les offres\u00a0!","og_url":"https:\/\/www.allinclusivehotels.it\/fr\/offres-all-inclusive\/frioul-venetie-julienne","og_site_name":"All Inclusive Hotels","article_modified_time":"2023-02-06T10:06:21+00:00","twitter_card":"summary_large_image","schema":{"@context":"https:\/\/schema.org","@graph":[{"@type":"WebPage","@id":"https:\/\/www.allinclusivehotels.it\/fr\/offres-all-inclusive\/frioul-venetie-julienne","url":"https:\/\/www.allinclusivehotels.it\/fr\/offres-all-inclusive\/frioul-venetie-julienne","name":"H\u00f4tels All Inclusive en Frioul-V\u00e9n\u00e9tie Julienne\u00a0: Offres mer Frioul-V\u00e9n\u00e9tie-Julienne","isPartOf":{"@id":"https:\/\/www.allinclusivehotels.it\/fr#website"},"datePublished":"2023-02-06T10:06:16+00:00","dateModified":"2023-02-06T10:06:21+00:00","description":"Vous cherchez des offres en Frioul-V\u00e9n\u00e9tie Julienne\u00a0? D\u00e9couvrez la plus grande s\u00e9lection d'h\u00f4tels All Inclusive en Italie. Consultez les offres\u00a0!","breadcrumb":{"@id":"https:\/\/www.allinclusivehotels.it\/fr\/offres-all-inclusive\/frioul-venetie-julienne#breadcrumb"},"inLanguage":"fr-FR","potentialAction":[{"@type":"ReadAction","target":["https:\/\/www.allinclusivehotels.it\/fr\/offres-all-inclusive\/frioul-venetie-julienne"]}]},{"@type":"BreadcrumbList","@id":"https:\/\/www.allinclusivehotels.it\/fr\/offres-all-inclusive\/frioul-venetie-julienne#breadcrumb","itemListElement":[{"@type":"ListItem","position":1,"name":"Home","item":"https:\/\/www.allinclusivehotels.it\/fr"},{"@type":"ListItem","position":2,"name":"Offres All Inclusive","item":"https:\/\/www.allinclusivehotels.it\/fr\/offres-all-inclusive"},{"@type":"ListItem","position":3,"name":"Frioul-V\u00e9n\u00e9tie Julienne"}]},{"@type":"WebSite","@id":"https:\/\/www.allinclusivehotels.it\/fr#website","url":"https:\/\/www.allinclusivehotels.it\/fr","name":"All Inclusive Hotels","description":"","publisher":{"@id":"https:\/\/www.allinclusivehotels.it\/fr#organization"},"potentialAction":[{"@type":"SearchAction","target":{"@type":"EntryPoint","urlTemplate":"https:\/\/www.allinclusivehotels.it\/fr?s={search_term_string}"},"query-input":{"@type":"PropertyValueSpecification","valueRequired":true,"valueName":"search_term_string"}}],"inLanguage":"fr-FR"},{"@type":"Organization","@id":"https:\/\/www.allinclusivehotels.it\/fr#organization","name":"All Inclusive Hotels","url":"https:\/\/www.allinclusivehotels.it\/fr","logo":{"@type":"ImageObject","inLanguage":"fr-FR","@id":"https:\/\/www.allinclusivehotels.it\/fr#\/schema\/logo\/image\/","url":"","contentUrl":"","caption":"All Inclusive Hotels"},"image":{"@id":"https:\/\/www.allinclusivehotels.it\/fr#\/schema\/logo\/image\/"}}]}},"_links":{"self":[{"href":"https:\/\/www.allinclusivehotels.it\/fr\/wp-json\/wp\/v2\/pages\/25101","targetHints":{"allow":["GET"]}}],"collection":[{"href":"https:\/\/www.allinclusivehotels.it\/fr\/wp-json\/wp\/v2\/pages"}],"about":[{"href":"https:\/\/www.allinclusivehotels.it\/fr\/wp-json\/wp\/v2\/types\/page"}],"author":[{"embeddable":true,"href":"https:\/\/www.allinclusivehotels.it\/fr\/wp-json\/wp\/v2\/users\/1"}],"replies":[{"embeddable":true,"href":"https:\/\/www.allinclusivehotels.it\/fr\/wp-json\/wp\/v2\/comments?post=25101"}],"version-history":[{"count":1,"href":"https:\/\/www.allinclusivehotels.it\/fr\/wp-json\/wp\/v2\/pages\/25101\/revisions"}],"predecessor-version":[{"id":25102,"href":"https:\/\/www.allinclusivehotels.it\/fr\/wp-json\/wp\/v2\/pages\/25101\/revisions\/25102"}],"up":[{"embeddable":true,"href":"https:\/\/www.allinclusivehotels.it\/fr\/wp-json\/wp\/v2\/pages\/9517"}],"wp:attachment":[{"href":"https:\/\/www.allinclusivehotels.it\/fr\/wp-json\/wp\/v2\/media?parent=25101"}],"curies":[{"name":"wp","href":"https:\/\/api.w.org\/{rel}","templated":true}]}}