{"id":25099,"date":"2023-02-06T11:06:14","date_gmt":"2023-02-06T10:06:14","guid":{"rendered":"https:\/\/www.allinclusivehotels.it\/destinations\/lignano-sabbiadoro"},"modified":"2023-02-06T11:06:20","modified_gmt":"2023-02-06T10:06:20","slug":"lignano-sabbiadoro","status":"publish","type":"page","link":"https:\/\/www.allinclusivehotels.it\/fr\/destinations\/lignano-sabbiadoro","title":{"rendered":"Lignano Sabbiadoro"},"content":{"rendered":"\n<p><b>Lignano Sabbiadoro<\/b> vous attend pour des <b>vacances All Inclusive<\/b> dans un esprit de d\u00e9tente entre plage et nature. Dans la station baln\u00e9aire anim\u00e9e du Frioul-V\u00e9n\u00e9tie Julienne, vous trouverez <b>39 \u00e9tablissements baln\u00e9aires \u00e9quip\u00e9s<\/b>, dont certains acceptent \u00e9galement les chiens. Les eaux peu profondes, le sable doux, les aires de jeux et le service d&#8217;animation font des <b>plages de Lignano Sabbiadoro le lieu parfait pour des vacances avec des enfants<\/b>.<\/p>\n\n\n\n<!--more-->\n\n\n\n<p>Qui aime les <b>vacances actives<\/b> et les activit\u00e9s de plein air a la possibilit\u00e9 de pratiquer des <b>sports nautiques<\/b> &#8211; SUP, kitesurf, cano\u00eb, windsurf, e-SUP &#8211; mais \u00e9galement <b>yoga, marche nordique et fitness<\/b> sur la plage, ou encore passer des journ\u00e9es sur le green du <b>Club de golf de Lignano<\/b>.<\/p>\n\n\n\n<p>Dans les <b>environs de Lignano Sabbiadoro<\/b>, vous pourrez vivre des <b>exp\u00e9riences au contact de la nature<\/b> diff\u00e9rentes chaque jour\u00a0: explorer la r\u00e9serve naturelle Foci dello Stella en bateau ou en cano\u00eb, la lagune de Marano, ou se rendre sur la splendide Isola delle Conchiglie et profiter de l&#8217;occasion pour observer les oiseaux dans la R\u00e9serve naturelle de Valle Canal Novo et faire de la randonn\u00e9e au c\u0153ur de la for\u00eat marine.<\/p>\n\n\n\n<p>Des <b>vacances dans les h\u00f4tels All Inclusive de Lignano Sabbiadoro<\/b> sont l\u2019occasion d&#8217;explorer la r\u00e9gion en p\u00e9dalant le long <b>30 km de pistes cyclables<\/b>, en utilisant les v\u00e9los mis \u00e0 disposition par les structures. Vous pouvez vous d\u00e9placer d&#8217;une rive \u00e0 l&#8217;autre du fleuve Tagliamento \u00e0 v\u00e9lo, gr\u00e2ce au service de transport offert par les bateaux locaux.<\/p>\n","protected":false},"excerpt":{"rendered":"<p>Lignano Sabbiadoro vous attend pour des vacances All Inclusive dans un esprit de d\u00e9tente entre &hellip;<\/p>\n","protected":false},"author":1,"featured_media":0,"parent":8167,"menu_order":0,"comment_status":"closed","ping_status":"closed","template":"page-templates\/destinazione.php","meta":{"_acf_changed":false,"footnotes":""},"class_list":["post-25099","page","type-page","status-publish","hentry"],"acf":[],"yoast_head":"<!-- This site is optimized with the Yoast SEO plugin v27.0 - https:\/\/yoast.com\/product\/yoast-seo-wordpress\/ -->\n<title>Lignano Sabbiadoro - All Inclusive Hotels<\/title>\n<meta name=\"description\" content=\"Un h\u00f4tel All Inclusive \u00e0 Lignano Sabbiadoro\u00a0? D\u00e9couvrez la plus grande s\u00e9lection d&#039;h\u00f4tels All Inclusive en Italie. Consultez les offres\u00a0!\" \/>\n<meta name=\"robots\" content=\"index, follow, max-snippet:-1, max-image-preview:large, max-video-preview:-1\" \/>\n<link rel=\"canonical\" href=\"https:\/\/www.allinclusivehotels.it\/fr\/destinations\/lignano-sabbiadoro\" \/>\n<meta property=\"og:locale\" content=\"fr_FR\" \/>\n<meta property=\"og:type\" content=\"article\" \/>\n<meta property=\"og:title\" content=\"Lignano Sabbiadoro - All Inclusive Hotels\" \/>\n<meta property=\"og:description\" content=\"Un h\u00f4tel All Inclusive \u00e0 Lignano Sabbiadoro\u00a0? D\u00e9couvrez la plus grande s\u00e9lection d&#039;h\u00f4tels All Inclusive en Italie. Consultez les offres\u00a0!\" \/>\n<meta property=\"og:url\" content=\"https:\/\/www.allinclusivehotels.it\/fr\/destinations\/lignano-sabbiadoro\" \/>\n<meta property=\"og:site_name\" content=\"All Inclusive Hotels\" \/>\n<meta property=\"article:modified_time\" content=\"2023-02-06T10:06:20+00:00\" \/>\n<meta name=\"twitter:card\" content=\"summary_large_image\" \/>\n<meta name=\"twitter:label1\" content=\"Dur\u00e9e de lecture estim\u00e9e\" \/>\n\t<meta name=\"twitter:data1\" content=\"1 minute\" \/>\n<script type=\"application\/ld+json\" class=\"yoast-schema-graph\">{\"@context\":\"https:\/\/schema.org\",\"@graph\":[{\"@type\":\"WebPage\",\"@id\":\"https:\/\/www.allinclusivehotels.it\/fr\/destinations\/lignano-sabbiadoro\",\"url\":\"https:\/\/www.allinclusivehotels.it\/fr\/destinations\/lignano-sabbiadoro\",\"name\":\"Lignano Sabbiadoro - All Inclusive Hotels\",\"isPartOf\":{\"@id\":\"https:\/\/www.allinclusivehotels.it\/fr#website\"},\"datePublished\":\"2023-02-06T10:06:14+00:00\",\"dateModified\":\"2023-02-06T10:06:20+00:00\",\"description\":\"Un h\u00f4tel All Inclusive \u00e0 Lignano Sabbiadoro\u00a0? D\u00e9couvrez la plus grande s\u00e9lection d'h\u00f4tels All Inclusive en Italie. Consultez les offres\u00a0!\",\"breadcrumb\":{\"@id\":\"https:\/\/www.allinclusivehotels.it\/fr\/destinations\/lignano-sabbiadoro#breadcrumb\"},\"inLanguage\":\"fr-FR\",\"potentialAction\":[{\"@type\":\"ReadAction\",\"target\":[\"https:\/\/www.allinclusivehotels.it\/fr\/destinations\/lignano-sabbiadoro\"]}]},{\"@type\":\"BreadcrumbList\",\"@id\":\"https:\/\/www.allinclusivehotels.it\/fr\/destinations\/lignano-sabbiadoro#breadcrumb\",\"itemListElement\":[{\"@type\":\"ListItem\",\"position\":1,\"name\":\"Home\",\"item\":\"https:\/\/www.allinclusivehotels.it\/fr\"},{\"@type\":\"ListItem\",\"position\":2,\"name\":\"Destinations\",\"item\":\"https:\/\/www.allinclusivehotels.it\/fr\/destinations\"},{\"@type\":\"ListItem\",\"position\":3,\"name\":\"Lignano Sabbiadoro\"}]},{\"@type\":\"WebSite\",\"@id\":\"https:\/\/www.allinclusivehotels.it\/fr#website\",\"url\":\"https:\/\/www.allinclusivehotels.it\/fr\",\"name\":\"All Inclusive Hotels\",\"description\":\"\",\"publisher\":{\"@id\":\"https:\/\/www.allinclusivehotels.it\/fr#organization\"},\"potentialAction\":[{\"@type\":\"SearchAction\",\"target\":{\"@type\":\"EntryPoint\",\"urlTemplate\":\"https:\/\/www.allinclusivehotels.it\/fr?s={search_term_string}\"},\"query-input\":{\"@type\":\"PropertyValueSpecification\",\"valueRequired\":true,\"valueName\":\"search_term_string\"}}],\"inLanguage\":\"fr-FR\"},{\"@type\":\"Organization\",\"@id\":\"https:\/\/www.allinclusivehotels.it\/fr#organization\",\"name\":\"All Inclusive Hotels\",\"url\":\"https:\/\/www.allinclusivehotels.it\/fr\",\"logo\":{\"@type\":\"ImageObject\",\"inLanguage\":\"fr-FR\",\"@id\":\"https:\/\/www.allinclusivehotels.it\/fr#\/schema\/logo\/image\/\",\"url\":\"\",\"contentUrl\":\"\",\"caption\":\"All Inclusive Hotels\"},\"image\":{\"@id\":\"https:\/\/www.allinclusivehotels.it\/fr#\/schema\/logo\/image\/\"}}]}<\/script>\n<!-- \/ Yoast SEO plugin. -->","yoast_head_json":{"title":"Lignano Sabbiadoro - All Inclusive Hotels","description":"Un h\u00f4tel All Inclusive \u00e0 Lignano Sabbiadoro\u00a0? D\u00e9couvrez la plus grande s\u00e9lection d'h\u00f4tels All Inclusive en Italie. Consultez les offres\u00a0!","robots":{"index":"index","follow":"follow","max-snippet":"max-snippet:-1","max-image-preview":"max-image-preview:large","max-video-preview":"max-video-preview:-1"},"canonical":"https:\/\/www.allinclusivehotels.it\/fr\/destinations\/lignano-sabbiadoro","og_locale":"fr_FR","og_type":"article","og_title":"Lignano Sabbiadoro - All Inclusive Hotels","og_description":"Un h\u00f4tel All Inclusive \u00e0 Lignano Sabbiadoro\u00a0? D\u00e9couvrez la plus grande s\u00e9lection d'h\u00f4tels All Inclusive en Italie. Consultez les offres\u00a0!","og_url":"https:\/\/www.allinclusivehotels.it\/fr\/destinations\/lignano-sabbiadoro","og_site_name":"All Inclusive Hotels","article_modified_time":"2023-02-06T10:06:20+00:00","twitter_card":"summary_large_image","twitter_misc":{"Dur\u00e9e de lecture estim\u00e9e":"1 minute"},"schema":{"@context":"https:\/\/schema.org","@graph":[{"@type":"WebPage","@id":"https:\/\/www.allinclusivehotels.it\/fr\/destinations\/lignano-sabbiadoro","url":"https:\/\/www.allinclusivehotels.it\/fr\/destinations\/lignano-sabbiadoro","name":"Lignano Sabbiadoro - All Inclusive Hotels","isPartOf":{"@id":"https:\/\/www.allinclusivehotels.it\/fr#website"},"datePublished":"2023-02-06T10:06:14+00:00","dateModified":"2023-02-06T10:06:20+00:00","description":"Un h\u00f4tel All Inclusive \u00e0 Lignano Sabbiadoro\u00a0? D\u00e9couvrez la plus grande s\u00e9lection d'h\u00f4tels All Inclusive en Italie. Consultez les offres\u00a0!","breadcrumb":{"@id":"https:\/\/www.allinclusivehotels.it\/fr\/destinations\/lignano-sabbiadoro#breadcrumb"},"inLanguage":"fr-FR","potentialAction":[{"@type":"ReadAction","target":["https:\/\/www.allinclusivehotels.it\/fr\/destinations\/lignano-sabbiadoro"]}]},{"@type":"BreadcrumbList","@id":"https:\/\/www.allinclusivehotels.it\/fr\/destinations\/lignano-sabbiadoro#breadcrumb","itemListElement":[{"@type":"ListItem","position":1,"name":"Home","item":"https:\/\/www.allinclusivehotels.it\/fr"},{"@type":"ListItem","position":2,"name":"Destinations","item":"https:\/\/www.allinclusivehotels.it\/fr\/destinations"},{"@type":"ListItem","position":3,"name":"Lignano Sabbiadoro"}]},{"@type":"WebSite","@id":"https:\/\/www.allinclusivehotels.it\/fr#website","url":"https:\/\/www.allinclusivehotels.it\/fr","name":"All Inclusive Hotels","description":"","publisher":{"@id":"https:\/\/www.allinclusivehotels.it\/fr#organization"},"potentialAction":[{"@type":"SearchAction","target":{"@type":"EntryPoint","urlTemplate":"https:\/\/www.allinclusivehotels.it\/fr?s={search_term_string}"},"query-input":{"@type":"PropertyValueSpecification","valueRequired":true,"valueName":"search_term_string"}}],"inLanguage":"fr-FR"},{"@type":"Organization","@id":"https:\/\/www.allinclusivehotels.it\/fr#organization","name":"All Inclusive Hotels","url":"https:\/\/www.allinclusivehotels.it\/fr","logo":{"@type":"ImageObject","inLanguage":"fr-FR","@id":"https:\/\/www.allinclusivehotels.it\/fr#\/schema\/logo\/image\/","url":"","contentUrl":"","caption":"All Inclusive Hotels"},"image":{"@id":"https:\/\/www.allinclusivehotels.it\/fr#\/schema\/logo\/image\/"}}]}},"_links":{"self":[{"href":"https:\/\/www.allinclusivehotels.it\/fr\/wp-json\/wp\/v2\/pages\/25099","targetHints":{"allow":["GET"]}}],"collection":[{"href":"https:\/\/www.allinclusivehotels.it\/fr\/wp-json\/wp\/v2\/pages"}],"about":[{"href":"https:\/\/www.allinclusivehotels.it\/fr\/wp-json\/wp\/v2\/types\/page"}],"author":[{"embeddable":true,"href":"https:\/\/www.allinclusivehotels.it\/fr\/wp-json\/wp\/v2\/users\/1"}],"replies":[{"embeddable":true,"href":"https:\/\/www.allinclusivehotels.it\/fr\/wp-json\/wp\/v2\/comments?post=25099"}],"version-history":[{"count":1,"href":"https:\/\/www.allinclusivehotels.it\/fr\/wp-json\/wp\/v2\/pages\/25099\/revisions"}],"predecessor-version":[{"id":25100,"href":"https:\/\/www.allinclusivehotels.it\/fr\/wp-json\/wp\/v2\/pages\/25099\/revisions\/25100"}],"up":[{"embeddable":true,"href":"https:\/\/www.allinclusivehotels.it\/fr\/wp-json\/wp\/v2\/pages\/8167"}],"wp:attachment":[{"href":"https:\/\/www.allinclusivehotels.it\/fr\/wp-json\/wp\/v2\/media?parent=25099"}],"curies":[{"name":"wp","href":"https:\/\/api.w.org\/{rel}","templated":true}]}}