{"id":25097,"date":"2023-02-06T11:06:04","date_gmt":"2023-02-06T10:06:04","guid":{"rendered":"https:\/\/www.allinclusivehotels.it\/destinations\/frioul-venetie-julienne"},"modified":"2023-02-06T11:06:20","modified_gmt":"2023-02-06T10:06:20","slug":"frioul-venetie-julienne","status":"publish","type":"page","link":"https:\/\/www.allinclusivehotels.it\/fr\/destinations\/frioul-venetie-julienne","title":{"rendered":"Frioul-V\u00e9n\u00e9tie Julienne"},"content":{"rendered":"\n<p>Une r\u00e9gion frontali\u00e8re au charme unique et toute \u00e0 d\u00e9couvrir, o\u00f9 vous pourrez vivre des exp\u00e9riences m\u00e9morables \u00e0 360\u00b0 entre mer et montagne. Offrez-vous des <b>vacances All Inclusive en Frioul-V\u00e9n\u00e9tie Julienne<\/b>, pour vivre pleinement un territoire qui saura vous convaincre et surprendre chaque jour.<\/p>\n\n\n\n<!--more-->\n\n\n\n<p>Si vous aimez la mer, vous trouverez <b>de nombreux kilom\u00e8tres de c\u00f4te, de Lignano Sabbiadoro \u00e0 Grado, jusqu&#8217;au golfe de Trieste<\/b>, avec des \u00e9tablissements \u00e9quip\u00e9s, du sable doux et une mer cristalline o\u00f9, en plus de vous d\u00e9tendre, vous pourrez faire des excursions en bateau, vous essayer aux sports nautiques les plus vari\u00e9s et visiter de jolis villages lagunaires comme Lignano Sabbiadoro avec ses villas historiques, Marano Lagunare, Grado, Duino ou Muggia.<\/p>\n\n\n\n<p>Si votre passion est la <b>haute montagne, le Frioul-V\u00e9n\u00e9tie Julienne ne vous d\u00e9cevra pas<\/b>. En hiver, vous pourrez pratiquer le ski et le snowboard, le ski de fond et la marche avec raquettes, ou encore faire de l&#8217;escalade sur glace et du tra\u00eeneau \u00e0 chiens. Vous trouverez \u00e9galement des <b>espaces divertissement Snow Fun d\u00e9di\u00e9s aux enfants<\/b>. La r\u00e9gion compte plus de <b>100 km de pistes<\/b> et dans certains quartiers, il est m\u00eame possible de skier en admirant la mer\u00a0!<\/p>\n\n\n\n<p>En \u00e9t\u00e9, vous pouvez vous consacrer \u00e0 parcourir le <b>riche r\u00e9seau de sentiers du Frioul-V\u00e9n\u00e9tie Julienne<\/b>, \u00e9galement avec des itin\u00e9raires qui touchent les lieux de la Grande Guerre, ou osciller entre <b>itin\u00e9raires \u00e0 v\u00e9lo<\/b>, <b>visites gastronomiques et \u0153nologiques<\/b> sur la \u00ab\u00a0Route des Vins et des Saveurs\u00a0\u00bb, ou <b>visites culturelles <\/b>avec des \u00e9tapes dans d\u2019authentiques localit\u00e9s inscrites dans le circuit <b>\u00ab\u00a0Les plus beaux villages d&#8217;Italie\u00a0\u00bb<\/b> comme par exemple, pour n&#8217;en nommer que quelques-uns, Venzone, Palmanova, Poffabro, Polcenigo. De plus, dans le Frioul-V\u00e9n\u00e9tie Julienne, vous trouverez \u00e9galement des lieux d&#8217;exposition uniques, par exemple le \u00ab\u00a0Mus\u00e9e Tiere Motus\u00a0\u00bb \u00e0 Venzone ou le barrage de Vajont. Profitez de <b>vacances en Frioul-V\u00e9n\u00e9tie Julienne All Inclusive<\/b> pour retrouver le charme d&#8217;un territoire hors du temps\u00a0!<\/p>\n","protected":false},"excerpt":{"rendered":"<p>Une r\u00e9gion frontali\u00e8re au charme unique et toute \u00e0 d\u00e9couvrir, o\u00f9 vous pourrez vivre des &hellip;<\/p>\n","protected":false},"author":1,"featured_media":0,"parent":8167,"menu_order":0,"comment_status":"closed","ping_status":"closed","template":"page-templates\/destinazione.php","meta":{"_acf_changed":false,"footnotes":""},"class_list":["post-25097","page","type-page","status-publish","hentry"],"acf":[],"yoast_head":"<!-- This site is optimized with the Yoast SEO plugin v27.0 - https:\/\/yoast.com\/product\/yoast-seo-wordpress\/ -->\n<title>Vacances All Inclusive en Frioul-V\u00e9n\u00e9tie Julienne pour vacances tout compris<\/title>\n<meta name=\"description\" content=\"Des vacances All Inclusive en Frioul-V\u00e9n\u00e9tie Julienne\u00a0? D\u00e9couvrez la plus grande s\u00e9lection d&#039;h\u00f4tels All Inclusive en Italie. Consultez les offres\u00a0!\" \/>\n<meta name=\"robots\" content=\"index, follow, max-snippet:-1, max-image-preview:large, max-video-preview:-1\" \/>\n<link rel=\"canonical\" href=\"https:\/\/www.allinclusivehotels.it\/fr\/destinations\/frioul-venetie-julienne\" \/>\n<meta property=\"og:locale\" content=\"fr_FR\" \/>\n<meta property=\"og:type\" content=\"article\" \/>\n<meta property=\"og:title\" content=\"Vacances All Inclusive en Frioul-V\u00e9n\u00e9tie Julienne pour vacances tout compris\" \/>\n<meta property=\"og:description\" content=\"Des vacances All Inclusive en Frioul-V\u00e9n\u00e9tie Julienne\u00a0? D\u00e9couvrez la plus grande s\u00e9lection d&#039;h\u00f4tels All Inclusive en Italie. Consultez les offres\u00a0!\" \/>\n<meta property=\"og:url\" content=\"https:\/\/www.allinclusivehotels.it\/fr\/destinations\/frioul-venetie-julienne\" \/>\n<meta property=\"og:site_name\" content=\"All Inclusive Hotels\" \/>\n<meta property=\"article:modified_time\" content=\"2023-02-06T10:06:20+00:00\" \/>\n<meta name=\"twitter:card\" content=\"summary_large_image\" \/>\n<meta name=\"twitter:label1\" content=\"Dur\u00e9e de lecture estim\u00e9e\" \/>\n\t<meta name=\"twitter:data1\" content=\"2 minutes\" \/>\n<script type=\"application\/ld+json\" class=\"yoast-schema-graph\">{\"@context\":\"https:\/\/schema.org\",\"@graph\":[{\"@type\":\"WebPage\",\"@id\":\"https:\/\/www.allinclusivehotels.it\/fr\/destinations\/frioul-venetie-julienne\",\"url\":\"https:\/\/www.allinclusivehotels.it\/fr\/destinations\/frioul-venetie-julienne\",\"name\":\"Vacances All Inclusive en Frioul-V\u00e9n\u00e9tie Julienne pour vacances tout compris\",\"isPartOf\":{\"@id\":\"https:\/\/www.allinclusivehotels.it\/fr#website\"},\"datePublished\":\"2023-02-06T10:06:04+00:00\",\"dateModified\":\"2023-02-06T10:06:20+00:00\",\"description\":\"Des vacances All Inclusive en Frioul-V\u00e9n\u00e9tie Julienne\u00a0? D\u00e9couvrez la plus grande s\u00e9lection d'h\u00f4tels All Inclusive en Italie. Consultez les offres\u00a0!\",\"breadcrumb\":{\"@id\":\"https:\/\/www.allinclusivehotels.it\/fr\/destinations\/frioul-venetie-julienne#breadcrumb\"},\"inLanguage\":\"fr-FR\",\"potentialAction\":[{\"@type\":\"ReadAction\",\"target\":[\"https:\/\/www.allinclusivehotels.it\/fr\/destinations\/frioul-venetie-julienne\"]}]},{\"@type\":\"BreadcrumbList\",\"@id\":\"https:\/\/www.allinclusivehotels.it\/fr\/destinations\/frioul-venetie-julienne#breadcrumb\",\"itemListElement\":[{\"@type\":\"ListItem\",\"position\":1,\"name\":\"Home\",\"item\":\"https:\/\/www.allinclusivehotels.it\/fr\"},{\"@type\":\"ListItem\",\"position\":2,\"name\":\"Destinations\",\"item\":\"https:\/\/www.allinclusivehotels.it\/fr\/destinations\"},{\"@type\":\"ListItem\",\"position\":3,\"name\":\"Frioul-V\u00e9n\u00e9tie Julienne\"}]},{\"@type\":\"WebSite\",\"@id\":\"https:\/\/www.allinclusivehotels.it\/fr#website\",\"url\":\"https:\/\/www.allinclusivehotels.it\/fr\",\"name\":\"All Inclusive Hotels\",\"description\":\"\",\"publisher\":{\"@id\":\"https:\/\/www.allinclusivehotels.it\/fr#organization\"},\"potentialAction\":[{\"@type\":\"SearchAction\",\"target\":{\"@type\":\"EntryPoint\",\"urlTemplate\":\"https:\/\/www.allinclusivehotels.it\/fr?s={search_term_string}\"},\"query-input\":{\"@type\":\"PropertyValueSpecification\",\"valueRequired\":true,\"valueName\":\"search_term_string\"}}],\"inLanguage\":\"fr-FR\"},{\"@type\":\"Organization\",\"@id\":\"https:\/\/www.allinclusivehotels.it\/fr#organization\",\"name\":\"All Inclusive Hotels\",\"url\":\"https:\/\/www.allinclusivehotels.it\/fr\",\"logo\":{\"@type\":\"ImageObject\",\"inLanguage\":\"fr-FR\",\"@id\":\"https:\/\/www.allinclusivehotels.it\/fr#\/schema\/logo\/image\/\",\"url\":\"\",\"contentUrl\":\"\",\"caption\":\"All Inclusive Hotels\"},\"image\":{\"@id\":\"https:\/\/www.allinclusivehotels.it\/fr#\/schema\/logo\/image\/\"}}]}<\/script>\n<!-- \/ Yoast SEO plugin. -->","yoast_head_json":{"title":"Vacances All Inclusive en Frioul-V\u00e9n\u00e9tie Julienne pour vacances tout compris","description":"Des vacances All Inclusive en Frioul-V\u00e9n\u00e9tie Julienne\u00a0? D\u00e9couvrez la plus grande s\u00e9lection d'h\u00f4tels All Inclusive en Italie. Consultez les offres\u00a0!","robots":{"index":"index","follow":"follow","max-snippet":"max-snippet:-1","max-image-preview":"max-image-preview:large","max-video-preview":"max-video-preview:-1"},"canonical":"https:\/\/www.allinclusivehotels.it\/fr\/destinations\/frioul-venetie-julienne","og_locale":"fr_FR","og_type":"article","og_title":"Vacances All Inclusive en Frioul-V\u00e9n\u00e9tie Julienne pour vacances tout compris","og_description":"Des vacances All Inclusive en Frioul-V\u00e9n\u00e9tie Julienne\u00a0? D\u00e9couvrez la plus grande s\u00e9lection d'h\u00f4tels All Inclusive en Italie. Consultez les offres\u00a0!","og_url":"https:\/\/www.allinclusivehotels.it\/fr\/destinations\/frioul-venetie-julienne","og_site_name":"All Inclusive Hotels","article_modified_time":"2023-02-06T10:06:20+00:00","twitter_card":"summary_large_image","twitter_misc":{"Dur\u00e9e de lecture estim\u00e9e":"2 minutes"},"schema":{"@context":"https:\/\/schema.org","@graph":[{"@type":"WebPage","@id":"https:\/\/www.allinclusivehotels.it\/fr\/destinations\/frioul-venetie-julienne","url":"https:\/\/www.allinclusivehotels.it\/fr\/destinations\/frioul-venetie-julienne","name":"Vacances All Inclusive en Frioul-V\u00e9n\u00e9tie Julienne pour vacances tout compris","isPartOf":{"@id":"https:\/\/www.allinclusivehotels.it\/fr#website"},"datePublished":"2023-02-06T10:06:04+00:00","dateModified":"2023-02-06T10:06:20+00:00","description":"Des vacances All Inclusive en Frioul-V\u00e9n\u00e9tie Julienne\u00a0? D\u00e9couvrez la plus grande s\u00e9lection d'h\u00f4tels All Inclusive en Italie. Consultez les offres\u00a0!","breadcrumb":{"@id":"https:\/\/www.allinclusivehotels.it\/fr\/destinations\/frioul-venetie-julienne#breadcrumb"},"inLanguage":"fr-FR","potentialAction":[{"@type":"ReadAction","target":["https:\/\/www.allinclusivehotels.it\/fr\/destinations\/frioul-venetie-julienne"]}]},{"@type":"BreadcrumbList","@id":"https:\/\/www.allinclusivehotels.it\/fr\/destinations\/frioul-venetie-julienne#breadcrumb","itemListElement":[{"@type":"ListItem","position":1,"name":"Home","item":"https:\/\/www.allinclusivehotels.it\/fr"},{"@type":"ListItem","position":2,"name":"Destinations","item":"https:\/\/www.allinclusivehotels.it\/fr\/destinations"},{"@type":"ListItem","position":3,"name":"Frioul-V\u00e9n\u00e9tie Julienne"}]},{"@type":"WebSite","@id":"https:\/\/www.allinclusivehotels.it\/fr#website","url":"https:\/\/www.allinclusivehotels.it\/fr","name":"All Inclusive Hotels","description":"","publisher":{"@id":"https:\/\/www.allinclusivehotels.it\/fr#organization"},"potentialAction":[{"@type":"SearchAction","target":{"@type":"EntryPoint","urlTemplate":"https:\/\/www.allinclusivehotels.it\/fr?s={search_term_string}"},"query-input":{"@type":"PropertyValueSpecification","valueRequired":true,"valueName":"search_term_string"}}],"inLanguage":"fr-FR"},{"@type":"Organization","@id":"https:\/\/www.allinclusivehotels.it\/fr#organization","name":"All Inclusive Hotels","url":"https:\/\/www.allinclusivehotels.it\/fr","logo":{"@type":"ImageObject","inLanguage":"fr-FR","@id":"https:\/\/www.allinclusivehotels.it\/fr#\/schema\/logo\/image\/","url":"","contentUrl":"","caption":"All Inclusive Hotels"},"image":{"@id":"https:\/\/www.allinclusivehotels.it\/fr#\/schema\/logo\/image\/"}}]}},"_links":{"self":[{"href":"https:\/\/www.allinclusivehotels.it\/fr\/wp-json\/wp\/v2\/pages\/25097","targetHints":{"allow":["GET"]}}],"collection":[{"href":"https:\/\/www.allinclusivehotels.it\/fr\/wp-json\/wp\/v2\/pages"}],"about":[{"href":"https:\/\/www.allinclusivehotels.it\/fr\/wp-json\/wp\/v2\/types\/page"}],"author":[{"embeddable":true,"href":"https:\/\/www.allinclusivehotels.it\/fr\/wp-json\/wp\/v2\/users\/1"}],"replies":[{"embeddable":true,"href":"https:\/\/www.allinclusivehotels.it\/fr\/wp-json\/wp\/v2\/comments?post=25097"}],"version-history":[{"count":1,"href":"https:\/\/www.allinclusivehotels.it\/fr\/wp-json\/wp\/v2\/pages\/25097\/revisions"}],"predecessor-version":[{"id":25098,"href":"https:\/\/www.allinclusivehotels.it\/fr\/wp-json\/wp\/v2\/pages\/25097\/revisions\/25098"}],"up":[{"embeddable":true,"href":"https:\/\/www.allinclusivehotels.it\/fr\/wp-json\/wp\/v2\/pages\/8167"}],"wp:attachment":[{"href":"https:\/\/www.allinclusivehotels.it\/fr\/wp-json\/wp\/v2\/media?parent=25097"}],"curies":[{"name":"wp","href":"https:\/\/api.w.org\/{rel}","templated":true}]}}