{"id":24036,"date":"2023-01-11T11:39:46","date_gmt":"2023-01-11T10:39:46","guid":{"rendered":"https:\/\/www.allinclusivehotels.it\/hotels\/residence-trivento"},"modified":"2023-02-06T12:14:50","modified_gmt":"2023-02-06T11:14:50","slug":"residence-trivento","status":"publish","type":"page","link":"https:\/\/www.allinclusivehotels.it\/fr\/hotels\/residence-trivento","title":{"rendered":"R\u00e9sidence Trivento"},"content":{"rendered":"\n<p>La <b>R\u00e9sidence Trivento de Palinuro<\/b>, sur la c\u00f4te du Cilento, se trouve \u00e0 3,5 km de la c\u00e9l\u00e8bre plage Arco Naturale. Vous pouvez facilement rejoindre les \u00e9tablissements affili\u00e9s en voiture ou en navette. La position strat\u00e9gique vous permet de <b>vous d\u00e9placer facilement entre Palinuro et Marina di Camerota<\/b>, tout en profitant d&#8217;un s\u00e9jour relaxant dans une structure entour\u00e9e de verdure.<\/p>\n\n\n\n<!--more-->\n\n\n\n<p>Le service d\u2019<b>animation \u00e0 partir de 5 ans<\/b>, tant \u00e0 l&#8217;h\u00f4tel que sur la plage, les <b>services b\u00e9b\u00e9<\/b> pr\u00e9sents dans l&#8217;appartement et dans la salle \u00e0 manger, les <b>espaces de jeux<\/b> \u00e9quip\u00e9s, les <b>menus pour enfants<\/b> et la possibilit\u00e9 de prendre les <b>repas avec les animateurs<\/b>, font de la R\u00e9sidence Trivento la solution parfaite pour des <b>vacances r\u00e9g\u00e9n\u00e9rantes et divertissantes en famille \u00e0 Palinuro<\/b>. De plus, si vous aimez vous divertir, \u00e0 Trivento, vous trouverez des <b>activit\u00e9s pour petits et grands<\/b>\u00a0!<\/p>\n\n\n\n<p>Chaque jour, vous pouvez choisir d&#8217;aller \u00e0 la plage ou de profiter des <b>deux piscines, une pour adultes et une pour enfants<\/b>, entour\u00e9s d&#8217;un beau <b>solarium <\/b>\u00e9quip\u00e9 et ensoleill\u00e9. L&#8217;\u00e9quipe d&#8217;animation organise des activit\u00e9s dans la piscine pour tous et les enfants peuvent participer \u00e0 des cours de natation, avec possibilit\u00e9 de s&#8217;essayer \u00e0 la plong\u00e9e.<\/p>\n\n\n\n<p>La structure est entour\u00e9e d&#8217;un <b>grand jardin<\/b> avec <b>court de tennis<\/b>, terrain de <b>football <\/b>\u00e9clair\u00e9, terrain de <b>p\u00e9tanque<\/b>, <b>tennis de table<\/b> et <b>tir \u00e0 l&#8217;arc<\/b>. Les petits chiens sont autoris\u00e9s.<\/p>\n","protected":false},"excerpt":{"rendered":"<p>La R\u00e9sidence Trivento de Palinuro, sur la c\u00f4te du Cilento, se trouve \u00e0 3,5 km &hellip;<\/p>\n","protected":false},"author":1,"featured_media":0,"parent":8241,"menu_order":0,"comment_status":"closed","ping_status":"closed","template":"page-templates\/scheda_hotel.php","meta":{"_acf_changed":false,"footnotes":""},"class_list":["post-24036","page","type-page","status-publish","hentry"],"acf":[],"yoast_head":"<!-- This site is optimized with the Yoast SEO plugin v27.6 - https:\/\/yoast.com\/product\/yoast-seo-wordpress\/ -->\n<title>Offres All Inclusive de la R\u00e9sidence Trivento \u00e0 Palinuro<\/title>\n<meta name=\"description\" content=\"Envie de vacances\u00a0? D\u00e9couvrez les offres All Inclusive et forfaits famille tout compris de la R\u00e9sidence Trivento \u00e0 Palinuro, en Campanie\u00a0!\" \/>\n<meta name=\"robots\" content=\"index, follow, max-snippet:-1, max-image-preview:large, max-video-preview:-1\" \/>\n<link rel=\"canonical\" href=\"https:\/\/www.allinclusivehotels.it\/fr\/hotels\/residence-trivento\" \/>\n<meta property=\"og:locale\" content=\"fr_FR\" \/>\n<meta property=\"og:type\" content=\"article\" \/>\n<meta property=\"og:title\" content=\"Offres All Inclusive de la R\u00e9sidence Trivento \u00e0 Palinuro\" \/>\n<meta property=\"og:description\" content=\"Envie de vacances\u00a0? D\u00e9couvrez les offres All Inclusive et forfaits famille tout compris de la R\u00e9sidence Trivento \u00e0 Palinuro, en Campanie\u00a0!\" \/>\n<meta property=\"og:url\" content=\"https:\/\/www.allinclusivehotels.it\/fr\/hotels\/residence-trivento\" \/>\n<meta property=\"og:site_name\" content=\"All Inclusive Hotels\" \/>\n<meta property=\"article:modified_time\" content=\"2023-02-06T11:14:50+00:00\" \/>\n<meta name=\"twitter:card\" content=\"summary_large_image\" \/>\n<meta name=\"twitter:label1\" content=\"Dur\u00e9e de lecture estim\u00e9e\" \/>\n\t<meta name=\"twitter:data1\" content=\"1 minute\" \/>\n<script type=\"application\/ld+json\" class=\"yoast-schema-graph\">{\"@context\":\"https:\\\/\\\/schema.org\",\"@graph\":[{\"@type\":\"WebPage\",\"@id\":\"https:\\\/\\\/www.allinclusivehotels.it\\\/fr\\\/hotels\\\/residence-trivento\",\"url\":\"https:\\\/\\\/www.allinclusivehotels.it\\\/fr\\\/hotels\\\/residence-trivento\",\"name\":\"Offres All Inclusive de la R\u00e9sidence Trivento \u00e0 Palinuro\",\"isPartOf\":{\"@id\":\"https:\\\/\\\/www.allinclusivehotels.it\\\/fr#website\"},\"datePublished\":\"2023-01-11T10:39:46+00:00\",\"dateModified\":\"2023-02-06T11:14:50+00:00\",\"description\":\"Envie de vacances\u00a0? D\u00e9couvrez les offres All Inclusive et forfaits famille tout compris de la R\u00e9sidence Trivento \u00e0 Palinuro, en Campanie\u00a0!\",\"breadcrumb\":{\"@id\":\"https:\\\/\\\/www.allinclusivehotels.it\\\/fr\\\/hotels\\\/residence-trivento#breadcrumb\"},\"inLanguage\":\"fr-FR\",\"potentialAction\":[{\"@type\":\"ReadAction\",\"target\":[\"https:\\\/\\\/www.allinclusivehotels.it\\\/fr\\\/hotels\\\/residence-trivento\"]}]},{\"@type\":\"BreadcrumbList\",\"@id\":\"https:\\\/\\\/www.allinclusivehotels.it\\\/fr\\\/hotels\\\/residence-trivento#breadcrumb\",\"itemListElement\":[{\"@type\":\"ListItem\",\"position\":1,\"name\":\"Home\",\"item\":\"https:\\\/\\\/www.allinclusivehotels.it\\\/fr\"},{\"@type\":\"ListItem\",\"position\":2,\"name\":\"H\u00f4tels\",\"item\":\"https:\\\/\\\/www.allinclusivehotels.it\\\/fr\\\/hotels\"},{\"@type\":\"ListItem\",\"position\":3,\"name\":\"R\u00e9sidence Trivento\"}]},{\"@type\":\"WebSite\",\"@id\":\"https:\\\/\\\/www.allinclusivehotels.it\\\/fr#website\",\"url\":\"https:\\\/\\\/www.allinclusivehotels.it\\\/fr\",\"name\":\"All Inclusive Hotels\",\"description\":\"\",\"publisher\":{\"@id\":\"https:\\\/\\\/www.allinclusivehotels.it\\\/fr#organization\"},\"potentialAction\":[{\"@type\":\"SearchAction\",\"target\":{\"@type\":\"EntryPoint\",\"urlTemplate\":\"https:\\\/\\\/www.allinclusivehotels.it\\\/fr?s={search_term_string}\"},\"query-input\":{\"@type\":\"PropertyValueSpecification\",\"valueRequired\":true,\"valueName\":\"search_term_string\"}}],\"inLanguage\":\"fr-FR\"},{\"@type\":\"Organization\",\"@id\":\"https:\\\/\\\/www.allinclusivehotels.it\\\/fr#organization\",\"name\":\"All Inclusive Hotels\",\"url\":\"https:\\\/\\\/www.allinclusivehotels.it\\\/fr\",\"logo\":{\"@type\":\"ImageObject\",\"inLanguage\":\"fr-FR\",\"@id\":\"https:\\\/\\\/www.allinclusivehotels.it\\\/fr#\\\/schema\\\/logo\\\/image\\\/\",\"url\":\"\",\"contentUrl\":\"\",\"caption\":\"All Inclusive Hotels\"},\"image\":{\"@id\":\"https:\\\/\\\/www.allinclusivehotels.it\\\/fr#\\\/schema\\\/logo\\\/image\\\/\"}}]}<\/script>\n<!-- \/ Yoast SEO plugin. -->","yoast_head_json":{"title":"Offres All Inclusive de la R\u00e9sidence Trivento \u00e0 Palinuro","description":"Envie de vacances\u00a0? D\u00e9couvrez les offres All Inclusive et forfaits famille tout compris de la R\u00e9sidence Trivento \u00e0 Palinuro, en Campanie\u00a0!","robots":{"index":"index","follow":"follow","max-snippet":"max-snippet:-1","max-image-preview":"max-image-preview:large","max-video-preview":"max-video-preview:-1"},"canonical":"https:\/\/www.allinclusivehotels.it\/fr\/hotels\/residence-trivento","og_locale":"fr_FR","og_type":"article","og_title":"Offres All Inclusive de la R\u00e9sidence Trivento \u00e0 Palinuro","og_description":"Envie de vacances\u00a0? D\u00e9couvrez les offres All Inclusive et forfaits famille tout compris de la R\u00e9sidence Trivento \u00e0 Palinuro, en Campanie\u00a0!","og_url":"https:\/\/www.allinclusivehotels.it\/fr\/hotels\/residence-trivento","og_site_name":"All Inclusive Hotels","article_modified_time":"2023-02-06T11:14:50+00:00","twitter_card":"summary_large_image","twitter_misc":{"Dur\u00e9e de lecture estim\u00e9e":"1 minute"},"schema":{"@context":"https:\/\/schema.org","@graph":[{"@type":"WebPage","@id":"https:\/\/www.allinclusivehotels.it\/fr\/hotels\/residence-trivento","url":"https:\/\/www.allinclusivehotels.it\/fr\/hotels\/residence-trivento","name":"Offres All Inclusive de la R\u00e9sidence Trivento \u00e0 Palinuro","isPartOf":{"@id":"https:\/\/www.allinclusivehotels.it\/fr#website"},"datePublished":"2023-01-11T10:39:46+00:00","dateModified":"2023-02-06T11:14:50+00:00","description":"Envie de vacances\u00a0? D\u00e9couvrez les offres All Inclusive et forfaits famille tout compris de la R\u00e9sidence Trivento \u00e0 Palinuro, en Campanie\u00a0!","breadcrumb":{"@id":"https:\/\/www.allinclusivehotels.it\/fr\/hotels\/residence-trivento#breadcrumb"},"inLanguage":"fr-FR","potentialAction":[{"@type":"ReadAction","target":["https:\/\/www.allinclusivehotels.it\/fr\/hotels\/residence-trivento"]}]},{"@type":"BreadcrumbList","@id":"https:\/\/www.allinclusivehotels.it\/fr\/hotels\/residence-trivento#breadcrumb","itemListElement":[{"@type":"ListItem","position":1,"name":"Home","item":"https:\/\/www.allinclusivehotels.it\/fr"},{"@type":"ListItem","position":2,"name":"H\u00f4tels","item":"https:\/\/www.allinclusivehotels.it\/fr\/hotels"},{"@type":"ListItem","position":3,"name":"R\u00e9sidence Trivento"}]},{"@type":"WebSite","@id":"https:\/\/www.allinclusivehotels.it\/fr#website","url":"https:\/\/www.allinclusivehotels.it\/fr","name":"All Inclusive Hotels","description":"","publisher":{"@id":"https:\/\/www.allinclusivehotels.it\/fr#organization"},"potentialAction":[{"@type":"SearchAction","target":{"@type":"EntryPoint","urlTemplate":"https:\/\/www.allinclusivehotels.it\/fr?s={search_term_string}"},"query-input":{"@type":"PropertyValueSpecification","valueRequired":true,"valueName":"search_term_string"}}],"inLanguage":"fr-FR"},{"@type":"Organization","@id":"https:\/\/www.allinclusivehotels.it\/fr#organization","name":"All Inclusive Hotels","url":"https:\/\/www.allinclusivehotels.it\/fr","logo":{"@type":"ImageObject","inLanguage":"fr-FR","@id":"https:\/\/www.allinclusivehotels.it\/fr#\/schema\/logo\/image\/","url":"","contentUrl":"","caption":"All Inclusive Hotels"},"image":{"@id":"https:\/\/www.allinclusivehotels.it\/fr#\/schema\/logo\/image\/"}}]}},"_links":{"self":[{"href":"https:\/\/www.allinclusivehotels.it\/fr\/wp-json\/wp\/v2\/pages\/24036","targetHints":{"allow":["GET"]}}],"collection":[{"href":"https:\/\/www.allinclusivehotels.it\/fr\/wp-json\/wp\/v2\/pages"}],"about":[{"href":"https:\/\/www.allinclusivehotels.it\/fr\/wp-json\/wp\/v2\/types\/page"}],"author":[{"embeddable":true,"href":"https:\/\/www.allinclusivehotels.it\/fr\/wp-json\/wp\/v2\/users\/1"}],"replies":[{"embeddable":true,"href":"https:\/\/www.allinclusivehotels.it\/fr\/wp-json\/wp\/v2\/comments?post=24036"}],"version-history":[{"count":3,"href":"https:\/\/www.allinclusivehotels.it\/fr\/wp-json\/wp\/v2\/pages\/24036\/revisions"}],"predecessor-version":[{"id":25126,"href":"https:\/\/www.allinclusivehotels.it\/fr\/wp-json\/wp\/v2\/pages\/24036\/revisions\/25126"}],"up":[{"embeddable":true,"href":"https:\/\/www.allinclusivehotels.it\/fr\/wp-json\/wp\/v2\/pages\/8241"}],"wp:attachment":[{"href":"https:\/\/www.allinclusivehotels.it\/fr\/wp-json\/wp\/v2\/media?parent=24036"}],"curies":[{"name":"wp","href":"https:\/\/api.w.org\/{rel}","templated":true}]}}