{"id":23361,"date":"2023-06-26T11:02:27","date_gmt":"2023-06-26T09:02:27","guid":{"rendered":"https:\/\/www.allinclusivehotels.it\/?page_id=23361"},"modified":"2023-06-26T11:03:07","modified_gmt":"2023-06-26T09:03:07","slug":"loano","status":"publish","type":"page","link":"https:\/\/www.allinclusivehotels.it\/fr\/destinations\/loano","title":{"rendered":"Loano"},"content":{"rendered":"\n<p>Des vacances dans les<b> h\u00f4tels All Inclusive \u00e0 Loano<\/b> sont l&#8217;essence m\u00eame de la d\u00e9tente sur la plage et de la d\u00e9couverte agr\u00e9able d&#8217;un territoire luxuriant. La mer cristalline, r\u00e9compens\u00e9e \u00e0 plusieurs reprises par le titre de <b>Drapeau bleu<\/b>, vous invite \u00e0 de longues baignades, alternant avec des promenades vivifiantes sur le rivage ou des moments de d\u00e9tente r\u00e9g\u00e9n\u00e9rants sous le parasol.<\/p>\n\n\n\n<!--more-->\n\n\n\n<p>La <b>vieille ville <\/b>de <b>Loano<\/b> est tr\u00e8s jolie et se caract\u00e9rise par de suggestifs \u00ab&nbsp;carrugi&nbsp;\u00bb et des b\u00e2timents color\u00e9s servant de cadres aux magasins. Vous y trouverez \u00e9galement des petites boutiques et des restaurants, \u00e0 partir desquels vous pourrez rejoindre le quartier moderne et anim\u00e9 de la<b> Marina de Loano <\/b>jusqu\u2019\u00e0 <b>Piazza Italia<\/b> et le <b>Parco del Principe<\/b> qui accueillent des concerts en \u00e9t\u00e9 et des march\u00e9s de No\u00ebl en hiver.<\/p>\n\n\n\n<p>Des <b>vacances All Inclusive \u00e0 Loano<\/b> vous permettent de combiner des moments de repos bien m\u00e9rit\u00e9s \u00e0 l&#8217;h\u00f4tel \u00e0 des journ\u00e9es d&#8217;exploration et des <b>activit\u00e9s de plein air dans l&#8217;arri\u00e8re-pays<\/b> telles que la randonn\u00e9e et le cyclisme. Dans les <b>environs de Loano<\/b>, vous trouverez des sentiers menant au <b>sanctuaire des saints C\u00f4me et Damiano<\/b>, au <b>refuge Pian delle Bosse<\/b> o\u00f9 admirer un panorama d&#8217;auteur sur la mer Ligure, ou encore au <b>sommet du Monte Carmo<\/b>.<\/p>\n\n\n\n<p>\u00c0 quelques kilom\u00e8tres de Loano, vous pourrez visiter les fascinantes<b> Grottes de Toirano<\/b> et <b>Grottes de Borgio Verezzi<\/b>. Loano est un excellent point de d\u00e9part pour passer une journ\u00e9e au <b>Parc Le Caravelle de Ceriale<\/b>, entre piscines, toboggans et jeux d&#8217;eau, ou pour se rendre \u00e0 Alassio et faire du shopping.<\/p>\n","protected":false},"excerpt":{"rendered":"<p>Des vacances dans les h\u00f4tels All Inclusive \u00e0 Loano sont l&#8217;essence m\u00eame de la d\u00e9tente &hellip;<\/p>\n","protected":false},"author":1,"featured_media":0,"parent":8167,"menu_order":0,"comment_status":"closed","ping_status":"closed","template":"page-templates\/destinazione.php","meta":{"_acf_changed":false,"footnotes":""},"class_list":["post-23361","page","type-page","status-publish","hentry"],"acf":[],"yoast_head":"<!-- This site is optimized with the Yoast SEO plugin v27.0 - https:\/\/yoast.com\/product\/yoast-seo-wordpress\/ -->\n<title>H\u00f4tels All Inclusive Loano\u00a0: Offres h\u00f4tels pour familles<\/title>\n<meta name=\"description\" content=\"Un h\u00f4tel All Inclusive \u00e0 Loano\u00a0? D\u00e9couvrez la plus grande s\u00e9lection d&#039;h\u00f4tels All Inclusive en Italie. Consultez les offres\u00a0!\" \/>\n<meta name=\"robots\" content=\"index, follow, max-snippet:-1, max-image-preview:large, max-video-preview:-1\" \/>\n<link rel=\"canonical\" href=\"https:\/\/www.allinclusivehotels.it\/fr\/destinations\/loano\" \/>\n<meta property=\"og:locale\" content=\"fr_FR\" \/>\n<meta property=\"og:type\" content=\"article\" \/>\n<meta property=\"og:title\" content=\"H\u00f4tels All Inclusive Loano\u00a0: Offres h\u00f4tels pour familles\" \/>\n<meta property=\"og:description\" content=\"Un h\u00f4tel All Inclusive \u00e0 Loano\u00a0? D\u00e9couvrez la plus grande s\u00e9lection d&#039;h\u00f4tels All Inclusive en Italie. Consultez les offres\u00a0!\" \/>\n<meta property=\"og:url\" content=\"https:\/\/www.allinclusivehotels.it\/fr\/destinations\/loano\" \/>\n<meta property=\"og:site_name\" content=\"All Inclusive Hotels\" \/>\n<meta property=\"article:modified_time\" content=\"2023-06-26T09:03:07+00:00\" \/>\n<meta name=\"twitter:card\" content=\"summary_large_image\" \/>\n<meta name=\"twitter:label1\" content=\"Dur\u00e9e de lecture estim\u00e9e\" \/>\n\t<meta name=\"twitter:data1\" content=\"2 minutes\" \/>\n<script type=\"application\/ld+json\" class=\"yoast-schema-graph\">{\"@context\":\"https:\/\/schema.org\",\"@graph\":[{\"@type\":\"WebPage\",\"@id\":\"https:\/\/www.allinclusivehotels.it\/fr\/destinations\/loano\",\"url\":\"https:\/\/www.allinclusivehotels.it\/fr\/destinations\/loano\",\"name\":\"H\u00f4tels All Inclusive Loano\u00a0: Offres h\u00f4tels pour familles\",\"isPartOf\":{\"@id\":\"https:\/\/www.allinclusivehotels.it\/fr#website\"},\"datePublished\":\"2023-06-26T09:02:27+00:00\",\"dateModified\":\"2023-06-26T09:03:07+00:00\",\"description\":\"Un h\u00f4tel All Inclusive \u00e0 Loano\u00a0? D\u00e9couvrez la plus grande s\u00e9lection d'h\u00f4tels All Inclusive en Italie. Consultez les offres\u00a0!\",\"breadcrumb\":{\"@id\":\"https:\/\/www.allinclusivehotels.it\/fr\/destinations\/loano#breadcrumb\"},\"inLanguage\":\"fr-FR\",\"potentialAction\":[{\"@type\":\"ReadAction\",\"target\":[\"https:\/\/www.allinclusivehotels.it\/fr\/destinations\/loano\"]}]},{\"@type\":\"BreadcrumbList\",\"@id\":\"https:\/\/www.allinclusivehotels.it\/fr\/destinations\/loano#breadcrumb\",\"itemListElement\":[{\"@type\":\"ListItem\",\"position\":1,\"name\":\"Home\",\"item\":\"https:\/\/www.allinclusivehotels.it\/fr\"},{\"@type\":\"ListItem\",\"position\":2,\"name\":\"Destinations\",\"item\":\"https:\/\/www.allinclusivehotels.it\/fr\/destinations\"},{\"@type\":\"ListItem\",\"position\":3,\"name\":\"Loano\"}]},{\"@type\":\"WebSite\",\"@id\":\"https:\/\/www.allinclusivehotels.it\/fr#website\",\"url\":\"https:\/\/www.allinclusivehotels.it\/fr\",\"name\":\"All Inclusive Hotels\",\"description\":\"\",\"publisher\":{\"@id\":\"https:\/\/www.allinclusivehotels.it\/fr#organization\"},\"potentialAction\":[{\"@type\":\"SearchAction\",\"target\":{\"@type\":\"EntryPoint\",\"urlTemplate\":\"https:\/\/www.allinclusivehotels.it\/fr?s={search_term_string}\"},\"query-input\":{\"@type\":\"PropertyValueSpecification\",\"valueRequired\":true,\"valueName\":\"search_term_string\"}}],\"inLanguage\":\"fr-FR\"},{\"@type\":\"Organization\",\"@id\":\"https:\/\/www.allinclusivehotels.it\/fr#organization\",\"name\":\"All Inclusive Hotels\",\"url\":\"https:\/\/www.allinclusivehotels.it\/fr\",\"logo\":{\"@type\":\"ImageObject\",\"inLanguage\":\"fr-FR\",\"@id\":\"https:\/\/www.allinclusivehotels.it\/fr#\/schema\/logo\/image\/\",\"url\":\"\",\"contentUrl\":\"\",\"caption\":\"All Inclusive Hotels\"},\"image\":{\"@id\":\"https:\/\/www.allinclusivehotels.it\/fr#\/schema\/logo\/image\/\"}}]}<\/script>\n<!-- \/ Yoast SEO plugin. -->","yoast_head_json":{"title":"H\u00f4tels All Inclusive Loano\u00a0: Offres h\u00f4tels pour familles","description":"Un h\u00f4tel All Inclusive \u00e0 Loano\u00a0? D\u00e9couvrez la plus grande s\u00e9lection d'h\u00f4tels All Inclusive en Italie. Consultez les offres\u00a0!","robots":{"index":"index","follow":"follow","max-snippet":"max-snippet:-1","max-image-preview":"max-image-preview:large","max-video-preview":"max-video-preview:-1"},"canonical":"https:\/\/www.allinclusivehotels.it\/fr\/destinations\/loano","og_locale":"fr_FR","og_type":"article","og_title":"H\u00f4tels All Inclusive Loano\u00a0: Offres h\u00f4tels pour familles","og_description":"Un h\u00f4tel All Inclusive \u00e0 Loano\u00a0? D\u00e9couvrez la plus grande s\u00e9lection d'h\u00f4tels All Inclusive en Italie. Consultez les offres\u00a0!","og_url":"https:\/\/www.allinclusivehotels.it\/fr\/destinations\/loano","og_site_name":"All Inclusive Hotels","article_modified_time":"2023-06-26T09:03:07+00:00","twitter_card":"summary_large_image","twitter_misc":{"Dur\u00e9e de lecture estim\u00e9e":"2 minutes"},"schema":{"@context":"https:\/\/schema.org","@graph":[{"@type":"WebPage","@id":"https:\/\/www.allinclusivehotels.it\/fr\/destinations\/loano","url":"https:\/\/www.allinclusivehotels.it\/fr\/destinations\/loano","name":"H\u00f4tels All Inclusive Loano\u00a0: Offres h\u00f4tels pour familles","isPartOf":{"@id":"https:\/\/www.allinclusivehotels.it\/fr#website"},"datePublished":"2023-06-26T09:02:27+00:00","dateModified":"2023-06-26T09:03:07+00:00","description":"Un h\u00f4tel All Inclusive \u00e0 Loano\u00a0? D\u00e9couvrez la plus grande s\u00e9lection d'h\u00f4tels All Inclusive en Italie. Consultez les offres\u00a0!","breadcrumb":{"@id":"https:\/\/www.allinclusivehotels.it\/fr\/destinations\/loano#breadcrumb"},"inLanguage":"fr-FR","potentialAction":[{"@type":"ReadAction","target":["https:\/\/www.allinclusivehotels.it\/fr\/destinations\/loano"]}]},{"@type":"BreadcrumbList","@id":"https:\/\/www.allinclusivehotels.it\/fr\/destinations\/loano#breadcrumb","itemListElement":[{"@type":"ListItem","position":1,"name":"Home","item":"https:\/\/www.allinclusivehotels.it\/fr"},{"@type":"ListItem","position":2,"name":"Destinations","item":"https:\/\/www.allinclusivehotels.it\/fr\/destinations"},{"@type":"ListItem","position":3,"name":"Loano"}]},{"@type":"WebSite","@id":"https:\/\/www.allinclusivehotels.it\/fr#website","url":"https:\/\/www.allinclusivehotels.it\/fr","name":"All Inclusive Hotels","description":"","publisher":{"@id":"https:\/\/www.allinclusivehotels.it\/fr#organization"},"potentialAction":[{"@type":"SearchAction","target":{"@type":"EntryPoint","urlTemplate":"https:\/\/www.allinclusivehotels.it\/fr?s={search_term_string}"},"query-input":{"@type":"PropertyValueSpecification","valueRequired":true,"valueName":"search_term_string"}}],"inLanguage":"fr-FR"},{"@type":"Organization","@id":"https:\/\/www.allinclusivehotels.it\/fr#organization","name":"All Inclusive Hotels","url":"https:\/\/www.allinclusivehotels.it\/fr","logo":{"@type":"ImageObject","inLanguage":"fr-FR","@id":"https:\/\/www.allinclusivehotels.it\/fr#\/schema\/logo\/image\/","url":"","contentUrl":"","caption":"All Inclusive Hotels"},"image":{"@id":"https:\/\/www.allinclusivehotels.it\/fr#\/schema\/logo\/image\/"}}]}},"_links":{"self":[{"href":"https:\/\/www.allinclusivehotels.it\/fr\/wp-json\/wp\/v2\/pages\/23361","targetHints":{"allow":["GET"]}}],"collection":[{"href":"https:\/\/www.allinclusivehotels.it\/fr\/wp-json\/wp\/v2\/pages"}],"about":[{"href":"https:\/\/www.allinclusivehotels.it\/fr\/wp-json\/wp\/v2\/types\/page"}],"author":[{"embeddable":true,"href":"https:\/\/www.allinclusivehotels.it\/fr\/wp-json\/wp\/v2\/users\/1"}],"replies":[{"embeddable":true,"href":"https:\/\/www.allinclusivehotels.it\/fr\/wp-json\/wp\/v2\/comments?post=23361"}],"version-history":[{"count":3,"href":"https:\/\/www.allinclusivehotels.it\/fr\/wp-json\/wp\/v2\/pages\/23361\/revisions"}],"predecessor-version":[{"id":30671,"href":"https:\/\/www.allinclusivehotels.it\/fr\/wp-json\/wp\/v2\/pages\/23361\/revisions\/30671"}],"up":[{"embeddable":true,"href":"https:\/\/www.allinclusivehotels.it\/fr\/wp-json\/wp\/v2\/pages\/8167"}],"wp:attachment":[{"href":"https:\/\/www.allinclusivehotels.it\/fr\/wp-json\/wp\/v2\/media?parent=23361"}],"curies":[{"name":"wp","href":"https:\/\/api.w.org\/{rel}","templated":true}]}}