{"id":23071,"date":"2022-12-05T12:15:52","date_gmt":"2022-12-05T11:15:52","guid":{"rendered":"https:\/\/www.allinclusivehotels.it\/hotels\/hotel-meridianus"},"modified":"2023-02-06T11:19:26","modified_gmt":"2023-02-06T10:19:26","slug":"hotel-meridianus","status":"publish","type":"page","link":"https:\/\/www.allinclusivehotels.it\/fr\/hotels\/hotel-meridianus","title":{"rendered":"H\u00f4tel M\u00e9ridianus"},"content":{"rendered":"\n<p>L&#8217;<b>H\u00f4tel Meridianus \u00e0 Lignano Sabbiadoro<\/b> se trouve \u00e0 quelques minutes \u00e0 pied de la <b>plage priv\u00e9e<\/b>, \u00e0 laquelle il est possible de se rendre par une courte promenade \u00e0 l&#8217;ombre d\u2019une pin\u00e8de verte. Une grande plage \u00e9quip\u00e9e, \u00e9galement parfaite pour qui est en vacances avec des enfants en raison de la pr\u00e9sence de <b>sable fin et de fond marin en pente douce<\/b>, et o\u00f9 un parasol, deux transats et des animations pour les plus petits vous attendent.<\/p>\n\n\n\n<!--more-->\n\n\n\n<p>L&#8217;h\u00f4tel, entour\u00e9 d&#8217;un <b>immense parc<\/b>, dispose d\u2019une <b>piscine semi-olympique de 25 m\u00e8tres,<\/b> toujours ensoleill\u00e9e et chauff\u00e9e \u00e0 28\u00b0, et laquelle, si n\u00e9cessaire, peut \u00eatre couverte par une baie vitr\u00e9e et est donc utilisable \u00e0 tous les moments de l&#8217;ann\u00e9e. Le <b>kiosque <\/b>au bord de la piscine et le<b> solarium avec transats et parasols<\/b>, sont des espaces agr\u00e9ables o\u00f9 profiter d&#8217;une d\u00e9tente bien m\u00e9rit\u00e9e. Vous pouvez \u00e9galement r\u00e9server du temps pour vous r\u00e9g\u00e9n\u00e9rer dans notre moderne <b>spa de 450 m2<\/b>, entre sauna, bain turc, massages et soins.<\/p>\n\n\n\n<p>Si vous \u00eates en vacances avec vos enfants, vous pouvez choisir de s\u00e9journer dans nos <b>confortables suites Family<\/b> et demander aux Chefs de pr\u00e9parer des <b>aliments pour b\u00e9b\u00e9s et des bouillons de sevrage<\/b>. Les enfants plus \u00e2g\u00e9s pourront profiter d\u2019un <b>menu b\u00e9b\u00e9<\/b> simple et authentique.<\/p>\n","protected":false},"excerpt":{"rendered":"<p>L&#8217;H\u00f4tel Meridianus \u00e0 Lignano Sabbiadoro se trouve \u00e0 quelques minutes \u00e0 pied de la plage &hellip;<\/p>\n","protected":false},"author":1,"featured_media":0,"parent":8241,"menu_order":0,"comment_status":"closed","ping_status":"closed","template":"page-templates\/scheda_hotel.php","meta":{"_acf_changed":false,"footnotes":""},"class_list":["post-23071","page","type-page","status-publish","hentry"],"acf":[],"yoast_head":"<!-- This site is optimized with the Yoast SEO plugin v27.0 - https:\/\/yoast.com\/product\/yoast-seo-wordpress\/ -->\n<title>Offres All Inclusive Hotel Meridianus \u00e0 Lignano Sabbiadoro<\/title>\n<meta name=\"description\" content=\"Envie de vacances\u00a0? D\u00e9couvrez les offres All Inclusive et forfaits tout compris de l\u2019H\u00f4tel Meridianus de Lignano Sabbiadoro\u00a0!\" \/>\n<meta name=\"robots\" content=\"index, follow, max-snippet:-1, max-image-preview:large, max-video-preview:-1\" \/>\n<link rel=\"canonical\" href=\"https:\/\/www.allinclusivehotels.it\/fr\/hotels\/hotel-meridianus\" \/>\n<meta property=\"og:locale\" content=\"fr_FR\" \/>\n<meta property=\"og:type\" content=\"article\" \/>\n<meta property=\"og:title\" content=\"Offres All Inclusive Hotel Meridianus \u00e0 Lignano Sabbiadoro\" \/>\n<meta property=\"og:description\" content=\"Envie de vacances\u00a0? D\u00e9couvrez les offres All Inclusive et forfaits tout compris de l\u2019H\u00f4tel Meridianus de Lignano Sabbiadoro\u00a0!\" \/>\n<meta property=\"og:url\" content=\"https:\/\/www.allinclusivehotels.it\/fr\/hotels\/hotel-meridianus\" \/>\n<meta property=\"og:site_name\" content=\"All Inclusive Hotels\" \/>\n<meta property=\"article:modified_time\" content=\"2023-02-06T10:19:26+00:00\" \/>\n<meta name=\"twitter:card\" content=\"summary_large_image\" \/>\n<meta name=\"twitter:label1\" content=\"Dur\u00e9e de lecture estim\u00e9e\" \/>\n\t<meta name=\"twitter:data1\" content=\"1 minute\" \/>\n<script type=\"application\/ld+json\" class=\"yoast-schema-graph\">{\"@context\":\"https:\/\/schema.org\",\"@graph\":[{\"@type\":\"WebPage\",\"@id\":\"https:\/\/www.allinclusivehotels.it\/fr\/hotels\/hotel-meridianus\",\"url\":\"https:\/\/www.allinclusivehotels.it\/fr\/hotels\/hotel-meridianus\",\"name\":\"Offres All Inclusive Hotel Meridianus \u00e0 Lignano Sabbiadoro\",\"isPartOf\":{\"@id\":\"https:\/\/www.allinclusivehotels.it\/fr#website\"},\"datePublished\":\"2022-12-05T11:15:52+00:00\",\"dateModified\":\"2023-02-06T10:19:26+00:00\",\"description\":\"Envie de vacances\u00a0? D\u00e9couvrez les offres All Inclusive et forfaits tout compris de l\u2019H\u00f4tel Meridianus de Lignano Sabbiadoro\u00a0!\",\"breadcrumb\":{\"@id\":\"https:\/\/www.allinclusivehotels.it\/fr\/hotels\/hotel-meridianus#breadcrumb\"},\"inLanguage\":\"fr-FR\",\"potentialAction\":[{\"@type\":\"ReadAction\",\"target\":[\"https:\/\/www.allinclusivehotels.it\/fr\/hotels\/hotel-meridianus\"]}]},{\"@type\":\"BreadcrumbList\",\"@id\":\"https:\/\/www.allinclusivehotels.it\/fr\/hotels\/hotel-meridianus#breadcrumb\",\"itemListElement\":[{\"@type\":\"ListItem\",\"position\":1,\"name\":\"Home\",\"item\":\"https:\/\/www.allinclusivehotels.it\/fr\"},{\"@type\":\"ListItem\",\"position\":2,\"name\":\"H\u00f4tels\",\"item\":\"https:\/\/www.allinclusivehotels.it\/fr\/hotels\"},{\"@type\":\"ListItem\",\"position\":3,\"name\":\"H\u00f4tel M\u00e9ridianus\"}]},{\"@type\":\"WebSite\",\"@id\":\"https:\/\/www.allinclusivehotels.it\/fr#website\",\"url\":\"https:\/\/www.allinclusivehotels.it\/fr\",\"name\":\"All Inclusive Hotels\",\"description\":\"\",\"publisher\":{\"@id\":\"https:\/\/www.allinclusivehotels.it\/fr#organization\"},\"potentialAction\":[{\"@type\":\"SearchAction\",\"target\":{\"@type\":\"EntryPoint\",\"urlTemplate\":\"https:\/\/www.allinclusivehotels.it\/fr?s={search_term_string}\"},\"query-input\":{\"@type\":\"PropertyValueSpecification\",\"valueRequired\":true,\"valueName\":\"search_term_string\"}}],\"inLanguage\":\"fr-FR\"},{\"@type\":\"Organization\",\"@id\":\"https:\/\/www.allinclusivehotels.it\/fr#organization\",\"name\":\"All Inclusive Hotels\",\"url\":\"https:\/\/www.allinclusivehotels.it\/fr\",\"logo\":{\"@type\":\"ImageObject\",\"inLanguage\":\"fr-FR\",\"@id\":\"https:\/\/www.allinclusivehotels.it\/fr#\/schema\/logo\/image\/\",\"url\":\"\",\"contentUrl\":\"\",\"caption\":\"All Inclusive Hotels\"},\"image\":{\"@id\":\"https:\/\/www.allinclusivehotels.it\/fr#\/schema\/logo\/image\/\"}}]}<\/script>\n<!-- \/ Yoast SEO plugin. -->","yoast_head_json":{"title":"Offres All Inclusive Hotel Meridianus \u00e0 Lignano Sabbiadoro","description":"Envie de vacances\u00a0? D\u00e9couvrez les offres All Inclusive et forfaits tout compris de l\u2019H\u00f4tel Meridianus de Lignano Sabbiadoro\u00a0!","robots":{"index":"index","follow":"follow","max-snippet":"max-snippet:-1","max-image-preview":"max-image-preview:large","max-video-preview":"max-video-preview:-1"},"canonical":"https:\/\/www.allinclusivehotels.it\/fr\/hotels\/hotel-meridianus","og_locale":"fr_FR","og_type":"article","og_title":"Offres All Inclusive Hotel Meridianus \u00e0 Lignano Sabbiadoro","og_description":"Envie de vacances\u00a0? D\u00e9couvrez les offres All Inclusive et forfaits tout compris de l\u2019H\u00f4tel Meridianus de Lignano Sabbiadoro\u00a0!","og_url":"https:\/\/www.allinclusivehotels.it\/fr\/hotels\/hotel-meridianus","og_site_name":"All Inclusive Hotels","article_modified_time":"2023-02-06T10:19:26+00:00","twitter_card":"summary_large_image","twitter_misc":{"Dur\u00e9e de lecture estim\u00e9e":"1 minute"},"schema":{"@context":"https:\/\/schema.org","@graph":[{"@type":"WebPage","@id":"https:\/\/www.allinclusivehotels.it\/fr\/hotels\/hotel-meridianus","url":"https:\/\/www.allinclusivehotels.it\/fr\/hotels\/hotel-meridianus","name":"Offres All Inclusive Hotel Meridianus \u00e0 Lignano Sabbiadoro","isPartOf":{"@id":"https:\/\/www.allinclusivehotels.it\/fr#website"},"datePublished":"2022-12-05T11:15:52+00:00","dateModified":"2023-02-06T10:19:26+00:00","description":"Envie de vacances\u00a0? D\u00e9couvrez les offres All Inclusive et forfaits tout compris de l\u2019H\u00f4tel Meridianus de Lignano Sabbiadoro\u00a0!","breadcrumb":{"@id":"https:\/\/www.allinclusivehotels.it\/fr\/hotels\/hotel-meridianus#breadcrumb"},"inLanguage":"fr-FR","potentialAction":[{"@type":"ReadAction","target":["https:\/\/www.allinclusivehotels.it\/fr\/hotels\/hotel-meridianus"]}]},{"@type":"BreadcrumbList","@id":"https:\/\/www.allinclusivehotels.it\/fr\/hotels\/hotel-meridianus#breadcrumb","itemListElement":[{"@type":"ListItem","position":1,"name":"Home","item":"https:\/\/www.allinclusivehotels.it\/fr"},{"@type":"ListItem","position":2,"name":"H\u00f4tels","item":"https:\/\/www.allinclusivehotels.it\/fr\/hotels"},{"@type":"ListItem","position":3,"name":"H\u00f4tel M\u00e9ridianus"}]},{"@type":"WebSite","@id":"https:\/\/www.allinclusivehotels.it\/fr#website","url":"https:\/\/www.allinclusivehotels.it\/fr","name":"All Inclusive Hotels","description":"","publisher":{"@id":"https:\/\/www.allinclusivehotels.it\/fr#organization"},"potentialAction":[{"@type":"SearchAction","target":{"@type":"EntryPoint","urlTemplate":"https:\/\/www.allinclusivehotels.it\/fr?s={search_term_string}"},"query-input":{"@type":"PropertyValueSpecification","valueRequired":true,"valueName":"search_term_string"}}],"inLanguage":"fr-FR"},{"@type":"Organization","@id":"https:\/\/www.allinclusivehotels.it\/fr#organization","name":"All Inclusive Hotels","url":"https:\/\/www.allinclusivehotels.it\/fr","logo":{"@type":"ImageObject","inLanguage":"fr-FR","@id":"https:\/\/www.allinclusivehotels.it\/fr#\/schema\/logo\/image\/","url":"","contentUrl":"","caption":"All Inclusive Hotels"},"image":{"@id":"https:\/\/www.allinclusivehotels.it\/fr#\/schema\/logo\/image\/"}}]}},"_links":{"self":[{"href":"https:\/\/www.allinclusivehotels.it\/fr\/wp-json\/wp\/v2\/pages\/23071","targetHints":{"allow":["GET"]}}],"collection":[{"href":"https:\/\/www.allinclusivehotels.it\/fr\/wp-json\/wp\/v2\/pages"}],"about":[{"href":"https:\/\/www.allinclusivehotels.it\/fr\/wp-json\/wp\/v2\/types\/page"}],"author":[{"embeddable":true,"href":"https:\/\/www.allinclusivehotels.it\/fr\/wp-json\/wp\/v2\/users\/1"}],"replies":[{"embeddable":true,"href":"https:\/\/www.allinclusivehotels.it\/fr\/wp-json\/wp\/v2\/comments?post=23071"}],"version-history":[{"count":3,"href":"https:\/\/www.allinclusivehotels.it\/fr\/wp-json\/wp\/v2\/pages\/23071\/revisions"}],"predecessor-version":[{"id":25108,"href":"https:\/\/www.allinclusivehotels.it\/fr\/wp-json\/wp\/v2\/pages\/23071\/revisions\/25108"}],"up":[{"embeddable":true,"href":"https:\/\/www.allinclusivehotels.it\/fr\/wp-json\/wp\/v2\/pages\/8241"}],"wp:attachment":[{"href":"https:\/\/www.allinclusivehotels.it\/fr\/wp-json\/wp\/v2\/media?parent=23071"}],"curies":[{"name":"wp","href":"https:\/\/api.w.org\/{rel}","templated":true}]}}