{"id":20971,"date":"2022-06-20T10:03:33","date_gmt":"2022-06-20T08:03:33","guid":{"rendered":"https:\/\/www.allinclusivehotels.it\/?page_id=20971"},"modified":"2024-05-09T13:24:06","modified_gmt":"2024-05-09T11:24:06","slug":"vacances-a-la-montagne","status":"publish","type":"page","link":"https:\/\/www.allinclusivehotels.it\/fr\/vacances-a-la-montagne","title":{"rendered":"Vacances \u00e0 la montagne"},"content":{"rendered":"\n<p>Les <b>h\u00f4tels All Inclusive \u00e0 la montagne<\/b> vous accueillent pour des vacances sans soucis dans quelques-uns des plus beaux endroits d&#039;Italie.<\/p>\n\n\n\n<p>Vous voyagez avec des <b>enfants<\/b>\u00a0? Les <b>Family Hotels All Inclusive<\/b> disposent des meilleurs <b>forfaits vacances pour familles<\/b>, lesquels sont \u00ab\u00a0tout compris\u00a0\u00bb, \u00e9galement avec service d&#039;animation quotidien, Mini Club et piscine chauff\u00e9e. Vous r\u00eavez de <b>vacances romantiques<\/b>\u00a0? Les ambiances oniriques des <b>h\u00f4tels All Inclusive \u00e0 la montagne<\/b>, les vues uniques et les nombreux services inclus comme le Spa, sont exactement ce dont vous avez besoin.<\/p>\n\n\n\n<p>Si, au contraire, vous aimez les&#8230; <b>vacances actives<\/b> et les <b>sports de plein air<\/b>, des vacances \u00e0 la montagne r\u00e9pondent certainement \u00e0 vos besoins. Les <b>h\u00f4tels All Inclusive <\/b>se trouvent dans des lieux strat\u00e9giques, parfaits pour qui souhaite acc\u00e9der rapidement aux remont\u00e9es m\u00e9caniques, pour qui aime la randonn\u00e9e et veut s&#039;essayer aux sentiers CAI, sans oublier les cyclotouristes, qui pourront faire du v\u00e9lo en immersion dans la nature.<\/p>\n","protected":false},"excerpt":{"rendered":"<p>Les h\u00f4tels All Inclusive \u00e0 la montagne vous accueillent pour des vacances sans soucis dans &hellip;<\/p>\n","protected":false},"author":1,"featured_media":0,"parent":0,"menu_order":0,"comment_status":"closed","ping_status":"closed","template":"page-templates\/vacanze_montagna.php","meta":{"_acf_changed":false,"footnotes":""},"class_list":["post-20971","page","type-page","status-publish","hentry"],"acf":[],"yoast_head":"<!-- This site is optimized with the Yoast SEO plugin v27.0 - https:\/\/yoast.com\/product\/yoast-seo-wordpress\/ -->\n<title>Offres Forfaits vacances \u00e0 la montagne en Italie | H\u00f4tels All Inclusive<\/title>\n<meta name=\"robots\" content=\"index, follow, max-snippet:-1, max-image-preview:large, max-video-preview:-1\" \/>\n<link rel=\"canonical\" href=\"https:\/\/www.allinclusivehotels.it\/fr\/vacances-a-la-montagne\" \/>\n<meta property=\"og:locale\" content=\"fr_FR\" \/>\n<meta property=\"og:type\" content=\"article\" \/>\n<meta property=\"og:title\" content=\"Offres Forfaits vacances \u00e0 la montagne en Italie | H\u00f4tels All Inclusive\" \/>\n<meta property=\"og:description\" content=\"Les h\u00f4tels All Inclusive \u00e0 la montagne vous accueillent pour des vacances sans soucis dans &hellip;\" \/>\n<meta property=\"og:url\" content=\"https:\/\/www.allinclusivehotels.it\/fr\/vacances-a-la-montagne\" \/>\n<meta property=\"og:site_name\" content=\"All Inclusive Hotels\" \/>\n<meta property=\"article:modified_time\" content=\"2024-05-09T11:24:06+00:00\" \/>\n<meta name=\"twitter:card\" content=\"summary_large_image\" \/>\n<script type=\"application\/ld+json\" class=\"yoast-schema-graph\">{\"@context\":\"https:\/\/schema.org\",\"@graph\":[{\"@type\":\"WebPage\",\"@id\":\"https:\/\/www.allinclusivehotels.it\/fr\/vacances-a-la-montagne\",\"url\":\"https:\/\/www.allinclusivehotels.it\/fr\/vacances-a-la-montagne\",\"name\":\"Offres Forfaits vacances \u00e0 la montagne en Italie | H\u00f4tels All Inclusive\",\"isPartOf\":{\"@id\":\"https:\/\/www.allinclusivehotels.it\/fr#website\"},\"datePublished\":\"2022-06-20T08:03:33+00:00\",\"dateModified\":\"2024-05-09T11:24:06+00:00\",\"breadcrumb\":{\"@id\":\"https:\/\/www.allinclusivehotels.it\/fr\/vacances-a-la-montagne#breadcrumb\"},\"inLanguage\":\"fr-FR\",\"potentialAction\":[{\"@type\":\"ReadAction\",\"target\":[\"https:\/\/www.allinclusivehotels.it\/fr\/vacances-a-la-montagne\"]}]},{\"@type\":\"BreadcrumbList\",\"@id\":\"https:\/\/www.allinclusivehotels.it\/fr\/vacances-a-la-montagne#breadcrumb\",\"itemListElement\":[{\"@type\":\"ListItem\",\"position\":1,\"name\":\"Home\",\"item\":\"https:\/\/www.allinclusivehotels.it\/fr\"},{\"@type\":\"ListItem\",\"position\":2,\"name\":\"Vacances \u00e0 la montagne\"}]},{\"@type\":\"WebSite\",\"@id\":\"https:\/\/www.allinclusivehotels.it\/fr#website\",\"url\":\"https:\/\/www.allinclusivehotels.it\/fr\",\"name\":\"All Inclusive Hotels\",\"description\":\"\",\"publisher\":{\"@id\":\"https:\/\/www.allinclusivehotels.it\/fr#organization\"},\"potentialAction\":[{\"@type\":\"SearchAction\",\"target\":{\"@type\":\"EntryPoint\",\"urlTemplate\":\"https:\/\/www.allinclusivehotels.it\/fr?s={search_term_string}\"},\"query-input\":{\"@type\":\"PropertyValueSpecification\",\"valueRequired\":true,\"valueName\":\"search_term_string\"}}],\"inLanguage\":\"fr-FR\"},{\"@type\":\"Organization\",\"@id\":\"https:\/\/www.allinclusivehotels.it\/fr#organization\",\"name\":\"All Inclusive Hotels\",\"url\":\"https:\/\/www.allinclusivehotels.it\/fr\",\"logo\":{\"@type\":\"ImageObject\",\"inLanguage\":\"fr-FR\",\"@id\":\"https:\/\/www.allinclusivehotels.it\/fr#\/schema\/logo\/image\/\",\"url\":\"\",\"contentUrl\":\"\",\"caption\":\"All Inclusive Hotels\"},\"image\":{\"@id\":\"https:\/\/www.allinclusivehotels.it\/fr#\/schema\/logo\/image\/\"}}]}<\/script>\n<!-- \/ Yoast SEO plugin. -->","yoast_head_json":{"title":"Offres Forfaits vacances \u00e0 la montagne en Italie | H\u00f4tels All Inclusive","robots":{"index":"index","follow":"follow","max-snippet":"max-snippet:-1","max-image-preview":"max-image-preview:large","max-video-preview":"max-video-preview:-1"},"canonical":"https:\/\/www.allinclusivehotels.it\/fr\/vacances-a-la-montagne","og_locale":"fr_FR","og_type":"article","og_title":"Offres Forfaits vacances \u00e0 la montagne en Italie | H\u00f4tels All Inclusive","og_description":"Les h\u00f4tels All Inclusive \u00e0 la montagne vous accueillent pour des vacances sans soucis dans &hellip;","og_url":"https:\/\/www.allinclusivehotels.it\/fr\/vacances-a-la-montagne","og_site_name":"All Inclusive Hotels","article_modified_time":"2024-05-09T11:24:06+00:00","twitter_card":"summary_large_image","schema":{"@context":"https:\/\/schema.org","@graph":[{"@type":"WebPage","@id":"https:\/\/www.allinclusivehotels.it\/fr\/vacances-a-la-montagne","url":"https:\/\/www.allinclusivehotels.it\/fr\/vacances-a-la-montagne","name":"Offres Forfaits vacances \u00e0 la montagne en Italie | H\u00f4tels All Inclusive","isPartOf":{"@id":"https:\/\/www.allinclusivehotels.it\/fr#website"},"datePublished":"2022-06-20T08:03:33+00:00","dateModified":"2024-05-09T11:24:06+00:00","breadcrumb":{"@id":"https:\/\/www.allinclusivehotels.it\/fr\/vacances-a-la-montagne#breadcrumb"},"inLanguage":"fr-FR","potentialAction":[{"@type":"ReadAction","target":["https:\/\/www.allinclusivehotels.it\/fr\/vacances-a-la-montagne"]}]},{"@type":"BreadcrumbList","@id":"https:\/\/www.allinclusivehotels.it\/fr\/vacances-a-la-montagne#breadcrumb","itemListElement":[{"@type":"ListItem","position":1,"name":"Home","item":"https:\/\/www.allinclusivehotels.it\/fr"},{"@type":"ListItem","position":2,"name":"Vacances \u00e0 la montagne"}]},{"@type":"WebSite","@id":"https:\/\/www.allinclusivehotels.it\/fr#website","url":"https:\/\/www.allinclusivehotels.it\/fr","name":"All Inclusive Hotels","description":"","publisher":{"@id":"https:\/\/www.allinclusivehotels.it\/fr#organization"},"potentialAction":[{"@type":"SearchAction","target":{"@type":"EntryPoint","urlTemplate":"https:\/\/www.allinclusivehotels.it\/fr?s={search_term_string}"},"query-input":{"@type":"PropertyValueSpecification","valueRequired":true,"valueName":"search_term_string"}}],"inLanguage":"fr-FR"},{"@type":"Organization","@id":"https:\/\/www.allinclusivehotels.it\/fr#organization","name":"All Inclusive Hotels","url":"https:\/\/www.allinclusivehotels.it\/fr","logo":{"@type":"ImageObject","inLanguage":"fr-FR","@id":"https:\/\/www.allinclusivehotels.it\/fr#\/schema\/logo\/image\/","url":"","contentUrl":"","caption":"All Inclusive Hotels"},"image":{"@id":"https:\/\/www.allinclusivehotels.it\/fr#\/schema\/logo\/image\/"}}]}},"_links":{"self":[{"href":"https:\/\/www.allinclusivehotels.it\/fr\/wp-json\/wp\/v2\/pages\/20971","targetHints":{"allow":["GET"]}}],"collection":[{"href":"https:\/\/www.allinclusivehotels.it\/fr\/wp-json\/wp\/v2\/pages"}],"about":[{"href":"https:\/\/www.allinclusivehotels.it\/fr\/wp-json\/wp\/v2\/types\/page"}],"author":[{"embeddable":true,"href":"https:\/\/www.allinclusivehotels.it\/fr\/wp-json\/wp\/v2\/users\/1"}],"replies":[{"embeddable":true,"href":"https:\/\/www.allinclusivehotels.it\/fr\/wp-json\/wp\/v2\/comments?post=20971"}],"version-history":[{"count":3,"href":"https:\/\/www.allinclusivehotels.it\/fr\/wp-json\/wp\/v2\/pages\/20971\/revisions"}],"predecessor-version":[{"id":37450,"href":"https:\/\/www.allinclusivehotels.it\/fr\/wp-json\/wp\/v2\/pages\/20971\/revisions\/37450"}],"wp:attachment":[{"href":"https:\/\/www.allinclusivehotels.it\/fr\/wp-json\/wp\/v2\/media?parent=20971"}],"curies":[{"name":"wp","href":"https:\/\/api.w.org\/{rel}","templated":true}]}}