{"id":20564,"date":"2022-06-06T15:35:22","date_gmt":"2022-06-06T13:35:22","guid":{"rendered":"https:\/\/www.allinclusivehotels.it\/hotels\/hotel-mocambo"},"modified":"2022-08-23T16:14:39","modified_gmt":"2022-08-23T14:14:39","slug":"hotel-mocambo","status":"publish","type":"page","link":"https:\/\/www.allinclusivehotels.it\/fr\/hotels\/hotel-mocambo","title":{"rendered":"H\u00f4tel Mocambo"},"content":{"rendered":"\n<p>L\u2019<b>h\u00f4tel Mocambo <\/b>est situ\u00e9 \u00e0 <b>San Benedetto del Tronto, \u00e0\u00a030\u00a0m\u00e8tres seulement d\u2019une plage priv\u00e9e de sable fin<\/b>, sur laquelle vous attendent un parasol et un transat. Si vous pr\u00e9f\u00e9rez d\u00e9tendre \u00e0 l\u2019h\u00f4tel, vous pouvez profiter de notre <b>piscine avec jacuzzi<\/b>.<\/p>\n\n\n\n<!--more-->\n\n\n\n<p>L\u2019<b>\u00e9quipe d\u2019animation<\/b> organise chaque jour des activit\u00e9s, des jeux, et des soir\u00e9es pour divertir les enfants. Les adultes pourront suivre des cours d\u2019aquagym et de fitness \u00e0 la plage comme \u00e0 l\u2019h\u00f4tel. Si vous voulez rejoindre le centre-ville et explorer la Riveria delle Palme, vous pouvez <b>emprunter un v\u00e9lo<\/b>. Cela vous \u00e9vitera de d\u00e9placer votre voiture de l\u2019un des <b>deux parkings<\/b> r\u00e9serv\u00e9s \u00e0 notre client\u00e8le. Si vous avez des enfants en bas \u00e2ge, vous appr\u00e9cierez notre <b>espace nurserie \u00e9quip\u00e9 d\u2019un frigo et de tout ce dont vous avez besoin <\/b>pour pr\u00e9parer des repas.<\/p>\n","protected":false},"excerpt":{"rendered":"<p>L\u2019h\u00f4tel Mocambo est situ\u00e9 \u00e0 San Benedetto del Tronto, \u00e0\u00a030\u00a0m\u00e8tres seulement d\u2019une plage priv\u00e9e de &hellip;<\/p>\n","protected":false},"author":1,"featured_media":0,"parent":8241,"menu_order":0,"comment_status":"closed","ping_status":"closed","template":"page-templates\/scheda_hotel.php","meta":{"_acf_changed":false,"footnotes":""},"class_list":["post-20564","page","type-page","status-publish","hentry"],"acf":[],"yoast_head":"<!-- This site is optimized with the Yoast SEO plugin v27.0 - https:\/\/yoast.com\/product\/yoast-seo-wordpress\/ -->\n<title>Offres All Inclusive H\u00f4tel Mocambo \u00e0 San Benedetto del Tronto<\/title>\n<meta name=\"description\" content=\"Envie de partir en vacances\u00a0? D\u00e9couvrez les promotions All Inclusive et les forfaits all inclusive de l\u2019h\u00f4tel Mocambo \u00e0 San Benedetto del Tronto\u00a0!\" \/>\n<meta name=\"robots\" content=\"index, follow, max-snippet:-1, max-image-preview:large, max-video-preview:-1\" \/>\n<link rel=\"canonical\" href=\"https:\/\/www.allinclusivehotels.it\/fr\/hotels\/hotel-mocambo\" \/>\n<meta property=\"og:locale\" content=\"fr_FR\" \/>\n<meta property=\"og:type\" content=\"article\" \/>\n<meta property=\"og:title\" content=\"Offres All Inclusive H\u00f4tel Mocambo \u00e0 San Benedetto del Tronto\" \/>\n<meta property=\"og:description\" content=\"Envie de partir en vacances\u00a0? D\u00e9couvrez les promotions All Inclusive et les forfaits all inclusive de l\u2019h\u00f4tel Mocambo \u00e0 San Benedetto del Tronto\u00a0!\" \/>\n<meta property=\"og:url\" content=\"https:\/\/www.allinclusivehotels.it\/fr\/hotels\/hotel-mocambo\" \/>\n<meta property=\"og:site_name\" content=\"All Inclusive Hotels\" \/>\n<meta property=\"article:modified_time\" content=\"2022-08-23T14:14:39+00:00\" \/>\n<meta name=\"twitter:card\" content=\"summary_large_image\" \/>\n<meta name=\"twitter:label1\" content=\"Dur\u00e9e de lecture estim\u00e9e\" \/>\n\t<meta name=\"twitter:data1\" content=\"1 minute\" \/>\n<script type=\"application\/ld+json\" class=\"yoast-schema-graph\">{\"@context\":\"https:\/\/schema.org\",\"@graph\":[{\"@type\":\"WebPage\",\"@id\":\"https:\/\/www.allinclusivehotels.it\/fr\/hotels\/hotel-mocambo\",\"url\":\"https:\/\/www.allinclusivehotels.it\/fr\/hotels\/hotel-mocambo\",\"name\":\"Offres All Inclusive H\u00f4tel Mocambo \u00e0 San Benedetto del Tronto\",\"isPartOf\":{\"@id\":\"https:\/\/www.allinclusivehotels.it\/fr#website\"},\"datePublished\":\"2022-06-06T13:35:22+00:00\",\"dateModified\":\"2022-08-23T14:14:39+00:00\",\"description\":\"Envie de partir en vacances\u00a0? D\u00e9couvrez les promotions All Inclusive et les forfaits all inclusive de l\u2019h\u00f4tel Mocambo \u00e0 San Benedetto del Tronto\u00a0!\",\"breadcrumb\":{\"@id\":\"https:\/\/www.allinclusivehotels.it\/fr\/hotels\/hotel-mocambo#breadcrumb\"},\"inLanguage\":\"fr-FR\",\"potentialAction\":[{\"@type\":\"ReadAction\",\"target\":[\"https:\/\/www.allinclusivehotels.it\/fr\/hotels\/hotel-mocambo\"]}]},{\"@type\":\"BreadcrumbList\",\"@id\":\"https:\/\/www.allinclusivehotels.it\/fr\/hotels\/hotel-mocambo#breadcrumb\",\"itemListElement\":[{\"@type\":\"ListItem\",\"position\":1,\"name\":\"Home\",\"item\":\"https:\/\/www.allinclusivehotels.it\/fr\"},{\"@type\":\"ListItem\",\"position\":2,\"name\":\"H\u00f4tels\",\"item\":\"https:\/\/www.allinclusivehotels.it\/fr\/hotels\"},{\"@type\":\"ListItem\",\"position\":3,\"name\":\"H\u00f4tel Mocambo\"}]},{\"@type\":\"WebSite\",\"@id\":\"https:\/\/www.allinclusivehotels.it\/fr#website\",\"url\":\"https:\/\/www.allinclusivehotels.it\/fr\",\"name\":\"All Inclusive Hotels\",\"description\":\"\",\"publisher\":{\"@id\":\"https:\/\/www.allinclusivehotels.it\/fr#organization\"},\"potentialAction\":[{\"@type\":\"SearchAction\",\"target\":{\"@type\":\"EntryPoint\",\"urlTemplate\":\"https:\/\/www.allinclusivehotels.it\/fr?s={search_term_string}\"},\"query-input\":{\"@type\":\"PropertyValueSpecification\",\"valueRequired\":true,\"valueName\":\"search_term_string\"}}],\"inLanguage\":\"fr-FR\"},{\"@type\":\"Organization\",\"@id\":\"https:\/\/www.allinclusivehotels.it\/fr#organization\",\"name\":\"All Inclusive Hotels\",\"url\":\"https:\/\/www.allinclusivehotels.it\/fr\",\"logo\":{\"@type\":\"ImageObject\",\"inLanguage\":\"fr-FR\",\"@id\":\"https:\/\/www.allinclusivehotels.it\/fr#\/schema\/logo\/image\/\",\"url\":\"\",\"contentUrl\":\"\",\"caption\":\"All Inclusive Hotels\"},\"image\":{\"@id\":\"https:\/\/www.allinclusivehotels.it\/fr#\/schema\/logo\/image\/\"}}]}<\/script>\n<!-- \/ Yoast SEO plugin. -->","yoast_head_json":{"title":"Offres All Inclusive H\u00f4tel Mocambo \u00e0 San Benedetto del Tronto","description":"Envie de partir en vacances\u00a0? D\u00e9couvrez les promotions All Inclusive et les forfaits all inclusive de l\u2019h\u00f4tel Mocambo \u00e0 San Benedetto del Tronto\u00a0!","robots":{"index":"index","follow":"follow","max-snippet":"max-snippet:-1","max-image-preview":"max-image-preview:large","max-video-preview":"max-video-preview:-1"},"canonical":"https:\/\/www.allinclusivehotels.it\/fr\/hotels\/hotel-mocambo","og_locale":"fr_FR","og_type":"article","og_title":"Offres All Inclusive H\u00f4tel Mocambo \u00e0 San Benedetto del Tronto","og_description":"Envie de partir en vacances\u00a0? D\u00e9couvrez les promotions All Inclusive et les forfaits all inclusive de l\u2019h\u00f4tel Mocambo \u00e0 San Benedetto del Tronto\u00a0!","og_url":"https:\/\/www.allinclusivehotels.it\/fr\/hotels\/hotel-mocambo","og_site_name":"All Inclusive Hotels","article_modified_time":"2022-08-23T14:14:39+00:00","twitter_card":"summary_large_image","twitter_misc":{"Dur\u00e9e de lecture estim\u00e9e":"1 minute"},"schema":{"@context":"https:\/\/schema.org","@graph":[{"@type":"WebPage","@id":"https:\/\/www.allinclusivehotels.it\/fr\/hotels\/hotel-mocambo","url":"https:\/\/www.allinclusivehotels.it\/fr\/hotels\/hotel-mocambo","name":"Offres All Inclusive H\u00f4tel Mocambo \u00e0 San Benedetto del Tronto","isPartOf":{"@id":"https:\/\/www.allinclusivehotels.it\/fr#website"},"datePublished":"2022-06-06T13:35:22+00:00","dateModified":"2022-08-23T14:14:39+00:00","description":"Envie de partir en vacances\u00a0? D\u00e9couvrez les promotions All Inclusive et les forfaits all inclusive de l\u2019h\u00f4tel Mocambo \u00e0 San Benedetto del Tronto\u00a0!","breadcrumb":{"@id":"https:\/\/www.allinclusivehotels.it\/fr\/hotels\/hotel-mocambo#breadcrumb"},"inLanguage":"fr-FR","potentialAction":[{"@type":"ReadAction","target":["https:\/\/www.allinclusivehotels.it\/fr\/hotels\/hotel-mocambo"]}]},{"@type":"BreadcrumbList","@id":"https:\/\/www.allinclusivehotels.it\/fr\/hotels\/hotel-mocambo#breadcrumb","itemListElement":[{"@type":"ListItem","position":1,"name":"Home","item":"https:\/\/www.allinclusivehotels.it\/fr"},{"@type":"ListItem","position":2,"name":"H\u00f4tels","item":"https:\/\/www.allinclusivehotels.it\/fr\/hotels"},{"@type":"ListItem","position":3,"name":"H\u00f4tel Mocambo"}]},{"@type":"WebSite","@id":"https:\/\/www.allinclusivehotels.it\/fr#website","url":"https:\/\/www.allinclusivehotels.it\/fr","name":"All Inclusive Hotels","description":"","publisher":{"@id":"https:\/\/www.allinclusivehotels.it\/fr#organization"},"potentialAction":[{"@type":"SearchAction","target":{"@type":"EntryPoint","urlTemplate":"https:\/\/www.allinclusivehotels.it\/fr?s={search_term_string}"},"query-input":{"@type":"PropertyValueSpecification","valueRequired":true,"valueName":"search_term_string"}}],"inLanguage":"fr-FR"},{"@type":"Organization","@id":"https:\/\/www.allinclusivehotels.it\/fr#organization","name":"All Inclusive Hotels","url":"https:\/\/www.allinclusivehotels.it\/fr","logo":{"@type":"ImageObject","inLanguage":"fr-FR","@id":"https:\/\/www.allinclusivehotels.it\/fr#\/schema\/logo\/image\/","url":"","contentUrl":"","caption":"All Inclusive Hotels"},"image":{"@id":"https:\/\/www.allinclusivehotels.it\/fr#\/schema\/logo\/image\/"}}]}},"_links":{"self":[{"href":"https:\/\/www.allinclusivehotels.it\/fr\/wp-json\/wp\/v2\/pages\/20564","targetHints":{"allow":["GET"]}}],"collection":[{"href":"https:\/\/www.allinclusivehotels.it\/fr\/wp-json\/wp\/v2\/pages"}],"about":[{"href":"https:\/\/www.allinclusivehotels.it\/fr\/wp-json\/wp\/v2\/types\/page"}],"author":[{"embeddable":true,"href":"https:\/\/www.allinclusivehotels.it\/fr\/wp-json\/wp\/v2\/users\/1"}],"replies":[{"embeddable":true,"href":"https:\/\/www.allinclusivehotels.it\/fr\/wp-json\/wp\/v2\/comments?post=20564"}],"version-history":[{"count":7,"href":"https:\/\/www.allinclusivehotels.it\/fr\/wp-json\/wp\/v2\/pages\/20564\/revisions"}],"predecessor-version":[{"id":22730,"href":"https:\/\/www.allinclusivehotels.it\/fr\/wp-json\/wp\/v2\/pages\/20564\/revisions\/22730"}],"up":[{"embeddable":true,"href":"https:\/\/www.allinclusivehotels.it\/fr\/wp-json\/wp\/v2\/pages\/8241"}],"wp:attachment":[{"href":"https:\/\/www.allinclusivehotels.it\/fr\/wp-json\/wp\/v2\/media?parent=20564"}],"curies":[{"name":"wp","href":"https:\/\/api.w.org\/{rel}","templated":true}]}}