{"id":20546,"date":"2022-06-01T16:40:42","date_gmt":"2022-06-01T14:40:42","guid":{"rendered":"https:\/\/www.allinclusivehotels.it\/?page_id=20546"},"modified":"2022-07-04T11:05:12","modified_gmt":"2022-07-04T09:05:12","slug":"sardaigne","status":"publish","type":"page","link":"https:\/\/www.allinclusivehotels.it\/fr\/villages\/sardaigne","title":{"rendered":"Sardaigne"},"content":{"rendered":"\n<figure class=\"wp-block-table\"><table><tbody><tr><td><strong>S\u00e9jour en pays sarde<\/strong><\/td><\/tr><tr><td>La Sardaigne est une \u00eele qui vous surprendra par ses contrastes naturels, ses couleurs et sa nature sauvage&nbsp;. Pr\u00e9parez-vous \u00e0 naviguer dans <strong>une mer \u00e9meraude<\/strong> au beau milieu d\u2019\u00eelots et de vastes baies de sable. <strong>&nbsp;<\/strong><\/td><\/tr><tr><td>Les c\u00f4tes sardes comptent pr\u00e8s de <strong>200&nbsp;kilom\u00e8tres de plages toutes diff\u00e9rentes les unes des autres<\/strong>&nbsp;: certaines, expos\u00e9es <strong>au vent, se trouvent<\/strong> sur des dunes recouvertes de maquis, d\u2019autres, plus abrit\u00e9es, arborent des eaux calmes et <strong>c<\/strong>ristallines. <strong>&nbsp;<\/strong><\/td><\/tr><tr><td><strong>La Sardaigne&nbsp;: la mer et bien plus <\/strong><strong><\/strong><\/td><\/tr><tr><td>En Sardaigne, vous pourrez \u00e9galement visiter des bourgs et des parcs, ou arpenter des sentiers de randonn\u00e9e. Partez \u00e0 la d\u00e9couverte de la <strong>Barbagia<\/strong> , une des zones les plus sauvages de l\u2019\u00eele qui occupe les versants du <strong>Gennargentu<\/strong>\u00a0;un massif du centre de la r\u00e9gion o\u00f9 la nature est reine.<\/td><\/tr><tr><td>Ne manquez pas les <strong>villages nuragiques<\/strong>, des vestiges uniques au monde qui t\u00e9moignent d\u2019une culture ancienne dont les myst\u00e8res n\u2019ont toujours pas \u00e9t\u00e9 \u00e9lucid\u00e9s. Au-del\u00e0 de ces curiosit\u00e9s, l\u2019\u00eele offre un vaste choix d\u2019attractions touristiques, des plages dignes des tropiques, et des tr\u00e9sors arch\u00e9ologiques et artistiques. Plus rustique et moins accessible, l\u2019arri\u00e8re-pays est quant \u00e0 lui parfait pour les \u00e2mes aventureuses qui auront le plaisir de d\u00e9couvrir l\u2019accueil chaleureux des locaux. <strong>&nbsp;<\/strong><\/td><\/tr><tr><td><strong>Une cuisine qui ravira m\u00eame &nbsp;palais les plus exigeants<\/strong> <strong>&nbsp;<\/strong><\/td><\/tr><tr><td>Le bl\u00e9 est omnipr\u00e9sent dans la cuisine sarde., il est ingr\u00e9dient principal de la recette du pain traditionnel de la r\u00e9gion (le <strong>pane carasau)<\/strong>, mais aussi des fameux <strong>malloreddus<\/strong>,&nbsp;des <strong>culurgiones<\/strong>&nbsp;et de la&nbsp;<strong>fregola<\/strong>. Impossible de quitter l\u2019\u00eele sans avoir gout\u00e9 le c\u00e9l\u00e8bre <strong>porceddu<\/strong>, un cochon de lait cuit \u00e0 la braise. Si vous pr\u00e9f\u00e9rez les produits de la mer laissez-vous tenter par la langouste d\u2019Alghero, la <strong>poutargue de Cabras<\/strong> ou les <strong>spaghettis aux oursins<\/strong>. Vous pourrez aussi accompagner vos plats, de vins locaux de qualit\u00e9 comme le&nbsp;<strong>Vermentino di Gallura<\/strong>&nbsp;ou le&nbsp;<strong>Cannonau,<\/strong> sans oublier l\u2019exceptionnelle liqueur de myrte de la r\u00e9gion. <strong>&nbsp;<\/strong><\/td><\/tr><\/tbody><\/table><\/figure>\n\n\n\n<hr class=\"wp-block-separator has-alpha-channel-opacity\"\/>\n\n\n\n<p><a id=\"_msocom_1\"><\/a><\/p>\n\n\n\n<p><\/p>\n","protected":false},"excerpt":{"rendered":"<p>S\u00e9jour en pays sarde La Sardaigne est une \u00eele qui vous surprendra par ses contrastes &hellip;<\/p>\n","protected":false},"author":1,"featured_media":0,"parent":8229,"menu_order":0,"comment_status":"closed","ping_status":"closed","template":"page-templates\/destinazione_villaggi.php","meta":{"_acf_changed":false,"footnotes":""},"class_list":["post-20546","page","type-page","status-publish","hentry"],"acf":[],"yoast_head":"<!-- This site is optimized with the Yoast SEO plugin v27.0 - https:\/\/yoast.com\/product\/yoast-seo-wordpress\/ -->\n<title>Sardaigne - All Inclusive Hotels<\/title>\n<meta name=\"robots\" content=\"index, follow, max-snippet:-1, max-image-preview:large, max-video-preview:-1\" \/>\n<link rel=\"canonical\" href=\"https:\/\/www.allinclusivehotels.it\/fr\/villages\/sardaigne\" \/>\n<meta property=\"og:locale\" content=\"fr_FR\" \/>\n<meta property=\"og:type\" content=\"article\" \/>\n<meta property=\"og:title\" content=\"Sardaigne - All Inclusive Hotels\" \/>\n<meta property=\"og:description\" content=\"S\u00e9jour en pays sarde La Sardaigne est une \u00eele qui vous surprendra par ses contrastes &hellip;\" \/>\n<meta property=\"og:url\" content=\"https:\/\/www.allinclusivehotels.it\/fr\/villages\/sardaigne\" \/>\n<meta property=\"og:site_name\" content=\"All Inclusive Hotels\" \/>\n<meta property=\"article:modified_time\" content=\"2022-07-04T09:05:12+00:00\" \/>\n<meta name=\"twitter:card\" content=\"summary_large_image\" \/>\n<meta name=\"twitter:label1\" content=\"Dur\u00e9e de lecture estim\u00e9e\" \/>\n\t<meta name=\"twitter:data1\" content=\"2 minutes\" \/>\n<script type=\"application\/ld+json\" class=\"yoast-schema-graph\">{\"@context\":\"https:\/\/schema.org\",\"@graph\":[{\"@type\":\"WebPage\",\"@id\":\"https:\/\/www.allinclusivehotels.it\/fr\/villages\/sardaigne\",\"url\":\"https:\/\/www.allinclusivehotels.it\/fr\/villages\/sardaigne\",\"name\":\"Sardaigne - All Inclusive Hotels\",\"isPartOf\":{\"@id\":\"https:\/\/www.allinclusivehotels.it\/fr#website\"},\"datePublished\":\"2022-06-01T14:40:42+00:00\",\"dateModified\":\"2022-07-04T09:05:12+00:00\",\"breadcrumb\":{\"@id\":\"https:\/\/www.allinclusivehotels.it\/fr\/villages\/sardaigne#breadcrumb\"},\"inLanguage\":\"fr-FR\",\"potentialAction\":[{\"@type\":\"ReadAction\",\"target\":[\"https:\/\/www.allinclusivehotels.it\/fr\/villages\/sardaigne\"]}]},{\"@type\":\"BreadcrumbList\",\"@id\":\"https:\/\/www.allinclusivehotels.it\/fr\/villages\/sardaigne#breadcrumb\",\"itemListElement\":[{\"@type\":\"ListItem\",\"position\":1,\"name\":\"Home\",\"item\":\"https:\/\/www.allinclusivehotels.it\/fr\"},{\"@type\":\"ListItem\",\"position\":2,\"name\":\"Villages\",\"item\":\"https:\/\/www.allinclusivehotels.it\/fr\/villages\"},{\"@type\":\"ListItem\",\"position\":3,\"name\":\"Sardaigne\"}]},{\"@type\":\"WebSite\",\"@id\":\"https:\/\/www.allinclusivehotels.it\/fr#website\",\"url\":\"https:\/\/www.allinclusivehotels.it\/fr\",\"name\":\"All Inclusive Hotels\",\"description\":\"\",\"publisher\":{\"@id\":\"https:\/\/www.allinclusivehotels.it\/fr#organization\"},\"potentialAction\":[{\"@type\":\"SearchAction\",\"target\":{\"@type\":\"EntryPoint\",\"urlTemplate\":\"https:\/\/www.allinclusivehotels.it\/fr?s={search_term_string}\"},\"query-input\":{\"@type\":\"PropertyValueSpecification\",\"valueRequired\":true,\"valueName\":\"search_term_string\"}}],\"inLanguage\":\"fr-FR\"},{\"@type\":\"Organization\",\"@id\":\"https:\/\/www.allinclusivehotels.it\/fr#organization\",\"name\":\"All Inclusive Hotels\",\"url\":\"https:\/\/www.allinclusivehotels.it\/fr\",\"logo\":{\"@type\":\"ImageObject\",\"inLanguage\":\"fr-FR\",\"@id\":\"https:\/\/www.allinclusivehotels.it\/fr#\/schema\/logo\/image\/\",\"url\":\"\",\"contentUrl\":\"\",\"caption\":\"All Inclusive Hotels\"},\"image\":{\"@id\":\"https:\/\/www.allinclusivehotels.it\/fr#\/schema\/logo\/image\/\"}}]}<\/script>\n<!-- \/ Yoast SEO plugin. -->","yoast_head_json":{"title":"Sardaigne - All Inclusive Hotels","robots":{"index":"index","follow":"follow","max-snippet":"max-snippet:-1","max-image-preview":"max-image-preview:large","max-video-preview":"max-video-preview:-1"},"canonical":"https:\/\/www.allinclusivehotels.it\/fr\/villages\/sardaigne","og_locale":"fr_FR","og_type":"article","og_title":"Sardaigne - All Inclusive Hotels","og_description":"S\u00e9jour en pays sarde La Sardaigne est une \u00eele qui vous surprendra par ses contrastes &hellip;","og_url":"https:\/\/www.allinclusivehotels.it\/fr\/villages\/sardaigne","og_site_name":"All Inclusive Hotels","article_modified_time":"2022-07-04T09:05:12+00:00","twitter_card":"summary_large_image","twitter_misc":{"Dur\u00e9e de lecture estim\u00e9e":"2 minutes"},"schema":{"@context":"https:\/\/schema.org","@graph":[{"@type":"WebPage","@id":"https:\/\/www.allinclusivehotels.it\/fr\/villages\/sardaigne","url":"https:\/\/www.allinclusivehotels.it\/fr\/villages\/sardaigne","name":"Sardaigne - All Inclusive Hotels","isPartOf":{"@id":"https:\/\/www.allinclusivehotels.it\/fr#website"},"datePublished":"2022-06-01T14:40:42+00:00","dateModified":"2022-07-04T09:05:12+00:00","breadcrumb":{"@id":"https:\/\/www.allinclusivehotels.it\/fr\/villages\/sardaigne#breadcrumb"},"inLanguage":"fr-FR","potentialAction":[{"@type":"ReadAction","target":["https:\/\/www.allinclusivehotels.it\/fr\/villages\/sardaigne"]}]},{"@type":"BreadcrumbList","@id":"https:\/\/www.allinclusivehotels.it\/fr\/villages\/sardaigne#breadcrumb","itemListElement":[{"@type":"ListItem","position":1,"name":"Home","item":"https:\/\/www.allinclusivehotels.it\/fr"},{"@type":"ListItem","position":2,"name":"Villages","item":"https:\/\/www.allinclusivehotels.it\/fr\/villages"},{"@type":"ListItem","position":3,"name":"Sardaigne"}]},{"@type":"WebSite","@id":"https:\/\/www.allinclusivehotels.it\/fr#website","url":"https:\/\/www.allinclusivehotels.it\/fr","name":"All Inclusive Hotels","description":"","publisher":{"@id":"https:\/\/www.allinclusivehotels.it\/fr#organization"},"potentialAction":[{"@type":"SearchAction","target":{"@type":"EntryPoint","urlTemplate":"https:\/\/www.allinclusivehotels.it\/fr?s={search_term_string}"},"query-input":{"@type":"PropertyValueSpecification","valueRequired":true,"valueName":"search_term_string"}}],"inLanguage":"fr-FR"},{"@type":"Organization","@id":"https:\/\/www.allinclusivehotels.it\/fr#organization","name":"All Inclusive Hotels","url":"https:\/\/www.allinclusivehotels.it\/fr","logo":{"@type":"ImageObject","inLanguage":"fr-FR","@id":"https:\/\/www.allinclusivehotels.it\/fr#\/schema\/logo\/image\/","url":"","contentUrl":"","caption":"All Inclusive Hotels"},"image":{"@id":"https:\/\/www.allinclusivehotels.it\/fr#\/schema\/logo\/image\/"}}]}},"_links":{"self":[{"href":"https:\/\/www.allinclusivehotels.it\/fr\/wp-json\/wp\/v2\/pages\/20546","targetHints":{"allow":["GET"]}}],"collection":[{"href":"https:\/\/www.allinclusivehotels.it\/fr\/wp-json\/wp\/v2\/pages"}],"about":[{"href":"https:\/\/www.allinclusivehotels.it\/fr\/wp-json\/wp\/v2\/types\/page"}],"author":[{"embeddable":true,"href":"https:\/\/www.allinclusivehotels.it\/fr\/wp-json\/wp\/v2\/users\/1"}],"replies":[{"embeddable":true,"href":"https:\/\/www.allinclusivehotels.it\/fr\/wp-json\/wp\/v2\/comments?post=20546"}],"version-history":[{"count":4,"href":"https:\/\/www.allinclusivehotels.it\/fr\/wp-json\/wp\/v2\/pages\/20546\/revisions"}],"predecessor-version":[{"id":21448,"href":"https:\/\/www.allinclusivehotels.it\/fr\/wp-json\/wp\/v2\/pages\/20546\/revisions\/21448"}],"up":[{"embeddable":true,"href":"https:\/\/www.allinclusivehotels.it\/fr\/wp-json\/wp\/v2\/pages\/8229"}],"wp:attachment":[{"href":"https:\/\/www.allinclusivehotels.it\/fr\/wp-json\/wp\/v2\/media?parent=20546"}],"curies":[{"name":"wp","href":"https:\/\/api.w.org\/{rel}","templated":true}]}}