{"id":17582,"date":"2022-03-31T11:04:21","date_gmt":"2022-03-31T09:04:21","guid":{"rendered":"https:\/\/www.allinclusivehotels.it\/hotels\/hotel-cormoran"},"modified":"2022-08-03T16:23:55","modified_gmt":"2022-08-03T14:23:55","slug":"hotel-cormoran","status":"publish","type":"page","link":"https:\/\/www.allinclusivehotels.it\/fr\/hotels\/hotel-cormoran","title":{"rendered":"Hotel Cormoran"},"content":{"rendered":"\n<p>Que vous aimiez vous reposer, faire du sport ou prendre part \u00e0 des activit\u00e9s, l\u2019<b>Hotel Cormoran <\/b>est l&#8217;endroit id\u00e9al o\u00f9 passer vos vacances. Vous pourrez vous d\u00e9tendre sur la <b>plage priv\u00e9e devant l\u2019h\u00f4tel<\/b>, mais aussi participer \u00e0 des activit\u00e9s dans la <b>piscine semi-olympique<\/b>, sur le <b>terrain de tennis<\/b> et le front de mer de Cattolica.<\/p>\n\n\n\n<!--more-->\n\n\n\n<p>\u00c0 l\u2019h\u00f4tel vos enfants pourront se baigner en toute s\u00e9curit\u00e9 dans la <b>petite piscine qui leur d\u00e9di\u00e9e<\/b>. Pendant ce temps, vous pourrez bronzer au <b>solarium<\/b>. \u00c0 la plage, une <b>aire de jeux \u00e9quip\u00e9e<\/b> est accessible tous les jours aux enfants de 3 \u00e0 10 ans.<\/p>\n\n\n\n<p>L\u2019h\u00f4tel dispose de deux parkings priv\u00e9s ferm\u00e9s et d\u2019un parking surveill\u00e9 ouvert 24h\/24 (\u00e0 300 m\u00e8tres). Des v\u00e9los seront aussi \u00e0 votre disposition tout au long de votre s\u00e9jour sans aucun suppl\u00e9ment.<\/p>\n\n\n\n<p>Bien-\u00eatre et divertissement seront aussi au rendez-vous dans la <b>piscine semi-olympique<\/b> avec <b>tremplin<\/b> et <b>toboggan<\/b>, au <b>jacuzzi<\/b> et sur la <b>plage priv\u00e9e<\/b> o\u00f9 vous sont r\u00e9serv\u00e9s un parasol et deux transats.<\/p>\n\n\n\n<p>Si vous aimez les vacances sportives, vous appr\u00e9cierez notre <b>salle de fitness<\/b> et notre <b>terrain de tennis<\/b> situ\u00e9 \u00e0 quelques m\u00e8tres seulement de l\u2019h\u00f4tel. Nous organisons \u00e9galement des <b>excursions \u00e0 v\u00e9lo<\/b> dans l\u2019arri\u00e8re-pays avec un guide expert. Un espace d\u00e9tente avec <b>billard<\/b> et <b>table de ping-pong<\/b> vous attend \u00e0 l&#8217;ext\u00e9rieur, vous pourrez y d\u00e9fier vos amis.<\/p>\n","protected":false},"excerpt":{"rendered":"<p>Que vous aimiez vous reposer, faire du sport ou prendre part \u00e0 des activit\u00e9s, l\u2019Hotel &hellip;<\/p>\n","protected":false},"author":1,"featured_media":0,"parent":8241,"menu_order":0,"comment_status":"closed","ping_status":"closed","template":"page-templates\/scheda_hotel.php","meta":{"_acf_changed":false,"footnotes":""},"class_list":["post-17582","page","type-page","status-publish","hentry"],"acf":[],"yoast_head":"<!-- This site is optimized with the Yoast SEO plugin v27.0 - https:\/\/yoast.com\/product\/yoast-seo-wordpress\/ -->\n<title>Offres All Inclusive de l\u2019Hotel Cormoran \u00e0 Cattolica<\/title>\n<meta name=\"description\" content=\"Envie de vacances\u00a0? D\u00e9couvrez les offres All Inclusive et les formules tout compris de l\u2019Hotel Cormoran \u00e0 Cattolica\u00a0!\" \/>\n<meta name=\"robots\" content=\"index, follow, max-snippet:-1, max-image-preview:large, max-video-preview:-1\" \/>\n<link rel=\"canonical\" href=\"https:\/\/www.allinclusivehotels.it\/fr\/hotels\/hotel-cormoran\" \/>\n<meta property=\"og:locale\" content=\"fr_FR\" \/>\n<meta property=\"og:type\" content=\"article\" \/>\n<meta property=\"og:title\" content=\"Offres All Inclusive de l\u2019Hotel Cormoran \u00e0 Cattolica\" \/>\n<meta property=\"og:description\" content=\"Envie de vacances\u00a0? D\u00e9couvrez les offres All Inclusive et les formules tout compris de l\u2019Hotel Cormoran \u00e0 Cattolica\u00a0!\" \/>\n<meta property=\"og:url\" content=\"https:\/\/www.allinclusivehotels.it\/fr\/hotels\/hotel-cormoran\" \/>\n<meta property=\"og:site_name\" content=\"All Inclusive Hotels\" \/>\n<meta property=\"article:modified_time\" content=\"2022-08-03T14:23:55+00:00\" \/>\n<meta name=\"twitter:card\" content=\"summary_large_image\" \/>\n<meta name=\"twitter:label1\" content=\"Dur\u00e9e de lecture estim\u00e9e\" \/>\n\t<meta name=\"twitter:data1\" content=\"2 minutes\" \/>\n<script type=\"application\/ld+json\" class=\"yoast-schema-graph\">{\"@context\":\"https:\/\/schema.org\",\"@graph\":[{\"@type\":\"WebPage\",\"@id\":\"https:\/\/www.allinclusivehotels.it\/fr\/hotels\/hotel-cormoran\",\"url\":\"https:\/\/www.allinclusivehotels.it\/fr\/hotels\/hotel-cormoran\",\"name\":\"Offres All Inclusive de l\u2019Hotel Cormoran \u00e0 Cattolica\",\"isPartOf\":{\"@id\":\"https:\/\/www.allinclusivehotels.it\/fr#website\"},\"datePublished\":\"2022-03-31T09:04:21+00:00\",\"dateModified\":\"2022-08-03T14:23:55+00:00\",\"description\":\"Envie de vacances\u00a0? D\u00e9couvrez les offres All Inclusive et les formules tout compris de l\u2019Hotel Cormoran \u00e0 Cattolica\u00a0!\",\"breadcrumb\":{\"@id\":\"https:\/\/www.allinclusivehotels.it\/fr\/hotels\/hotel-cormoran#breadcrumb\"},\"inLanguage\":\"fr-FR\",\"potentialAction\":[{\"@type\":\"ReadAction\",\"target\":[\"https:\/\/www.allinclusivehotels.it\/fr\/hotels\/hotel-cormoran\"]}]},{\"@type\":\"BreadcrumbList\",\"@id\":\"https:\/\/www.allinclusivehotels.it\/fr\/hotels\/hotel-cormoran#breadcrumb\",\"itemListElement\":[{\"@type\":\"ListItem\",\"position\":1,\"name\":\"Home\",\"item\":\"https:\/\/www.allinclusivehotels.it\/fr\"},{\"@type\":\"ListItem\",\"position\":2,\"name\":\"H\u00f4tels\",\"item\":\"https:\/\/www.allinclusivehotels.it\/fr\/hotels\"},{\"@type\":\"ListItem\",\"position\":3,\"name\":\"Hotel Cormoran\"}]},{\"@type\":\"WebSite\",\"@id\":\"https:\/\/www.allinclusivehotels.it\/fr#website\",\"url\":\"https:\/\/www.allinclusivehotels.it\/fr\",\"name\":\"All Inclusive Hotels\",\"description\":\"\",\"publisher\":{\"@id\":\"https:\/\/www.allinclusivehotels.it\/fr#organization\"},\"potentialAction\":[{\"@type\":\"SearchAction\",\"target\":{\"@type\":\"EntryPoint\",\"urlTemplate\":\"https:\/\/www.allinclusivehotels.it\/fr?s={search_term_string}\"},\"query-input\":{\"@type\":\"PropertyValueSpecification\",\"valueRequired\":true,\"valueName\":\"search_term_string\"}}],\"inLanguage\":\"fr-FR\"},{\"@type\":\"Organization\",\"@id\":\"https:\/\/www.allinclusivehotels.it\/fr#organization\",\"name\":\"All Inclusive Hotels\",\"url\":\"https:\/\/www.allinclusivehotels.it\/fr\",\"logo\":{\"@type\":\"ImageObject\",\"inLanguage\":\"fr-FR\",\"@id\":\"https:\/\/www.allinclusivehotels.it\/fr#\/schema\/logo\/image\/\",\"url\":\"\",\"contentUrl\":\"\",\"caption\":\"All Inclusive Hotels\"},\"image\":{\"@id\":\"https:\/\/www.allinclusivehotels.it\/fr#\/schema\/logo\/image\/\"}}]}<\/script>\n<!-- \/ Yoast SEO plugin. -->","yoast_head_json":{"title":"Offres All Inclusive de l\u2019Hotel Cormoran \u00e0 Cattolica","description":"Envie de vacances\u00a0? D\u00e9couvrez les offres All Inclusive et les formules tout compris de l\u2019Hotel Cormoran \u00e0 Cattolica\u00a0!","robots":{"index":"index","follow":"follow","max-snippet":"max-snippet:-1","max-image-preview":"max-image-preview:large","max-video-preview":"max-video-preview:-1"},"canonical":"https:\/\/www.allinclusivehotels.it\/fr\/hotels\/hotel-cormoran","og_locale":"fr_FR","og_type":"article","og_title":"Offres All Inclusive de l\u2019Hotel Cormoran \u00e0 Cattolica","og_description":"Envie de vacances\u00a0? D\u00e9couvrez les offres All Inclusive et les formules tout compris de l\u2019Hotel Cormoran \u00e0 Cattolica\u00a0!","og_url":"https:\/\/www.allinclusivehotels.it\/fr\/hotels\/hotel-cormoran","og_site_name":"All Inclusive Hotels","article_modified_time":"2022-08-03T14:23:55+00:00","twitter_card":"summary_large_image","twitter_misc":{"Dur\u00e9e de lecture estim\u00e9e":"2 minutes"},"schema":{"@context":"https:\/\/schema.org","@graph":[{"@type":"WebPage","@id":"https:\/\/www.allinclusivehotels.it\/fr\/hotels\/hotel-cormoran","url":"https:\/\/www.allinclusivehotels.it\/fr\/hotels\/hotel-cormoran","name":"Offres All Inclusive de l\u2019Hotel Cormoran \u00e0 Cattolica","isPartOf":{"@id":"https:\/\/www.allinclusivehotels.it\/fr#website"},"datePublished":"2022-03-31T09:04:21+00:00","dateModified":"2022-08-03T14:23:55+00:00","description":"Envie de vacances\u00a0? D\u00e9couvrez les offres All Inclusive et les formules tout compris de l\u2019Hotel Cormoran \u00e0 Cattolica\u00a0!","breadcrumb":{"@id":"https:\/\/www.allinclusivehotels.it\/fr\/hotels\/hotel-cormoran#breadcrumb"},"inLanguage":"fr-FR","potentialAction":[{"@type":"ReadAction","target":["https:\/\/www.allinclusivehotels.it\/fr\/hotels\/hotel-cormoran"]}]},{"@type":"BreadcrumbList","@id":"https:\/\/www.allinclusivehotels.it\/fr\/hotels\/hotel-cormoran#breadcrumb","itemListElement":[{"@type":"ListItem","position":1,"name":"Home","item":"https:\/\/www.allinclusivehotels.it\/fr"},{"@type":"ListItem","position":2,"name":"H\u00f4tels","item":"https:\/\/www.allinclusivehotels.it\/fr\/hotels"},{"@type":"ListItem","position":3,"name":"Hotel Cormoran"}]},{"@type":"WebSite","@id":"https:\/\/www.allinclusivehotels.it\/fr#website","url":"https:\/\/www.allinclusivehotels.it\/fr","name":"All Inclusive Hotels","description":"","publisher":{"@id":"https:\/\/www.allinclusivehotels.it\/fr#organization"},"potentialAction":[{"@type":"SearchAction","target":{"@type":"EntryPoint","urlTemplate":"https:\/\/www.allinclusivehotels.it\/fr?s={search_term_string}"},"query-input":{"@type":"PropertyValueSpecification","valueRequired":true,"valueName":"search_term_string"}}],"inLanguage":"fr-FR"},{"@type":"Organization","@id":"https:\/\/www.allinclusivehotels.it\/fr#organization","name":"All Inclusive Hotels","url":"https:\/\/www.allinclusivehotels.it\/fr","logo":{"@type":"ImageObject","inLanguage":"fr-FR","@id":"https:\/\/www.allinclusivehotels.it\/fr#\/schema\/logo\/image\/","url":"","contentUrl":"","caption":"All Inclusive Hotels"},"image":{"@id":"https:\/\/www.allinclusivehotels.it\/fr#\/schema\/logo\/image\/"}}]}},"_links":{"self":[{"href":"https:\/\/www.allinclusivehotels.it\/fr\/wp-json\/wp\/v2\/pages\/17582","targetHints":{"allow":["GET"]}}],"collection":[{"href":"https:\/\/www.allinclusivehotels.it\/fr\/wp-json\/wp\/v2\/pages"}],"about":[{"href":"https:\/\/www.allinclusivehotels.it\/fr\/wp-json\/wp\/v2\/types\/page"}],"author":[{"embeddable":true,"href":"https:\/\/www.allinclusivehotels.it\/fr\/wp-json\/wp\/v2\/users\/1"}],"replies":[{"embeddable":true,"href":"https:\/\/www.allinclusivehotels.it\/fr\/wp-json\/wp\/v2\/comments?post=17582"}],"version-history":[{"count":6,"href":"https:\/\/www.allinclusivehotels.it\/fr\/wp-json\/wp\/v2\/pages\/17582\/revisions"}],"predecessor-version":[{"id":22547,"href":"https:\/\/www.allinclusivehotels.it\/fr\/wp-json\/wp\/v2\/pages\/17582\/revisions\/22547"}],"up":[{"embeddable":true,"href":"https:\/\/www.allinclusivehotels.it\/fr\/wp-json\/wp\/v2\/pages\/8241"}],"wp:attachment":[{"href":"https:\/\/www.allinclusivehotels.it\/fr\/wp-json\/wp\/v2\/media?parent=17582"}],"curies":[{"name":"wp","href":"https:\/\/api.w.org\/{rel}","templated":true}]}}