{"id":17453,"date":"2022-03-31T09:10:59","date_gmt":"2022-03-31T07:10:59","guid":{"rendered":"https:\/\/www.allinclusivehotels.it\/hotels\/hotel-napoleon"},"modified":"2022-05-26T09:33:10","modified_gmt":"2022-05-26T07:33:10","slug":"hotel-napoleon-gabicce","status":"publish","type":"page","link":"https:\/\/www.allinclusivehotels.it\/fr\/hotels\/hotel-napoleon-gabicce","title":{"rendered":"Hotel Napoleon"},"content":{"rendered":"\n<p>Face \u00e0 la mer, l\u2019<b>Hotel Napoleon<\/b> vous accueille pour des vacances sous le signe de la d\u00e9tente et du divertissement dans la charmante <b>Gabicce Mare<\/b>. L\u2019h\u00f4tel est situ\u00e9 au c\u0153ur de la <b>zone pi\u00e9tonne<\/b>, dispose d\u2019une magnifique <b>piscine <\/b>au derni\u00e8re \u00e9tage et un <b>acc\u00e8s direct \u00e0 la plage conventionn\u00e9e\u00a0<\/b>: il vous suffit de deux pas pour vous retrouver les pieds dans le sable fin et rejoindre le <b>parasol <\/b>et les <b>deux transats<\/b> qui vous sont r\u00e9serv\u00e9s.<\/p>\n\n\n\n<!--more-->\n\n\n\n<p>L\u2019h\u00f4tel dispose d\u2019un <b>parking gratuit<\/b> et d\u2019un <b>garage priv\u00e9<\/b> o\u00f9 garer sa voiture, et de <b>v\u00e9los en location gratuite<\/b> pour explorer les alentours. Pour ceux qui veulent rester connect\u00e9s m\u00eame sous le parasol, le WiFi est disponible aussi \u00e0 la plage\u00a0!<\/p>\n\n\n\n<p>Les enfants s\u2019amuseront avec notre <b>\u00e9quipe d\u2019animateurs <\/b>dans l\u2019<b>espace <\/b>qui leur est d\u00e9di\u00e9 \u00e0 l\u2019h\u00f4tel, tandis qu\u2019\u00e0 la plage ils trouveront une <b>aire de jeux am\u00e9nag\u00e9e <\/b>pour les enfants de 3 \u00e0 10 ans.<\/p>\n\n\n\n<p>Les moments de bien-\u00eatre \u00e0 l\u2019h\u00f4tel ne manqueront jamais\u00a0: au dernier \u00e9tage vous trouverez une magnifique <b>piscine panoramique<\/b> avec <b>Jacuzzi<\/b> et grand <b>solarium <\/b>disposant d\u2019une superbe vue allant de la baie au mont San Bartolo\u00a0; sinon laissez-vous dorloter lors d\u2019un <b>massage<\/b> relaxant ou accordez-vous une pause sous une <b>lampe UVA<\/b>. Et si vous tenez \u00e0 garder la forme aussi pendant vos vacances, profitez de notre <b>Salle Fitness <\/b>\u00e9quip\u00e9e.<\/p>\n\n\n\n<p>Pour rendre unique votre s\u00e9jour, pr\u00e8s de l\u2019h\u00f4tel vous trouvez de nombreuses infrastructures sportives qui organisent des <b>excursions en bateau \u00e0 voile <\/b>le long de la c\u00f4te\u00a0: vous pourrez choisir si entre une sortie d\u2019une demi-journ\u00e9e, d\u2019une journ\u00e9e, ou pour un <b>weekend entier <\/b>(samedi et dimanche), \u00e9ventuellement avec la formule\u00a0\u00ab\u00a0capitaine pour un jour\u00a0\u00bb et des cours de voile.<\/p>\n","protected":false},"excerpt":{"rendered":"<p>Face \u00e0 la mer, l\u2019Hotel Napoleon vous accueille pour des vacances sous le signe de &hellip;<\/p>\n","protected":false},"author":1,"featured_media":0,"parent":8241,"menu_order":0,"comment_status":"closed","ping_status":"closed","template":"page-templates\/scheda_hotel.php","meta":{"_acf_changed":false,"footnotes":""},"class_list":["post-17453","page","type-page","status-publish","hentry"],"acf":[],"yoast_head":"<!-- This site is optimized with the Yoast SEO plugin v27.0 - https:\/\/yoast.com\/product\/yoast-seo-wordpress\/ -->\n<title>Offres All Inclusive de l\u2019Hotel Napoleon \u00e0 Gabicce<\/title>\n<meta name=\"description\" content=\"Envie de vacances\u00a0? D\u00e9couvrez les offres All Inclusive et les formules tout compris de l\u2019Hotel Napoleon \u00e0 Gabicce\u00a0!\" \/>\n<meta name=\"robots\" content=\"index, follow, max-snippet:-1, max-image-preview:large, max-video-preview:-1\" \/>\n<link rel=\"canonical\" href=\"https:\/\/www.allinclusivehotels.it\/fr\/hotels\/hotel-napoleon-gabicce\" \/>\n<meta property=\"og:locale\" content=\"fr_FR\" \/>\n<meta property=\"og:type\" content=\"article\" \/>\n<meta property=\"og:title\" content=\"Offres All Inclusive de l\u2019Hotel Napoleon \u00e0 Gabicce\" \/>\n<meta property=\"og:description\" content=\"Envie de vacances\u00a0? D\u00e9couvrez les offres All Inclusive et les formules tout compris de l\u2019Hotel Napoleon \u00e0 Gabicce\u00a0!\" \/>\n<meta property=\"og:url\" content=\"https:\/\/www.allinclusivehotels.it\/fr\/hotels\/hotel-napoleon-gabicce\" \/>\n<meta property=\"og:site_name\" content=\"All Inclusive Hotels\" \/>\n<meta property=\"article:modified_time\" content=\"2022-05-26T07:33:10+00:00\" \/>\n<meta name=\"twitter:card\" content=\"summary_large_image\" \/>\n<meta name=\"twitter:label1\" content=\"Dur\u00e9e de lecture estim\u00e9e\" \/>\n\t<meta name=\"twitter:data1\" content=\"2 minutes\" \/>\n<script type=\"application\/ld+json\" class=\"yoast-schema-graph\">{\"@context\":\"https:\/\/schema.org\",\"@graph\":[{\"@type\":\"WebPage\",\"@id\":\"https:\/\/www.allinclusivehotels.it\/fr\/hotels\/hotel-napoleon-gabicce\",\"url\":\"https:\/\/www.allinclusivehotels.it\/fr\/hotels\/hotel-napoleon-gabicce\",\"name\":\"Offres All Inclusive de l\u2019Hotel Napoleon \u00e0 Gabicce\",\"isPartOf\":{\"@id\":\"https:\/\/www.allinclusivehotels.it\/fr#website\"},\"datePublished\":\"2022-03-31T07:10:59+00:00\",\"dateModified\":\"2022-05-26T07:33:10+00:00\",\"description\":\"Envie de vacances\u00a0? D\u00e9couvrez les offres All Inclusive et les formules tout compris de l\u2019Hotel Napoleon \u00e0 Gabicce\u00a0!\",\"breadcrumb\":{\"@id\":\"https:\/\/www.allinclusivehotels.it\/fr\/hotels\/hotel-napoleon-gabicce#breadcrumb\"},\"inLanguage\":\"fr-FR\",\"potentialAction\":[{\"@type\":\"ReadAction\",\"target\":[\"https:\/\/www.allinclusivehotels.it\/fr\/hotels\/hotel-napoleon-gabicce\"]}]},{\"@type\":\"BreadcrumbList\",\"@id\":\"https:\/\/www.allinclusivehotels.it\/fr\/hotels\/hotel-napoleon-gabicce#breadcrumb\",\"itemListElement\":[{\"@type\":\"ListItem\",\"position\":1,\"name\":\"Home\",\"item\":\"https:\/\/www.allinclusivehotels.it\/fr\"},{\"@type\":\"ListItem\",\"position\":2,\"name\":\"H\u00f4tels\",\"item\":\"https:\/\/www.allinclusivehotels.it\/fr\/hotels\"},{\"@type\":\"ListItem\",\"position\":3,\"name\":\"Hotel Napoleon\"}]},{\"@type\":\"WebSite\",\"@id\":\"https:\/\/www.allinclusivehotels.it\/fr#website\",\"url\":\"https:\/\/www.allinclusivehotels.it\/fr\",\"name\":\"All Inclusive Hotels\",\"description\":\"\",\"publisher\":{\"@id\":\"https:\/\/www.allinclusivehotels.it\/fr#organization\"},\"potentialAction\":[{\"@type\":\"SearchAction\",\"target\":{\"@type\":\"EntryPoint\",\"urlTemplate\":\"https:\/\/www.allinclusivehotels.it\/fr?s={search_term_string}\"},\"query-input\":{\"@type\":\"PropertyValueSpecification\",\"valueRequired\":true,\"valueName\":\"search_term_string\"}}],\"inLanguage\":\"fr-FR\"},{\"@type\":\"Organization\",\"@id\":\"https:\/\/www.allinclusivehotels.it\/fr#organization\",\"name\":\"All Inclusive Hotels\",\"url\":\"https:\/\/www.allinclusivehotels.it\/fr\",\"logo\":{\"@type\":\"ImageObject\",\"inLanguage\":\"fr-FR\",\"@id\":\"https:\/\/www.allinclusivehotels.it\/fr#\/schema\/logo\/image\/\",\"url\":\"\",\"contentUrl\":\"\",\"caption\":\"All Inclusive Hotels\"},\"image\":{\"@id\":\"https:\/\/www.allinclusivehotels.it\/fr#\/schema\/logo\/image\/\"}}]}<\/script>\n<!-- \/ Yoast SEO plugin. -->","yoast_head_json":{"title":"Offres All Inclusive de l\u2019Hotel Napoleon \u00e0 Gabicce","description":"Envie de vacances\u00a0? D\u00e9couvrez les offres All Inclusive et les formules tout compris de l\u2019Hotel Napoleon \u00e0 Gabicce\u00a0!","robots":{"index":"index","follow":"follow","max-snippet":"max-snippet:-1","max-image-preview":"max-image-preview:large","max-video-preview":"max-video-preview:-1"},"canonical":"https:\/\/www.allinclusivehotels.it\/fr\/hotels\/hotel-napoleon-gabicce","og_locale":"fr_FR","og_type":"article","og_title":"Offres All Inclusive de l\u2019Hotel Napoleon \u00e0 Gabicce","og_description":"Envie de vacances\u00a0? D\u00e9couvrez les offres All Inclusive et les formules tout compris de l\u2019Hotel Napoleon \u00e0 Gabicce\u00a0!","og_url":"https:\/\/www.allinclusivehotels.it\/fr\/hotels\/hotel-napoleon-gabicce","og_site_name":"All Inclusive Hotels","article_modified_time":"2022-05-26T07:33:10+00:00","twitter_card":"summary_large_image","twitter_misc":{"Dur\u00e9e de lecture estim\u00e9e":"2 minutes"},"schema":{"@context":"https:\/\/schema.org","@graph":[{"@type":"WebPage","@id":"https:\/\/www.allinclusivehotels.it\/fr\/hotels\/hotel-napoleon-gabicce","url":"https:\/\/www.allinclusivehotels.it\/fr\/hotels\/hotel-napoleon-gabicce","name":"Offres All Inclusive de l\u2019Hotel Napoleon \u00e0 Gabicce","isPartOf":{"@id":"https:\/\/www.allinclusivehotels.it\/fr#website"},"datePublished":"2022-03-31T07:10:59+00:00","dateModified":"2022-05-26T07:33:10+00:00","description":"Envie de vacances\u00a0? D\u00e9couvrez les offres All Inclusive et les formules tout compris de l\u2019Hotel Napoleon \u00e0 Gabicce\u00a0!","breadcrumb":{"@id":"https:\/\/www.allinclusivehotels.it\/fr\/hotels\/hotel-napoleon-gabicce#breadcrumb"},"inLanguage":"fr-FR","potentialAction":[{"@type":"ReadAction","target":["https:\/\/www.allinclusivehotels.it\/fr\/hotels\/hotel-napoleon-gabicce"]}]},{"@type":"BreadcrumbList","@id":"https:\/\/www.allinclusivehotels.it\/fr\/hotels\/hotel-napoleon-gabicce#breadcrumb","itemListElement":[{"@type":"ListItem","position":1,"name":"Home","item":"https:\/\/www.allinclusivehotels.it\/fr"},{"@type":"ListItem","position":2,"name":"H\u00f4tels","item":"https:\/\/www.allinclusivehotels.it\/fr\/hotels"},{"@type":"ListItem","position":3,"name":"Hotel Napoleon"}]},{"@type":"WebSite","@id":"https:\/\/www.allinclusivehotels.it\/fr#website","url":"https:\/\/www.allinclusivehotels.it\/fr","name":"All Inclusive Hotels","description":"","publisher":{"@id":"https:\/\/www.allinclusivehotels.it\/fr#organization"},"potentialAction":[{"@type":"SearchAction","target":{"@type":"EntryPoint","urlTemplate":"https:\/\/www.allinclusivehotels.it\/fr?s={search_term_string}"},"query-input":{"@type":"PropertyValueSpecification","valueRequired":true,"valueName":"search_term_string"}}],"inLanguage":"fr-FR"},{"@type":"Organization","@id":"https:\/\/www.allinclusivehotels.it\/fr#organization","name":"All Inclusive Hotels","url":"https:\/\/www.allinclusivehotels.it\/fr","logo":{"@type":"ImageObject","inLanguage":"fr-FR","@id":"https:\/\/www.allinclusivehotels.it\/fr#\/schema\/logo\/image\/","url":"","contentUrl":"","caption":"All Inclusive Hotels"},"image":{"@id":"https:\/\/www.allinclusivehotels.it\/fr#\/schema\/logo\/image\/"}}]}},"_links":{"self":[{"href":"https:\/\/www.allinclusivehotels.it\/fr\/wp-json\/wp\/v2\/pages\/17453","targetHints":{"allow":["GET"]}}],"collection":[{"href":"https:\/\/www.allinclusivehotels.it\/fr\/wp-json\/wp\/v2\/pages"}],"about":[{"href":"https:\/\/www.allinclusivehotels.it\/fr\/wp-json\/wp\/v2\/types\/page"}],"author":[{"embeddable":true,"href":"https:\/\/www.allinclusivehotels.it\/fr\/wp-json\/wp\/v2\/users\/1"}],"replies":[{"embeddable":true,"href":"https:\/\/www.allinclusivehotels.it\/fr\/wp-json\/wp\/v2\/comments?post=17453"}],"version-history":[{"count":6,"href":"https:\/\/www.allinclusivehotels.it\/fr\/wp-json\/wp\/v2\/pages\/17453\/revisions"}],"predecessor-version":[{"id":19525,"href":"https:\/\/www.allinclusivehotels.it\/fr\/wp-json\/wp\/v2\/pages\/17453\/revisions\/19525"}],"up":[{"embeddable":true,"href":"https:\/\/www.allinclusivehotels.it\/fr\/wp-json\/wp\/v2\/pages\/8241"}],"wp:attachment":[{"href":"https:\/\/www.allinclusivehotels.it\/fr\/wp-json\/wp\/v2\/media?parent=17453"}],"curies":[{"name":"wp","href":"https:\/\/api.w.org\/{rel}","templated":true}]}}