{"id":17186,"date":"2022-03-29T08:59:14","date_gmt":"2022-03-29T06:59:14","guid":{"rendered":"https:\/\/www.allinclusivehotels.it\/hotels\/hotel-tritone"},"modified":"2022-06-09T12:26:35","modified_gmt":"2022-06-09T10:26:35","slug":"hotel-tritone","status":"publish","type":"page","link":"https:\/\/www.allinclusivehotels.it\/fr\/hotels\/hotel-tritone","title":{"rendered":"Hotel Tritone"},"content":{"rendered":"\n<p>L\u2019<b>Hotel Tritone <\/b>de <b>Senigallia <\/b>est situ\u00e9 juste face \u00e0 la mer, entre le sable doux de la Spiaggia di Velluto (plage de velours) et le parfum de la Mer Adriatique. Pr\u00e9parez-vous \u00e0 des vacances sous le signe de la d\u00e9tente, entre ap\u00e9ritifs dans notre <b>pergola bioclimatique avec vue sur la mer <\/b>et des journ\u00e9es sur la <b>plage conventionn\u00e9e <\/b>juste devant l\u2019h\u00f4tel.<\/p>\n\n\n\n<!--more-->\n\n\n\n<p>Vous pourrez aussi profiter de <b>vastes espaces communs<\/b>, chambres avec <b>lits sommiers<\/b> et <b>fen\u00eatres insonoris\u00e9es<\/b>.<\/p>\n\n\n\n<p>Relaxez-vous \u00e0 l\u2019Hotel Tritone, et oubliez votre voiture dans le <b>parking priv\u00e9<\/b>, <b>t\u00e9l\u00e9-surveill\u00e9 <\/b>et <b>gratuit <\/b>pour tous les clients. Pour vos d\u00e9placements en ville ou simplement pour passer des journ\u00e9es diff\u00e9rentes, profitez de notre <b>service de v\u00e9los<\/b>.<\/p>\n\n\n\n<p>Et si la mer ne vous suffit pas, l\u2019h\u00f4tel jouit d\u2019une <b>position id\u00e9ale <\/b>pour rejoindre les nombreux <b>lieux d\u2019int\u00e9r\u00eat <\/b>historique et culturel, les vieux villages et ch\u00e2teaux, le centre-ville et les mus\u00e9es. Sans oublier les excursions dans les collines de l\u2019arri\u00e8re-pays pour vous faire enchanter par des paysages sublimes.<\/p>\n","protected":false},"excerpt":{"rendered":"<p>L\u2019Hotel Tritone de Senigallia est situ\u00e9 juste face \u00e0 la mer, entre le sable doux &hellip;<\/p>\n","protected":false},"author":1,"featured_media":0,"parent":8241,"menu_order":0,"comment_status":"closed","ping_status":"closed","template":"page-templates\/scheda_hotel.php","meta":{"_acf_changed":false,"footnotes":""},"class_list":["post-17186","page","type-page","status-publish","hentry"],"acf":[],"yoast_head":"<!-- This site is optimized with the Yoast SEO plugin v27.0 - https:\/\/yoast.com\/product\/yoast-seo-wordpress\/ -->\n<title>Offres All Inclusive de l\u2019Hotel Tritone \u00e0 Senigallia<\/title>\n<meta name=\"description\" content=\"Envie de vacances\u00a0? D\u00e9couvrez les offres All Inclusive et les formules tout compris de l\u2019Hotel Tritone \u00e0 Senigallia\u00a0!\" \/>\n<meta name=\"robots\" content=\"index, follow, max-snippet:-1, max-image-preview:large, max-video-preview:-1\" \/>\n<link rel=\"canonical\" href=\"https:\/\/www.allinclusivehotels.it\/fr\/hotels\/hotel-tritone\" \/>\n<meta property=\"og:locale\" content=\"fr_FR\" \/>\n<meta property=\"og:type\" content=\"article\" \/>\n<meta property=\"og:title\" content=\"Offres All Inclusive de l\u2019Hotel Tritone \u00e0 Senigallia\" \/>\n<meta property=\"og:description\" content=\"Envie de vacances\u00a0? D\u00e9couvrez les offres All Inclusive et les formules tout compris de l\u2019Hotel Tritone \u00e0 Senigallia\u00a0!\" \/>\n<meta property=\"og:url\" content=\"https:\/\/www.allinclusivehotels.it\/fr\/hotels\/hotel-tritone\" \/>\n<meta property=\"og:site_name\" content=\"All Inclusive Hotels\" \/>\n<meta property=\"article:modified_time\" content=\"2022-06-09T10:26:35+00:00\" \/>\n<meta name=\"twitter:card\" content=\"summary_large_image\" \/>\n<meta name=\"twitter:label1\" content=\"Dur\u00e9e de lecture estim\u00e9e\" \/>\n\t<meta name=\"twitter:data1\" content=\"1 minute\" \/>\n<script type=\"application\/ld+json\" class=\"yoast-schema-graph\">{\"@context\":\"https:\/\/schema.org\",\"@graph\":[{\"@type\":\"WebPage\",\"@id\":\"https:\/\/www.allinclusivehotels.it\/fr\/hotels\/hotel-tritone\",\"url\":\"https:\/\/www.allinclusivehotels.it\/fr\/hotels\/hotel-tritone\",\"name\":\"Offres All Inclusive de l\u2019Hotel Tritone \u00e0 Senigallia\",\"isPartOf\":{\"@id\":\"https:\/\/www.allinclusivehotels.it\/fr#website\"},\"datePublished\":\"2022-03-29T06:59:14+00:00\",\"dateModified\":\"2022-06-09T10:26:35+00:00\",\"description\":\"Envie de vacances\u00a0? D\u00e9couvrez les offres All Inclusive et les formules tout compris de l\u2019Hotel Tritone \u00e0 Senigallia\u00a0!\",\"breadcrumb\":{\"@id\":\"https:\/\/www.allinclusivehotels.it\/fr\/hotels\/hotel-tritone#breadcrumb\"},\"inLanguage\":\"fr-FR\",\"potentialAction\":[{\"@type\":\"ReadAction\",\"target\":[\"https:\/\/www.allinclusivehotels.it\/fr\/hotels\/hotel-tritone\"]}]},{\"@type\":\"BreadcrumbList\",\"@id\":\"https:\/\/www.allinclusivehotels.it\/fr\/hotels\/hotel-tritone#breadcrumb\",\"itemListElement\":[{\"@type\":\"ListItem\",\"position\":1,\"name\":\"Home\",\"item\":\"https:\/\/www.allinclusivehotels.it\/fr\"},{\"@type\":\"ListItem\",\"position\":2,\"name\":\"H\u00f4tels\",\"item\":\"https:\/\/www.allinclusivehotels.it\/fr\/hotels\"},{\"@type\":\"ListItem\",\"position\":3,\"name\":\"Hotel Tritone\"}]},{\"@type\":\"WebSite\",\"@id\":\"https:\/\/www.allinclusivehotels.it\/fr#website\",\"url\":\"https:\/\/www.allinclusivehotels.it\/fr\",\"name\":\"All Inclusive Hotels\",\"description\":\"\",\"publisher\":{\"@id\":\"https:\/\/www.allinclusivehotels.it\/fr#organization\"},\"potentialAction\":[{\"@type\":\"SearchAction\",\"target\":{\"@type\":\"EntryPoint\",\"urlTemplate\":\"https:\/\/www.allinclusivehotels.it\/fr?s={search_term_string}\"},\"query-input\":{\"@type\":\"PropertyValueSpecification\",\"valueRequired\":true,\"valueName\":\"search_term_string\"}}],\"inLanguage\":\"fr-FR\"},{\"@type\":\"Organization\",\"@id\":\"https:\/\/www.allinclusivehotels.it\/fr#organization\",\"name\":\"All Inclusive Hotels\",\"url\":\"https:\/\/www.allinclusivehotels.it\/fr\",\"logo\":{\"@type\":\"ImageObject\",\"inLanguage\":\"fr-FR\",\"@id\":\"https:\/\/www.allinclusivehotels.it\/fr#\/schema\/logo\/image\/\",\"url\":\"\",\"contentUrl\":\"\",\"caption\":\"All Inclusive Hotels\"},\"image\":{\"@id\":\"https:\/\/www.allinclusivehotels.it\/fr#\/schema\/logo\/image\/\"}}]}<\/script>\n<!-- \/ Yoast SEO plugin. -->","yoast_head_json":{"title":"Offres All Inclusive de l\u2019Hotel Tritone \u00e0 Senigallia","description":"Envie de vacances\u00a0? D\u00e9couvrez les offres All Inclusive et les formules tout compris de l\u2019Hotel Tritone \u00e0 Senigallia\u00a0!","robots":{"index":"index","follow":"follow","max-snippet":"max-snippet:-1","max-image-preview":"max-image-preview:large","max-video-preview":"max-video-preview:-1"},"canonical":"https:\/\/www.allinclusivehotels.it\/fr\/hotels\/hotel-tritone","og_locale":"fr_FR","og_type":"article","og_title":"Offres All Inclusive de l\u2019Hotel Tritone \u00e0 Senigallia","og_description":"Envie de vacances\u00a0? D\u00e9couvrez les offres All Inclusive et les formules tout compris de l\u2019Hotel Tritone \u00e0 Senigallia\u00a0!","og_url":"https:\/\/www.allinclusivehotels.it\/fr\/hotels\/hotel-tritone","og_site_name":"All Inclusive Hotels","article_modified_time":"2022-06-09T10:26:35+00:00","twitter_card":"summary_large_image","twitter_misc":{"Dur\u00e9e de lecture estim\u00e9e":"1 minute"},"schema":{"@context":"https:\/\/schema.org","@graph":[{"@type":"WebPage","@id":"https:\/\/www.allinclusivehotels.it\/fr\/hotels\/hotel-tritone","url":"https:\/\/www.allinclusivehotels.it\/fr\/hotels\/hotel-tritone","name":"Offres All Inclusive de l\u2019Hotel Tritone \u00e0 Senigallia","isPartOf":{"@id":"https:\/\/www.allinclusivehotels.it\/fr#website"},"datePublished":"2022-03-29T06:59:14+00:00","dateModified":"2022-06-09T10:26:35+00:00","description":"Envie de vacances\u00a0? D\u00e9couvrez les offres All Inclusive et les formules tout compris de l\u2019Hotel Tritone \u00e0 Senigallia\u00a0!","breadcrumb":{"@id":"https:\/\/www.allinclusivehotels.it\/fr\/hotels\/hotel-tritone#breadcrumb"},"inLanguage":"fr-FR","potentialAction":[{"@type":"ReadAction","target":["https:\/\/www.allinclusivehotels.it\/fr\/hotels\/hotel-tritone"]}]},{"@type":"BreadcrumbList","@id":"https:\/\/www.allinclusivehotels.it\/fr\/hotels\/hotel-tritone#breadcrumb","itemListElement":[{"@type":"ListItem","position":1,"name":"Home","item":"https:\/\/www.allinclusivehotels.it\/fr"},{"@type":"ListItem","position":2,"name":"H\u00f4tels","item":"https:\/\/www.allinclusivehotels.it\/fr\/hotels"},{"@type":"ListItem","position":3,"name":"Hotel Tritone"}]},{"@type":"WebSite","@id":"https:\/\/www.allinclusivehotels.it\/fr#website","url":"https:\/\/www.allinclusivehotels.it\/fr","name":"All Inclusive Hotels","description":"","publisher":{"@id":"https:\/\/www.allinclusivehotels.it\/fr#organization"},"potentialAction":[{"@type":"SearchAction","target":{"@type":"EntryPoint","urlTemplate":"https:\/\/www.allinclusivehotels.it\/fr?s={search_term_string}"},"query-input":{"@type":"PropertyValueSpecification","valueRequired":true,"valueName":"search_term_string"}}],"inLanguage":"fr-FR"},{"@type":"Organization","@id":"https:\/\/www.allinclusivehotels.it\/fr#organization","name":"All Inclusive Hotels","url":"https:\/\/www.allinclusivehotels.it\/fr","logo":{"@type":"ImageObject","inLanguage":"fr-FR","@id":"https:\/\/www.allinclusivehotels.it\/fr#\/schema\/logo\/image\/","url":"","contentUrl":"","caption":"All Inclusive Hotels"},"image":{"@id":"https:\/\/www.allinclusivehotels.it\/fr#\/schema\/logo\/image\/"}}]}},"_links":{"self":[{"href":"https:\/\/www.allinclusivehotels.it\/fr\/wp-json\/wp\/v2\/pages\/17186","targetHints":{"allow":["GET"]}}],"collection":[{"href":"https:\/\/www.allinclusivehotels.it\/fr\/wp-json\/wp\/v2\/pages"}],"about":[{"href":"https:\/\/www.allinclusivehotels.it\/fr\/wp-json\/wp\/v2\/types\/page"}],"author":[{"embeddable":true,"href":"https:\/\/www.allinclusivehotels.it\/fr\/wp-json\/wp\/v2\/users\/1"}],"replies":[{"embeddable":true,"href":"https:\/\/www.allinclusivehotels.it\/fr\/wp-json\/wp\/v2\/comments?post=17186"}],"version-history":[{"count":3,"href":"https:\/\/www.allinclusivehotels.it\/fr\/wp-json\/wp\/v2\/pages\/17186\/revisions"}],"predecessor-version":[{"id":20694,"href":"https:\/\/www.allinclusivehotels.it\/fr\/wp-json\/wp\/v2\/pages\/17186\/revisions\/20694"}],"up":[{"embeddable":true,"href":"https:\/\/www.allinclusivehotels.it\/fr\/wp-json\/wp\/v2\/pages\/8241"}],"wp:attachment":[{"href":"https:\/\/www.allinclusivehotels.it\/fr\/wp-json\/wp\/v2\/media?parent=17186"}],"curies":[{"name":"wp","href":"https:\/\/api.w.org\/{rel}","templated":true}]}}