{"id":14374,"date":"2022-03-28T09:06:19","date_gmt":"2022-03-28T07:06:19","guid":{"rendered":"https:\/\/www.allinclusivehotels.it\/hotels\/hotel-lido"},"modified":"2023-05-16T16:37:35","modified_gmt":"2023-05-16T14:37:35","slug":"hotel-lido","status":"publish","type":"page","link":"https:\/\/www.allinclusivehotels.it\/fr\/hotels\/hotel-lido","title":{"rendered":"Hotel Lido"},"content":{"rendered":"\n<p>Bienvenus \u00e0 l\u2019<b>Hotel Lido <\/b>de <b>Gabicce Mare&nbsp;<\/b>! Gr\u00e2ce \u00e0 sa position <b>face \u00e0 la mer <\/b>et au c\u0153ur de la <b>zone pi\u00e9tonne<\/b>, pr\u00e9parez-vous \u00e0 vivre des vacances sous le signe de la d\u00e9tente et de la s\u00e9r\u00e9nit\u00e9, allong\u00e9s sous le parasol de notre plage conventionn\u00e9e, en explorant l\u2019arri\u00e8re-pays ou en faisant du shopping parmi les rues du centre-ville.<\/p>\n\n\n\n<!--more-->\n\n\n\n<p>Pour les enfants nous avons r\u00e9serv\u00e9 notre <b>Petite salle de Nemo<\/b>, o\u00f9 ils pourront jouer et dessiner en toute s\u00e9curit\u00e9. Les<b> jeunes parents <\/b>auront aussi \u00e0 disposition une <b>kitchenette <\/b>pour pr\u00e9parer repas et menus sp\u00e9ciaux pour d\u00e9jeuner en toute tranquillit\u00e9 et sans horaires.<\/p>\n\n\n\n<p>Vous voyagez avec vos <b>compagnons \u00e0 4 pattes<\/b>&nbsp;? Aucun souci, l\u2019Hotel Lido accueille des animaux de petite et moyenne taille&nbsp;: en outre, nous sommes conventionn\u00e9s avec une plage pet-friendly disposant de tous les services n\u00e9cessaires.<\/p>\n\n\n\n<p>Pour une d\u00e9tente totale, l\u2019h\u00f4tel dispose aussi d\u2019un <b>service messages&nbsp;<\/b>: [vous pourrez choisir entre tonifiant, relaxant, sportif, drainage lymphatique, pour retrouver l\u2019harmonie avec votre corps.<\/p>\n\n\n\n<p>Si vous recherchez des vacances dynamiques, juste \u00e0 c\u00f4t\u00e9 vous trouverez le parc naturel du mont San Bartolo, qui vous permet d\u2019effectuer des excursions \u00e0 pied ou \u00e0 v\u00e9lo en pleine nature et parmi des paysages \u00e0 pic sur la mer \u00e0 couper le souffle&nbsp;! L\u2019h\u00f4tel vous propose \u00e9galement un service de <b>location gratuite de v\u00e9los<\/b> pour se balader sur le lungomare ou pour rejoindre les villes les plus proches.<\/p>\n","protected":false},"excerpt":{"rendered":"<p>Bienvenus \u00e0 l\u2019Hotel Lido de Gabicce Mare&nbsp;! Gr\u00e2ce \u00e0 sa position face \u00e0 la mer &hellip;<\/p>\n","protected":false},"author":1,"featured_media":0,"parent":8241,"menu_order":0,"comment_status":"closed","ping_status":"closed","template":"page-templates\/scheda_hotel.php","meta":{"_acf_changed":false,"footnotes":""},"class_list":["post-14374","page","type-page","status-publish","hentry"],"acf":[],"yoast_head":"<!-- This site is optimized with the Yoast SEO plugin v27.0 - https:\/\/yoast.com\/product\/yoast-seo-wordpress\/ -->\n<title>Offres All Inclusive de l\u2019Hotel Lido \u00e0 Gabicce Mare<\/title>\n<meta name=\"description\" content=\"Envie de vacances\u00a0? D\u00e9couvrez les offres All Inclusive et les formules tout compris de l\u2019Hotel Lido \u00e0 Gabicce Mare\u00a0!\" \/>\n<meta name=\"robots\" content=\"index, follow, max-snippet:-1, max-image-preview:large, max-video-preview:-1\" \/>\n<link rel=\"canonical\" href=\"https:\/\/www.allinclusivehotels.it\/fr\/hotels\/hotel-lido\" \/>\n<meta property=\"og:locale\" content=\"fr_FR\" \/>\n<meta property=\"og:type\" content=\"article\" \/>\n<meta property=\"og:title\" content=\"Offres All Inclusive de l\u2019Hotel Lido \u00e0 Gabicce Mare\" \/>\n<meta property=\"og:description\" content=\"Envie de vacances\u00a0? D\u00e9couvrez les offres All Inclusive et les formules tout compris de l\u2019Hotel Lido \u00e0 Gabicce Mare\u00a0!\" \/>\n<meta property=\"og:url\" content=\"https:\/\/www.allinclusivehotels.it\/fr\/hotels\/hotel-lido\" \/>\n<meta property=\"og:site_name\" content=\"All Inclusive Hotels\" \/>\n<meta property=\"article:modified_time\" content=\"2023-05-16T14:37:35+00:00\" \/>\n<meta name=\"twitter:card\" content=\"summary_large_image\" \/>\n<meta name=\"twitter:label1\" content=\"Dur\u00e9e de lecture estim\u00e9e\" \/>\n\t<meta name=\"twitter:data1\" content=\"2 minutes\" \/>\n<script type=\"application\/ld+json\" class=\"yoast-schema-graph\">{\"@context\":\"https:\/\/schema.org\",\"@graph\":[{\"@type\":\"WebPage\",\"@id\":\"https:\/\/www.allinclusivehotels.it\/fr\/hotels\/hotel-lido\",\"url\":\"https:\/\/www.allinclusivehotels.it\/fr\/hotels\/hotel-lido\",\"name\":\"Offres All Inclusive de l\u2019Hotel Lido \u00e0 Gabicce Mare\",\"isPartOf\":{\"@id\":\"https:\/\/www.allinclusivehotels.it\/fr#website\"},\"datePublished\":\"2022-03-28T07:06:19+00:00\",\"dateModified\":\"2023-05-16T14:37:35+00:00\",\"description\":\"Envie de vacances\u00a0? D\u00e9couvrez les offres All Inclusive et les formules tout compris de l\u2019Hotel Lido \u00e0 Gabicce Mare\u00a0!\",\"breadcrumb\":{\"@id\":\"https:\/\/www.allinclusivehotels.it\/fr\/hotels\/hotel-lido#breadcrumb\"},\"inLanguage\":\"fr-FR\",\"potentialAction\":[{\"@type\":\"ReadAction\",\"target\":[\"https:\/\/www.allinclusivehotels.it\/fr\/hotels\/hotel-lido\"]}]},{\"@type\":\"BreadcrumbList\",\"@id\":\"https:\/\/www.allinclusivehotels.it\/fr\/hotels\/hotel-lido#breadcrumb\",\"itemListElement\":[{\"@type\":\"ListItem\",\"position\":1,\"name\":\"Home\",\"item\":\"https:\/\/www.allinclusivehotels.it\/fr\"},{\"@type\":\"ListItem\",\"position\":2,\"name\":\"H\u00f4tels\",\"item\":\"https:\/\/www.allinclusivehotels.it\/fr\/hotels\"},{\"@type\":\"ListItem\",\"position\":3,\"name\":\"Hotel Lido\"}]},{\"@type\":\"WebSite\",\"@id\":\"https:\/\/www.allinclusivehotels.it\/fr#website\",\"url\":\"https:\/\/www.allinclusivehotels.it\/fr\",\"name\":\"All Inclusive Hotels\",\"description\":\"\",\"publisher\":{\"@id\":\"https:\/\/www.allinclusivehotels.it\/fr#organization\"},\"potentialAction\":[{\"@type\":\"SearchAction\",\"target\":{\"@type\":\"EntryPoint\",\"urlTemplate\":\"https:\/\/www.allinclusivehotels.it\/fr?s={search_term_string}\"},\"query-input\":{\"@type\":\"PropertyValueSpecification\",\"valueRequired\":true,\"valueName\":\"search_term_string\"}}],\"inLanguage\":\"fr-FR\"},{\"@type\":\"Organization\",\"@id\":\"https:\/\/www.allinclusivehotels.it\/fr#organization\",\"name\":\"All Inclusive Hotels\",\"url\":\"https:\/\/www.allinclusivehotels.it\/fr\",\"logo\":{\"@type\":\"ImageObject\",\"inLanguage\":\"fr-FR\",\"@id\":\"https:\/\/www.allinclusivehotels.it\/fr#\/schema\/logo\/image\/\",\"url\":\"\",\"contentUrl\":\"\",\"caption\":\"All Inclusive Hotels\"},\"image\":{\"@id\":\"https:\/\/www.allinclusivehotels.it\/fr#\/schema\/logo\/image\/\"}}]}<\/script>\n<!-- \/ Yoast SEO plugin. -->","yoast_head_json":{"title":"Offres All Inclusive de l\u2019Hotel Lido \u00e0 Gabicce Mare","description":"Envie de vacances\u00a0? D\u00e9couvrez les offres All Inclusive et les formules tout compris de l\u2019Hotel Lido \u00e0 Gabicce Mare\u00a0!","robots":{"index":"index","follow":"follow","max-snippet":"max-snippet:-1","max-image-preview":"max-image-preview:large","max-video-preview":"max-video-preview:-1"},"canonical":"https:\/\/www.allinclusivehotels.it\/fr\/hotels\/hotel-lido","og_locale":"fr_FR","og_type":"article","og_title":"Offres All Inclusive de l\u2019Hotel Lido \u00e0 Gabicce Mare","og_description":"Envie de vacances\u00a0? D\u00e9couvrez les offres All Inclusive et les formules tout compris de l\u2019Hotel Lido \u00e0 Gabicce Mare\u00a0!","og_url":"https:\/\/www.allinclusivehotels.it\/fr\/hotels\/hotel-lido","og_site_name":"All Inclusive Hotels","article_modified_time":"2023-05-16T14:37:35+00:00","twitter_card":"summary_large_image","twitter_misc":{"Dur\u00e9e de lecture estim\u00e9e":"2 minutes"},"schema":{"@context":"https:\/\/schema.org","@graph":[{"@type":"WebPage","@id":"https:\/\/www.allinclusivehotels.it\/fr\/hotels\/hotel-lido","url":"https:\/\/www.allinclusivehotels.it\/fr\/hotels\/hotel-lido","name":"Offres All Inclusive de l\u2019Hotel Lido \u00e0 Gabicce Mare","isPartOf":{"@id":"https:\/\/www.allinclusivehotels.it\/fr#website"},"datePublished":"2022-03-28T07:06:19+00:00","dateModified":"2023-05-16T14:37:35+00:00","description":"Envie de vacances\u00a0? D\u00e9couvrez les offres All Inclusive et les formules tout compris de l\u2019Hotel Lido \u00e0 Gabicce Mare\u00a0!","breadcrumb":{"@id":"https:\/\/www.allinclusivehotels.it\/fr\/hotels\/hotel-lido#breadcrumb"},"inLanguage":"fr-FR","potentialAction":[{"@type":"ReadAction","target":["https:\/\/www.allinclusivehotels.it\/fr\/hotels\/hotel-lido"]}]},{"@type":"BreadcrumbList","@id":"https:\/\/www.allinclusivehotels.it\/fr\/hotels\/hotel-lido#breadcrumb","itemListElement":[{"@type":"ListItem","position":1,"name":"Home","item":"https:\/\/www.allinclusivehotels.it\/fr"},{"@type":"ListItem","position":2,"name":"H\u00f4tels","item":"https:\/\/www.allinclusivehotels.it\/fr\/hotels"},{"@type":"ListItem","position":3,"name":"Hotel Lido"}]},{"@type":"WebSite","@id":"https:\/\/www.allinclusivehotels.it\/fr#website","url":"https:\/\/www.allinclusivehotels.it\/fr","name":"All Inclusive Hotels","description":"","publisher":{"@id":"https:\/\/www.allinclusivehotels.it\/fr#organization"},"potentialAction":[{"@type":"SearchAction","target":{"@type":"EntryPoint","urlTemplate":"https:\/\/www.allinclusivehotels.it\/fr?s={search_term_string}"},"query-input":{"@type":"PropertyValueSpecification","valueRequired":true,"valueName":"search_term_string"}}],"inLanguage":"fr-FR"},{"@type":"Organization","@id":"https:\/\/www.allinclusivehotels.it\/fr#organization","name":"All Inclusive Hotels","url":"https:\/\/www.allinclusivehotels.it\/fr","logo":{"@type":"ImageObject","inLanguage":"fr-FR","@id":"https:\/\/www.allinclusivehotels.it\/fr#\/schema\/logo\/image\/","url":"","contentUrl":"","caption":"All Inclusive Hotels"},"image":{"@id":"https:\/\/www.allinclusivehotels.it\/fr#\/schema\/logo\/image\/"}}]}},"_links":{"self":[{"href":"https:\/\/www.allinclusivehotels.it\/fr\/wp-json\/wp\/v2\/pages\/14374","targetHints":{"allow":["GET"]}}],"collection":[{"href":"https:\/\/www.allinclusivehotels.it\/fr\/wp-json\/wp\/v2\/pages"}],"about":[{"href":"https:\/\/www.allinclusivehotels.it\/fr\/wp-json\/wp\/v2\/types\/page"}],"author":[{"embeddable":true,"href":"https:\/\/www.allinclusivehotels.it\/fr\/wp-json\/wp\/v2\/users\/1"}],"replies":[{"embeddable":true,"href":"https:\/\/www.allinclusivehotels.it\/fr\/wp-json\/wp\/v2\/comments?post=14374"}],"version-history":[{"count":5,"href":"https:\/\/www.allinclusivehotels.it\/fr\/wp-json\/wp\/v2\/pages\/14374\/revisions"}],"predecessor-version":[{"id":30073,"href":"https:\/\/www.allinclusivehotels.it\/fr\/wp-json\/wp\/v2\/pages\/14374\/revisions\/30073"}],"up":[{"embeddable":true,"href":"https:\/\/www.allinclusivehotels.it\/fr\/wp-json\/wp\/v2\/pages\/8241"}],"wp:attachment":[{"href":"https:\/\/www.allinclusivehotels.it\/fr\/wp-json\/wp\/v2\/media?parent=14374"}],"curies":[{"name":"wp","href":"https:\/\/api.w.org\/{rel}","templated":true}]}}