{"id":11889,"date":"2022-03-25T14:58:09","date_gmt":"2022-03-25T13:58:09","guid":{"rendered":"https:\/\/www.allinclusivehotels.it\/hotels\/hotel-miami-beach"},"modified":"2026-02-12T10:04:17","modified_gmt":"2026-02-12T09:04:17","slug":"color-miami-beach-family-hotel","status":"publish","type":"page","link":"https:\/\/www.allinclusivehotels.it\/fr\/hotels\/color-miami-beach-family-hotel","title":{"rendered":"Color Miami Beach Family Hotel"},"content":{"rendered":"\n<p>Le <b>Color Miami Beach Family Hotel<\/b> de <b>Milano Marittima <\/b>fait partie du groupe Color Hotel, le leader des vacances en famille. Il est situ\u00e9 en face de la mer, \u00e0 proximit\u00e9 d&#8217;une magnifique <b>plage priv\u00e9e avec piscine<\/b> <strong>chauff\u00e9e<\/strong>.<\/p>\n\n\n\n<!--more-->\n\n\n\n<p>La formule <b>All Inclusive <\/b>des Color Hotel vous permet de partir en toute tranquillit\u00e9 en ayant la garantie de passer des vacances en famille en toute s\u00e9r\u00e9nit\u00e9. Notre <b>\u00e9quipe d\u2019animateurs <\/b>organise de nombreuses activit\u00e9s, spectacles et randonn\u00e9es pour les enfants et les adolescents&nbsp;: <b>Mini Club pour les enfants de 4 \u00e0 10 ans, Young Club pour les pr\u00e9adolescents 11 \u00e0 14 ans et Teen Club pour les adolescents de 15 \u00e0 18 ans.<\/b><\/p>\n\n\n\n<p>Pour<strong> vos b\u00e9b\u00e9s <\/strong>est \u00e0 votre disposition un coin <b>cuisine ouvert 24h\/24 <\/b>pour vous permettre de pr\u00e9parer leurs repas. Au <b>Mini Cocoland<\/b> (une aire de jeux color\u00e9e) vos enfants pourront jouer avec de nombreux jouets interactifs.<\/p>\n\n\n\n<p>Les enfants et adolescents appr\u00e9cieront se divertir en musique lors de la <b>color explos<\/b><strong>ion<\/strong>, les <b>soir\u00e9es mousse<\/b> sur la plage priv\u00e9e et la <b>candy night <\/b>avec donuts, bonbons et g\u00e2teaux \u00e0 n\u2019en plus finir.<\/p>\n\n\n\n<p>Une exp\u00e9rience culinaire hors du commun vous surprendra midi et soir. En dehors des repas, vous pourrez aussi profiter de la <b>color food immersion<\/b> (go\u00fbters, snacks<b> <\/b>et boissons \u00e0 la pression toujours \u00e0 disposition \u00e0 la plage et \u00e0 l\u2019h\u00f4tel).<\/p>\n\n\n\n<p><\/p>\n","protected":false},"excerpt":{"rendered":"<p>Le Color Miami Beach Family Hotel de Milano Marittima fait partie du groupe Color Hotel, &hellip;<\/p>\n","protected":false},"author":1,"featured_media":0,"parent":8241,"menu_order":0,"comment_status":"closed","ping_status":"closed","template":"page-templates\/scheda_hotel.php","meta":{"_acf_changed":false,"footnotes":""},"class_list":["post-11889","page","type-page","status-publish","hentry"],"acf":[],"yoast_head":"<!-- This site is optimized with the Yoast SEO plugin v27.0 - https:\/\/yoast.com\/product\/yoast-seo-wordpress\/ -->\n<title>Offres All Inclusive du Color Miami Beach Family Hotel \u00e0 Milano Marittima<\/title>\n<meta name=\"description\" content=\"Envie de vacances\u00a0? D\u00e9couvrez les offres All Inclusive et les formules tout compris du Color Miami Beach Family Hotel \u00e0 Milano Marittima\u00a0!\" \/>\n<meta name=\"robots\" content=\"index, follow, max-snippet:-1, max-image-preview:large, max-video-preview:-1\" \/>\n<link rel=\"canonical\" href=\"https:\/\/www.allinclusivehotels.it\/fr\/hotels\/color-miami-beach-family-hotel\" \/>\n<meta property=\"og:locale\" content=\"fr_FR\" \/>\n<meta property=\"og:type\" content=\"article\" \/>\n<meta property=\"og:title\" content=\"Offres All Inclusive du Color Miami Beach Family Hotel \u00e0 Milano Marittima\" \/>\n<meta property=\"og:description\" content=\"Envie de vacances\u00a0? D\u00e9couvrez les offres All Inclusive et les formules tout compris du Color Miami Beach Family Hotel \u00e0 Milano Marittima\u00a0!\" \/>\n<meta property=\"og:url\" content=\"https:\/\/www.allinclusivehotels.it\/fr\/hotels\/color-miami-beach-family-hotel\" \/>\n<meta property=\"og:site_name\" content=\"All Inclusive Hotels\" \/>\n<meta property=\"article:modified_time\" content=\"2026-02-12T09:04:17+00:00\" \/>\n<meta name=\"twitter:card\" content=\"summary_large_image\" \/>\n<meta name=\"twitter:label1\" content=\"Dur\u00e9e de lecture estim\u00e9e\" \/>\n\t<meta name=\"twitter:data1\" content=\"2 minutes\" \/>\n<script type=\"application\/ld+json\" class=\"yoast-schema-graph\">{\"@context\":\"https:\/\/schema.org\",\"@graph\":[{\"@type\":\"WebPage\",\"@id\":\"https:\/\/www.allinclusivehotels.it\/fr\/hotels\/color-miami-beach-family-hotel\",\"url\":\"https:\/\/www.allinclusivehotels.it\/fr\/hotels\/color-miami-beach-family-hotel\",\"name\":\"Offres All Inclusive du Color Miami Beach Family Hotel \u00e0 Milano Marittima\",\"isPartOf\":{\"@id\":\"https:\/\/www.allinclusivehotels.it\/fr#website\"},\"datePublished\":\"2022-03-25T13:58:09+00:00\",\"dateModified\":\"2026-02-12T09:04:17+00:00\",\"description\":\"Envie de vacances\u00a0? D\u00e9couvrez les offres All Inclusive et les formules tout compris du Color Miami Beach Family Hotel \u00e0 Milano Marittima\u00a0!\",\"breadcrumb\":{\"@id\":\"https:\/\/www.allinclusivehotels.it\/fr\/hotels\/color-miami-beach-family-hotel#breadcrumb\"},\"inLanguage\":\"fr-FR\",\"potentialAction\":[{\"@type\":\"ReadAction\",\"target\":[\"https:\/\/www.allinclusivehotels.it\/fr\/hotels\/color-miami-beach-family-hotel\"]}]},{\"@type\":\"BreadcrumbList\",\"@id\":\"https:\/\/www.allinclusivehotels.it\/fr\/hotels\/color-miami-beach-family-hotel#breadcrumb\",\"itemListElement\":[{\"@type\":\"ListItem\",\"position\":1,\"name\":\"Home\",\"item\":\"https:\/\/www.allinclusivehotels.it\/fr\"},{\"@type\":\"ListItem\",\"position\":2,\"name\":\"H\u00f4tels\",\"item\":\"https:\/\/www.allinclusivehotels.it\/fr\/hotels\"},{\"@type\":\"ListItem\",\"position\":3,\"name\":\"Color Miami Beach Family Hotel\"}]},{\"@type\":\"WebSite\",\"@id\":\"https:\/\/www.allinclusivehotels.it\/fr#website\",\"url\":\"https:\/\/www.allinclusivehotels.it\/fr\",\"name\":\"All Inclusive Hotels\",\"description\":\"\",\"publisher\":{\"@id\":\"https:\/\/www.allinclusivehotels.it\/fr#organization\"},\"potentialAction\":[{\"@type\":\"SearchAction\",\"target\":{\"@type\":\"EntryPoint\",\"urlTemplate\":\"https:\/\/www.allinclusivehotels.it\/fr?s={search_term_string}\"},\"query-input\":{\"@type\":\"PropertyValueSpecification\",\"valueRequired\":true,\"valueName\":\"search_term_string\"}}],\"inLanguage\":\"fr-FR\"},{\"@type\":\"Organization\",\"@id\":\"https:\/\/www.allinclusivehotels.it\/fr#organization\",\"name\":\"All Inclusive Hotels\",\"url\":\"https:\/\/www.allinclusivehotels.it\/fr\",\"logo\":{\"@type\":\"ImageObject\",\"inLanguage\":\"fr-FR\",\"@id\":\"https:\/\/www.allinclusivehotels.it\/fr#\/schema\/logo\/image\/\",\"url\":\"\",\"contentUrl\":\"\",\"caption\":\"All Inclusive Hotels\"},\"image\":{\"@id\":\"https:\/\/www.allinclusivehotels.it\/fr#\/schema\/logo\/image\/\"}}]}<\/script>\n<!-- \/ Yoast SEO plugin. -->","yoast_head_json":{"title":"Offres All Inclusive du Color Miami Beach Family Hotel \u00e0 Milano Marittima","description":"Envie de vacances\u00a0? D\u00e9couvrez les offres All Inclusive et les formules tout compris du Color Miami Beach Family Hotel \u00e0 Milano Marittima\u00a0!","robots":{"index":"index","follow":"follow","max-snippet":"max-snippet:-1","max-image-preview":"max-image-preview:large","max-video-preview":"max-video-preview:-1"},"canonical":"https:\/\/www.allinclusivehotels.it\/fr\/hotels\/color-miami-beach-family-hotel","og_locale":"fr_FR","og_type":"article","og_title":"Offres All Inclusive du Color Miami Beach Family Hotel \u00e0 Milano Marittima","og_description":"Envie de vacances\u00a0? D\u00e9couvrez les offres All Inclusive et les formules tout compris du Color Miami Beach Family Hotel \u00e0 Milano Marittima\u00a0!","og_url":"https:\/\/www.allinclusivehotels.it\/fr\/hotels\/color-miami-beach-family-hotel","og_site_name":"All Inclusive Hotels","article_modified_time":"2026-02-12T09:04:17+00:00","twitter_card":"summary_large_image","twitter_misc":{"Dur\u00e9e de lecture estim\u00e9e":"2 minutes"},"schema":{"@context":"https:\/\/schema.org","@graph":[{"@type":"WebPage","@id":"https:\/\/www.allinclusivehotels.it\/fr\/hotels\/color-miami-beach-family-hotel","url":"https:\/\/www.allinclusivehotels.it\/fr\/hotels\/color-miami-beach-family-hotel","name":"Offres All Inclusive du Color Miami Beach Family Hotel \u00e0 Milano Marittima","isPartOf":{"@id":"https:\/\/www.allinclusivehotels.it\/fr#website"},"datePublished":"2022-03-25T13:58:09+00:00","dateModified":"2026-02-12T09:04:17+00:00","description":"Envie de vacances\u00a0? D\u00e9couvrez les offres All Inclusive et les formules tout compris du Color Miami Beach Family Hotel \u00e0 Milano Marittima\u00a0!","breadcrumb":{"@id":"https:\/\/www.allinclusivehotels.it\/fr\/hotels\/color-miami-beach-family-hotel#breadcrumb"},"inLanguage":"fr-FR","potentialAction":[{"@type":"ReadAction","target":["https:\/\/www.allinclusivehotels.it\/fr\/hotels\/color-miami-beach-family-hotel"]}]},{"@type":"BreadcrumbList","@id":"https:\/\/www.allinclusivehotels.it\/fr\/hotels\/color-miami-beach-family-hotel#breadcrumb","itemListElement":[{"@type":"ListItem","position":1,"name":"Home","item":"https:\/\/www.allinclusivehotels.it\/fr"},{"@type":"ListItem","position":2,"name":"H\u00f4tels","item":"https:\/\/www.allinclusivehotels.it\/fr\/hotels"},{"@type":"ListItem","position":3,"name":"Color Miami Beach Family Hotel"}]},{"@type":"WebSite","@id":"https:\/\/www.allinclusivehotels.it\/fr#website","url":"https:\/\/www.allinclusivehotels.it\/fr","name":"All Inclusive Hotels","description":"","publisher":{"@id":"https:\/\/www.allinclusivehotels.it\/fr#organization"},"potentialAction":[{"@type":"SearchAction","target":{"@type":"EntryPoint","urlTemplate":"https:\/\/www.allinclusivehotels.it\/fr?s={search_term_string}"},"query-input":{"@type":"PropertyValueSpecification","valueRequired":true,"valueName":"search_term_string"}}],"inLanguage":"fr-FR"},{"@type":"Organization","@id":"https:\/\/www.allinclusivehotels.it\/fr#organization","name":"All Inclusive Hotels","url":"https:\/\/www.allinclusivehotels.it\/fr","logo":{"@type":"ImageObject","inLanguage":"fr-FR","@id":"https:\/\/www.allinclusivehotels.it\/fr#\/schema\/logo\/image\/","url":"","contentUrl":"","caption":"All Inclusive Hotels"},"image":{"@id":"https:\/\/www.allinclusivehotels.it\/fr#\/schema\/logo\/image\/"}}]}},"_links":{"self":[{"href":"https:\/\/www.allinclusivehotels.it\/fr\/wp-json\/wp\/v2\/pages\/11889","targetHints":{"allow":["GET"]}}],"collection":[{"href":"https:\/\/www.allinclusivehotels.it\/fr\/wp-json\/wp\/v2\/pages"}],"about":[{"href":"https:\/\/www.allinclusivehotels.it\/fr\/wp-json\/wp\/v2\/types\/page"}],"author":[{"embeddable":true,"href":"https:\/\/www.allinclusivehotels.it\/fr\/wp-json\/wp\/v2\/users\/1"}],"replies":[{"embeddable":true,"href":"https:\/\/www.allinclusivehotels.it\/fr\/wp-json\/wp\/v2\/comments?post=11889"}],"version-history":[{"count":8,"href":"https:\/\/www.allinclusivehotels.it\/fr\/wp-json\/wp\/v2\/pages\/11889\/revisions"}],"predecessor-version":[{"id":50752,"href":"https:\/\/www.allinclusivehotels.it\/fr\/wp-json\/wp\/v2\/pages\/11889\/revisions\/50752"}],"up":[{"embeddable":true,"href":"https:\/\/www.allinclusivehotels.it\/fr\/wp-json\/wp\/v2\/pages\/8241"}],"wp:attachment":[{"href":"https:\/\/www.allinclusivehotels.it\/fr\/wp-json\/wp\/v2\/media?parent=11889"}],"curies":[{"name":"wp","href":"https:\/\/api.w.org\/{rel}","templated":true}]}}