{"id":11873,"date":"2022-03-25T14:29:51","date_gmt":"2022-03-25T13:29:51","guid":{"rendered":"https:\/\/www.allinclusivehotels.it\/?page_id=11873"},"modified":"2022-03-26T19:19:53","modified_gmt":"2022-03-26T18:19:53","slug":"varazze","status":"publish","type":"page","link":"https:\/\/www.allinclusivehotels.it\/fr\/destinations\/ligurie\/varazze","title":{"rendered":"Varazze"},"content":{"rendered":"\n<p><strong>Varazze<\/strong> est un village pittoresque de la province de <strong>Savona<\/strong> o\u00f9 les collines couvertes de maquis entourent des <strong>plages dor\u00e9es<\/strong> de sable fin et se jettent directement dans la <strong>mer cristalline<\/strong>, plusieurs fois laur\u00e9ate du <strong>Pavillon Bleue<\/strong>.<\/p>\n\n\n\n<p>Gr\u00e2ce \u00e0 son climat doux et agr\u00e9able, Varazze est pr\u00eate \u00e0 accueillir les couples, les groupes d\u2019amis et les familles avec enfant en toute saison. Les <strong>All Inclusive Hotels<\/strong> <strong>Varazze<\/strong> offrent la bienvenue \u00e0 tous ceux qui veulent passer des vacances relaxantes, sans souci et tout confort.<\/p>\n\n\n\n<!--more-->\n\n\n\n<p>Varazze fait partie du <strong>Parc naturel r\u00e9gional du Beigua<\/strong>. Si vous \u00eates passionn\u00e9 d\u2019<strong>activit\u00e9s en plein air <\/strong>les excursions dont on peut profiter en parcourant les sentiers autour des collines sont innombrables&nbsp;: par exemple celle du <strong>Sanctuaire Nostra Signora della Guardia<\/strong>, avec sa promenade qui part directement du centre-ville.<\/p>\n\n\n\n<p>Avec ses \u00e9glises, ses palais historiques et ses petites ruelles caract\u00e9ris\u00e9es par les fa\u00e7ades couleur pastel, Varazze est un bijou historique et architectural \u00e0 ne pas rater.<\/p>\n\n\n\n<p>Le<strong> Lungomare Europa <\/strong>est un parcours cyclo-p\u00e9destre o\u00f9 admirer la v\u00e9g\u00e9tation typique de la r\u00e9gion d\u2019un c\u00f4t\u00e9, la mer de la Ligurie de l\u2019autre, ainsi que la <strong>Marina di Varazze<\/strong>, un port touristique o\u00f9 se d\u00e9tendre en savourant la gastronomie locale, et qui pendant la nuit se transforme et devient le c\u0153ur de la vie mondaine avec la <strong>discoth\u00e8que<\/strong> <strong>Aegua<\/strong>.<\/p>\n","protected":false},"excerpt":{"rendered":"<p>Varazze est un village pittoresque de la province de Savona o\u00f9 les collines couvertes de &hellip;<\/p>\n","protected":false},"author":1,"featured_media":0,"parent":11103,"menu_order":0,"comment_status":"closed","ping_status":"closed","template":"page-templates\/destinazione.php","meta":{"_acf_changed":false,"footnotes":""},"class_list":["post-11873","page","type-page","status-publish","hentry"],"acf":[],"yoast_head":"<!-- This site is optimized with the Yoast SEO plugin v27.6 - https:\/\/yoast.com\/product\/yoast-seo-wordpress\/ -->\n<title>H\u00f4tel All Inclusive \u00e0 Varazze pour Vacances tout compris<\/title>\n<meta name=\"description\" content=\"Vous cherchez un H\u00f4tel All Inclusive \u00e0 Varanne en Ligurie? D\u00e9couvrez la plus grande s\u00e9lection d&#039;h\u00f4tels avec offres tout compris!\" \/>\n<meta name=\"robots\" content=\"index, follow, max-snippet:-1, max-image-preview:large, max-video-preview:-1\" \/>\n<link rel=\"canonical\" href=\"https:\/\/www.allinclusivehotels.it\/fr\/destinations\/ligurie\/varazze\" \/>\n<meta property=\"og:locale\" content=\"fr_FR\" \/>\n<meta property=\"og:type\" content=\"article\" \/>\n<meta property=\"og:title\" content=\"H\u00f4tel All Inclusive \u00e0 Varazze pour Vacances tout compris\" \/>\n<meta property=\"og:description\" content=\"Vous cherchez un H\u00f4tel All Inclusive \u00e0 Varanne en Ligurie? D\u00e9couvrez la plus grande s\u00e9lection d&#039;h\u00f4tels avec offres tout compris!\" \/>\n<meta property=\"og:url\" content=\"https:\/\/www.allinclusivehotels.it\/fr\/destinations\/ligurie\/varazze\" \/>\n<meta property=\"og:site_name\" content=\"All Inclusive Hotels\" \/>\n<meta property=\"article:modified_time\" content=\"2022-03-26T18:19:53+00:00\" \/>\n<meta name=\"twitter:card\" content=\"summary_large_image\" \/>\n<meta name=\"twitter:label1\" content=\"Dur\u00e9e de lecture estim\u00e9e\" \/>\n\t<meta name=\"twitter:data1\" content=\"2 minutes\" \/>\n<script type=\"application\/ld+json\" class=\"yoast-schema-graph\">{\"@context\":\"https:\\\/\\\/schema.org\",\"@graph\":[{\"@type\":\"WebPage\",\"@id\":\"https:\\\/\\\/www.allinclusivehotels.it\\\/fr\\\/destinations\\\/ligurie\\\/varazze\",\"url\":\"https:\\\/\\\/www.allinclusivehotels.it\\\/fr\\\/destinations\\\/ligurie\\\/varazze\",\"name\":\"H\u00f4tel All Inclusive \u00e0 Varazze pour Vacances tout compris\",\"isPartOf\":{\"@id\":\"https:\\\/\\\/www.allinclusivehotels.it\\\/fr#website\"},\"datePublished\":\"2022-03-25T13:29:51+00:00\",\"dateModified\":\"2022-03-26T18:19:53+00:00\",\"description\":\"Vous cherchez un H\u00f4tel All Inclusive \u00e0 Varanne en Ligurie? D\u00e9couvrez la plus grande s\u00e9lection d'h\u00f4tels avec offres tout compris!\",\"breadcrumb\":{\"@id\":\"https:\\\/\\\/www.allinclusivehotels.it\\\/fr\\\/destinations\\\/ligurie\\\/varazze#breadcrumb\"},\"inLanguage\":\"fr-FR\",\"potentialAction\":[{\"@type\":\"ReadAction\",\"target\":[\"https:\\\/\\\/www.allinclusivehotels.it\\\/fr\\\/destinations\\\/ligurie\\\/varazze\"]}]},{\"@type\":\"BreadcrumbList\",\"@id\":\"https:\\\/\\\/www.allinclusivehotels.it\\\/fr\\\/destinations\\\/ligurie\\\/varazze#breadcrumb\",\"itemListElement\":[{\"@type\":\"ListItem\",\"position\":1,\"name\":\"Home\",\"item\":\"https:\\\/\\\/www.allinclusivehotels.it\\\/fr\"},{\"@type\":\"ListItem\",\"position\":2,\"name\":\"Destinations\",\"item\":\"https:\\\/\\\/www.allinclusivehotels.it\\\/fr\\\/destinations\"},{\"@type\":\"ListItem\",\"position\":3,\"name\":\"Ligurie\",\"item\":\"https:\\\/\\\/www.allinclusivehotels.it\\\/fr\\\/destinations\\\/ligurie\"},{\"@type\":\"ListItem\",\"position\":4,\"name\":\"Varazze\"}]},{\"@type\":\"WebSite\",\"@id\":\"https:\\\/\\\/www.allinclusivehotels.it\\\/fr#website\",\"url\":\"https:\\\/\\\/www.allinclusivehotels.it\\\/fr\",\"name\":\"All Inclusive Hotels\",\"description\":\"\",\"publisher\":{\"@id\":\"https:\\\/\\\/www.allinclusivehotels.it\\\/fr#organization\"},\"potentialAction\":[{\"@type\":\"SearchAction\",\"target\":{\"@type\":\"EntryPoint\",\"urlTemplate\":\"https:\\\/\\\/www.allinclusivehotels.it\\\/fr?s={search_term_string}\"},\"query-input\":{\"@type\":\"PropertyValueSpecification\",\"valueRequired\":true,\"valueName\":\"search_term_string\"}}],\"inLanguage\":\"fr-FR\"},{\"@type\":\"Organization\",\"@id\":\"https:\\\/\\\/www.allinclusivehotels.it\\\/fr#organization\",\"name\":\"All Inclusive Hotels\",\"url\":\"https:\\\/\\\/www.allinclusivehotels.it\\\/fr\",\"logo\":{\"@type\":\"ImageObject\",\"inLanguage\":\"fr-FR\",\"@id\":\"https:\\\/\\\/www.allinclusivehotels.it\\\/fr#\\\/schema\\\/logo\\\/image\\\/\",\"url\":\"\",\"contentUrl\":\"\",\"caption\":\"All Inclusive Hotels\"},\"image\":{\"@id\":\"https:\\\/\\\/www.allinclusivehotels.it\\\/fr#\\\/schema\\\/logo\\\/image\\\/\"}}]}<\/script>\n<!-- \/ Yoast SEO plugin. -->","yoast_head_json":{"title":"H\u00f4tel All Inclusive \u00e0 Varazze pour Vacances tout compris","description":"Vous cherchez un H\u00f4tel All Inclusive \u00e0 Varanne en Ligurie? D\u00e9couvrez la plus grande s\u00e9lection d'h\u00f4tels avec offres tout compris!","robots":{"index":"index","follow":"follow","max-snippet":"max-snippet:-1","max-image-preview":"max-image-preview:large","max-video-preview":"max-video-preview:-1"},"canonical":"https:\/\/www.allinclusivehotels.it\/fr\/destinations\/ligurie\/varazze","og_locale":"fr_FR","og_type":"article","og_title":"H\u00f4tel All Inclusive \u00e0 Varazze pour Vacances tout compris","og_description":"Vous cherchez un H\u00f4tel All Inclusive \u00e0 Varanne en Ligurie? D\u00e9couvrez la plus grande s\u00e9lection d'h\u00f4tels avec offres tout compris!","og_url":"https:\/\/www.allinclusivehotels.it\/fr\/destinations\/ligurie\/varazze","og_site_name":"All Inclusive Hotels","article_modified_time":"2022-03-26T18:19:53+00:00","twitter_card":"summary_large_image","twitter_misc":{"Dur\u00e9e de lecture estim\u00e9e":"2 minutes"},"schema":{"@context":"https:\/\/schema.org","@graph":[{"@type":"WebPage","@id":"https:\/\/www.allinclusivehotels.it\/fr\/destinations\/ligurie\/varazze","url":"https:\/\/www.allinclusivehotels.it\/fr\/destinations\/ligurie\/varazze","name":"H\u00f4tel All Inclusive \u00e0 Varazze pour Vacances tout compris","isPartOf":{"@id":"https:\/\/www.allinclusivehotels.it\/fr#website"},"datePublished":"2022-03-25T13:29:51+00:00","dateModified":"2022-03-26T18:19:53+00:00","description":"Vous cherchez un H\u00f4tel All Inclusive \u00e0 Varanne en Ligurie? D\u00e9couvrez la plus grande s\u00e9lection d'h\u00f4tels avec offres tout compris!","breadcrumb":{"@id":"https:\/\/www.allinclusivehotels.it\/fr\/destinations\/ligurie\/varazze#breadcrumb"},"inLanguage":"fr-FR","potentialAction":[{"@type":"ReadAction","target":["https:\/\/www.allinclusivehotels.it\/fr\/destinations\/ligurie\/varazze"]}]},{"@type":"BreadcrumbList","@id":"https:\/\/www.allinclusivehotels.it\/fr\/destinations\/ligurie\/varazze#breadcrumb","itemListElement":[{"@type":"ListItem","position":1,"name":"Home","item":"https:\/\/www.allinclusivehotels.it\/fr"},{"@type":"ListItem","position":2,"name":"Destinations","item":"https:\/\/www.allinclusivehotels.it\/fr\/destinations"},{"@type":"ListItem","position":3,"name":"Ligurie","item":"https:\/\/www.allinclusivehotels.it\/fr\/destinations\/ligurie"},{"@type":"ListItem","position":4,"name":"Varazze"}]},{"@type":"WebSite","@id":"https:\/\/www.allinclusivehotels.it\/fr#website","url":"https:\/\/www.allinclusivehotels.it\/fr","name":"All Inclusive Hotels","description":"","publisher":{"@id":"https:\/\/www.allinclusivehotels.it\/fr#organization"},"potentialAction":[{"@type":"SearchAction","target":{"@type":"EntryPoint","urlTemplate":"https:\/\/www.allinclusivehotels.it\/fr?s={search_term_string}"},"query-input":{"@type":"PropertyValueSpecification","valueRequired":true,"valueName":"search_term_string"}}],"inLanguage":"fr-FR"},{"@type":"Organization","@id":"https:\/\/www.allinclusivehotels.it\/fr#organization","name":"All Inclusive Hotels","url":"https:\/\/www.allinclusivehotels.it\/fr","logo":{"@type":"ImageObject","inLanguage":"fr-FR","@id":"https:\/\/www.allinclusivehotels.it\/fr#\/schema\/logo\/image\/","url":"","contentUrl":"","caption":"All Inclusive Hotels"},"image":{"@id":"https:\/\/www.allinclusivehotels.it\/fr#\/schema\/logo\/image\/"}}]}},"_links":{"self":[{"href":"https:\/\/www.allinclusivehotels.it\/fr\/wp-json\/wp\/v2\/pages\/11873","targetHints":{"allow":["GET"]}}],"collection":[{"href":"https:\/\/www.allinclusivehotels.it\/fr\/wp-json\/wp\/v2\/pages"}],"about":[{"href":"https:\/\/www.allinclusivehotels.it\/fr\/wp-json\/wp\/v2\/types\/page"}],"author":[{"embeddable":true,"href":"https:\/\/www.allinclusivehotels.it\/fr\/wp-json\/wp\/v2\/users\/1"}],"replies":[{"embeddable":true,"href":"https:\/\/www.allinclusivehotels.it\/fr\/wp-json\/wp\/v2\/comments?post=11873"}],"version-history":[{"count":2,"href":"https:\/\/www.allinclusivehotels.it\/fr\/wp-json\/wp\/v2\/pages\/11873\/revisions"}],"predecessor-version":[{"id":11875,"href":"https:\/\/www.allinclusivehotels.it\/fr\/wp-json\/wp\/v2\/pages\/11873\/revisions\/11875"}],"up":[{"embeddable":true,"href":"https:\/\/www.allinclusivehotels.it\/fr\/wp-json\/wp\/v2\/pages\/11103"}],"wp:attachment":[{"href":"https:\/\/www.allinclusivehotels.it\/fr\/wp-json\/wp\/v2\/media?parent=11873"}],"curies":[{"name":"wp","href":"https:\/\/api.w.org\/{rel}","templated":true}]}}