{"id":11869,"date":"2022-03-25T14:14:02","date_gmt":"2022-03-25T13:14:02","guid":{"rendered":"https:\/\/www.allinclusivehotels.it\/?page_id=11869"},"modified":"2022-04-08T19:48:13","modified_gmt":"2022-04-08T17:48:13","slug":"pejo","status":"publish","type":"page","link":"https:\/\/www.allinclusivehotels.it\/fr\/destinations\/trentin-haut-adige\/pejo","title":{"rendered":"Pejo"},"content":{"rendered":"\n<p><strong>Pejo village <\/strong>est une charmante localit\u00e9 du Parc national du Stelvio, o\u00f9 passer des vacances <strong>All Inclusive<\/strong> r\u00e9g\u00e9n\u00e9rantes en contact avec la nature.<\/p>\n\n\n\n<p>La luxuriant <strong>Val di Pejo<\/strong> est une destination qui attire les passionn\u00e9s d\u2019activit\u00e9s en plein air et de bien-\u00eatre, ainsi que les touristes \u00e0 la recherche d\u2019air pur, de paysages vierges et de d\u00e9tente. Les <strong>All Inclusive Hotels<\/strong> de Pejo sont la solution id\u00e9ale pour ceux qui veulent profiter des atouts de la r\u00e9gion et d\u2019un accueil attentif et tout confort.<\/p>\n\n\n\n<!--more-->\n\n\n\n<p>Parmi les plus belles <strong>excursions \u00e0 Pejo et alentours<\/strong>, il y a s\u00fbrement celle du <strong>Lac de Pian Pal\u00f9<\/strong>, un plan d\u2019eau entour\u00e9 de sommets montagneux, mais aussi celles du <strong>Lac Covel<\/strong> et des cascades de Rio Vioz&nbsp;; ou encore le trekking pour experts jusqu\u2019au <strong>Rifugio Mantova<\/strong>, \u00e0 3535 m\u00e8tres d\u2019altitude.<\/p>\n\n\n\n<p>Au retour d\u2019une journ\u00e9e pass\u00e9e sur les sentiers, vous pourrez prendre soin de vous et vous ressources aux <strong>thermes de Pejo<\/strong>. La petite ville est r\u00e9put\u00e9e pour la qualit\u00e9 de ses eaux.<\/p>\n\n\n\n<p>Ceux qui aiment les <strong>vacances culturelles<\/strong> ne seront pas d\u00e9\u00e7us non plus&nbsp;: toute la vall\u00e9e est riche de<strong> parcours qui suivent les chemins de la Grande Guerre <\/strong>et, dans le centre historique, on peut visiter le mus\u00e9e th\u00e9matique d\u00e9di\u00e9 \u00e0 la Premi\u00e8re Guerre Mondiale&nbsp;; et \u00e0 seulement 11 kilom\u00e8tres se trouve <strong>Ossana<\/strong>, le pittoresque <strong>\u201cborgo dei 1000 presepi\u201d <\/strong>(bourg des mille cr\u00e8ches), avec son Ch\u00e2teau et la Tour de San Michele.<\/p>\n\n\n\n<p>En plus de go\u00fbter au meilleur de la <strong>cuisine du Trentin<\/strong> dans les <strong>All Inclusive Hotels <\/strong>de Pejo, vous pourrez explorer le <strong>Caseificio&nbsp; Turnario (Laiterie) <\/strong>de<strong> Pejo village<\/strong>, le dernier encore en fonction du Trentin-Haut-Adige, o\u00f9 l\u2019on produit du beurre et du fromage <strong>casol\u00e9t<\/strong> selon la tradition ancienne.<\/p>\n","protected":false},"excerpt":{"rendered":"<p>Pejo village est une charmante localit\u00e9 du Parc national du Stelvio, o\u00f9 passer des vacances &hellip;<\/p>\n","protected":false},"author":1,"featured_media":0,"parent":10292,"menu_order":0,"comment_status":"closed","ping_status":"closed","template":"page-templates\/destinazione.php","meta":{"_acf_changed":false,"footnotes":""},"class_list":["post-11869","page","type-page","status-publish","hentry"],"acf":[],"yoast_head":"<!-- This site is optimized with the Yoast SEO plugin v27.0 - https:\/\/yoast.com\/product\/yoast-seo-wordpress\/ -->\n<title>H\u00f4tels All Inclusive \u00e0 Pejo | Forfaits Vacances dans les Dolomites<\/title>\n<meta name=\"description\" content=\"Vous cherchez des H\u00f4tels All Inclusive \u00e0 Pejo dans les Dolomites en Italie? Voici la plus grande s\u00e9lection des meilleurs h\u00f4tels\" \/>\n<meta name=\"robots\" content=\"index, follow, max-snippet:-1, max-image-preview:large, max-video-preview:-1\" \/>\n<link rel=\"canonical\" href=\"https:\/\/www.allinclusivehotels.it\/fr\/destinations\/trentin-haut-adige\/pejo\" \/>\n<meta property=\"og:locale\" content=\"fr_FR\" \/>\n<meta property=\"og:type\" content=\"article\" \/>\n<meta property=\"og:title\" content=\"H\u00f4tels All Inclusive \u00e0 Pejo | Forfaits Vacances dans les Dolomites\" \/>\n<meta property=\"og:description\" content=\"Vous cherchez des H\u00f4tels All Inclusive \u00e0 Pejo dans les Dolomites en Italie? Voici la plus grande s\u00e9lection des meilleurs h\u00f4tels\" \/>\n<meta property=\"og:url\" content=\"https:\/\/www.allinclusivehotels.it\/fr\/destinations\/trentin-haut-adige\/pejo\" \/>\n<meta property=\"og:site_name\" content=\"All Inclusive Hotels\" \/>\n<meta property=\"article:modified_time\" content=\"2022-04-08T17:48:13+00:00\" \/>\n<meta name=\"twitter:card\" content=\"summary_large_image\" \/>\n<meta name=\"twitter:label1\" content=\"Dur\u00e9e de lecture estim\u00e9e\" \/>\n\t<meta name=\"twitter:data1\" content=\"2 minutes\" \/>\n<script type=\"application\/ld+json\" class=\"yoast-schema-graph\">{\"@context\":\"https:\/\/schema.org\",\"@graph\":[{\"@type\":\"WebPage\",\"@id\":\"https:\/\/www.allinclusivehotels.it\/fr\/destinations\/trentin-haut-adige\/pejo\",\"url\":\"https:\/\/www.allinclusivehotels.it\/fr\/destinations\/trentin-haut-adige\/pejo\",\"name\":\"H\u00f4tels All Inclusive \u00e0 Pejo | Forfaits Vacances dans les Dolomites\",\"isPartOf\":{\"@id\":\"https:\/\/www.allinclusivehotels.it\/fr#website\"},\"datePublished\":\"2022-03-25T13:14:02+00:00\",\"dateModified\":\"2022-04-08T17:48:13+00:00\",\"description\":\"Vous cherchez des H\u00f4tels All Inclusive \u00e0 Pejo dans les Dolomites en Italie? Voici la plus grande s\u00e9lection des meilleurs h\u00f4tels\",\"breadcrumb\":{\"@id\":\"https:\/\/www.allinclusivehotels.it\/fr\/destinations\/trentin-haut-adige\/pejo#breadcrumb\"},\"inLanguage\":\"fr-FR\",\"potentialAction\":[{\"@type\":\"ReadAction\",\"target\":[\"https:\/\/www.allinclusivehotels.it\/fr\/destinations\/trentin-haut-adige\/pejo\"]}]},{\"@type\":\"BreadcrumbList\",\"@id\":\"https:\/\/www.allinclusivehotels.it\/fr\/destinations\/trentin-haut-adige\/pejo#breadcrumb\",\"itemListElement\":[{\"@type\":\"ListItem\",\"position\":1,\"name\":\"Home\",\"item\":\"https:\/\/www.allinclusivehotels.it\/fr\"},{\"@type\":\"ListItem\",\"position\":2,\"name\":\"Destinations\",\"item\":\"https:\/\/www.allinclusivehotels.it\/fr\/destinations\"},{\"@type\":\"ListItem\",\"position\":3,\"name\":\"Trentin-Haut-Adige\",\"item\":\"https:\/\/www.allinclusivehotels.it\/fr\/destinations\/trentin-haut-adige\"},{\"@type\":\"ListItem\",\"position\":4,\"name\":\"Pejo\"}]},{\"@type\":\"WebSite\",\"@id\":\"https:\/\/www.allinclusivehotels.it\/fr#website\",\"url\":\"https:\/\/www.allinclusivehotels.it\/fr\",\"name\":\"All Inclusive Hotels\",\"description\":\"\",\"publisher\":{\"@id\":\"https:\/\/www.allinclusivehotels.it\/fr#organization\"},\"potentialAction\":[{\"@type\":\"SearchAction\",\"target\":{\"@type\":\"EntryPoint\",\"urlTemplate\":\"https:\/\/www.allinclusivehotels.it\/fr?s={search_term_string}\"},\"query-input\":{\"@type\":\"PropertyValueSpecification\",\"valueRequired\":true,\"valueName\":\"search_term_string\"}}],\"inLanguage\":\"fr-FR\"},{\"@type\":\"Organization\",\"@id\":\"https:\/\/www.allinclusivehotels.it\/fr#organization\",\"name\":\"All Inclusive Hotels\",\"url\":\"https:\/\/www.allinclusivehotels.it\/fr\",\"logo\":{\"@type\":\"ImageObject\",\"inLanguage\":\"fr-FR\",\"@id\":\"https:\/\/www.allinclusivehotels.it\/fr#\/schema\/logo\/image\/\",\"url\":\"\",\"contentUrl\":\"\",\"caption\":\"All Inclusive Hotels\"},\"image\":{\"@id\":\"https:\/\/www.allinclusivehotels.it\/fr#\/schema\/logo\/image\/\"}}]}<\/script>\n<!-- \/ Yoast SEO plugin. -->","yoast_head_json":{"title":"H\u00f4tels All Inclusive \u00e0 Pejo | Forfaits Vacances dans les Dolomites","description":"Vous cherchez des H\u00f4tels All Inclusive \u00e0 Pejo dans les Dolomites en Italie? Voici la plus grande s\u00e9lection des meilleurs h\u00f4tels","robots":{"index":"index","follow":"follow","max-snippet":"max-snippet:-1","max-image-preview":"max-image-preview:large","max-video-preview":"max-video-preview:-1"},"canonical":"https:\/\/www.allinclusivehotels.it\/fr\/destinations\/trentin-haut-adige\/pejo","og_locale":"fr_FR","og_type":"article","og_title":"H\u00f4tels All Inclusive \u00e0 Pejo | Forfaits Vacances dans les Dolomites","og_description":"Vous cherchez des H\u00f4tels All Inclusive \u00e0 Pejo dans les Dolomites en Italie? Voici la plus grande s\u00e9lection des meilleurs h\u00f4tels","og_url":"https:\/\/www.allinclusivehotels.it\/fr\/destinations\/trentin-haut-adige\/pejo","og_site_name":"All Inclusive Hotels","article_modified_time":"2022-04-08T17:48:13+00:00","twitter_card":"summary_large_image","twitter_misc":{"Dur\u00e9e de lecture estim\u00e9e":"2 minutes"},"schema":{"@context":"https:\/\/schema.org","@graph":[{"@type":"WebPage","@id":"https:\/\/www.allinclusivehotels.it\/fr\/destinations\/trentin-haut-adige\/pejo","url":"https:\/\/www.allinclusivehotels.it\/fr\/destinations\/trentin-haut-adige\/pejo","name":"H\u00f4tels All Inclusive \u00e0 Pejo | Forfaits Vacances dans les Dolomites","isPartOf":{"@id":"https:\/\/www.allinclusivehotels.it\/fr#website"},"datePublished":"2022-03-25T13:14:02+00:00","dateModified":"2022-04-08T17:48:13+00:00","description":"Vous cherchez des H\u00f4tels All Inclusive \u00e0 Pejo dans les Dolomites en Italie? Voici la plus grande s\u00e9lection des meilleurs h\u00f4tels","breadcrumb":{"@id":"https:\/\/www.allinclusivehotels.it\/fr\/destinations\/trentin-haut-adige\/pejo#breadcrumb"},"inLanguage":"fr-FR","potentialAction":[{"@type":"ReadAction","target":["https:\/\/www.allinclusivehotels.it\/fr\/destinations\/trentin-haut-adige\/pejo"]}]},{"@type":"BreadcrumbList","@id":"https:\/\/www.allinclusivehotels.it\/fr\/destinations\/trentin-haut-adige\/pejo#breadcrumb","itemListElement":[{"@type":"ListItem","position":1,"name":"Home","item":"https:\/\/www.allinclusivehotels.it\/fr"},{"@type":"ListItem","position":2,"name":"Destinations","item":"https:\/\/www.allinclusivehotels.it\/fr\/destinations"},{"@type":"ListItem","position":3,"name":"Trentin-Haut-Adige","item":"https:\/\/www.allinclusivehotels.it\/fr\/destinations\/trentin-haut-adige"},{"@type":"ListItem","position":4,"name":"Pejo"}]},{"@type":"WebSite","@id":"https:\/\/www.allinclusivehotels.it\/fr#website","url":"https:\/\/www.allinclusivehotels.it\/fr","name":"All Inclusive Hotels","description":"","publisher":{"@id":"https:\/\/www.allinclusivehotels.it\/fr#organization"},"potentialAction":[{"@type":"SearchAction","target":{"@type":"EntryPoint","urlTemplate":"https:\/\/www.allinclusivehotels.it\/fr?s={search_term_string}"},"query-input":{"@type":"PropertyValueSpecification","valueRequired":true,"valueName":"search_term_string"}}],"inLanguage":"fr-FR"},{"@type":"Organization","@id":"https:\/\/www.allinclusivehotels.it\/fr#organization","name":"All Inclusive Hotels","url":"https:\/\/www.allinclusivehotels.it\/fr","logo":{"@type":"ImageObject","inLanguage":"fr-FR","@id":"https:\/\/www.allinclusivehotels.it\/fr#\/schema\/logo\/image\/","url":"","contentUrl":"","caption":"All Inclusive Hotels"},"image":{"@id":"https:\/\/www.allinclusivehotels.it\/fr#\/schema\/logo\/image\/"}}]}},"_links":{"self":[{"href":"https:\/\/www.allinclusivehotels.it\/fr\/wp-json\/wp\/v2\/pages\/11869","targetHints":{"allow":["GET"]}}],"collection":[{"href":"https:\/\/www.allinclusivehotels.it\/fr\/wp-json\/wp\/v2\/pages"}],"about":[{"href":"https:\/\/www.allinclusivehotels.it\/fr\/wp-json\/wp\/v2\/types\/page"}],"author":[{"embeddable":true,"href":"https:\/\/www.allinclusivehotels.it\/fr\/wp-json\/wp\/v2\/users\/1"}],"replies":[{"embeddable":true,"href":"https:\/\/www.allinclusivehotels.it\/fr\/wp-json\/wp\/v2\/comments?post=11869"}],"version-history":[{"count":2,"href":"https:\/\/www.allinclusivehotels.it\/fr\/wp-json\/wp\/v2\/pages\/11869\/revisions"}],"predecessor-version":[{"id":11871,"href":"https:\/\/www.allinclusivehotels.it\/fr\/wp-json\/wp\/v2\/pages\/11869\/revisions\/11871"}],"up":[{"embeddable":true,"href":"https:\/\/www.allinclusivehotels.it\/fr\/wp-json\/wp\/v2\/pages\/10292"}],"wp:attachment":[{"href":"https:\/\/www.allinclusivehotels.it\/fr\/wp-json\/wp\/v2\/media?parent=11869"}],"curies":[{"name":"wp","href":"https:\/\/api.w.org\/{rel}","templated":true}]}}