{"id":11643,"date":"2022-03-14T11:30:33","date_gmt":"2022-03-14T10:30:33","guid":{"rendered":"https:\/\/www.allinclusivehotels.it\/hotels\/hotel-promenade"},"modified":"2022-04-14T18:21:33","modified_gmt":"2022-04-14T16:21:33","slug":"hotel-promenade","status":"publish","type":"page","link":"https:\/\/www.allinclusivehotels.it\/fr\/hotels\/hotel-promenade","title":{"rendered":"Hotel Promenade"},"content":{"rendered":"\n<p>\u00c0 l\u2019<b>Hotel Promenade<\/b> de <b>Gabicce Mare<\/b>, notre \u00e9quipe est pr\u00eate \u00e0 vous accueillir pour un s\u00e9jour entre d\u00e9tente et calme absolus \u00e0 deux pas du Parc Naturel du San Bartolo. Gr\u00e2ce \u00e0 sa position id\u00e9ale, il vous suffit d\u2019une <b>promenade d\u2019une minute<\/b> pour rejoindre la <b>plage conventionn\u00e9e<\/b> et de 5 minutes pour arriver jusqu\u2019au centre de Gabicce, avec ses nombreuses boutiques et clubs.<\/p>\n\n\n\n<p>Les enfants de 3 \u00e0 10 ans pourront profiter du <b>Mini Club<\/b> en soir\u00e9e, du <b>go\u00fbter de l\u2019apr\u00e8s-midi<\/b> et d\u2019une <b>aire de jeux<\/b> en ext\u00e9rieur.<\/p>\n\n\n\n<!--more-->\n\n\n\n<p>Au petit-d\u00e9jeuner, un <b>abondant buffet<\/b> de mets sucr\u00e9s et sal\u00e9s vous attend. Sur demande, l\u2019h\u00f4tel vous pr\u00e9pare de <b>packed lunch<\/b> \u00e0 savourer sous le parasol ou pendant que vous explorer la r\u00e9gion. En journ\u00e9e, vous aurez \u00e0 disposition de jus de fruits rafraichissants \u00e0 volont\u00e9. En soir\u00e9e, \u00e0 l\u2019h\u00f4tel, vous pourrez vous r\u00e9galer avec le <b>buffet<\/b>, nos <b>sp\u00e9cialit\u00e9s quotidiennes de viande ou poisson<\/b>, et aussi go\u00fbter aux saveurs de la tradition de Romagne lors de nos <b>ap\u00e9ros<\/b> ou nos <b>d\u00eeners <\/b>typiques. Pour les enfants, nous proposons des <b>baby menus<\/b> gourmands et sains.<\/p>\n\n\n\n<p>Gr\u00e2ce \u00e0 sa position, l\u2019Hotel Promenade est un point de d\u00e9part id\u00e9al pour faire des excursions dans les <b>bourgs typiques de l\u2019arri\u00e8re-pays<\/b>. Les loisirs ne manquent pas, avec diff\u00e9rentes <b>activit\u00e9s en plein air<\/b>, comme la marche nordique, le trekking, les sorties en bateau ou en cano\u00eb, ou simplement les promenades sur le lungomare. L\u2019h\u00f4tel met aussi \u00e0 disposition des v\u00e9los \u00e0 location gratuite avec petit <b>si\u00e8ge pour enfants<\/b>.<\/p>\n","protected":false},"excerpt":{"rendered":"<p>\u00c0 l\u2019Hotel Promenade de Gabicce Mare, notre \u00e9quipe est pr\u00eate \u00e0 vous accueillir pour un &hellip;<\/p>\n","protected":false},"author":1,"featured_media":7552,"parent":8241,"menu_order":0,"comment_status":"closed","ping_status":"closed","template":"page-templates\/scheda_hotel.php","meta":{"_acf_changed":false,"footnotes":""},"class_list":["post-11643","page","type-page","status-publish","has-post-thumbnail","hentry"],"acf":[],"yoast_head":"<!-- This site is optimized with the Yoast SEO plugin v27.0 - https:\/\/yoast.com\/product\/yoast-seo-wordpress\/ -->\n<title>Offres All Inclusive de l&#039;H\u00f4tel Promenade \u00e0 Gabicce Mare<\/title>\n<meta name=\"description\" content=\"Vacances tout compris en Italie? D\u00e9couvrez les forfaits All Inclusive de l&#039;H\u00f4tel Promenade \u00e0 Gabicce Mare dans les Marches\" \/>\n<meta name=\"robots\" content=\"index, follow, max-snippet:-1, max-image-preview:large, max-video-preview:-1\" \/>\n<link rel=\"canonical\" href=\"https:\/\/www.allinclusivehotels.it\/fr\/hotels\/hotel-promenade\" \/>\n<meta property=\"og:locale\" content=\"fr_FR\" \/>\n<meta property=\"og:type\" content=\"article\" \/>\n<meta property=\"og:title\" content=\"Offres All Inclusive de l&#039;H\u00f4tel Promenade \u00e0 Gabicce Mare\" \/>\n<meta property=\"og:description\" content=\"Vacances tout compris en Italie? D\u00e9couvrez les forfaits All Inclusive de l&#039;H\u00f4tel Promenade \u00e0 Gabicce Mare dans les Marches\" \/>\n<meta property=\"og:url\" content=\"https:\/\/www.allinclusivehotels.it\/fr\/hotels\/hotel-promenade\" \/>\n<meta property=\"og:site_name\" content=\"All Inclusive Hotels\" \/>\n<meta property=\"article:modified_time\" content=\"2022-04-14T16:21:33+00:00\" \/>\n<meta property=\"og:image\" content=\"https:\/\/www.allinclusivehotels.it\/wp-content\/uploads\/2022\/02\/Esterno.jpg\" \/>\n\t<meta property=\"og:image:width\" content=\"1200\" \/>\n\t<meta property=\"og:image:height\" content=\"800\" \/>\n\t<meta property=\"og:image:type\" content=\"image\/jpeg\" \/>\n<meta name=\"twitter:card\" content=\"summary_large_image\" \/>\n<meta name=\"twitter:label1\" content=\"Dur\u00e9e de lecture estim\u00e9e\" \/>\n\t<meta name=\"twitter:data1\" content=\"2 minutes\" \/>\n<script type=\"application\/ld+json\" class=\"yoast-schema-graph\">{\"@context\":\"https:\/\/schema.org\",\"@graph\":[{\"@type\":\"WebPage\",\"@id\":\"https:\/\/www.allinclusivehotels.it\/fr\/hotels\/hotel-promenade\",\"url\":\"https:\/\/www.allinclusivehotels.it\/fr\/hotels\/hotel-promenade\",\"name\":\"Offres All Inclusive de l'H\u00f4tel Promenade \u00e0 Gabicce Mare\",\"isPartOf\":{\"@id\":\"https:\/\/www.allinclusivehotels.it\/fr#website\"},\"primaryImageOfPage\":{\"@id\":\"https:\/\/www.allinclusivehotels.it\/fr\/hotels\/hotel-promenade#primaryimage\"},\"image\":{\"@id\":\"https:\/\/www.allinclusivehotels.it\/fr\/hotels\/hotel-promenade#primaryimage\"},\"thumbnailUrl\":\"https:\/\/www.allinclusivehotels.it\/wp-content\/uploads\/2022\/02\/Esterno.jpg\",\"datePublished\":\"2022-03-14T10:30:33+00:00\",\"dateModified\":\"2022-04-14T16:21:33+00:00\",\"description\":\"Vacances tout compris en Italie? D\u00e9couvrez les forfaits All Inclusive de l'H\u00f4tel Promenade \u00e0 Gabicce Mare dans les Marches\",\"breadcrumb\":{\"@id\":\"https:\/\/www.allinclusivehotels.it\/fr\/hotels\/hotel-promenade#breadcrumb\"},\"inLanguage\":\"fr-FR\",\"potentialAction\":[{\"@type\":\"ReadAction\",\"target\":[\"https:\/\/www.allinclusivehotels.it\/fr\/hotels\/hotel-promenade\"]}]},{\"@type\":\"ImageObject\",\"inLanguage\":\"fr-FR\",\"@id\":\"https:\/\/www.allinclusivehotels.it\/fr\/hotels\/hotel-promenade#primaryimage\",\"url\":\"https:\/\/www.allinclusivehotels.it\/wp-content\/uploads\/2022\/02\/Esterno.jpg\",\"contentUrl\":\"https:\/\/www.allinclusivehotels.it\/wp-content\/uploads\/2022\/02\/Esterno.jpg\",\"width\":1200,\"height\":800},{\"@type\":\"BreadcrumbList\",\"@id\":\"https:\/\/www.allinclusivehotels.it\/fr\/hotels\/hotel-promenade#breadcrumb\",\"itemListElement\":[{\"@type\":\"ListItem\",\"position\":1,\"name\":\"Home\",\"item\":\"https:\/\/www.allinclusivehotels.it\/fr\"},{\"@type\":\"ListItem\",\"position\":2,\"name\":\"H\u00f4tels\",\"item\":\"https:\/\/www.allinclusivehotels.it\/fr\/hotels\"},{\"@type\":\"ListItem\",\"position\":3,\"name\":\"Hotel Promenade\"}]},{\"@type\":\"WebSite\",\"@id\":\"https:\/\/www.allinclusivehotels.it\/fr#website\",\"url\":\"https:\/\/www.allinclusivehotels.it\/fr\",\"name\":\"All Inclusive Hotels\",\"description\":\"\",\"publisher\":{\"@id\":\"https:\/\/www.allinclusivehotels.it\/fr#organization\"},\"potentialAction\":[{\"@type\":\"SearchAction\",\"target\":{\"@type\":\"EntryPoint\",\"urlTemplate\":\"https:\/\/www.allinclusivehotels.it\/fr?s={search_term_string}\"},\"query-input\":{\"@type\":\"PropertyValueSpecification\",\"valueRequired\":true,\"valueName\":\"search_term_string\"}}],\"inLanguage\":\"fr-FR\"},{\"@type\":\"Organization\",\"@id\":\"https:\/\/www.allinclusivehotels.it\/fr#organization\",\"name\":\"All Inclusive Hotels\",\"url\":\"https:\/\/www.allinclusivehotels.it\/fr\",\"logo\":{\"@type\":\"ImageObject\",\"inLanguage\":\"fr-FR\",\"@id\":\"https:\/\/www.allinclusivehotels.it\/fr#\/schema\/logo\/image\/\",\"url\":\"\",\"contentUrl\":\"\",\"caption\":\"All Inclusive Hotels\"},\"image\":{\"@id\":\"https:\/\/www.allinclusivehotels.it\/fr#\/schema\/logo\/image\/\"}}]}<\/script>\n<!-- \/ Yoast SEO plugin. -->","yoast_head_json":{"title":"Offres All Inclusive de l'H\u00f4tel Promenade \u00e0 Gabicce Mare","description":"Vacances tout compris en Italie? D\u00e9couvrez les forfaits All Inclusive de l'H\u00f4tel Promenade \u00e0 Gabicce Mare dans les Marches","robots":{"index":"index","follow":"follow","max-snippet":"max-snippet:-1","max-image-preview":"max-image-preview:large","max-video-preview":"max-video-preview:-1"},"canonical":"https:\/\/www.allinclusivehotels.it\/fr\/hotels\/hotel-promenade","og_locale":"fr_FR","og_type":"article","og_title":"Offres All Inclusive de l'H\u00f4tel Promenade \u00e0 Gabicce Mare","og_description":"Vacances tout compris en Italie? D\u00e9couvrez les forfaits All Inclusive de l'H\u00f4tel Promenade \u00e0 Gabicce Mare dans les Marches","og_url":"https:\/\/www.allinclusivehotels.it\/fr\/hotels\/hotel-promenade","og_site_name":"All Inclusive Hotels","article_modified_time":"2022-04-14T16:21:33+00:00","og_image":[{"width":1200,"height":800,"url":"https:\/\/www.allinclusivehotels.it\/wp-content\/uploads\/2022\/02\/Esterno.jpg","type":"image\/jpeg"}],"twitter_card":"summary_large_image","twitter_misc":{"Dur\u00e9e de lecture estim\u00e9e":"2 minutes"},"schema":{"@context":"https:\/\/schema.org","@graph":[{"@type":"WebPage","@id":"https:\/\/www.allinclusivehotels.it\/fr\/hotels\/hotel-promenade","url":"https:\/\/www.allinclusivehotels.it\/fr\/hotels\/hotel-promenade","name":"Offres All Inclusive de l'H\u00f4tel Promenade \u00e0 Gabicce Mare","isPartOf":{"@id":"https:\/\/www.allinclusivehotels.it\/fr#website"},"primaryImageOfPage":{"@id":"https:\/\/www.allinclusivehotels.it\/fr\/hotels\/hotel-promenade#primaryimage"},"image":{"@id":"https:\/\/www.allinclusivehotels.it\/fr\/hotels\/hotel-promenade#primaryimage"},"thumbnailUrl":"https:\/\/www.allinclusivehotels.it\/wp-content\/uploads\/2022\/02\/Esterno.jpg","datePublished":"2022-03-14T10:30:33+00:00","dateModified":"2022-04-14T16:21:33+00:00","description":"Vacances tout compris en Italie? D\u00e9couvrez les forfaits All Inclusive de l'H\u00f4tel Promenade \u00e0 Gabicce Mare dans les Marches","breadcrumb":{"@id":"https:\/\/www.allinclusivehotels.it\/fr\/hotels\/hotel-promenade#breadcrumb"},"inLanguage":"fr-FR","potentialAction":[{"@type":"ReadAction","target":["https:\/\/www.allinclusivehotels.it\/fr\/hotels\/hotel-promenade"]}]},{"@type":"ImageObject","inLanguage":"fr-FR","@id":"https:\/\/www.allinclusivehotels.it\/fr\/hotels\/hotel-promenade#primaryimage","url":"https:\/\/www.allinclusivehotels.it\/wp-content\/uploads\/2022\/02\/Esterno.jpg","contentUrl":"https:\/\/www.allinclusivehotels.it\/wp-content\/uploads\/2022\/02\/Esterno.jpg","width":1200,"height":800},{"@type":"BreadcrumbList","@id":"https:\/\/www.allinclusivehotels.it\/fr\/hotels\/hotel-promenade#breadcrumb","itemListElement":[{"@type":"ListItem","position":1,"name":"Home","item":"https:\/\/www.allinclusivehotels.it\/fr"},{"@type":"ListItem","position":2,"name":"H\u00f4tels","item":"https:\/\/www.allinclusivehotels.it\/fr\/hotels"},{"@type":"ListItem","position":3,"name":"Hotel Promenade"}]},{"@type":"WebSite","@id":"https:\/\/www.allinclusivehotels.it\/fr#website","url":"https:\/\/www.allinclusivehotels.it\/fr","name":"All Inclusive Hotels","description":"","publisher":{"@id":"https:\/\/www.allinclusivehotels.it\/fr#organization"},"potentialAction":[{"@type":"SearchAction","target":{"@type":"EntryPoint","urlTemplate":"https:\/\/www.allinclusivehotels.it\/fr?s={search_term_string}"},"query-input":{"@type":"PropertyValueSpecification","valueRequired":true,"valueName":"search_term_string"}}],"inLanguage":"fr-FR"},{"@type":"Organization","@id":"https:\/\/www.allinclusivehotels.it\/fr#organization","name":"All Inclusive Hotels","url":"https:\/\/www.allinclusivehotels.it\/fr","logo":{"@type":"ImageObject","inLanguage":"fr-FR","@id":"https:\/\/www.allinclusivehotels.it\/fr#\/schema\/logo\/image\/","url":"","contentUrl":"","caption":"All Inclusive Hotels"},"image":{"@id":"https:\/\/www.allinclusivehotels.it\/fr#\/schema\/logo\/image\/"}}]}},"_links":{"self":[{"href":"https:\/\/www.allinclusivehotels.it\/fr\/wp-json\/wp\/v2\/pages\/11643","targetHints":{"allow":["GET"]}}],"collection":[{"href":"https:\/\/www.allinclusivehotels.it\/fr\/wp-json\/wp\/v2\/pages"}],"about":[{"href":"https:\/\/www.allinclusivehotels.it\/fr\/wp-json\/wp\/v2\/types\/page"}],"author":[{"embeddable":true,"href":"https:\/\/www.allinclusivehotels.it\/fr\/wp-json\/wp\/v2\/users\/1"}],"replies":[{"embeddable":true,"href":"https:\/\/www.allinclusivehotels.it\/fr\/wp-json\/wp\/v2\/comments?post=11643"}],"version-history":[{"count":4,"href":"https:\/\/www.allinclusivehotels.it\/fr\/wp-json\/wp\/v2\/pages\/11643\/revisions"}],"predecessor-version":[{"id":18632,"href":"https:\/\/www.allinclusivehotels.it\/fr\/wp-json\/wp\/v2\/pages\/11643\/revisions\/18632"}],"up":[{"embeddable":true,"href":"https:\/\/www.allinclusivehotels.it\/fr\/wp-json\/wp\/v2\/pages\/8241"}],"wp:featuredmedia":[{"embeddable":true,"href":"https:\/\/www.allinclusivehotels.it\/fr\/wp-json\/wp\/v2\/media\/7552"}],"wp:attachment":[{"href":"https:\/\/www.allinclusivehotels.it\/fr\/wp-json\/wp\/v2\/media?parent=11643"}],"curies":[{"name":"wp","href":"https:\/\/api.w.org\/{rel}","templated":true}]}}