{"id":11640,"date":"2022-03-14T11:30:33","date_gmt":"2022-03-14T10:30:33","guid":{"rendered":"https:\/\/www.allinclusivehotels.it\/silvi-marina-2"},"modified":"2022-04-21T09:56:58","modified_gmt":"2022-04-21T07:56:58","slug":"silvi-marina","status":"publish","type":"page","link":"https:\/\/www.allinclusivehotels.it\/fr\/silvi-marina","title":{"rendered":"Silvi Marina"},"content":{"rendered":"\n<p><b>Silvi Marina<\/b> est une localit\u00e9 de la province de T\u00e9rame, nich\u00e9 parmi les magnifiques plages de la c\u00f4te Adriatique et les collines de l\u2019arri\u00e8re-pays.<\/p>\n\n\n\n<p>Les <b>All Inclusive Hotels Silvi Marina<\/b> sont un choix id\u00e9al pour des vacances relaxantes, comprenant tous les meilleurs services.<\/p>\n\n\n\n<!--more-->\n\n\n\n<p>Silvi se distingue pour sa v\u00e9g\u00e9tation et ses pin\u00e8des, sa longue plage (d\u2019environ 6 kilom\u00e8tres) de sable blanc tr\u00e8s fin, parfaite pour les enfants. La ville a \u00e9t\u00e9 plusieurs fois laur\u00e9ate du <b>Pavillon Bleue d\u2019Europe<\/b>, pour sa mer propre et non profonde et l\u2019efficacit\u00e9 de ses services. En vous promenant sur le rivage, accompagn\u00e9s par la brise marine, vous pourriez rejoindre la <b>Torre di Cerrano<\/b>, une des plus anciennes tours c\u00f4ti\u00e8res du Royaume de Naples.<\/p>\n\n\n\n<p>Sur les collines de Silvi Marina se trouve aussi le pittoresque <b>bourg m\u00e9di\u00e9val de Silvi Alta<\/b>, d\u2019o\u00f9 l\u2019on peut jouir d\u2019une superbe vue sur la mer et le Gran Sasso. Se promener dans ses rues est aussi l\u2019occasion de visiter diff\u00e9rents b\u00e2timents historiques comme les \u00e9glises du San Salvatore et de San Rocco. De la fin de l\u2019apr\u00e8s-midi jusqu\u2019\u00e0 tard la nuit, Silvi ouvre les portes de ses pubs et de ses discoth\u00e8ques aux amateurs de vie nocturne, pour des moments de plaisir et insouciance, apr\u00e8s des journ\u00e9es pass\u00e9 \u00e0 explorer la r\u00e9gion.<\/p>\n\n\n\n<p>Les clubs et les restaurants o\u00f9 d\u00e9guster les <b>plats typiques de Silvi Marina<\/b>, dans un cadre traditionnel et chaleureux, sont aussi tr\u00e8s nombreux, avec les incontournables agneau brais\u00e9, arrosticini et risotto aux fruits de mer frais.<\/p>\n","protected":false},"excerpt":{"rendered":"<p>Silvi Marina est une localit\u00e9 de la province de T\u00e9rame, nich\u00e9 parmi les magnifiques plages &hellip;<\/p>\n","protected":false},"author":1,"featured_media":0,"parent":0,"menu_order":0,"comment_status":"closed","ping_status":"closed","template":"page-templates\/destinazione.php","meta":{"_acf_changed":false,"footnotes":""},"class_list":["post-11640","page","type-page","status-publish","hentry"],"acf":[],"yoast_head":"<!-- This site is optimized with the Yoast SEO plugin v27.0 - https:\/\/yoast.com\/product\/yoast-seo-wordpress\/ -->\n<title>Forfaits vacances \u00e0 Silvi Marina | Offres H\u00f4tels All Inclusive Italie<\/title>\n<meta name=\"description\" content=\"Cherchez-vous des offres vacances tout compris \u00e0 Silvi Marina? Consultez les meilleures et choisissez celle qui vous convient\" \/>\n<meta name=\"robots\" content=\"index, follow, max-snippet:-1, max-image-preview:large, max-video-preview:-1\" \/>\n<link rel=\"canonical\" href=\"https:\/\/www.allinclusivehotels.it\/fr\/silvi-marina\" \/>\n<meta property=\"og:locale\" content=\"fr_FR\" \/>\n<meta property=\"og:type\" content=\"article\" \/>\n<meta property=\"og:title\" content=\"Forfaits vacances \u00e0 Silvi Marina | Offres H\u00f4tels All Inclusive Italie\" \/>\n<meta property=\"og:description\" content=\"Cherchez-vous des offres vacances tout compris \u00e0 Silvi Marina? Consultez les meilleures et choisissez celle qui vous convient\" \/>\n<meta property=\"og:url\" content=\"https:\/\/www.allinclusivehotels.it\/fr\/silvi-marina\" \/>\n<meta property=\"og:site_name\" content=\"All Inclusive Hotels\" \/>\n<meta property=\"article:modified_time\" content=\"2022-04-21T07:56:58+00:00\" \/>\n<meta name=\"twitter:card\" content=\"summary_large_image\" \/>\n<meta name=\"twitter:label1\" content=\"Dur\u00e9e de lecture estim\u00e9e\" \/>\n\t<meta name=\"twitter:data1\" content=\"2 minutes\" \/>\n<script type=\"application\/ld+json\" class=\"yoast-schema-graph\">{\"@context\":\"https:\/\/schema.org\",\"@graph\":[{\"@type\":\"WebPage\",\"@id\":\"https:\/\/www.allinclusivehotels.it\/fr\/silvi-marina\",\"url\":\"https:\/\/www.allinclusivehotels.it\/fr\/silvi-marina\",\"name\":\"Forfaits vacances \u00e0 Silvi Marina | Offres H\u00f4tels All Inclusive Italie\",\"isPartOf\":{\"@id\":\"https:\/\/www.allinclusivehotels.it\/fr#website\"},\"datePublished\":\"2022-03-14T10:30:33+00:00\",\"dateModified\":\"2022-04-21T07:56:58+00:00\",\"description\":\"Cherchez-vous des offres vacances tout compris \u00e0 Silvi Marina? Consultez les meilleures et choisissez celle qui vous convient\",\"breadcrumb\":{\"@id\":\"https:\/\/www.allinclusivehotels.it\/fr\/silvi-marina#breadcrumb\"},\"inLanguage\":\"fr-FR\",\"potentialAction\":[{\"@type\":\"ReadAction\",\"target\":[\"https:\/\/www.allinclusivehotels.it\/fr\/silvi-marina\"]}]},{\"@type\":\"BreadcrumbList\",\"@id\":\"https:\/\/www.allinclusivehotels.it\/fr\/silvi-marina#breadcrumb\",\"itemListElement\":[{\"@type\":\"ListItem\",\"position\":1,\"name\":\"Home\",\"item\":\"https:\/\/www.allinclusivehotels.it\/fr\"},{\"@type\":\"ListItem\",\"position\":2,\"name\":\"Silvi Marina\"}]},{\"@type\":\"WebSite\",\"@id\":\"https:\/\/www.allinclusivehotels.it\/fr#website\",\"url\":\"https:\/\/www.allinclusivehotels.it\/fr\",\"name\":\"All Inclusive Hotels\",\"description\":\"\",\"publisher\":{\"@id\":\"https:\/\/www.allinclusivehotels.it\/fr#organization\"},\"potentialAction\":[{\"@type\":\"SearchAction\",\"target\":{\"@type\":\"EntryPoint\",\"urlTemplate\":\"https:\/\/www.allinclusivehotels.it\/fr?s={search_term_string}\"},\"query-input\":{\"@type\":\"PropertyValueSpecification\",\"valueRequired\":true,\"valueName\":\"search_term_string\"}}],\"inLanguage\":\"fr-FR\"},{\"@type\":\"Organization\",\"@id\":\"https:\/\/www.allinclusivehotels.it\/fr#organization\",\"name\":\"All Inclusive Hotels\",\"url\":\"https:\/\/www.allinclusivehotels.it\/fr\",\"logo\":{\"@type\":\"ImageObject\",\"inLanguage\":\"fr-FR\",\"@id\":\"https:\/\/www.allinclusivehotels.it\/fr#\/schema\/logo\/image\/\",\"url\":\"\",\"contentUrl\":\"\",\"caption\":\"All Inclusive Hotels\"},\"image\":{\"@id\":\"https:\/\/www.allinclusivehotels.it\/fr#\/schema\/logo\/image\/\"}}]}<\/script>\n<!-- \/ Yoast SEO plugin. -->","yoast_head_json":{"title":"Forfaits vacances \u00e0 Silvi Marina | Offres H\u00f4tels All Inclusive Italie","description":"Cherchez-vous des offres vacances tout compris \u00e0 Silvi Marina? Consultez les meilleures et choisissez celle qui vous convient","robots":{"index":"index","follow":"follow","max-snippet":"max-snippet:-1","max-image-preview":"max-image-preview:large","max-video-preview":"max-video-preview:-1"},"canonical":"https:\/\/www.allinclusivehotels.it\/fr\/silvi-marina","og_locale":"fr_FR","og_type":"article","og_title":"Forfaits vacances \u00e0 Silvi Marina | Offres H\u00f4tels All Inclusive Italie","og_description":"Cherchez-vous des offres vacances tout compris \u00e0 Silvi Marina? Consultez les meilleures et choisissez celle qui vous convient","og_url":"https:\/\/www.allinclusivehotels.it\/fr\/silvi-marina","og_site_name":"All Inclusive Hotels","article_modified_time":"2022-04-21T07:56:58+00:00","twitter_card":"summary_large_image","twitter_misc":{"Dur\u00e9e de lecture estim\u00e9e":"2 minutes"},"schema":{"@context":"https:\/\/schema.org","@graph":[{"@type":"WebPage","@id":"https:\/\/www.allinclusivehotels.it\/fr\/silvi-marina","url":"https:\/\/www.allinclusivehotels.it\/fr\/silvi-marina","name":"Forfaits vacances \u00e0 Silvi Marina | Offres H\u00f4tels All Inclusive Italie","isPartOf":{"@id":"https:\/\/www.allinclusivehotels.it\/fr#website"},"datePublished":"2022-03-14T10:30:33+00:00","dateModified":"2022-04-21T07:56:58+00:00","description":"Cherchez-vous des offres vacances tout compris \u00e0 Silvi Marina? Consultez les meilleures et choisissez celle qui vous convient","breadcrumb":{"@id":"https:\/\/www.allinclusivehotels.it\/fr\/silvi-marina#breadcrumb"},"inLanguage":"fr-FR","potentialAction":[{"@type":"ReadAction","target":["https:\/\/www.allinclusivehotels.it\/fr\/silvi-marina"]}]},{"@type":"BreadcrumbList","@id":"https:\/\/www.allinclusivehotels.it\/fr\/silvi-marina#breadcrumb","itemListElement":[{"@type":"ListItem","position":1,"name":"Home","item":"https:\/\/www.allinclusivehotels.it\/fr"},{"@type":"ListItem","position":2,"name":"Silvi Marina"}]},{"@type":"WebSite","@id":"https:\/\/www.allinclusivehotels.it\/fr#website","url":"https:\/\/www.allinclusivehotels.it\/fr","name":"All Inclusive Hotels","description":"","publisher":{"@id":"https:\/\/www.allinclusivehotels.it\/fr#organization"},"potentialAction":[{"@type":"SearchAction","target":{"@type":"EntryPoint","urlTemplate":"https:\/\/www.allinclusivehotels.it\/fr?s={search_term_string}"},"query-input":{"@type":"PropertyValueSpecification","valueRequired":true,"valueName":"search_term_string"}}],"inLanguage":"fr-FR"},{"@type":"Organization","@id":"https:\/\/www.allinclusivehotels.it\/fr#organization","name":"All Inclusive Hotels","url":"https:\/\/www.allinclusivehotels.it\/fr","logo":{"@type":"ImageObject","inLanguage":"fr-FR","@id":"https:\/\/www.allinclusivehotels.it\/fr#\/schema\/logo\/image\/","url":"","contentUrl":"","caption":"All Inclusive Hotels"},"image":{"@id":"https:\/\/www.allinclusivehotels.it\/fr#\/schema\/logo\/image\/"}}]}},"_links":{"self":[{"href":"https:\/\/www.allinclusivehotels.it\/fr\/wp-json\/wp\/v2\/pages\/11640","targetHints":{"allow":["GET"]}}],"collection":[{"href":"https:\/\/www.allinclusivehotels.it\/fr\/wp-json\/wp\/v2\/pages"}],"about":[{"href":"https:\/\/www.allinclusivehotels.it\/fr\/wp-json\/wp\/v2\/types\/page"}],"author":[{"embeddable":true,"href":"https:\/\/www.allinclusivehotels.it\/fr\/wp-json\/wp\/v2\/users\/1"}],"replies":[{"embeddable":true,"href":"https:\/\/www.allinclusivehotels.it\/fr\/wp-json\/wp\/v2\/comments?post=11640"}],"version-history":[{"count":4,"href":"https:\/\/www.allinclusivehotels.it\/fr\/wp-json\/wp\/v2\/pages\/11640\/revisions"}],"predecessor-version":[{"id":18685,"href":"https:\/\/www.allinclusivehotels.it\/fr\/wp-json\/wp\/v2\/pages\/11640\/revisions\/18685"}],"wp:attachment":[{"href":"https:\/\/www.allinclusivehotels.it\/fr\/wp-json\/wp\/v2\/media?parent=11640"}],"curies":[{"name":"wp","href":"https:\/\/api.w.org\/{rel}","templated":true}]}}