{"id":11638,"date":"2022-03-14T11:30:32","date_gmt":"2022-03-14T10:30:32","guid":{"rendered":"https:\/\/www.allinclusivehotels.it\/san-benedetto-del-tronto-2"},"modified":"2022-04-21T09:58:08","modified_gmt":"2022-04-21T07:58:08","slug":"san-benedetto-del-tronto","status":"publish","type":"page","link":"https:\/\/www.allinclusivehotels.it\/fr\/san-benedetto-del-tronto","title":{"rendered":"San Benedetto del Tronto"},"content":{"rendered":"\n<p>Ville radieuse de la province d\u2019Ascoli Piceno, <b>San Benedetto del Tronto<\/b> est l\u2019\u00e2me des vacan<b>ces \u00e0 la mer dans les Marches<\/b>. Et les <b>All Inclusive Hotels<\/b> sont un choix id\u00e9al pour un s\u00e9jour relaxant et jouissant des meilleurs services.<\/p>\n\n\n\n<p>San Benedetto del Tronto offre des <b>belles plages am\u00e9nag\u00e9es<\/b>, une excellente <b>cuisine traditionnelle<\/b> et un grand <b>patrimoine historique et architectural<\/b>.<\/p>\n\n\n\n<p>Entour\u00e9e de palmiers et de lauriers roses, sa <b>plage de sable fin<\/b> jouit d\u2019une vue magnifique sur l\u2019Adriatique. La mer limpide et tr\u00e8s propre, plusieurs fois laur\u00e9ate du <b>Pavillon Bleue<\/b>, ainsi que ses fonds tr\u00e8s bas et non dangereux font de <b>San Benedetto del Tronto<\/b> la destination parfaite pour des vacances avec vos enfants.<\/p>\n\n\n\n<!--more-->\n\n\n\n<p>En vous promenant sur le <b>lungomare<\/b>, qui s\u2019\u00e9tend bien sur 6 kilom\u00e8tres, vous trouverez des jardins tr\u00e8s soign\u00e9s, des aires fitness, des zones de d\u00e9tente, des boutiques et des restaurant, ainsi que de nombreuses sculptures et \u0153uvres d\u2019artistes contemporains c\u00e9l\u00e8bres. Vous \u00eates ici au c\u0153ur de la vie mondaine. Cette destination est aussi tr\u00e8s appr\u00e9ci\u00e9e par les amateurs de sports, qui peuvent faire leur jogging ou se balader \u00e0 v\u00e9lo sur la <b>piste cyclable<\/b> parall\u00e8le \u00e0 la plage.<\/p>\n\n\n\n<p>La ville concentre de nombreux <b>jardins th\u00e9matiques<\/b>, tels que le Jardin des Palmiers, le Jardin des Agrumes et le Jardin des Roses. Parmi les <b>choses \u00e0 voir \u00e0 San Benedetto del Tronto<\/b> il y a la cath\u00e9drale de Santa Maria della Marina, le Phare Historique, le Torrione dei Gualtieri, le Monument au P\u00eacheur, le Monument \u00e0 Jonathan le go\u00e9land et le Museo Ittico (Mus\u00e9e ichtyologique).<\/p>\n\n\n\n<p>Dans <b>les alentours de San Benedetto del Tronto<\/b>, vous pourrez d\u00e9couvrir la R\u00e9serve de la Sentina, habitat naturel de nombreuses esp\u00e8ces d\u2019oiseaux aquatiques o\u00f9 l\u2019on peut faire du birdwatching.<\/p>\n\n\n\n<p><b>Des vacances \u00e0 San Benedetto del Tronto<\/b> passent aussi par l\u2019art de la table&nbsp;! Les incontournables plats typiques de la r\u00e9gion sont tr\u00e8s nombreux&nbsp;: les fameuses olives \u00e0 l\u2019ascolana, la salade de c\u00e9leris et grenades, les involtini alla marchigiana, la soupe de porc et pois chiche, les sfrappe et, \u00e9videmment, le poisson de l\u2019Adriatique.<\/p>\n","protected":false},"excerpt":{"rendered":"<p>Ville radieuse de la province d\u2019Ascoli Piceno, San Benedetto del Tronto est l\u2019\u00e2me des vacances &hellip;<\/p>\n","protected":false},"author":1,"featured_media":0,"parent":0,"menu_order":0,"comment_status":"closed","ping_status":"closed","template":"page-templates\/destinazione.php","meta":{"_acf_changed":false,"footnotes":""},"class_list":["post-11638","page","type-page","status-publish","hentry"],"acf":[],"yoast_head":"<!-- This site is optimized with the Yoast SEO plugin v27.0 - https:\/\/yoast.com\/product\/yoast-seo-wordpress\/ -->\n<title>Forfaits vacances \u00e0 San Benedetto del Tronto | Offres H\u00f4tels All Inclusive<\/title>\n<meta name=\"description\" content=\"Cherchez-vous des offres vacances tout compris \u00e0 San Benedetto del Tronto? Consultez les meilleures et choisissez celle qui vous convient\" \/>\n<meta name=\"robots\" content=\"index, follow, max-snippet:-1, max-image-preview:large, max-video-preview:-1\" \/>\n<link rel=\"canonical\" href=\"https:\/\/www.allinclusivehotels.it\/fr\/san-benedetto-del-tronto\" \/>\n<meta property=\"og:locale\" content=\"fr_FR\" \/>\n<meta property=\"og:type\" content=\"article\" \/>\n<meta property=\"og:title\" content=\"Forfaits vacances \u00e0 San Benedetto del Tronto | Offres H\u00f4tels All Inclusive\" \/>\n<meta property=\"og:description\" content=\"Cherchez-vous des offres vacances tout compris \u00e0 San Benedetto del Tronto? Consultez les meilleures et choisissez celle qui vous convient\" \/>\n<meta property=\"og:url\" content=\"https:\/\/www.allinclusivehotels.it\/fr\/san-benedetto-del-tronto\" \/>\n<meta property=\"og:site_name\" content=\"All Inclusive Hotels\" \/>\n<meta property=\"article:modified_time\" content=\"2022-04-21T07:58:08+00:00\" \/>\n<meta name=\"twitter:card\" content=\"summary_large_image\" \/>\n<meta name=\"twitter:label1\" content=\"Dur\u00e9e de lecture estim\u00e9e\" \/>\n\t<meta name=\"twitter:data1\" content=\"2 minutes\" \/>\n<script type=\"application\/ld+json\" class=\"yoast-schema-graph\">{\"@context\":\"https:\/\/schema.org\",\"@graph\":[{\"@type\":\"WebPage\",\"@id\":\"https:\/\/www.allinclusivehotels.it\/fr\/san-benedetto-del-tronto\",\"url\":\"https:\/\/www.allinclusivehotels.it\/fr\/san-benedetto-del-tronto\",\"name\":\"Forfaits vacances \u00e0 San Benedetto del Tronto | Offres H\u00f4tels All Inclusive\",\"isPartOf\":{\"@id\":\"https:\/\/www.allinclusivehotels.it\/fr#website\"},\"datePublished\":\"2022-03-14T10:30:32+00:00\",\"dateModified\":\"2022-04-21T07:58:08+00:00\",\"description\":\"Cherchez-vous des offres vacances tout compris \u00e0 San Benedetto del Tronto? Consultez les meilleures et choisissez celle qui vous convient\",\"breadcrumb\":{\"@id\":\"https:\/\/www.allinclusivehotels.it\/fr\/san-benedetto-del-tronto#breadcrumb\"},\"inLanguage\":\"fr-FR\",\"potentialAction\":[{\"@type\":\"ReadAction\",\"target\":[\"https:\/\/www.allinclusivehotels.it\/fr\/san-benedetto-del-tronto\"]}]},{\"@type\":\"BreadcrumbList\",\"@id\":\"https:\/\/www.allinclusivehotels.it\/fr\/san-benedetto-del-tronto#breadcrumb\",\"itemListElement\":[{\"@type\":\"ListItem\",\"position\":1,\"name\":\"Home\",\"item\":\"https:\/\/www.allinclusivehotels.it\/fr\"},{\"@type\":\"ListItem\",\"position\":2,\"name\":\"San Benedetto del Tronto\"}]},{\"@type\":\"WebSite\",\"@id\":\"https:\/\/www.allinclusivehotels.it\/fr#website\",\"url\":\"https:\/\/www.allinclusivehotels.it\/fr\",\"name\":\"All Inclusive Hotels\",\"description\":\"\",\"publisher\":{\"@id\":\"https:\/\/www.allinclusivehotels.it\/fr#organization\"},\"potentialAction\":[{\"@type\":\"SearchAction\",\"target\":{\"@type\":\"EntryPoint\",\"urlTemplate\":\"https:\/\/www.allinclusivehotels.it\/fr?s={search_term_string}\"},\"query-input\":{\"@type\":\"PropertyValueSpecification\",\"valueRequired\":true,\"valueName\":\"search_term_string\"}}],\"inLanguage\":\"fr-FR\"},{\"@type\":\"Organization\",\"@id\":\"https:\/\/www.allinclusivehotels.it\/fr#organization\",\"name\":\"All Inclusive Hotels\",\"url\":\"https:\/\/www.allinclusivehotels.it\/fr\",\"logo\":{\"@type\":\"ImageObject\",\"inLanguage\":\"fr-FR\",\"@id\":\"https:\/\/www.allinclusivehotels.it\/fr#\/schema\/logo\/image\/\",\"url\":\"\",\"contentUrl\":\"\",\"caption\":\"All Inclusive Hotels\"},\"image\":{\"@id\":\"https:\/\/www.allinclusivehotels.it\/fr#\/schema\/logo\/image\/\"}}]}<\/script>\n<!-- \/ Yoast SEO plugin. -->","yoast_head_json":{"title":"Forfaits vacances \u00e0 San Benedetto del Tronto | Offres H\u00f4tels All Inclusive","description":"Cherchez-vous des offres vacances tout compris \u00e0 San Benedetto del Tronto? Consultez les meilleures et choisissez celle qui vous convient","robots":{"index":"index","follow":"follow","max-snippet":"max-snippet:-1","max-image-preview":"max-image-preview:large","max-video-preview":"max-video-preview:-1"},"canonical":"https:\/\/www.allinclusivehotels.it\/fr\/san-benedetto-del-tronto","og_locale":"fr_FR","og_type":"article","og_title":"Forfaits vacances \u00e0 San Benedetto del Tronto | Offres H\u00f4tels All Inclusive","og_description":"Cherchez-vous des offres vacances tout compris \u00e0 San Benedetto del Tronto? Consultez les meilleures et choisissez celle qui vous convient","og_url":"https:\/\/www.allinclusivehotels.it\/fr\/san-benedetto-del-tronto","og_site_name":"All Inclusive Hotels","article_modified_time":"2022-04-21T07:58:08+00:00","twitter_card":"summary_large_image","twitter_misc":{"Dur\u00e9e de lecture estim\u00e9e":"2 minutes"},"schema":{"@context":"https:\/\/schema.org","@graph":[{"@type":"WebPage","@id":"https:\/\/www.allinclusivehotels.it\/fr\/san-benedetto-del-tronto","url":"https:\/\/www.allinclusivehotels.it\/fr\/san-benedetto-del-tronto","name":"Forfaits vacances \u00e0 San Benedetto del Tronto | Offres H\u00f4tels All Inclusive","isPartOf":{"@id":"https:\/\/www.allinclusivehotels.it\/fr#website"},"datePublished":"2022-03-14T10:30:32+00:00","dateModified":"2022-04-21T07:58:08+00:00","description":"Cherchez-vous des offres vacances tout compris \u00e0 San Benedetto del Tronto? Consultez les meilleures et choisissez celle qui vous convient","breadcrumb":{"@id":"https:\/\/www.allinclusivehotels.it\/fr\/san-benedetto-del-tronto#breadcrumb"},"inLanguage":"fr-FR","potentialAction":[{"@type":"ReadAction","target":["https:\/\/www.allinclusivehotels.it\/fr\/san-benedetto-del-tronto"]}]},{"@type":"BreadcrumbList","@id":"https:\/\/www.allinclusivehotels.it\/fr\/san-benedetto-del-tronto#breadcrumb","itemListElement":[{"@type":"ListItem","position":1,"name":"Home","item":"https:\/\/www.allinclusivehotels.it\/fr"},{"@type":"ListItem","position":2,"name":"San Benedetto del Tronto"}]},{"@type":"WebSite","@id":"https:\/\/www.allinclusivehotels.it\/fr#website","url":"https:\/\/www.allinclusivehotels.it\/fr","name":"All Inclusive Hotels","description":"","publisher":{"@id":"https:\/\/www.allinclusivehotels.it\/fr#organization"},"potentialAction":[{"@type":"SearchAction","target":{"@type":"EntryPoint","urlTemplate":"https:\/\/www.allinclusivehotels.it\/fr?s={search_term_string}"},"query-input":{"@type":"PropertyValueSpecification","valueRequired":true,"valueName":"search_term_string"}}],"inLanguage":"fr-FR"},{"@type":"Organization","@id":"https:\/\/www.allinclusivehotels.it\/fr#organization","name":"All Inclusive Hotels","url":"https:\/\/www.allinclusivehotels.it\/fr","logo":{"@type":"ImageObject","inLanguage":"fr-FR","@id":"https:\/\/www.allinclusivehotels.it\/fr#\/schema\/logo\/image\/","url":"","contentUrl":"","caption":"All Inclusive Hotels"},"image":{"@id":"https:\/\/www.allinclusivehotels.it\/fr#\/schema\/logo\/image\/"}}]}},"_links":{"self":[{"href":"https:\/\/www.allinclusivehotels.it\/fr\/wp-json\/wp\/v2\/pages\/11638","targetHints":{"allow":["GET"]}}],"collection":[{"href":"https:\/\/www.allinclusivehotels.it\/fr\/wp-json\/wp\/v2\/pages"}],"about":[{"href":"https:\/\/www.allinclusivehotels.it\/fr\/wp-json\/wp\/v2\/types\/page"}],"author":[{"embeddable":true,"href":"https:\/\/www.allinclusivehotels.it\/fr\/wp-json\/wp\/v2\/users\/1"}],"replies":[{"embeddable":true,"href":"https:\/\/www.allinclusivehotels.it\/fr\/wp-json\/wp\/v2\/comments?post=11638"}],"version-history":[{"count":5,"href":"https:\/\/www.allinclusivehotels.it\/fr\/wp-json\/wp\/v2\/pages\/11638\/revisions"}],"predecessor-version":[{"id":18963,"href":"https:\/\/www.allinclusivehotels.it\/fr\/wp-json\/wp\/v2\/pages\/11638\/revisions\/18963"}],"wp:attachment":[{"href":"https:\/\/www.allinclusivehotels.it\/fr\/wp-json\/wp\/v2\/media?parent=11638"}],"curies":[{"name":"wp","href":"https:\/\/api.w.org\/{rel}","templated":true}]}}