{"id":11632,"date":"2022-03-14T11:30:30","date_gmt":"2022-03-14T10:30:30","guid":{"rendered":"https:\/\/www.allinclusivehotels.it\/hotels\/meridiana-familynature-hotel"},"modified":"2022-07-20T16:09:52","modified_gmt":"2022-07-20T14:09:52","slug":"meridiana-familynature-hotel","status":"publish","type":"page","link":"https:\/\/www.allinclusivehotels.it\/fr\/hotels\/meridiana-familynature-hotel","title":{"rendered":"Meridiana Family&#038;Nature Hotel"},"content":{"rendered":"\n<p>Situ\u00e9 \u00e0 <strong>Marina Romea<\/strong>, en plein c\u0153ur du parc du delta du P\u00f4 (l&#8217;une des plus importantes r\u00e9serves naturelles d\u2019Italie), le <b>Meridiana Family&amp;Nature Hotel <\/b>est l\u2019endroit id\u00e9al pour passer des <b>vacances <\/b>en plein air. Un agr\u00e9able chemin qui traverse la pin\u00e8de vous permet de rejoindre sa <b>plage am\u00e9nag\u00e9e<\/b>. Vos enfants auront m\u00eame acc\u00e8s \u00e0 une petite plage priv\u00e9e \u00e9quip\u00e9e d&#8217;une aire de jeux. Si vous pr\u00e9f\u00e9rez nager et vous reposer au bord de l&#8217;eau sans quitter l&#8217;h\u00f4tel, vous appr\u00e9cierez le <b>jardin avec la piscine<\/b>.<\/p>\n\n\n\n<p>\u00c0 la plage comme \u00e0 l\u2019h\u00f4tel, vos enfants pourront participer \u00e0 des animations jusqu&#8217;\u00e0 12 heures par jour. Chaque club (le Baby Club, le Mini Club et le Junior Club) organise des activit\u00e9s diff\u00e9rentes : des spectacles, des <b>baby revival <\/b>et des <b>baby dance<\/b>. Les enfants en bas \u00e2ge (de 6 \u00e0 36 mois) pourront s&#8217;amuser dans une ludoth\u00e8que color\u00e9e, tandis que les plus grands (jusqu&#8217;\u00e0 12 ans) pourront profiter des terrains de jeux et du cin\u00e9ma (de 10h \u00e0 22h). Les jeunes parents auront acc\u00e8s \u00e0 une cuisine 24\/24 pour pr\u00e9parer les repas de leurs b\u00e9b\u00e9s.<\/p>\n\n\n\n<!--more-->\n\n\n\n<p>Au Meridiana Family&amp;Nature Hotel, repas rime avec terroir et traditions. La nourriture sera \u00e0 l&#8217;honneur toute la semaine et vous pourrez m\u00eame assister \u00e0 un cooking show.<\/p>\n\n\n\n<p>Pour bien d\u00e9marrer la journ\u00e9e vous pourrez vous r\u00e9galer avec notre <b>Energy breakfast<\/b> compos\u00e9 de p\u00e2tisseries et de viennoiseries fra\u00eeches \u00e0 peine sorties du four, de charcuterie, de fromages et bien plus encore. Au d\u00e9jeuner comme au d\u00eener, nous privil\u00e9gions un mode de consommation \u00e9coresponsable, le personnel utilise une s\u00e9lection des produits frais achet\u00e9s \u00e0 des petits producteurs locaux et concocte de d\u00e9licieux repas adapt\u00e9s \u00e0 tous les r\u00e9gimes alimentaires. Ne manquez pas notre <b>soir\u00e9e romagnole \u0153no-gastronomique<\/b> o\u00f9 vous pourrez d\u00e9couvrir de d\u00e9licieuses sp\u00e9cialit\u00e9s (buffet traditionnel), et \u00e9changer avec des producteurs et artisans locaux.<\/p>\n\n\n\n<p>Vos enfants pourront d\u00e9jeuner ou d\u00eener au <b>Baby Restaurant Brucaliffo <\/b>(la chenille) en compagnie de leurs animateurs pr\u00e9f\u00e9r\u00e9s. Ils y trouveront un buffet sp\u00e9cialement con\u00e7u pour eux.<\/p>\n\n\n\n<p>L&#8217;\u00e9tablissement propose trois types de formules All Inclusive&nbsp;:<\/p>\n\n\n\n<p>&#8211;&nbsp;&nbsp;&nbsp;&nbsp;&nbsp;&nbsp;&nbsp; <b>Classique<\/b> : plage, piscine, parking, animations 12 heures par jour et open-bar&nbsp;<\/p>\n\n\n\n<p>&#8211;&nbsp;&nbsp;&nbsp;&nbsp;&nbsp;&nbsp;&nbsp; Plus : services inclus dans la formule classique, et boissons (alcoolis\u00e9es et non alcoolis\u00e9es) \u00e0 volont\u00e9, serviettes de plage, soin bien-\u00eatre et service de m\u00e9nage tous les apr\u00e8s-midis<\/p>\n\n\n\n<p>&#8211;&nbsp;&nbsp;&nbsp;&nbsp;&nbsp;&nbsp;&nbsp; <b>Free<\/b> : la formule la plus \u00e9conomique qui comprend tous les services All Inclusive sauf la plage<\/p>\n\n\n\n<p>L\u2019h\u00f4tel organise aussi des <b>exp\u00e9riences exclusives<\/b> telles que les <b>journ\u00e9es \u00e9cologiques<\/b>, des cours de yoga, des trekkings, des excursions \u00e0 v\u00e9lo et des sorties en bateau et dans le parc du delta du P\u00f4 pour apprendre \u00e0 photographier le coucher de soleil avec un expert de la photographie naturaliste<\/p>\n","protected":false},"excerpt":{"rendered":"<p>Situ\u00e9 \u00e0 Marina Romea, en plein c\u0153ur du parc du delta du P\u00f4 (l&#8217;une des &hellip;<\/p>\n","protected":false},"author":1,"featured_media":0,"parent":8241,"menu_order":0,"comment_status":"closed","ping_status":"closed","template":"page-templates\/scheda_hotel.php","meta":{"_acf_changed":false,"footnotes":""},"class_list":["post-11632","page","type-page","status-publish","hentry"],"acf":[],"yoast_head":"<!-- This site is optimized with the Yoast SEO plugin v27.6 - https:\/\/yoast.com\/product\/yoast-seo-wordpress\/ -->\n<title>Offres All Inclusive du Meridiana Family &amp; Nature H\u00f4tel \u00e0 Ravenne<\/title>\n<meta name=\"description\" content=\"Vacances tout compris en Italie? D\u00e9couvrez les forfaits All Inclusive du Meridiana Family &amp; Nature l&#039;H\u00f4tel \u00e0 Marina Romea Ravenne\" \/>\n<meta name=\"robots\" content=\"index, follow, max-snippet:-1, max-image-preview:large, max-video-preview:-1\" \/>\n<link rel=\"canonical\" href=\"https:\/\/www.allinclusivehotels.it\/fr\/hotels\/meridiana-familynature-hotel\" \/>\n<meta property=\"og:locale\" content=\"fr_FR\" \/>\n<meta property=\"og:type\" content=\"article\" \/>\n<meta property=\"og:title\" content=\"Offres All Inclusive du Meridiana Family &amp; Nature H\u00f4tel \u00e0 Ravenne\" \/>\n<meta property=\"og:description\" content=\"Vacances tout compris en Italie? D\u00e9couvrez les forfaits All Inclusive du Meridiana Family &amp; Nature l&#039;H\u00f4tel \u00e0 Marina Romea Ravenne\" \/>\n<meta property=\"og:url\" content=\"https:\/\/www.allinclusivehotels.it\/fr\/hotels\/meridiana-familynature-hotel\" \/>\n<meta property=\"og:site_name\" content=\"All Inclusive Hotels\" \/>\n<meta property=\"article:modified_time\" content=\"2022-07-20T14:09:52+00:00\" \/>\n<meta name=\"twitter:card\" content=\"summary_large_image\" \/>\n<meta name=\"twitter:label1\" content=\"Dur\u00e9e de lecture estim\u00e9e\" \/>\n\t<meta name=\"twitter:data1\" content=\"3 minutes\" \/>\n<script type=\"application\/ld+json\" class=\"yoast-schema-graph\">{\"@context\":\"https:\\\/\\\/schema.org\",\"@graph\":[{\"@type\":\"WebPage\",\"@id\":\"https:\\\/\\\/www.allinclusivehotels.it\\\/fr\\\/hotels\\\/meridiana-familynature-hotel\",\"url\":\"https:\\\/\\\/www.allinclusivehotels.it\\\/fr\\\/hotels\\\/meridiana-familynature-hotel\",\"name\":\"Offres All Inclusive du Meridiana Family & Nature H\u00f4tel \u00e0 Ravenne\",\"isPartOf\":{\"@id\":\"https:\\\/\\\/www.allinclusivehotels.it\\\/fr#website\"},\"datePublished\":\"2022-03-14T10:30:30+00:00\",\"dateModified\":\"2022-07-20T14:09:52+00:00\",\"description\":\"Vacances tout compris en Italie? D\u00e9couvrez les forfaits All Inclusive du Meridiana Family & Nature l'H\u00f4tel \u00e0 Marina Romea Ravenne\",\"breadcrumb\":{\"@id\":\"https:\\\/\\\/www.allinclusivehotels.it\\\/fr\\\/hotels\\\/meridiana-familynature-hotel#breadcrumb\"},\"inLanguage\":\"fr-FR\",\"potentialAction\":[{\"@type\":\"ReadAction\",\"target\":[\"https:\\\/\\\/www.allinclusivehotels.it\\\/fr\\\/hotels\\\/meridiana-familynature-hotel\"]}]},{\"@type\":\"BreadcrumbList\",\"@id\":\"https:\\\/\\\/www.allinclusivehotels.it\\\/fr\\\/hotels\\\/meridiana-familynature-hotel#breadcrumb\",\"itemListElement\":[{\"@type\":\"ListItem\",\"position\":1,\"name\":\"Home\",\"item\":\"https:\\\/\\\/www.allinclusivehotels.it\\\/fr\"},{\"@type\":\"ListItem\",\"position\":2,\"name\":\"H\u00f4tels\",\"item\":\"https:\\\/\\\/www.allinclusivehotels.it\\\/fr\\\/hotels\"},{\"@type\":\"ListItem\",\"position\":3,\"name\":\"Meridiana Family&#038;Nature Hotel\"}]},{\"@type\":\"WebSite\",\"@id\":\"https:\\\/\\\/www.allinclusivehotels.it\\\/fr#website\",\"url\":\"https:\\\/\\\/www.allinclusivehotels.it\\\/fr\",\"name\":\"All Inclusive Hotels\",\"description\":\"\",\"publisher\":{\"@id\":\"https:\\\/\\\/www.allinclusivehotels.it\\\/fr#organization\"},\"potentialAction\":[{\"@type\":\"SearchAction\",\"target\":{\"@type\":\"EntryPoint\",\"urlTemplate\":\"https:\\\/\\\/www.allinclusivehotels.it\\\/fr?s={search_term_string}\"},\"query-input\":{\"@type\":\"PropertyValueSpecification\",\"valueRequired\":true,\"valueName\":\"search_term_string\"}}],\"inLanguage\":\"fr-FR\"},{\"@type\":\"Organization\",\"@id\":\"https:\\\/\\\/www.allinclusivehotels.it\\\/fr#organization\",\"name\":\"All Inclusive Hotels\",\"url\":\"https:\\\/\\\/www.allinclusivehotels.it\\\/fr\",\"logo\":{\"@type\":\"ImageObject\",\"inLanguage\":\"fr-FR\",\"@id\":\"https:\\\/\\\/www.allinclusivehotels.it\\\/fr#\\\/schema\\\/logo\\\/image\\\/\",\"url\":\"\",\"contentUrl\":\"\",\"caption\":\"All Inclusive Hotels\"},\"image\":{\"@id\":\"https:\\\/\\\/www.allinclusivehotels.it\\\/fr#\\\/schema\\\/logo\\\/image\\\/\"}}]}<\/script>\n<!-- \/ Yoast SEO plugin. -->","yoast_head_json":{"title":"Offres All Inclusive du Meridiana Family & Nature H\u00f4tel \u00e0 Ravenne","description":"Vacances tout compris en Italie? D\u00e9couvrez les forfaits All Inclusive du Meridiana Family & Nature l'H\u00f4tel \u00e0 Marina Romea Ravenne","robots":{"index":"index","follow":"follow","max-snippet":"max-snippet:-1","max-image-preview":"max-image-preview:large","max-video-preview":"max-video-preview:-1"},"canonical":"https:\/\/www.allinclusivehotels.it\/fr\/hotels\/meridiana-familynature-hotel","og_locale":"fr_FR","og_type":"article","og_title":"Offres All Inclusive du Meridiana Family & Nature H\u00f4tel \u00e0 Ravenne","og_description":"Vacances tout compris en Italie? D\u00e9couvrez les forfaits All Inclusive du Meridiana Family & Nature l'H\u00f4tel \u00e0 Marina Romea Ravenne","og_url":"https:\/\/www.allinclusivehotels.it\/fr\/hotels\/meridiana-familynature-hotel","og_site_name":"All Inclusive Hotels","article_modified_time":"2022-07-20T14:09:52+00:00","twitter_card":"summary_large_image","twitter_misc":{"Dur\u00e9e de lecture estim\u00e9e":"3 minutes"},"schema":{"@context":"https:\/\/schema.org","@graph":[{"@type":"WebPage","@id":"https:\/\/www.allinclusivehotels.it\/fr\/hotels\/meridiana-familynature-hotel","url":"https:\/\/www.allinclusivehotels.it\/fr\/hotels\/meridiana-familynature-hotel","name":"Offres All Inclusive du Meridiana Family & Nature H\u00f4tel \u00e0 Ravenne","isPartOf":{"@id":"https:\/\/www.allinclusivehotels.it\/fr#website"},"datePublished":"2022-03-14T10:30:30+00:00","dateModified":"2022-07-20T14:09:52+00:00","description":"Vacances tout compris en Italie? D\u00e9couvrez les forfaits All Inclusive du Meridiana Family & Nature l'H\u00f4tel \u00e0 Marina Romea Ravenne","breadcrumb":{"@id":"https:\/\/www.allinclusivehotels.it\/fr\/hotels\/meridiana-familynature-hotel#breadcrumb"},"inLanguage":"fr-FR","potentialAction":[{"@type":"ReadAction","target":["https:\/\/www.allinclusivehotels.it\/fr\/hotels\/meridiana-familynature-hotel"]}]},{"@type":"BreadcrumbList","@id":"https:\/\/www.allinclusivehotels.it\/fr\/hotels\/meridiana-familynature-hotel#breadcrumb","itemListElement":[{"@type":"ListItem","position":1,"name":"Home","item":"https:\/\/www.allinclusivehotels.it\/fr"},{"@type":"ListItem","position":2,"name":"H\u00f4tels","item":"https:\/\/www.allinclusivehotels.it\/fr\/hotels"},{"@type":"ListItem","position":3,"name":"Meridiana Family&#038;Nature Hotel"}]},{"@type":"WebSite","@id":"https:\/\/www.allinclusivehotels.it\/fr#website","url":"https:\/\/www.allinclusivehotels.it\/fr","name":"All Inclusive Hotels","description":"","publisher":{"@id":"https:\/\/www.allinclusivehotels.it\/fr#organization"},"potentialAction":[{"@type":"SearchAction","target":{"@type":"EntryPoint","urlTemplate":"https:\/\/www.allinclusivehotels.it\/fr?s={search_term_string}"},"query-input":{"@type":"PropertyValueSpecification","valueRequired":true,"valueName":"search_term_string"}}],"inLanguage":"fr-FR"},{"@type":"Organization","@id":"https:\/\/www.allinclusivehotels.it\/fr#organization","name":"All Inclusive Hotels","url":"https:\/\/www.allinclusivehotels.it\/fr","logo":{"@type":"ImageObject","inLanguage":"fr-FR","@id":"https:\/\/www.allinclusivehotels.it\/fr#\/schema\/logo\/image\/","url":"","contentUrl":"","caption":"All Inclusive Hotels"},"image":{"@id":"https:\/\/www.allinclusivehotels.it\/fr#\/schema\/logo\/image\/"}}]}},"_links":{"self":[{"href":"https:\/\/www.allinclusivehotels.it\/fr\/wp-json\/wp\/v2\/pages\/11632","targetHints":{"allow":["GET"]}}],"collection":[{"href":"https:\/\/www.allinclusivehotels.it\/fr\/wp-json\/wp\/v2\/pages"}],"about":[{"href":"https:\/\/www.allinclusivehotels.it\/fr\/wp-json\/wp\/v2\/types\/page"}],"author":[{"embeddable":true,"href":"https:\/\/www.allinclusivehotels.it\/fr\/wp-json\/wp\/v2\/users\/1"}],"replies":[{"embeddable":true,"href":"https:\/\/www.allinclusivehotels.it\/fr\/wp-json\/wp\/v2\/comments?post=11632"}],"version-history":[{"count":18,"href":"https:\/\/www.allinclusivehotels.it\/fr\/wp-json\/wp\/v2\/pages\/11632\/revisions"}],"predecessor-version":[{"id":22232,"href":"https:\/\/www.allinclusivehotels.it\/fr\/wp-json\/wp\/v2\/pages\/11632\/revisions\/22232"}],"up":[{"embeddable":true,"href":"https:\/\/www.allinclusivehotels.it\/fr\/wp-json\/wp\/v2\/pages\/8241"}],"wp:attachment":[{"href":"https:\/\/www.allinclusivehotels.it\/fr\/wp-json\/wp\/v2\/media?parent=11632"}],"curies":[{"name":"wp","href":"https:\/\/api.w.org\/{rel}","templated":true}]}}