{"id":11625,"date":"2022-03-14T11:30:27","date_gmt":"2022-03-14T10:30:27","guid":{"rendered":"https:\/\/www.allinclusivehotels.it\/hotels\/hotel-las-vegas"},"modified":"2024-01-19T10:42:58","modified_gmt":"2024-01-19T09:42:58","slug":"hotel-las-vegas","status":"publish","type":"page","link":"https:\/\/www.allinclusivehotels.it\/fr\/hotels\/hotel-las-vegas","title":{"rendered":"Hotel Las Vegas"},"content":{"rendered":"\n<p>L\u2019<b>Hotel Las Vegas<\/b> se trouve \u00e0 <b>Lido del Sole<\/b>, \u00e0 seulement 10 minutes \u00e0 pied du centre de Bibione et \u00e0 <b>30 m\u00e8tres d&#8217;une plage priv\u00e9e<\/b> sur laquelle vous attendent <b>un parasol, deux transats, une chilienne et un coffre-fort<\/b>. Notre \u00e9quipe d\u2019animateurs organise de nombreuses activit\u00e9s pour petits et grands\u00a0: <b>jeux, danses, tournois, r\u00e9veil musculaire et f\u00eates<\/b> \u00e0 la plage.<\/p>\n\n\n\n<p><b>Les plus jeunes<\/b> s&#8217;amuseront aussi \u00e0 l\u2019h\u00f4tel, dans la salle de jeux qui leur est r\u00e9serv\u00e9e comme pendant les repas. Les parents pourront ainsi d\u00e9guster un ap\u00e9ritif su la <b>terrasse panoramique<\/b> en toute s\u00e9r\u00e9nit\u00e9 avant de se d\u00e9lecter des sp\u00e9cialit\u00e9s r\u00e9gionales.<\/p>\n\n\n\n<!--more-->\n\n\n\n<p>Chaque repas sera pour vous un voyage au c\u0153ur des saveurs authentiques du terroir. Notre personnel vous pr\u00e9parera de d\u00e9licieux repas avec des <b>l\u00e9gumes \u00e0 k<\/b><strong>m 0<\/strong>, <strong>du<\/strong> <b>poisson de la lagune<\/b> et <strong>des<\/strong> <b>produits s\u00e9lectionn\u00e9s<\/b> avec le plus grand soin. Vos journ\u00e9es commenceront en douceur avec un copieux petit-d\u00e9jeuner compos\u00e9 de <b>g\u00e2teux faits-maison<\/b>, de <b>plats sal\u00e9s<\/b> et de <strong>produits bios et di\u00e9t\u00e9tiques<\/strong> (yaourts, graines, c\u00e9r\u00e9ales, fruits secs, biscuits et confitures di\u00e9t\u00e9tiques). Au <b>d\u00e9jeuner<\/b> comme au <b>d\u00eener<\/b> vous aurez le choix entre l\u00e9gumes, viande ou poisson. Si vous surveillez votre ligne, vous appr\u00e9cierez nos menus light. Vos enfants pourront eux aussi se r\u00e9galer avec des <b>menus<\/b> <strong>enfants<\/strong> ou avec <b>les bouillies<\/b> que vous leur aurez pr\u00e9par\u00e9es dans le coin cuisine qui vous est r\u00e9serv\u00e9.<\/p>\n\n\n\n<p>Si vous avez envie de <b>vacances <\/b>sportives sachez que l\u2019h\u00f4tel dispose d\u2019un vaste programme d\u2019activit\u00e9s&nbsp;: <b>stretching<\/b> \u00e0 la plage, <b>excursions \u00e0 v\u00e9lo<\/b>, <b>marche nordique<\/b>&#8230;<\/p>\n","protected":false},"excerpt":{"rendered":"<p>L\u2019Hotel Las Vegas se trouve \u00e0 Lido del Sole, \u00e0 seulement 10 minutes \u00e0 pied &hellip;<\/p>\n","protected":false},"author":1,"featured_media":0,"parent":8241,"menu_order":0,"comment_status":"closed","ping_status":"closed","template":"page-templates\/scheda_hotel.php","meta":{"_acf_changed":false,"footnotes":""},"class_list":["post-11625","page","type-page","status-publish","hentry"],"acf":[],"yoast_head":"<!-- This site is optimized with the Yoast SEO plugin v27.0 - https:\/\/yoast.com\/product\/yoast-seo-wordpress\/ -->\n<title>Offres All Inclusive de l&#039;H\u00f4tel Las Vegas \u00e0 Lido del Sole<\/title>\n<meta name=\"description\" content=\"Vacances tout compris en Italie? D\u00e9couvrez les forfaits All Inclusive de l&#039;H\u00f4tel Las Vegas \u00e0 Lido del Sole\" \/>\n<meta name=\"robots\" content=\"index, follow, max-snippet:-1, max-image-preview:large, max-video-preview:-1\" \/>\n<link rel=\"canonical\" href=\"https:\/\/www.allinclusivehotels.it\/fr\/hotels\/hotel-las-vegas\" \/>\n<meta property=\"og:locale\" content=\"fr_FR\" \/>\n<meta property=\"og:type\" content=\"article\" \/>\n<meta property=\"og:title\" content=\"Offres All Inclusive de l&#039;H\u00f4tel Las Vegas \u00e0 Lido del Sole\" \/>\n<meta property=\"og:description\" content=\"Vacances tout compris en Italie? D\u00e9couvrez les forfaits All Inclusive de l&#039;H\u00f4tel Las Vegas \u00e0 Lido del Sole\" \/>\n<meta property=\"og:url\" content=\"https:\/\/www.allinclusivehotels.it\/fr\/hotels\/hotel-las-vegas\" \/>\n<meta property=\"og:site_name\" content=\"All Inclusive Hotels\" \/>\n<meta property=\"article:modified_time\" content=\"2024-01-19T09:42:58+00:00\" \/>\n<meta name=\"twitter:card\" content=\"summary_large_image\" \/>\n<meta name=\"twitter:label1\" content=\"Dur\u00e9e de lecture estim\u00e9e\" \/>\n\t<meta name=\"twitter:data1\" content=\"2 minutes\" \/>\n<script type=\"application\/ld+json\" class=\"yoast-schema-graph\">{\"@context\":\"https:\/\/schema.org\",\"@graph\":[{\"@type\":\"WebPage\",\"@id\":\"https:\/\/www.allinclusivehotels.it\/fr\/hotels\/hotel-las-vegas\",\"url\":\"https:\/\/www.allinclusivehotels.it\/fr\/hotels\/hotel-las-vegas\",\"name\":\"Offres All Inclusive de l'H\u00f4tel Las Vegas \u00e0 Lido del Sole\",\"isPartOf\":{\"@id\":\"https:\/\/www.allinclusivehotels.it\/fr#website\"},\"datePublished\":\"2022-03-14T10:30:27+00:00\",\"dateModified\":\"2024-01-19T09:42:58+00:00\",\"description\":\"Vacances tout compris en Italie? D\u00e9couvrez les forfaits All Inclusive de l'H\u00f4tel Las Vegas \u00e0 Lido del Sole\",\"breadcrumb\":{\"@id\":\"https:\/\/www.allinclusivehotels.it\/fr\/hotels\/hotel-las-vegas#breadcrumb\"},\"inLanguage\":\"fr-FR\",\"potentialAction\":[{\"@type\":\"ReadAction\",\"target\":[\"https:\/\/www.allinclusivehotels.it\/fr\/hotels\/hotel-las-vegas\"]}]},{\"@type\":\"BreadcrumbList\",\"@id\":\"https:\/\/www.allinclusivehotels.it\/fr\/hotels\/hotel-las-vegas#breadcrumb\",\"itemListElement\":[{\"@type\":\"ListItem\",\"position\":1,\"name\":\"Home\",\"item\":\"https:\/\/www.allinclusivehotels.it\/fr\"},{\"@type\":\"ListItem\",\"position\":2,\"name\":\"H\u00f4tels\",\"item\":\"https:\/\/www.allinclusivehotels.it\/fr\/hotels\"},{\"@type\":\"ListItem\",\"position\":3,\"name\":\"Hotel Las Vegas\"}]},{\"@type\":\"WebSite\",\"@id\":\"https:\/\/www.allinclusivehotels.it\/fr#website\",\"url\":\"https:\/\/www.allinclusivehotels.it\/fr\",\"name\":\"All Inclusive Hotels\",\"description\":\"\",\"publisher\":{\"@id\":\"https:\/\/www.allinclusivehotels.it\/fr#organization\"},\"potentialAction\":[{\"@type\":\"SearchAction\",\"target\":{\"@type\":\"EntryPoint\",\"urlTemplate\":\"https:\/\/www.allinclusivehotels.it\/fr?s={search_term_string}\"},\"query-input\":{\"@type\":\"PropertyValueSpecification\",\"valueRequired\":true,\"valueName\":\"search_term_string\"}}],\"inLanguage\":\"fr-FR\"},{\"@type\":\"Organization\",\"@id\":\"https:\/\/www.allinclusivehotels.it\/fr#organization\",\"name\":\"All Inclusive Hotels\",\"url\":\"https:\/\/www.allinclusivehotels.it\/fr\",\"logo\":{\"@type\":\"ImageObject\",\"inLanguage\":\"fr-FR\",\"@id\":\"https:\/\/www.allinclusivehotels.it\/fr#\/schema\/logo\/image\/\",\"url\":\"\",\"contentUrl\":\"\",\"caption\":\"All Inclusive Hotels\"},\"image\":{\"@id\":\"https:\/\/www.allinclusivehotels.it\/fr#\/schema\/logo\/image\/\"}}]}<\/script>\n<!-- \/ Yoast SEO plugin. -->","yoast_head_json":{"title":"Offres All Inclusive de l'H\u00f4tel Las Vegas \u00e0 Lido del Sole","description":"Vacances tout compris en Italie? D\u00e9couvrez les forfaits All Inclusive de l'H\u00f4tel Las Vegas \u00e0 Lido del Sole","robots":{"index":"index","follow":"follow","max-snippet":"max-snippet:-1","max-image-preview":"max-image-preview:large","max-video-preview":"max-video-preview:-1"},"canonical":"https:\/\/www.allinclusivehotels.it\/fr\/hotels\/hotel-las-vegas","og_locale":"fr_FR","og_type":"article","og_title":"Offres All Inclusive de l'H\u00f4tel Las Vegas \u00e0 Lido del Sole","og_description":"Vacances tout compris en Italie? D\u00e9couvrez les forfaits All Inclusive de l'H\u00f4tel Las Vegas \u00e0 Lido del Sole","og_url":"https:\/\/www.allinclusivehotels.it\/fr\/hotels\/hotel-las-vegas","og_site_name":"All Inclusive Hotels","article_modified_time":"2024-01-19T09:42:58+00:00","twitter_card":"summary_large_image","twitter_misc":{"Dur\u00e9e de lecture estim\u00e9e":"2 minutes"},"schema":{"@context":"https:\/\/schema.org","@graph":[{"@type":"WebPage","@id":"https:\/\/www.allinclusivehotels.it\/fr\/hotels\/hotel-las-vegas","url":"https:\/\/www.allinclusivehotels.it\/fr\/hotels\/hotel-las-vegas","name":"Offres All Inclusive de l'H\u00f4tel Las Vegas \u00e0 Lido del Sole","isPartOf":{"@id":"https:\/\/www.allinclusivehotels.it\/fr#website"},"datePublished":"2022-03-14T10:30:27+00:00","dateModified":"2024-01-19T09:42:58+00:00","description":"Vacances tout compris en Italie? D\u00e9couvrez les forfaits All Inclusive de l'H\u00f4tel Las Vegas \u00e0 Lido del Sole","breadcrumb":{"@id":"https:\/\/www.allinclusivehotels.it\/fr\/hotels\/hotel-las-vegas#breadcrumb"},"inLanguage":"fr-FR","potentialAction":[{"@type":"ReadAction","target":["https:\/\/www.allinclusivehotels.it\/fr\/hotels\/hotel-las-vegas"]}]},{"@type":"BreadcrumbList","@id":"https:\/\/www.allinclusivehotels.it\/fr\/hotels\/hotel-las-vegas#breadcrumb","itemListElement":[{"@type":"ListItem","position":1,"name":"Home","item":"https:\/\/www.allinclusivehotels.it\/fr"},{"@type":"ListItem","position":2,"name":"H\u00f4tels","item":"https:\/\/www.allinclusivehotels.it\/fr\/hotels"},{"@type":"ListItem","position":3,"name":"Hotel Las Vegas"}]},{"@type":"WebSite","@id":"https:\/\/www.allinclusivehotels.it\/fr#website","url":"https:\/\/www.allinclusivehotels.it\/fr","name":"All Inclusive Hotels","description":"","publisher":{"@id":"https:\/\/www.allinclusivehotels.it\/fr#organization"},"potentialAction":[{"@type":"SearchAction","target":{"@type":"EntryPoint","urlTemplate":"https:\/\/www.allinclusivehotels.it\/fr?s={search_term_string}"},"query-input":{"@type":"PropertyValueSpecification","valueRequired":true,"valueName":"search_term_string"}}],"inLanguage":"fr-FR"},{"@type":"Organization","@id":"https:\/\/www.allinclusivehotels.it\/fr#organization","name":"All Inclusive Hotels","url":"https:\/\/www.allinclusivehotels.it\/fr","logo":{"@type":"ImageObject","inLanguage":"fr-FR","@id":"https:\/\/www.allinclusivehotels.it\/fr#\/schema\/logo\/image\/","url":"","contentUrl":"","caption":"All Inclusive Hotels"},"image":{"@id":"https:\/\/www.allinclusivehotels.it\/fr#\/schema\/logo\/image\/"}}]}},"_links":{"self":[{"href":"https:\/\/www.allinclusivehotels.it\/fr\/wp-json\/wp\/v2\/pages\/11625","targetHints":{"allow":["GET"]}}],"collection":[{"href":"https:\/\/www.allinclusivehotels.it\/fr\/wp-json\/wp\/v2\/pages"}],"about":[{"href":"https:\/\/www.allinclusivehotels.it\/fr\/wp-json\/wp\/v2\/types\/page"}],"author":[{"embeddable":true,"href":"https:\/\/www.allinclusivehotels.it\/fr\/wp-json\/wp\/v2\/users\/1"}],"replies":[{"embeddable":true,"href":"https:\/\/www.allinclusivehotels.it\/fr\/wp-json\/wp\/v2\/comments?post=11625"}],"version-history":[{"count":9,"href":"https:\/\/www.allinclusivehotels.it\/fr\/wp-json\/wp\/v2\/pages\/11625\/revisions"}],"predecessor-version":[{"id":22957,"href":"https:\/\/www.allinclusivehotels.it\/fr\/wp-json\/wp\/v2\/pages\/11625\/revisions\/22957"}],"up":[{"embeddable":true,"href":"https:\/\/www.allinclusivehotels.it\/fr\/wp-json\/wp\/v2\/pages\/8241"}],"wp:attachment":[{"href":"https:\/\/www.allinclusivehotels.it\/fr\/wp-json\/wp\/v2\/media?parent=11625"}],"curies":[{"name":"wp","href":"https:\/\/api.w.org\/{rel}","templated":true}]}}