{"id":11261,"date":"2022-03-07T12:02:46","date_gmt":"2022-03-07T11:02:46","guid":{"rendered":"https:\/\/www.allinclusivehotels.it\/hotels\/rosa-degli-angeli"},"modified":"2022-09-02T15:21:17","modified_gmt":"2022-09-02T13:21:17","slug":"rosa-degli-angeli","status":"publish","type":"page","link":"https:\/\/www.allinclusivehotels.it\/fr\/hotels\/rosa-degli-angeli","title":{"rendered":"Hotel Rosa degli Angeli"},"content":{"rendered":"\n<p>Situ\u00e9 au c\u0153ur du\u00a0<strong>Parc national du Stelvio<\/strong> \u00e0\u00a0<strong>Pejo Fonti<\/strong>, l\u2019<strong>Hotel Rosa degli Angeli<\/strong> vous r\u00e9serve un accueil chaleureux. L\u2019air pur, le silence de la montagne et le bruit de l\u2019eau qui s&#8217;\u00e9coule sont les ingr\u00e9dients parfaits pour des vacances inoubliables dans la nature du Trentin. L\u2019\u00e9tablissement est \u00e0 proximit\u00e9 des <strong>thermes de Pejo<\/strong>\u00a0et des remont\u00e9es m\u00e9caniques (<strong>Pejo 3000)<\/strong> ; il est le point de d\u00e9part id\u00e9al pour les passionn\u00e9s de sports d\u2019hiver, de cyclisme et de randonn\u00e9e.<\/p>\n\n\n\n<!--more-->\n\n\n\n<p>\u00c0 l\u2019Hotel Rosa degli Angeli, vos enfants s&#8217;amuseront toute la journ\u00e9e en compagnie de notre <strong>\u00e9quipe d\u2019animateurs. <\/strong>Le personnel mettra sur pied un\u00a0<strong>programme\u00a0<\/strong>qui ravira petits et grands\u00a0: pour les adultes, <strong>excursions<\/strong>\u00a0et\u00a0<strong>visites guid\u00e9es<\/strong>, pour les plus jeunes <strong>Mini Club<\/strong>\u00a0avec activit\u00e9s \u00e9ducatives et physiques. Deux <strong>aires de jeux en int\u00e9rieur et en ext\u00e9rieur <\/strong>sont aussi \u00e0 la disposition des enfants qui souhaitent s&#8217;amuser avec leurs parents.<\/p>\n\n\n\n<p>Quoi de mieux qu\u2019une pause relaxante pour se remettre d&#8217;une excursion \u00e0 la journ\u00e9e ? Vous appr\u00e9cierez notre <strong>aire wellness\u00a0<\/strong>avec\u00a0<strong>piscine<\/strong>,<strong>\u00a0jacuzzi<\/strong>,\u00a0<strong>cascade<\/strong>,<strong> jets plantaires<\/strong>, <strong>centre bien-\u00eatre <\/strong>avec sauna, hammam, douche sensorielle et fontaine de glace. Profitez d<strong>&#8216;instants de d\u00e9tente r\u00e9serv\u00e9s\u00a0:<\/strong> de 15h \u00e0 17h, l\u2019acc\u00e8s est r\u00e9serv\u00e9 aux adultes (pendant que les parents se d\u00e9tendent, les enfants s\u2019amuseront avec les animateurs). \u00c0 partir de 17h, les enfants pourront se baigner en toute s\u00e9curit\u00e9 dans la piscine qui leur est d\u00e9di\u00e9e.<\/p>\n\n\n\n<p>Vous \u00eates cycliste\u00a0? Emportez vos v\u00e9los avec vous\u00a0! Notre h\u00f4tel est un <strong>bike hotel<\/strong> ; vous y trouverez un\u00a0<strong>atelier de r\u00e9paration<\/strong>,\u00a0une <strong>zone de nettoyage<\/strong>,\u00a0un <strong>parking surveill\u00e9 <\/strong>et une<strong> boutique\u00a0sp\u00e9cialis\u00e9e<\/strong>.<\/p>\n","protected":false},"excerpt":{"rendered":"<p>Situ\u00e9 au c\u0153ur du\u00a0Parc national du Stelvio \u00e0\u00a0Pejo Fonti, l\u2019Hotel Rosa degli Angeli vous r\u00e9serve &hellip;<\/p>\n","protected":false},"author":1,"featured_media":0,"parent":8241,"menu_order":0,"comment_status":"closed","ping_status":"closed","template":"page-templates\/scheda_hotel.php","meta":{"_acf_changed":false,"footnotes":""},"class_list":["post-11261","page","type-page","status-publish","hentry"],"acf":[],"yoast_head":"<!-- This site is optimized with the Yoast SEO plugin v27.0 - https:\/\/yoast.com\/product\/yoast-seo-wordpress\/ -->\n<title>Offres All Inclusive de l&#039;H\u00f4tel Rosa degli Angeli dans les Dolomites<\/title>\n<meta name=\"description\" content=\"Vacances tout compris en Italie? D\u00e9couvrez les forfaits All Inclusive de l&#039;H\u00f4tel Rosa degli Angeli \u00e0 Pejo Fonti dans les Dolomites\" \/>\n<meta name=\"robots\" content=\"index, follow, max-snippet:-1, max-image-preview:large, max-video-preview:-1\" \/>\n<link rel=\"canonical\" href=\"https:\/\/www.allinclusivehotels.it\/fr\/hotels\/rosa-degli-angeli\" \/>\n<meta property=\"og:locale\" content=\"fr_FR\" \/>\n<meta property=\"og:type\" content=\"article\" \/>\n<meta property=\"og:title\" content=\"Offres All Inclusive de l&#039;H\u00f4tel Rosa degli Angeli dans les Dolomites\" \/>\n<meta property=\"og:description\" content=\"Vacances tout compris en Italie? D\u00e9couvrez les forfaits All Inclusive de l&#039;H\u00f4tel Rosa degli Angeli \u00e0 Pejo Fonti dans les Dolomites\" \/>\n<meta property=\"og:url\" content=\"https:\/\/www.allinclusivehotels.it\/fr\/hotels\/rosa-degli-angeli\" \/>\n<meta property=\"og:site_name\" content=\"All Inclusive Hotels\" \/>\n<meta property=\"article:modified_time\" content=\"2022-09-02T13:21:17+00:00\" \/>\n<meta name=\"twitter:card\" content=\"summary_large_image\" \/>\n<meta name=\"twitter:label1\" content=\"Dur\u00e9e de lecture estim\u00e9e\" \/>\n\t<meta name=\"twitter:data1\" content=\"2 minutes\" \/>\n<script type=\"application\/ld+json\" class=\"yoast-schema-graph\">{\"@context\":\"https:\/\/schema.org\",\"@graph\":[{\"@type\":\"WebPage\",\"@id\":\"https:\/\/www.allinclusivehotels.it\/fr\/hotels\/rosa-degli-angeli\",\"url\":\"https:\/\/www.allinclusivehotels.it\/fr\/hotels\/rosa-degli-angeli\",\"name\":\"Offres All Inclusive de l'H\u00f4tel Rosa degli Angeli dans les Dolomites\",\"isPartOf\":{\"@id\":\"https:\/\/www.allinclusivehotels.it\/fr#website\"},\"datePublished\":\"2022-03-07T11:02:46+00:00\",\"dateModified\":\"2022-09-02T13:21:17+00:00\",\"description\":\"Vacances tout compris en Italie? D\u00e9couvrez les forfaits All Inclusive de l'H\u00f4tel Rosa degli Angeli \u00e0 Pejo Fonti dans les Dolomites\",\"breadcrumb\":{\"@id\":\"https:\/\/www.allinclusivehotels.it\/fr\/hotels\/rosa-degli-angeli#breadcrumb\"},\"inLanguage\":\"fr-FR\",\"potentialAction\":[{\"@type\":\"ReadAction\",\"target\":[\"https:\/\/www.allinclusivehotels.it\/fr\/hotels\/rosa-degli-angeli\"]}]},{\"@type\":\"BreadcrumbList\",\"@id\":\"https:\/\/www.allinclusivehotels.it\/fr\/hotels\/rosa-degli-angeli#breadcrumb\",\"itemListElement\":[{\"@type\":\"ListItem\",\"position\":1,\"name\":\"Home\",\"item\":\"https:\/\/www.allinclusivehotels.it\/fr\"},{\"@type\":\"ListItem\",\"position\":2,\"name\":\"H\u00f4tels\",\"item\":\"https:\/\/www.allinclusivehotels.it\/fr\/hotels\"},{\"@type\":\"ListItem\",\"position\":3,\"name\":\"Hotel Rosa degli Angeli\"}]},{\"@type\":\"WebSite\",\"@id\":\"https:\/\/www.allinclusivehotels.it\/fr#website\",\"url\":\"https:\/\/www.allinclusivehotels.it\/fr\",\"name\":\"All Inclusive Hotels\",\"description\":\"\",\"publisher\":{\"@id\":\"https:\/\/www.allinclusivehotels.it\/fr#organization\"},\"potentialAction\":[{\"@type\":\"SearchAction\",\"target\":{\"@type\":\"EntryPoint\",\"urlTemplate\":\"https:\/\/www.allinclusivehotels.it\/fr?s={search_term_string}\"},\"query-input\":{\"@type\":\"PropertyValueSpecification\",\"valueRequired\":true,\"valueName\":\"search_term_string\"}}],\"inLanguage\":\"fr-FR\"},{\"@type\":\"Organization\",\"@id\":\"https:\/\/www.allinclusivehotels.it\/fr#organization\",\"name\":\"All Inclusive Hotels\",\"url\":\"https:\/\/www.allinclusivehotels.it\/fr\",\"logo\":{\"@type\":\"ImageObject\",\"inLanguage\":\"fr-FR\",\"@id\":\"https:\/\/www.allinclusivehotels.it\/fr#\/schema\/logo\/image\/\",\"url\":\"\",\"contentUrl\":\"\",\"caption\":\"All Inclusive Hotels\"},\"image\":{\"@id\":\"https:\/\/www.allinclusivehotels.it\/fr#\/schema\/logo\/image\/\"}}]}<\/script>\n<!-- \/ Yoast SEO plugin. -->","yoast_head_json":{"title":"Offres All Inclusive de l'H\u00f4tel Rosa degli Angeli dans les Dolomites","description":"Vacances tout compris en Italie? D\u00e9couvrez les forfaits All Inclusive de l'H\u00f4tel Rosa degli Angeli \u00e0 Pejo Fonti dans les Dolomites","robots":{"index":"index","follow":"follow","max-snippet":"max-snippet:-1","max-image-preview":"max-image-preview:large","max-video-preview":"max-video-preview:-1"},"canonical":"https:\/\/www.allinclusivehotels.it\/fr\/hotels\/rosa-degli-angeli","og_locale":"fr_FR","og_type":"article","og_title":"Offres All Inclusive de l'H\u00f4tel Rosa degli Angeli dans les Dolomites","og_description":"Vacances tout compris en Italie? D\u00e9couvrez les forfaits All Inclusive de l'H\u00f4tel Rosa degli Angeli \u00e0 Pejo Fonti dans les Dolomites","og_url":"https:\/\/www.allinclusivehotels.it\/fr\/hotels\/rosa-degli-angeli","og_site_name":"All Inclusive Hotels","article_modified_time":"2022-09-02T13:21:17+00:00","twitter_card":"summary_large_image","twitter_misc":{"Dur\u00e9e de lecture estim\u00e9e":"2 minutes"},"schema":{"@context":"https:\/\/schema.org","@graph":[{"@type":"WebPage","@id":"https:\/\/www.allinclusivehotels.it\/fr\/hotels\/rosa-degli-angeli","url":"https:\/\/www.allinclusivehotels.it\/fr\/hotels\/rosa-degli-angeli","name":"Offres All Inclusive de l'H\u00f4tel Rosa degli Angeli dans les Dolomites","isPartOf":{"@id":"https:\/\/www.allinclusivehotels.it\/fr#website"},"datePublished":"2022-03-07T11:02:46+00:00","dateModified":"2022-09-02T13:21:17+00:00","description":"Vacances tout compris en Italie? D\u00e9couvrez les forfaits All Inclusive de l'H\u00f4tel Rosa degli Angeli \u00e0 Pejo Fonti dans les Dolomites","breadcrumb":{"@id":"https:\/\/www.allinclusivehotels.it\/fr\/hotels\/rosa-degli-angeli#breadcrumb"},"inLanguage":"fr-FR","potentialAction":[{"@type":"ReadAction","target":["https:\/\/www.allinclusivehotels.it\/fr\/hotels\/rosa-degli-angeli"]}]},{"@type":"BreadcrumbList","@id":"https:\/\/www.allinclusivehotels.it\/fr\/hotels\/rosa-degli-angeli#breadcrumb","itemListElement":[{"@type":"ListItem","position":1,"name":"Home","item":"https:\/\/www.allinclusivehotels.it\/fr"},{"@type":"ListItem","position":2,"name":"H\u00f4tels","item":"https:\/\/www.allinclusivehotels.it\/fr\/hotels"},{"@type":"ListItem","position":3,"name":"Hotel Rosa degli Angeli"}]},{"@type":"WebSite","@id":"https:\/\/www.allinclusivehotels.it\/fr#website","url":"https:\/\/www.allinclusivehotels.it\/fr","name":"All Inclusive Hotels","description":"","publisher":{"@id":"https:\/\/www.allinclusivehotels.it\/fr#organization"},"potentialAction":[{"@type":"SearchAction","target":{"@type":"EntryPoint","urlTemplate":"https:\/\/www.allinclusivehotels.it\/fr?s={search_term_string}"},"query-input":{"@type":"PropertyValueSpecification","valueRequired":true,"valueName":"search_term_string"}}],"inLanguage":"fr-FR"},{"@type":"Organization","@id":"https:\/\/www.allinclusivehotels.it\/fr#organization","name":"All Inclusive Hotels","url":"https:\/\/www.allinclusivehotels.it\/fr","logo":{"@type":"ImageObject","inLanguage":"fr-FR","@id":"https:\/\/www.allinclusivehotels.it\/fr#\/schema\/logo\/image\/","url":"","contentUrl":"","caption":"All Inclusive Hotels"},"image":{"@id":"https:\/\/www.allinclusivehotels.it\/fr#\/schema\/logo\/image\/"}}]}},"_links":{"self":[{"href":"https:\/\/www.allinclusivehotels.it\/fr\/wp-json\/wp\/v2\/pages\/11261","targetHints":{"allow":["GET"]}}],"collection":[{"href":"https:\/\/www.allinclusivehotels.it\/fr\/wp-json\/wp\/v2\/pages"}],"about":[{"href":"https:\/\/www.allinclusivehotels.it\/fr\/wp-json\/wp\/v2\/types\/page"}],"author":[{"embeddable":true,"href":"https:\/\/www.allinclusivehotels.it\/fr\/wp-json\/wp\/v2\/users\/1"}],"replies":[{"embeddable":true,"href":"https:\/\/www.allinclusivehotels.it\/fr\/wp-json\/wp\/v2\/comments?post=11261"}],"version-history":[{"count":9,"href":"https:\/\/www.allinclusivehotels.it\/fr\/wp-json\/wp\/v2\/pages\/11261\/revisions"}],"predecessor-version":[{"id":22768,"href":"https:\/\/www.allinclusivehotels.it\/fr\/wp-json\/wp\/v2\/pages\/11261\/revisions\/22768"}],"up":[{"embeddable":true,"href":"https:\/\/www.allinclusivehotels.it\/fr\/wp-json\/wp\/v2\/pages\/8241"}],"wp:attachment":[{"href":"https:\/\/www.allinclusivehotels.it\/fr\/wp-json\/wp\/v2\/media?parent=11261"}],"curies":[{"name":"wp","href":"https:\/\/api.w.org\/{rel}","templated":true}]}}