{"id":11118,"date":"2022-03-02T13:13:01","date_gmt":"2022-03-02T12:13:01","guid":{"rendered":"https:\/\/www.allinclusivehotels.it\/?page_id=11118"},"modified":"2022-03-26T18:55:15","modified_gmt":"2022-03-26T17:55:15","slug":"diano-marina","status":"publish","type":"page","link":"https:\/\/www.allinclusivehotels.it\/fr\/destinations\/diano-marina","title":{"rendered":"Diano Marina"},"content":{"rendered":"\n<p>Nich\u00e9e au c\u0153ur d\u2019un charmant golfe naturel, avec <strong>3 kilom\u00e8tres de plages am\u00e9nag\u00e9es<\/strong> et des eaux turquoises, <strong>Diano Marina<\/strong> est la destination parfaite pour des vacances sous le signe de la d\u00e9tente&nbsp;: avec son centre historique tr\u00e8s vivant, la ville attire des touristes en toute saison gr\u00e2ce \u00e0 son climat doux et agr\u00e9able, et les <strong>All Inclusive Hotels<\/strong> sont en premi\u00e8re ligne pour accueillir les familles avec enfants, mais aussi les couples et les groupes d\u2019amis qui veulent passer des vacances insouciantes et tout confort.<\/p>\n\n\n\n<!--more-->\n\n\n\n<p>En partant de Diano Marina, il est possible de parcourir la <strong>Ciclabile de Ponente Ligure<\/strong>, un ancien chemin de fer de 24 kilom\u00e8tres transform\u00e9 en pistes cyclables panoramiques, appr\u00e9ci\u00e9 des sportifs et des simples amateurs de v\u00e9lo.<\/p>\n\n\n\n<p><strong>Les alentours <\/strong>de Diano Marina sont parcourus de sentiers \u00e9troits entre mer et maquis, id\u00e9als pour pratiquer du trekking, de la marche nordique et du v\u00e9lo tout terrain.<\/p>\n\n\n\n<p>Dans <strong>les zones pi\u00e9tonnes du centre historique<\/strong>, les ateliers artisanaux s\u2019alternent avec les boutiques modernes qui feront la joie de passionn\u00e9s de shopping les plus raffin\u00e9s. Les familles avec enfants, aussi, peuvent se promener ici en toute s\u00e9curit\u00e9.<\/p>\n\n\n\n<p>Parmi les <strong>lieux \u00e0 voir<\/strong> \u00e0 Diano Marina, le Palais de la Culture et le Mus\u00e9e civique MARM sont incontournables.<\/p>\n","protected":false},"excerpt":{"rendered":"<p>Nich\u00e9e au c\u0153ur d\u2019un charmant golfe naturel, avec 3 kilom\u00e8tres de plages am\u00e9nag\u00e9es et des &hellip;<\/p>\n","protected":false},"author":1,"featured_media":0,"parent":8167,"menu_order":0,"comment_status":"closed","ping_status":"closed","template":"page-templates\/destinazione.php","meta":{"_acf_changed":false,"footnotes":""},"class_list":["post-11118","page","type-page","status-publish","hentry"],"acf":[],"yoast_head":"<!-- This site is optimized with the Yoast SEO plugin v27.0 - https:\/\/yoast.com\/product\/yoast-seo-wordpress\/ -->\n<title>H\u00f4tels tout compris \u00e0 Diano Marina | Offres d&#039;h\u00f4tels pour les familles<\/title>\n<meta name=\"description\" content=\"Vous cherchez un h\u00f4tel tout compris \u00e0 Diano Marina? D\u00e9couvrez la plus grande s\u00e9lection d&#039;h\u00f4tels tout compris en Italie. Voyez les offres!\" \/>\n<meta name=\"robots\" content=\"index, follow, max-snippet:-1, max-image-preview:large, max-video-preview:-1\" \/>\n<link rel=\"canonical\" href=\"https:\/\/www.allinclusivehotels.it\/fr\/destinations\/diano-marina\" \/>\n<meta property=\"og:locale\" content=\"fr_FR\" \/>\n<meta property=\"og:type\" content=\"article\" \/>\n<meta property=\"og:title\" content=\"H\u00f4tels tout compris \u00e0 Diano Marina | Offres d&#039;h\u00f4tels pour les familles\" \/>\n<meta property=\"og:description\" content=\"Vous cherchez un h\u00f4tel tout compris \u00e0 Diano Marina? D\u00e9couvrez la plus grande s\u00e9lection d&#039;h\u00f4tels tout compris en Italie. Voyez les offres!\" \/>\n<meta property=\"og:url\" content=\"https:\/\/www.allinclusivehotels.it\/fr\/destinations\/diano-marina\" \/>\n<meta property=\"og:site_name\" content=\"All Inclusive Hotels\" \/>\n<meta property=\"article:modified_time\" content=\"2022-03-26T17:55:15+00:00\" \/>\n<meta name=\"twitter:card\" content=\"summary_large_image\" \/>\n<meta name=\"twitter:label1\" content=\"Dur\u00e9e de lecture estim\u00e9e\" \/>\n\t<meta name=\"twitter:data1\" content=\"2 minutes\" \/>\n<script type=\"application\/ld+json\" class=\"yoast-schema-graph\">{\"@context\":\"https:\/\/schema.org\",\"@graph\":[{\"@type\":\"WebPage\",\"@id\":\"https:\/\/www.allinclusivehotels.it\/fr\/destinations\/diano-marina\",\"url\":\"https:\/\/www.allinclusivehotels.it\/fr\/destinations\/diano-marina\",\"name\":\"H\u00f4tels tout compris \u00e0 Diano Marina | Offres d'h\u00f4tels pour les familles\",\"isPartOf\":{\"@id\":\"https:\/\/www.allinclusivehotels.it\/fr#website\"},\"datePublished\":\"2022-03-02T12:13:01+00:00\",\"dateModified\":\"2022-03-26T17:55:15+00:00\",\"description\":\"Vous cherchez un h\u00f4tel tout compris \u00e0 Diano Marina? D\u00e9couvrez la plus grande s\u00e9lection d'h\u00f4tels tout compris en Italie. Voyez les offres!\",\"breadcrumb\":{\"@id\":\"https:\/\/www.allinclusivehotels.it\/fr\/destinations\/diano-marina#breadcrumb\"},\"inLanguage\":\"fr-FR\",\"potentialAction\":[{\"@type\":\"ReadAction\",\"target\":[\"https:\/\/www.allinclusivehotels.it\/fr\/destinations\/diano-marina\"]}]},{\"@type\":\"BreadcrumbList\",\"@id\":\"https:\/\/www.allinclusivehotels.it\/fr\/destinations\/diano-marina#breadcrumb\",\"itemListElement\":[{\"@type\":\"ListItem\",\"position\":1,\"name\":\"Home\",\"item\":\"https:\/\/www.allinclusivehotels.it\/fr\"},{\"@type\":\"ListItem\",\"position\":2,\"name\":\"Destinations\",\"item\":\"https:\/\/www.allinclusivehotels.it\/fr\/destinations\"},{\"@type\":\"ListItem\",\"position\":3,\"name\":\"Diano Marina\"}]},{\"@type\":\"WebSite\",\"@id\":\"https:\/\/www.allinclusivehotels.it\/fr#website\",\"url\":\"https:\/\/www.allinclusivehotels.it\/fr\",\"name\":\"All Inclusive Hotels\",\"description\":\"\",\"publisher\":{\"@id\":\"https:\/\/www.allinclusivehotels.it\/fr#organization\"},\"potentialAction\":[{\"@type\":\"SearchAction\",\"target\":{\"@type\":\"EntryPoint\",\"urlTemplate\":\"https:\/\/www.allinclusivehotels.it\/fr?s={search_term_string}\"},\"query-input\":{\"@type\":\"PropertyValueSpecification\",\"valueRequired\":true,\"valueName\":\"search_term_string\"}}],\"inLanguage\":\"fr-FR\"},{\"@type\":\"Organization\",\"@id\":\"https:\/\/www.allinclusivehotels.it\/fr#organization\",\"name\":\"All Inclusive Hotels\",\"url\":\"https:\/\/www.allinclusivehotels.it\/fr\",\"logo\":{\"@type\":\"ImageObject\",\"inLanguage\":\"fr-FR\",\"@id\":\"https:\/\/www.allinclusivehotels.it\/fr#\/schema\/logo\/image\/\",\"url\":\"\",\"contentUrl\":\"\",\"caption\":\"All Inclusive Hotels\"},\"image\":{\"@id\":\"https:\/\/www.allinclusivehotels.it\/fr#\/schema\/logo\/image\/\"}}]}<\/script>\n<!-- \/ Yoast SEO plugin. -->","yoast_head_json":{"title":"H\u00f4tels tout compris \u00e0 Diano Marina | Offres d'h\u00f4tels pour les familles","description":"Vous cherchez un h\u00f4tel tout compris \u00e0 Diano Marina? D\u00e9couvrez la plus grande s\u00e9lection d'h\u00f4tels tout compris en Italie. Voyez les offres!","robots":{"index":"index","follow":"follow","max-snippet":"max-snippet:-1","max-image-preview":"max-image-preview:large","max-video-preview":"max-video-preview:-1"},"canonical":"https:\/\/www.allinclusivehotels.it\/fr\/destinations\/diano-marina","og_locale":"fr_FR","og_type":"article","og_title":"H\u00f4tels tout compris \u00e0 Diano Marina | Offres d'h\u00f4tels pour les familles","og_description":"Vous cherchez un h\u00f4tel tout compris \u00e0 Diano Marina? D\u00e9couvrez la plus grande s\u00e9lection d'h\u00f4tels tout compris en Italie. Voyez les offres!","og_url":"https:\/\/www.allinclusivehotels.it\/fr\/destinations\/diano-marina","og_site_name":"All Inclusive Hotels","article_modified_time":"2022-03-26T17:55:15+00:00","twitter_card":"summary_large_image","twitter_misc":{"Dur\u00e9e de lecture estim\u00e9e":"2 minutes"},"schema":{"@context":"https:\/\/schema.org","@graph":[{"@type":"WebPage","@id":"https:\/\/www.allinclusivehotels.it\/fr\/destinations\/diano-marina","url":"https:\/\/www.allinclusivehotels.it\/fr\/destinations\/diano-marina","name":"H\u00f4tels tout compris \u00e0 Diano Marina | Offres d'h\u00f4tels pour les familles","isPartOf":{"@id":"https:\/\/www.allinclusivehotels.it\/fr#website"},"datePublished":"2022-03-02T12:13:01+00:00","dateModified":"2022-03-26T17:55:15+00:00","description":"Vous cherchez un h\u00f4tel tout compris \u00e0 Diano Marina? D\u00e9couvrez la plus grande s\u00e9lection d'h\u00f4tels tout compris en Italie. Voyez les offres!","breadcrumb":{"@id":"https:\/\/www.allinclusivehotels.it\/fr\/destinations\/diano-marina#breadcrumb"},"inLanguage":"fr-FR","potentialAction":[{"@type":"ReadAction","target":["https:\/\/www.allinclusivehotels.it\/fr\/destinations\/diano-marina"]}]},{"@type":"BreadcrumbList","@id":"https:\/\/www.allinclusivehotels.it\/fr\/destinations\/diano-marina#breadcrumb","itemListElement":[{"@type":"ListItem","position":1,"name":"Home","item":"https:\/\/www.allinclusivehotels.it\/fr"},{"@type":"ListItem","position":2,"name":"Destinations","item":"https:\/\/www.allinclusivehotels.it\/fr\/destinations"},{"@type":"ListItem","position":3,"name":"Diano Marina"}]},{"@type":"WebSite","@id":"https:\/\/www.allinclusivehotels.it\/fr#website","url":"https:\/\/www.allinclusivehotels.it\/fr","name":"All Inclusive Hotels","description":"","publisher":{"@id":"https:\/\/www.allinclusivehotels.it\/fr#organization"},"potentialAction":[{"@type":"SearchAction","target":{"@type":"EntryPoint","urlTemplate":"https:\/\/www.allinclusivehotels.it\/fr?s={search_term_string}"},"query-input":{"@type":"PropertyValueSpecification","valueRequired":true,"valueName":"search_term_string"}}],"inLanguage":"fr-FR"},{"@type":"Organization","@id":"https:\/\/www.allinclusivehotels.it\/fr#organization","name":"All Inclusive Hotels","url":"https:\/\/www.allinclusivehotels.it\/fr","logo":{"@type":"ImageObject","inLanguage":"fr-FR","@id":"https:\/\/www.allinclusivehotels.it\/fr#\/schema\/logo\/image\/","url":"","contentUrl":"","caption":"All Inclusive Hotels"},"image":{"@id":"https:\/\/www.allinclusivehotels.it\/fr#\/schema\/logo\/image\/"}}]}},"_links":{"self":[{"href":"https:\/\/www.allinclusivehotels.it\/fr\/wp-json\/wp\/v2\/pages\/11118","targetHints":{"allow":["GET"]}}],"collection":[{"href":"https:\/\/www.allinclusivehotels.it\/fr\/wp-json\/wp\/v2\/pages"}],"about":[{"href":"https:\/\/www.allinclusivehotels.it\/fr\/wp-json\/wp\/v2\/types\/page"}],"author":[{"embeddable":true,"href":"https:\/\/www.allinclusivehotels.it\/fr\/wp-json\/wp\/v2\/users\/1"}],"replies":[{"embeddable":true,"href":"https:\/\/www.allinclusivehotels.it\/fr\/wp-json\/wp\/v2\/comments?post=11118"}],"version-history":[{"count":2,"href":"https:\/\/www.allinclusivehotels.it\/fr\/wp-json\/wp\/v2\/pages\/11118\/revisions"}],"predecessor-version":[{"id":11120,"href":"https:\/\/www.allinclusivehotels.it\/fr\/wp-json\/wp\/v2\/pages\/11118\/revisions\/11120"}],"up":[{"embeddable":true,"href":"https:\/\/www.allinclusivehotels.it\/fr\/wp-json\/wp\/v2\/pages\/8167"}],"wp:attachment":[{"href":"https:\/\/www.allinclusivehotels.it\/fr\/wp-json\/wp\/v2\/media?parent=11118"}],"curies":[{"name":"wp","href":"https:\/\/api.w.org\/{rel}","templated":true}]}}