{"id":11103,"date":"2022-03-02T13:08:11","date_gmt":"2022-03-02T12:08:11","guid":{"rendered":"https:\/\/www.allinclusivehotels.it\/?page_id=11103"},"modified":"2022-09-18T11:36:42","modified_gmt":"2022-09-18T09:36:42","slug":"ligurie","status":"publish","type":"page","link":"https:\/\/www.allinclusivehotels.it\/fr\/destinations\/ligurie","title":{"rendered":"Ligurie"},"content":{"rendered":"\n<p>Que vous aimiez vous d\u00e9tendre \u00e0 la plage, partir en excursion, faire des visites culturelles ou vous r\u00e9galer en d\u00e9gustant des vins et des sp\u00e9cialit\u00e9s locales, la Ligurie vous s\u00e9duira. Id\u00e9alement situ\u00e9e entre la mer et la montagne, cette r\u00e9gion plait autant aux <strong>couples<\/strong>, qu\u2019aux <strong>familles <\/strong>et aux <strong>groupes d\u2019amis<\/strong>. Ses eaux cristallines abritent le <strong>sanctuaire des c\u00e9tac\u00e9s<\/strong>, une zone marine prot\u00e9g\u00e9e dans laquelle sont organis\u00e9es des sorties en bateau de juin \u00e0 septembre. Vous pourrez y observer des baleines, des orques, des dauphins et des tortues de mer.<\/p>\n\n\n\n<!--more-->\n\n\n\n<p>Les amateurs d\u2019<strong>activit\u00e9s en plein air <\/strong>seront combl\u00e9s\u00a0: la Ligurie regorge de sentiers \u00e0 pic sur la mer o\u00f9 pratiquer la <strong>randonn\u00e9e <\/strong>et la <strong>marche nordique<\/strong>. La r\u00e9gion est \u00e9quip\u00e9e de <strong>1\u00a0200\u00a0km de piste cyclable<\/strong> qui la relient au Pi\u00e9mont et \u00e0 la France. Les sportifs appr\u00e9cieront aussi ses \u00e9coles de voile et de planche \u00e0 voile, ses terrains de tennis et de golf.<\/p>\n\n\n\n<p>Laissez-vous surprendre par les villes d\u2019art de Ligurie. <\/p>\n\n\n\n<p>Arpentez les iconiques <strong>Cinque Terre<\/strong>, destination de r\u00eave de tout voyageur romantique. D\u00e9ambulez dans les carruggi de <strong>G\u00eanes<\/strong> \u00e0 la recherche de palais historiques, partez en excursion \u00e0 <strong>Sanremo<\/strong> o\u00f9 se d\u00e9roule le plus c\u00e9l\u00e8bre festival de chanson italienne et d\u00e9couvrez les l\u00e9gendes et histoires de sorci\u00e8res des villes de <strong>Dolceacqua<\/strong> et <strong>Triora<\/strong>. Ne manquez surtout pas <strong>Portofino<\/strong>, <strong>Portovenere <\/strong>et <strong>Tellare<\/strong> ; leurs couleurs, leurs traditions et leurs d\u00eeners mondains vous s\u00e9duiront.<\/p>\n\n\n\n<p>Partir en <strong>vacances dans un de nos All Inclusive Hotels Ligurie<\/strong> est une occasion unique de vous faire chouchouter par le personnel de nos h\u00f4tels tout en partant \u00e0 la d\u00e9couverte d\u2019une r\u00e9gion aux mille et une facettes.<\/p>\n","protected":false},"excerpt":{"rendered":"<p>Que vous aimiez vous d\u00e9tendre \u00e0 la plage, partir en excursion, faire des visites culturelles &hellip;<\/p>\n","protected":false},"author":1,"featured_media":0,"parent":8167,"menu_order":0,"comment_status":"closed","ping_status":"closed","template":"page-templates\/destinazione.php","meta":{"_acf_changed":false,"footnotes":""},"class_list":["post-11103","page","type-page","status-publish","hentry"],"acf":[],"yoast_head":"<!-- This site is optimized with the Yoast SEO plugin v27.0 - https:\/\/yoast.com\/product\/yoast-seo-wordpress\/ -->\n<title>H\u00f4tel All Inclusive en Ligurie pour Vacances tout compris<\/title>\n<meta name=\"description\" content=\"Vous cherchez un H\u00f4tel All Inclusive en Ligurie? D\u00e9couvrez la plus grande s\u00e9lection d&#039;h\u00f4tels avec offres tout compris!\" \/>\n<meta name=\"robots\" content=\"index, follow, max-snippet:-1, max-image-preview:large, max-video-preview:-1\" \/>\n<link rel=\"canonical\" href=\"https:\/\/www.allinclusivehotels.it\/fr\/destinations\/ligurie\" \/>\n<meta property=\"og:locale\" content=\"fr_FR\" \/>\n<meta property=\"og:type\" content=\"article\" \/>\n<meta property=\"og:title\" content=\"H\u00f4tel All Inclusive en Ligurie pour Vacances tout compris\" \/>\n<meta property=\"og:description\" content=\"Vous cherchez un H\u00f4tel All Inclusive en Ligurie? D\u00e9couvrez la plus grande s\u00e9lection d&#039;h\u00f4tels avec offres tout compris!\" \/>\n<meta property=\"og:url\" content=\"https:\/\/www.allinclusivehotels.it\/fr\/destinations\/ligurie\" \/>\n<meta property=\"og:site_name\" content=\"All Inclusive Hotels\" \/>\n<meta property=\"article:modified_time\" content=\"2022-09-18T09:36:42+00:00\" \/>\n<meta name=\"twitter:card\" content=\"summary_large_image\" \/>\n<meta name=\"twitter:label1\" content=\"Dur\u00e9e de lecture estim\u00e9e\" \/>\n\t<meta name=\"twitter:data1\" content=\"2 minutes\" \/>\n<script type=\"application\/ld+json\" class=\"yoast-schema-graph\">{\"@context\":\"https:\/\/schema.org\",\"@graph\":[{\"@type\":\"WebPage\",\"@id\":\"https:\/\/www.allinclusivehotels.it\/fr\/destinations\/ligurie\",\"url\":\"https:\/\/www.allinclusivehotels.it\/fr\/destinations\/ligurie\",\"name\":\"H\u00f4tel All Inclusive en Ligurie pour Vacances tout compris\",\"isPartOf\":{\"@id\":\"https:\/\/www.allinclusivehotels.it\/fr#website\"},\"datePublished\":\"2022-03-02T12:08:11+00:00\",\"dateModified\":\"2022-09-18T09:36:42+00:00\",\"description\":\"Vous cherchez un H\u00f4tel All Inclusive en Ligurie? D\u00e9couvrez la plus grande s\u00e9lection d'h\u00f4tels avec offres tout compris!\",\"breadcrumb\":{\"@id\":\"https:\/\/www.allinclusivehotels.it\/fr\/destinations\/ligurie#breadcrumb\"},\"inLanguage\":\"fr-FR\",\"potentialAction\":[{\"@type\":\"ReadAction\",\"target\":[\"https:\/\/www.allinclusivehotels.it\/fr\/destinations\/ligurie\"]}]},{\"@type\":\"BreadcrumbList\",\"@id\":\"https:\/\/www.allinclusivehotels.it\/fr\/destinations\/ligurie#breadcrumb\",\"itemListElement\":[{\"@type\":\"ListItem\",\"position\":1,\"name\":\"Home\",\"item\":\"https:\/\/www.allinclusivehotels.it\/fr\"},{\"@type\":\"ListItem\",\"position\":2,\"name\":\"Destinations\",\"item\":\"https:\/\/www.allinclusivehotels.it\/fr\/destinations\"},{\"@type\":\"ListItem\",\"position\":3,\"name\":\"Ligurie\"}]},{\"@type\":\"WebSite\",\"@id\":\"https:\/\/www.allinclusivehotels.it\/fr#website\",\"url\":\"https:\/\/www.allinclusivehotels.it\/fr\",\"name\":\"All Inclusive Hotels\",\"description\":\"\",\"publisher\":{\"@id\":\"https:\/\/www.allinclusivehotels.it\/fr#organization\"},\"potentialAction\":[{\"@type\":\"SearchAction\",\"target\":{\"@type\":\"EntryPoint\",\"urlTemplate\":\"https:\/\/www.allinclusivehotels.it\/fr?s={search_term_string}\"},\"query-input\":{\"@type\":\"PropertyValueSpecification\",\"valueRequired\":true,\"valueName\":\"search_term_string\"}}],\"inLanguage\":\"fr-FR\"},{\"@type\":\"Organization\",\"@id\":\"https:\/\/www.allinclusivehotels.it\/fr#organization\",\"name\":\"All Inclusive Hotels\",\"url\":\"https:\/\/www.allinclusivehotels.it\/fr\",\"logo\":{\"@type\":\"ImageObject\",\"inLanguage\":\"fr-FR\",\"@id\":\"https:\/\/www.allinclusivehotels.it\/fr#\/schema\/logo\/image\/\",\"url\":\"\",\"contentUrl\":\"\",\"caption\":\"All Inclusive Hotels\"},\"image\":{\"@id\":\"https:\/\/www.allinclusivehotels.it\/fr#\/schema\/logo\/image\/\"}}]}<\/script>\n<!-- \/ Yoast SEO plugin. -->","yoast_head_json":{"title":"H\u00f4tel All Inclusive en Ligurie pour Vacances tout compris","description":"Vous cherchez un H\u00f4tel All Inclusive en Ligurie? D\u00e9couvrez la plus grande s\u00e9lection d'h\u00f4tels avec offres tout compris!","robots":{"index":"index","follow":"follow","max-snippet":"max-snippet:-1","max-image-preview":"max-image-preview:large","max-video-preview":"max-video-preview:-1"},"canonical":"https:\/\/www.allinclusivehotels.it\/fr\/destinations\/ligurie","og_locale":"fr_FR","og_type":"article","og_title":"H\u00f4tel All Inclusive en Ligurie pour Vacances tout compris","og_description":"Vous cherchez un H\u00f4tel All Inclusive en Ligurie? D\u00e9couvrez la plus grande s\u00e9lection d'h\u00f4tels avec offres tout compris!","og_url":"https:\/\/www.allinclusivehotels.it\/fr\/destinations\/ligurie","og_site_name":"All Inclusive Hotels","article_modified_time":"2022-09-18T09:36:42+00:00","twitter_card":"summary_large_image","twitter_misc":{"Dur\u00e9e de lecture estim\u00e9e":"2 minutes"},"schema":{"@context":"https:\/\/schema.org","@graph":[{"@type":"WebPage","@id":"https:\/\/www.allinclusivehotels.it\/fr\/destinations\/ligurie","url":"https:\/\/www.allinclusivehotels.it\/fr\/destinations\/ligurie","name":"H\u00f4tel All Inclusive en Ligurie pour Vacances tout compris","isPartOf":{"@id":"https:\/\/www.allinclusivehotels.it\/fr#website"},"datePublished":"2022-03-02T12:08:11+00:00","dateModified":"2022-09-18T09:36:42+00:00","description":"Vous cherchez un H\u00f4tel All Inclusive en Ligurie? D\u00e9couvrez la plus grande s\u00e9lection d'h\u00f4tels avec offres tout compris!","breadcrumb":{"@id":"https:\/\/www.allinclusivehotels.it\/fr\/destinations\/ligurie#breadcrumb"},"inLanguage":"fr-FR","potentialAction":[{"@type":"ReadAction","target":["https:\/\/www.allinclusivehotels.it\/fr\/destinations\/ligurie"]}]},{"@type":"BreadcrumbList","@id":"https:\/\/www.allinclusivehotels.it\/fr\/destinations\/ligurie#breadcrumb","itemListElement":[{"@type":"ListItem","position":1,"name":"Home","item":"https:\/\/www.allinclusivehotels.it\/fr"},{"@type":"ListItem","position":2,"name":"Destinations","item":"https:\/\/www.allinclusivehotels.it\/fr\/destinations"},{"@type":"ListItem","position":3,"name":"Ligurie"}]},{"@type":"WebSite","@id":"https:\/\/www.allinclusivehotels.it\/fr#website","url":"https:\/\/www.allinclusivehotels.it\/fr","name":"All Inclusive Hotels","description":"","publisher":{"@id":"https:\/\/www.allinclusivehotels.it\/fr#organization"},"potentialAction":[{"@type":"SearchAction","target":{"@type":"EntryPoint","urlTemplate":"https:\/\/www.allinclusivehotels.it\/fr?s={search_term_string}"},"query-input":{"@type":"PropertyValueSpecification","valueRequired":true,"valueName":"search_term_string"}}],"inLanguage":"fr-FR"},{"@type":"Organization","@id":"https:\/\/www.allinclusivehotels.it\/fr#organization","name":"All Inclusive Hotels","url":"https:\/\/www.allinclusivehotels.it\/fr","logo":{"@type":"ImageObject","inLanguage":"fr-FR","@id":"https:\/\/www.allinclusivehotels.it\/fr#\/schema\/logo\/image\/","url":"","contentUrl":"","caption":"All Inclusive Hotels"},"image":{"@id":"https:\/\/www.allinclusivehotels.it\/fr#\/schema\/logo\/image\/"}}]}},"_links":{"self":[{"href":"https:\/\/www.allinclusivehotels.it\/fr\/wp-json\/wp\/v2\/pages\/11103","targetHints":{"allow":["GET"]}}],"collection":[{"href":"https:\/\/www.allinclusivehotels.it\/fr\/wp-json\/wp\/v2\/pages"}],"about":[{"href":"https:\/\/www.allinclusivehotels.it\/fr\/wp-json\/wp\/v2\/types\/page"}],"author":[{"embeddable":true,"href":"https:\/\/www.allinclusivehotels.it\/fr\/wp-json\/wp\/v2\/users\/1"}],"replies":[{"embeddable":true,"href":"https:\/\/www.allinclusivehotels.it\/fr\/wp-json\/wp\/v2\/comments?post=11103"}],"version-history":[{"count":6,"href":"https:\/\/www.allinclusivehotels.it\/fr\/wp-json\/wp\/v2\/pages\/11103\/revisions"}],"predecessor-version":[{"id":22899,"href":"https:\/\/www.allinclusivehotels.it\/fr\/wp-json\/wp\/v2\/pages\/11103\/revisions\/22899"}],"up":[{"embeddable":true,"href":"https:\/\/www.allinclusivehotels.it\/fr\/wp-json\/wp\/v2\/pages\/8167"}],"wp:attachment":[{"href":"https:\/\/www.allinclusivehotels.it\/fr\/wp-json\/wp\/v2\/media?parent=11103"}],"curies":[{"name":"wp","href":"https:\/\/api.w.org\/{rel}","templated":true}]}}