{"id":10819,"date":"2022-02-28T14:32:55","date_gmt":"2022-02-28T13:32:55","guid":{"rendered":"https:\/\/www.allinclusivehotels.it\/hotels\/hotel-lotus"},"modified":"2023-03-13T12:19:21","modified_gmt":"2023-03-13T11:19:21","slug":"hotel-lotus","status":"publish","type":"page","link":"https:\/\/www.allinclusivehotels.it\/fr\/hotels\/hotel-lotus","title":{"rendered":"Hotel Lotus"},"content":{"rendered":"\n<p>Le <strong>Lotus Smile Family Hotel<\/strong> est pr\u00eat \u00e0 vous faire vivre des <strong>vacances \u00e0 100 % pour la famille<\/strong>. Les enfants vivent une exp\u00e9rience unique ! Ils peuvent s\u2019amuser dans la <strong>piscine<\/strong> <strong>avec deux toboggans aquatiques<\/strong>, dans le m\u00e9ga<strong> ch\u00e2teau gonflable<\/strong> dans le jardin, sur le trampoline et dans l\u2019<strong>aire de jeux dans la v\u00e9randa<\/strong>, o\u00f9 les plus petits peuvent pratiquer des activit\u00e9s et des laboratoires avec les animateurs.<\/p>\n\n\n\n<!--more-->\n\n\n\n<p>L\u2019<strong>animation, tant sur la plage que dans l\u2019h\u00f4tel,<\/strong> organise des jeux de groupe, go\u00fbters, Past\u00e8que Party, la&nbsp;F\u00eate aux beignets, barbe \u00e0 papa, Nutella Party, Baby Dance et Soir\u00e9e Magique, de cette fa\u00e7on papa et maman peuvent profiter d\u2019un moment de d\u00e9tente, peut-\u00eatre entre la <strong>piscine et le solarium<\/strong> \u00e9quip\u00e9 de 50 transats.<\/p>\n\n\n\n<p>En 5 minutes \u00e0 pied vous arrivez sur la <strong>promenade <\/strong>et la <strong>plage<\/strong>, o\u00f9 <strong>1 parasol et 2 transats<\/strong> r\u00e9serv\u00e9s vous attendent, ainsi que tant d\u2019activit\u00e9s hebdomadaires comme <strong>l\u2019ap\u00e9ritif<\/strong>, le <strong>r\u00e9veil musculaire<\/strong>, les <strong>danses de groupe, tournois <\/strong>et vous pouvez vous faire livrer le <strong>d\u00e9jeuner <\/strong>sous le parasol. Si, au contraire, vous pr\u00e9f\u00e9rez la d\u00e9tente \u00e0 l&#8217;h\u00f4tel, savourez un cocktail dans le jardin au bord de <strong>piscine<\/strong>. Tous les h\u00f4tes ont droit aux <strong>entr\u00e9es <\/strong>au parc aquatique <strong>Beach Village<\/strong> et \u00e0 l\u2019aire de jeux <strong>Skaramacai<\/strong>, tous les deux reli\u00e9s gratuitement par la <strong>navette<\/strong> \u00e0 l\u2019h\u00f4tel. En <strong>cadeau, <\/strong>la <strong>Bottly<\/strong>, une gourde \u00e0 emporter partout et \u00e0 remplir avec de l\u2019eau et des boissons fra\u00eeches et <strong>Bagghy<\/strong>, un grand sac de plage. \u00c0 disposition des <strong>v\u00e9los <\/strong>avec <strong>si\u00e8ges pour enfants<\/strong>, des <strong>v\u00e9los enfants <\/strong>et des <strong>poussettes<\/strong>.<\/p>\n","protected":false},"excerpt":{"rendered":"<p>Le Lotus Smile Family Hotel est pr\u00eat \u00e0 vous faire vivre des vacances \u00e0 100 &hellip;<\/p>\n","protected":false},"author":1,"featured_media":0,"parent":8241,"menu_order":0,"comment_status":"closed","ping_status":"closed","template":"page-templates\/scheda_hotel.php","meta":{"_acf_changed":false,"footnotes":""},"class_list":["post-10819","page","type-page","status-publish","hentry"],"acf":[],"yoast_head":"<!-- This site is optimized with the Yoast SEO plugin v27.0 - https:\/\/yoast.com\/product\/yoast-seo-wordpress\/ -->\n<title>Offres All Inclusive de l&#039;H\u00f4tel Lotus \u00e0 Rimini<\/title>\n<meta name=\"description\" content=\"Vacances tout compris en Italie? D\u00e9couvrez les forfaits All Inclusive de l&#039;H\u00f4tel Lotus \u00e0 Rimini sur la c\u00f4te Adriatique\" \/>\n<meta name=\"robots\" content=\"index, follow, max-snippet:-1, max-image-preview:large, max-video-preview:-1\" \/>\n<link rel=\"canonical\" href=\"https:\/\/www.allinclusivehotels.it\/fr\/hotels\/hotel-lotus\" \/>\n<meta property=\"og:locale\" content=\"fr_FR\" \/>\n<meta property=\"og:type\" content=\"article\" \/>\n<meta property=\"og:title\" content=\"Offres All Inclusive de l&#039;H\u00f4tel Lotus \u00e0 Rimini\" \/>\n<meta property=\"og:description\" content=\"Vacances tout compris en Italie? D\u00e9couvrez les forfaits All Inclusive de l&#039;H\u00f4tel Lotus \u00e0 Rimini sur la c\u00f4te Adriatique\" \/>\n<meta property=\"og:url\" content=\"https:\/\/www.allinclusivehotels.it\/fr\/hotels\/hotel-lotus\" \/>\n<meta property=\"og:site_name\" content=\"All Inclusive Hotels\" \/>\n<meta property=\"article:modified_time\" content=\"2023-03-13T11:19:21+00:00\" \/>\n<meta name=\"twitter:card\" content=\"summary_large_image\" \/>\n<meta name=\"twitter:label1\" content=\"Dur\u00e9e de lecture estim\u00e9e\" \/>\n\t<meta name=\"twitter:data1\" content=\"2 minutes\" \/>\n<script type=\"application\/ld+json\" class=\"yoast-schema-graph\">{\"@context\":\"https:\/\/schema.org\",\"@graph\":[{\"@type\":\"WebPage\",\"@id\":\"https:\/\/www.allinclusivehotels.it\/fr\/hotels\/hotel-lotus\",\"url\":\"https:\/\/www.allinclusivehotels.it\/fr\/hotels\/hotel-lotus\",\"name\":\"Offres All Inclusive de l'H\u00f4tel Lotus \u00e0 Rimini\",\"isPartOf\":{\"@id\":\"https:\/\/www.allinclusivehotels.it\/fr#website\"},\"datePublished\":\"2022-02-28T13:32:55+00:00\",\"dateModified\":\"2023-03-13T11:19:21+00:00\",\"description\":\"Vacances tout compris en Italie? D\u00e9couvrez les forfaits All Inclusive de l'H\u00f4tel Lotus \u00e0 Rimini sur la c\u00f4te Adriatique\",\"breadcrumb\":{\"@id\":\"https:\/\/www.allinclusivehotels.it\/fr\/hotels\/hotel-lotus#breadcrumb\"},\"inLanguage\":\"fr-FR\",\"potentialAction\":[{\"@type\":\"ReadAction\",\"target\":[\"https:\/\/www.allinclusivehotels.it\/fr\/hotels\/hotel-lotus\"]}]},{\"@type\":\"BreadcrumbList\",\"@id\":\"https:\/\/www.allinclusivehotels.it\/fr\/hotels\/hotel-lotus#breadcrumb\",\"itemListElement\":[{\"@type\":\"ListItem\",\"position\":1,\"name\":\"Home\",\"item\":\"https:\/\/www.allinclusivehotels.it\/fr\"},{\"@type\":\"ListItem\",\"position\":2,\"name\":\"H\u00f4tels\",\"item\":\"https:\/\/www.allinclusivehotels.it\/fr\/hotels\"},{\"@type\":\"ListItem\",\"position\":3,\"name\":\"Hotel Lotus\"}]},{\"@type\":\"WebSite\",\"@id\":\"https:\/\/www.allinclusivehotels.it\/fr#website\",\"url\":\"https:\/\/www.allinclusivehotels.it\/fr\",\"name\":\"All Inclusive Hotels\",\"description\":\"\",\"publisher\":{\"@id\":\"https:\/\/www.allinclusivehotels.it\/fr#organization\"},\"potentialAction\":[{\"@type\":\"SearchAction\",\"target\":{\"@type\":\"EntryPoint\",\"urlTemplate\":\"https:\/\/www.allinclusivehotels.it\/fr?s={search_term_string}\"},\"query-input\":{\"@type\":\"PropertyValueSpecification\",\"valueRequired\":true,\"valueName\":\"search_term_string\"}}],\"inLanguage\":\"fr-FR\"},{\"@type\":\"Organization\",\"@id\":\"https:\/\/www.allinclusivehotels.it\/fr#organization\",\"name\":\"All Inclusive Hotels\",\"url\":\"https:\/\/www.allinclusivehotels.it\/fr\",\"logo\":{\"@type\":\"ImageObject\",\"inLanguage\":\"fr-FR\",\"@id\":\"https:\/\/www.allinclusivehotels.it\/fr#\/schema\/logo\/image\/\",\"url\":\"\",\"contentUrl\":\"\",\"caption\":\"All Inclusive Hotels\"},\"image\":{\"@id\":\"https:\/\/www.allinclusivehotels.it\/fr#\/schema\/logo\/image\/\"}}]}<\/script>\n<!-- \/ Yoast SEO plugin. -->","yoast_head_json":{"title":"Offres All Inclusive de l'H\u00f4tel Lotus \u00e0 Rimini","description":"Vacances tout compris en Italie? D\u00e9couvrez les forfaits All Inclusive de l'H\u00f4tel Lotus \u00e0 Rimini sur la c\u00f4te Adriatique","robots":{"index":"index","follow":"follow","max-snippet":"max-snippet:-1","max-image-preview":"max-image-preview:large","max-video-preview":"max-video-preview:-1"},"canonical":"https:\/\/www.allinclusivehotels.it\/fr\/hotels\/hotel-lotus","og_locale":"fr_FR","og_type":"article","og_title":"Offres All Inclusive de l'H\u00f4tel Lotus \u00e0 Rimini","og_description":"Vacances tout compris en Italie? D\u00e9couvrez les forfaits All Inclusive de l'H\u00f4tel Lotus \u00e0 Rimini sur la c\u00f4te Adriatique","og_url":"https:\/\/www.allinclusivehotels.it\/fr\/hotels\/hotel-lotus","og_site_name":"All Inclusive Hotels","article_modified_time":"2023-03-13T11:19:21+00:00","twitter_card":"summary_large_image","twitter_misc":{"Dur\u00e9e de lecture estim\u00e9e":"2 minutes"},"schema":{"@context":"https:\/\/schema.org","@graph":[{"@type":"WebPage","@id":"https:\/\/www.allinclusivehotels.it\/fr\/hotels\/hotel-lotus","url":"https:\/\/www.allinclusivehotels.it\/fr\/hotels\/hotel-lotus","name":"Offres All Inclusive de l'H\u00f4tel Lotus \u00e0 Rimini","isPartOf":{"@id":"https:\/\/www.allinclusivehotels.it\/fr#website"},"datePublished":"2022-02-28T13:32:55+00:00","dateModified":"2023-03-13T11:19:21+00:00","description":"Vacances tout compris en Italie? D\u00e9couvrez les forfaits All Inclusive de l'H\u00f4tel Lotus \u00e0 Rimini sur la c\u00f4te Adriatique","breadcrumb":{"@id":"https:\/\/www.allinclusivehotels.it\/fr\/hotels\/hotel-lotus#breadcrumb"},"inLanguage":"fr-FR","potentialAction":[{"@type":"ReadAction","target":["https:\/\/www.allinclusivehotels.it\/fr\/hotels\/hotel-lotus"]}]},{"@type":"BreadcrumbList","@id":"https:\/\/www.allinclusivehotels.it\/fr\/hotels\/hotel-lotus#breadcrumb","itemListElement":[{"@type":"ListItem","position":1,"name":"Home","item":"https:\/\/www.allinclusivehotels.it\/fr"},{"@type":"ListItem","position":2,"name":"H\u00f4tels","item":"https:\/\/www.allinclusivehotels.it\/fr\/hotels"},{"@type":"ListItem","position":3,"name":"Hotel Lotus"}]},{"@type":"WebSite","@id":"https:\/\/www.allinclusivehotels.it\/fr#website","url":"https:\/\/www.allinclusivehotels.it\/fr","name":"All Inclusive Hotels","description":"","publisher":{"@id":"https:\/\/www.allinclusivehotels.it\/fr#organization"},"potentialAction":[{"@type":"SearchAction","target":{"@type":"EntryPoint","urlTemplate":"https:\/\/www.allinclusivehotels.it\/fr?s={search_term_string}"},"query-input":{"@type":"PropertyValueSpecification","valueRequired":true,"valueName":"search_term_string"}}],"inLanguage":"fr-FR"},{"@type":"Organization","@id":"https:\/\/www.allinclusivehotels.it\/fr#organization","name":"All Inclusive Hotels","url":"https:\/\/www.allinclusivehotels.it\/fr","logo":{"@type":"ImageObject","inLanguage":"fr-FR","@id":"https:\/\/www.allinclusivehotels.it\/fr#\/schema\/logo\/image\/","url":"","contentUrl":"","caption":"All Inclusive Hotels"},"image":{"@id":"https:\/\/www.allinclusivehotels.it\/fr#\/schema\/logo\/image\/"}}]}},"_links":{"self":[{"href":"https:\/\/www.allinclusivehotels.it\/fr\/wp-json\/wp\/v2\/pages\/10819","targetHints":{"allow":["GET"]}}],"collection":[{"href":"https:\/\/www.allinclusivehotels.it\/fr\/wp-json\/wp\/v2\/pages"}],"about":[{"href":"https:\/\/www.allinclusivehotels.it\/fr\/wp-json\/wp\/v2\/types\/page"}],"author":[{"embeddable":true,"href":"https:\/\/www.allinclusivehotels.it\/fr\/wp-json\/wp\/v2\/users\/1"}],"replies":[{"embeddable":true,"href":"https:\/\/www.allinclusivehotels.it\/fr\/wp-json\/wp\/v2\/comments?post=10819"}],"version-history":[{"count":9,"href":"https:\/\/www.allinclusivehotels.it\/fr\/wp-json\/wp\/v2\/pages\/10819\/revisions"}],"predecessor-version":[{"id":27540,"href":"https:\/\/www.allinclusivehotels.it\/fr\/wp-json\/wp\/v2\/pages\/10819\/revisions\/27540"}],"up":[{"embeddable":true,"href":"https:\/\/www.allinclusivehotels.it\/fr\/wp-json\/wp\/v2\/pages\/8241"}],"wp:attachment":[{"href":"https:\/\/www.allinclusivehotels.it\/fr\/wp-json\/wp\/v2\/media?parent=10819"}],"curies":[{"name":"wp","href":"https:\/\/api.w.org\/{rel}","templated":true}]}}