{"id":10558,"date":"2022-02-16T14:41:39","date_gmt":"2022-02-16T13:41:39","guid":{"rendered":"https:\/\/www.allinclusivehotels.it\/hotels-2\/hotel-bagli"},"modified":"2022-07-15T15:18:14","modified_gmt":"2022-07-15T13:18:14","slug":"hotel-bagli","status":"publish","type":"page","link":"https:\/\/www.allinclusivehotels.it\/fr\/hotels\/hotel-bagli","title":{"rendered":"Hotel Bagli"},"content":{"rendered":"\n<p>L&#8217;<b>Hotel Bagli est situ\u00e9 \u00e0 Rivazzurra di Rimini<\/b>, \u00e0 <b>150 m\u00e8tres de la plage priv\u00e9e<\/b> o\u00f9 un parasol et deux transats vous sont r\u00e9serv\u00e9s tout au long de votre s\u00e9jour. De nombreuses <b>animations<\/b> <strong>sont organis\u00e9es par le personnel de l&#8217;h\u00f4tel<\/strong> <b>pour les adultes comme pour les enfants<\/b> : tournois sportifs, jeux et danses rythmeront vos journ\u00e9es \u00e0 la plage de 9h30 \u00e0 12h et de 16h \u00e0 18h.<\/p>\n\n\n\n<p>D&#8217;autres animations sont organis\u00e9es \u00e0 l\u2019h\u00f4tel le midi (<strong>Mini Club de 13h \u00e0 14h30<\/strong>) et le soir <b>(de 19h30 \u00e0 21h<\/b>). Vos enfants auront acc\u00e8s \u00e0 une <b>aire de jeux en int\u00e9rieur <\/b>et \u00e0 des services en chambre comme dans les espaces communs (chaises hautes, couverts, chauffe-biberons, lits \u00e0 barreaux, berceaux, etc).<\/p>\n\n\n\n<p>Si vous pr\u00e9f\u00e9rez siroter un verre au bord de la piscine, vous appr\u00e9cierez la <b>piscine et le bar \u00e0 cocktails <\/b>situ\u00e9s tous les deux sur une vaste <b>terrasse panoramique<\/b>.<\/p>\n\n\n\n<!--more-->\n\n\n\n<p><b>Nos clients appr\u00e9cient particuli\u00e8rement notre cuisine traditionnelle et m\u00e9diterran\u00e9enne<\/b>. Pour bien commencer la journ\u00e9e, vous pourrez vous r\u00e9galer avec les viennoiseries fra\u00eeches du chef \u00e0 peine sorties du four et d&#8217;autres gourmandises sal\u00e9es, sans oublier notre s\u00e9lection de boissons. Lors des repas vous aurez le choix entre <b>3 menus toujours diff\u00e9rents<\/b>. M\u00eame les petits trouveront leur bonheur sans probl\u00e8me. Les jeunes parents peuvent aussi acc\u00e9der \u00e0 <strong>un coin cuisine <\/strong><b>ouvert 24h\/24<\/b> pour pr\u00e9parer eux-m\u00eames les repas de leurs b\u00e9b\u00e9s.<\/p>\n\n\n\n<p><b>Votre forfait comprend un acc\u00e8s au parking <\/b>de l&#8217;h\u00f4tel et <strong>l&#8217;utilisation de v\u00e9los. Vos compagnons \u00e0 quatre pattes sont aussi les<\/strong> <b>bienvenus <\/b> \u00e0 l\u2019h\u00f4tel comme \u00e0 la plage sans aucun suppl\u00e9ment.<\/p>\n","protected":false},"excerpt":{"rendered":"<p>L&#8217;Hotel Bagli est situ\u00e9 \u00e0 Rivazzurra di Rimini, \u00e0 150 m\u00e8tres de la plage priv\u00e9e &hellip;<\/p>\n","protected":false},"author":1,"featured_media":0,"parent":8241,"menu_order":0,"comment_status":"closed","ping_status":"closed","template":"page-templates\/scheda_hotel.php","meta":{"_acf_changed":false,"footnotes":""},"class_list":["post-10558","page","type-page","status-publish","hentry"],"acf":[],"yoast_head":"<!-- This site is optimized with the Yoast SEO plugin v27.0 - https:\/\/yoast.com\/product\/yoast-seo-wordpress\/ -->\n<title>Offres All Inclusive de l&#039;H\u00f4tel Bagli \u00e0 Rivazzurra de Rimini<\/title>\n<meta name=\"description\" content=\"Vacances tout compris en Italie? D\u00e9couvrez les forfaits All Inclusive de l&#039;H\u00f4tel Bagli \u00e0 Rivazzurra de Rimini\" \/>\n<meta name=\"robots\" content=\"index, follow, max-snippet:-1, max-image-preview:large, max-video-preview:-1\" \/>\n<link rel=\"canonical\" href=\"https:\/\/www.allinclusivehotels.it\/fr\/hotels\/hotel-bagli\" \/>\n<meta property=\"og:locale\" content=\"fr_FR\" \/>\n<meta property=\"og:type\" content=\"article\" \/>\n<meta property=\"og:title\" content=\"Offres All Inclusive de l&#039;H\u00f4tel Bagli \u00e0 Rivazzurra de Rimini\" \/>\n<meta property=\"og:description\" content=\"Vacances tout compris en Italie? D\u00e9couvrez les forfaits All Inclusive de l&#039;H\u00f4tel Bagli \u00e0 Rivazzurra de Rimini\" \/>\n<meta property=\"og:url\" content=\"https:\/\/www.allinclusivehotels.it\/fr\/hotels\/hotel-bagli\" \/>\n<meta property=\"og:site_name\" content=\"All Inclusive Hotels\" \/>\n<meta property=\"article:modified_time\" content=\"2022-07-15T13:18:14+00:00\" \/>\n<meta name=\"twitter:card\" content=\"summary_large_image\" \/>\n<meta name=\"twitter:label1\" content=\"Dur\u00e9e de lecture estim\u00e9e\" \/>\n\t<meta name=\"twitter:data1\" content=\"2 minutes\" \/>\n<script type=\"application\/ld+json\" class=\"yoast-schema-graph\">{\"@context\":\"https:\/\/schema.org\",\"@graph\":[{\"@type\":\"WebPage\",\"@id\":\"https:\/\/www.allinclusivehotels.it\/fr\/hotels\/hotel-bagli\",\"url\":\"https:\/\/www.allinclusivehotels.it\/fr\/hotels\/hotel-bagli\",\"name\":\"Offres All Inclusive de l'H\u00f4tel Bagli \u00e0 Rivazzurra de Rimini\",\"isPartOf\":{\"@id\":\"https:\/\/www.allinclusivehotels.it\/fr#website\"},\"datePublished\":\"2022-02-16T13:41:39+00:00\",\"dateModified\":\"2022-07-15T13:18:14+00:00\",\"description\":\"Vacances tout compris en Italie? D\u00e9couvrez les forfaits All Inclusive de l'H\u00f4tel Bagli \u00e0 Rivazzurra de Rimini\",\"breadcrumb\":{\"@id\":\"https:\/\/www.allinclusivehotels.it\/fr\/hotels\/hotel-bagli#breadcrumb\"},\"inLanguage\":\"fr-FR\",\"potentialAction\":[{\"@type\":\"ReadAction\",\"target\":[\"https:\/\/www.allinclusivehotels.it\/fr\/hotels\/hotel-bagli\"]}]},{\"@type\":\"BreadcrumbList\",\"@id\":\"https:\/\/www.allinclusivehotels.it\/fr\/hotels\/hotel-bagli#breadcrumb\",\"itemListElement\":[{\"@type\":\"ListItem\",\"position\":1,\"name\":\"Home\",\"item\":\"https:\/\/www.allinclusivehotels.it\/fr\"},{\"@type\":\"ListItem\",\"position\":2,\"name\":\"H\u00f4tels\",\"item\":\"https:\/\/www.allinclusivehotels.it\/fr\/hotels\"},{\"@type\":\"ListItem\",\"position\":3,\"name\":\"Hotel Bagli\"}]},{\"@type\":\"WebSite\",\"@id\":\"https:\/\/www.allinclusivehotels.it\/fr#website\",\"url\":\"https:\/\/www.allinclusivehotels.it\/fr\",\"name\":\"All Inclusive Hotels\",\"description\":\"\",\"publisher\":{\"@id\":\"https:\/\/www.allinclusivehotels.it\/fr#organization\"},\"potentialAction\":[{\"@type\":\"SearchAction\",\"target\":{\"@type\":\"EntryPoint\",\"urlTemplate\":\"https:\/\/www.allinclusivehotels.it\/fr?s={search_term_string}\"},\"query-input\":{\"@type\":\"PropertyValueSpecification\",\"valueRequired\":true,\"valueName\":\"search_term_string\"}}],\"inLanguage\":\"fr-FR\"},{\"@type\":\"Organization\",\"@id\":\"https:\/\/www.allinclusivehotels.it\/fr#organization\",\"name\":\"All Inclusive Hotels\",\"url\":\"https:\/\/www.allinclusivehotels.it\/fr\",\"logo\":{\"@type\":\"ImageObject\",\"inLanguage\":\"fr-FR\",\"@id\":\"https:\/\/www.allinclusivehotels.it\/fr#\/schema\/logo\/image\/\",\"url\":\"\",\"contentUrl\":\"\",\"caption\":\"All Inclusive Hotels\"},\"image\":{\"@id\":\"https:\/\/www.allinclusivehotels.it\/fr#\/schema\/logo\/image\/\"}}]}<\/script>\n<!-- \/ Yoast SEO plugin. -->","yoast_head_json":{"title":"Offres All Inclusive de l'H\u00f4tel Bagli \u00e0 Rivazzurra de Rimini","description":"Vacances tout compris en Italie? D\u00e9couvrez les forfaits All Inclusive de l'H\u00f4tel Bagli \u00e0 Rivazzurra de Rimini","robots":{"index":"index","follow":"follow","max-snippet":"max-snippet:-1","max-image-preview":"max-image-preview:large","max-video-preview":"max-video-preview:-1"},"canonical":"https:\/\/www.allinclusivehotels.it\/fr\/hotels\/hotel-bagli","og_locale":"fr_FR","og_type":"article","og_title":"Offres All Inclusive de l'H\u00f4tel Bagli \u00e0 Rivazzurra de Rimini","og_description":"Vacances tout compris en Italie? D\u00e9couvrez les forfaits All Inclusive de l'H\u00f4tel Bagli \u00e0 Rivazzurra de Rimini","og_url":"https:\/\/www.allinclusivehotels.it\/fr\/hotels\/hotel-bagli","og_site_name":"All Inclusive Hotels","article_modified_time":"2022-07-15T13:18:14+00:00","twitter_card":"summary_large_image","twitter_misc":{"Dur\u00e9e de lecture estim\u00e9e":"2 minutes"},"schema":{"@context":"https:\/\/schema.org","@graph":[{"@type":"WebPage","@id":"https:\/\/www.allinclusivehotels.it\/fr\/hotels\/hotel-bagli","url":"https:\/\/www.allinclusivehotels.it\/fr\/hotels\/hotel-bagli","name":"Offres All Inclusive de l'H\u00f4tel Bagli \u00e0 Rivazzurra de Rimini","isPartOf":{"@id":"https:\/\/www.allinclusivehotels.it\/fr#website"},"datePublished":"2022-02-16T13:41:39+00:00","dateModified":"2022-07-15T13:18:14+00:00","description":"Vacances tout compris en Italie? D\u00e9couvrez les forfaits All Inclusive de l'H\u00f4tel Bagli \u00e0 Rivazzurra de Rimini","breadcrumb":{"@id":"https:\/\/www.allinclusivehotels.it\/fr\/hotels\/hotel-bagli#breadcrumb"},"inLanguage":"fr-FR","potentialAction":[{"@type":"ReadAction","target":["https:\/\/www.allinclusivehotels.it\/fr\/hotels\/hotel-bagli"]}]},{"@type":"BreadcrumbList","@id":"https:\/\/www.allinclusivehotels.it\/fr\/hotels\/hotel-bagli#breadcrumb","itemListElement":[{"@type":"ListItem","position":1,"name":"Home","item":"https:\/\/www.allinclusivehotels.it\/fr"},{"@type":"ListItem","position":2,"name":"H\u00f4tels","item":"https:\/\/www.allinclusivehotels.it\/fr\/hotels"},{"@type":"ListItem","position":3,"name":"Hotel Bagli"}]},{"@type":"WebSite","@id":"https:\/\/www.allinclusivehotels.it\/fr#website","url":"https:\/\/www.allinclusivehotels.it\/fr","name":"All Inclusive Hotels","description":"","publisher":{"@id":"https:\/\/www.allinclusivehotels.it\/fr#organization"},"potentialAction":[{"@type":"SearchAction","target":{"@type":"EntryPoint","urlTemplate":"https:\/\/www.allinclusivehotels.it\/fr?s={search_term_string}"},"query-input":{"@type":"PropertyValueSpecification","valueRequired":true,"valueName":"search_term_string"}}],"inLanguage":"fr-FR"},{"@type":"Organization","@id":"https:\/\/www.allinclusivehotels.it\/fr#organization","name":"All Inclusive Hotels","url":"https:\/\/www.allinclusivehotels.it\/fr","logo":{"@type":"ImageObject","inLanguage":"fr-FR","@id":"https:\/\/www.allinclusivehotels.it\/fr#\/schema\/logo\/image\/","url":"","contentUrl":"","caption":"All Inclusive Hotels"},"image":{"@id":"https:\/\/www.allinclusivehotels.it\/fr#\/schema\/logo\/image\/"}}]}},"_links":{"self":[{"href":"https:\/\/www.allinclusivehotels.it\/fr\/wp-json\/wp\/v2\/pages\/10558","targetHints":{"allow":["GET"]}}],"collection":[{"href":"https:\/\/www.allinclusivehotels.it\/fr\/wp-json\/wp\/v2\/pages"}],"about":[{"href":"https:\/\/www.allinclusivehotels.it\/fr\/wp-json\/wp\/v2\/types\/page"}],"author":[{"embeddable":true,"href":"https:\/\/www.allinclusivehotels.it\/fr\/wp-json\/wp\/v2\/users\/1"}],"replies":[{"embeddable":true,"href":"https:\/\/www.allinclusivehotels.it\/fr\/wp-json\/wp\/v2\/comments?post=10558"}],"version-history":[{"count":6,"href":"https:\/\/www.allinclusivehotels.it\/fr\/wp-json\/wp\/v2\/pages\/10558\/revisions"}],"predecessor-version":[{"id":22068,"href":"https:\/\/www.allinclusivehotels.it\/fr\/wp-json\/wp\/v2\/pages\/10558\/revisions\/22068"}],"up":[{"embeddable":true,"href":"https:\/\/www.allinclusivehotels.it\/fr\/wp-json\/wp\/v2\/pages\/8241"}],"wp:attachment":[{"href":"https:\/\/www.allinclusivehotels.it\/fr\/wp-json\/wp\/v2\/media?parent=10558"}],"curies":[{"name":"wp","href":"https:\/\/api.w.org\/{rel}","templated":true}]}}