{"id":10548,"date":"2022-02-16T14:41:37","date_gmt":"2022-02-16T13:41:37","guid":{"rendered":"https:\/\/www.allinclusivehotels.it\/villages\/emilie-romagne"},"modified":"2022-04-21T10:11:35","modified_gmt":"2022-04-21T08:11:35","slug":"emilie-romagne","status":"publish","type":"page","link":"https:\/\/www.allinclusivehotels.it\/fr\/villages\/emilie-romagne","title":{"rendered":"\u00c9milie-Romagne"},"content":{"rendered":"\n<p>Les meilleurs <b>villages All Inclusive \u00c9milie-Romagne<\/b>, s\u00e9lectionn\u00e9s pour ceux qui recherchent des vacances tout compris et sans mauvaises surprises dans une terre d\u2019hospitalit\u00e9&nbsp;!<\/p>\n","protected":false},"excerpt":{"rendered":"<p>Les meilleurs villages All Inclusive \u00c9milie-Romagne, s\u00e9lectionn\u00e9s pour ceux qui recherchent des vacances tout compris &hellip;<\/p>\n","protected":false},"author":1,"featured_media":0,"parent":8229,"menu_order":0,"comment_status":"closed","ping_status":"closed","template":"page-templates\/destinazione_villaggi.php","meta":{"_acf_changed":false,"footnotes":""},"class_list":["post-10548","page","type-page","status-publish","hentry"],"acf":[],"yoast_head":"<!-- This site is optimized with the Yoast SEO plugin v27.6 - https:\/\/yoast.com\/product\/yoast-seo-wordpress\/ -->\n<title>Les meilleurs Villages Vacances All Inclusive en Romagne<\/title>\n<meta name=\"description\" content=\"Vous cherchez un Village Vacances All Inclusive en Romagne? D\u00e9couvrez la plus grande s\u00e9lection de villages tout compris: Voyez les offres!\" \/>\n<meta name=\"robots\" content=\"index, follow, max-snippet:-1, max-image-preview:large, max-video-preview:-1\" \/>\n<link rel=\"canonical\" href=\"https:\/\/www.allinclusivehotels.it\/fr\/villages\/emilie-romagne\" \/>\n<meta property=\"og:locale\" content=\"fr_FR\" \/>\n<meta property=\"og:type\" content=\"article\" \/>\n<meta property=\"og:title\" content=\"Les meilleurs Villages Vacances All Inclusive en Romagne\" \/>\n<meta property=\"og:description\" content=\"Vous cherchez un Village Vacances All Inclusive en Romagne? D\u00e9couvrez la plus grande s\u00e9lection de villages tout compris: Voyez les offres!\" \/>\n<meta property=\"og:url\" content=\"https:\/\/www.allinclusivehotels.it\/fr\/villages\/emilie-romagne\" \/>\n<meta property=\"og:site_name\" content=\"All Inclusive Hotels\" \/>\n<meta property=\"article:modified_time\" content=\"2022-04-21T08:11:35+00:00\" \/>\n<meta name=\"twitter:card\" content=\"summary_large_image\" \/>\n<meta name=\"twitter:label1\" content=\"Dur\u00e9e de lecture estim\u00e9e\" \/>\n\t<meta name=\"twitter:data1\" content=\"1 minute\" \/>\n<script type=\"application\/ld+json\" class=\"yoast-schema-graph\">{\"@context\":\"https:\\\/\\\/schema.org\",\"@graph\":[{\"@type\":\"WebPage\",\"@id\":\"https:\\\/\\\/www.allinclusivehotels.it\\\/fr\\\/villages\\\/emilie-romagne\",\"url\":\"https:\\\/\\\/www.allinclusivehotels.it\\\/fr\\\/villages\\\/emilie-romagne\",\"name\":\"Les meilleurs Villages Vacances All Inclusive en Romagne\",\"isPartOf\":{\"@id\":\"https:\\\/\\\/www.allinclusivehotels.it\\\/fr#website\"},\"datePublished\":\"2022-02-16T13:41:37+00:00\",\"dateModified\":\"2022-04-21T08:11:35+00:00\",\"description\":\"Vous cherchez un Village Vacances All Inclusive en Romagne? D\u00e9couvrez la plus grande s\u00e9lection de villages tout compris: Voyez les offres!\",\"breadcrumb\":{\"@id\":\"https:\\\/\\\/www.allinclusivehotels.it\\\/fr\\\/villages\\\/emilie-romagne#breadcrumb\"},\"inLanguage\":\"fr-FR\",\"potentialAction\":[{\"@type\":\"ReadAction\",\"target\":[\"https:\\\/\\\/www.allinclusivehotels.it\\\/fr\\\/villages\\\/emilie-romagne\"]}]},{\"@type\":\"BreadcrumbList\",\"@id\":\"https:\\\/\\\/www.allinclusivehotels.it\\\/fr\\\/villages\\\/emilie-romagne#breadcrumb\",\"itemListElement\":[{\"@type\":\"ListItem\",\"position\":1,\"name\":\"Home\",\"item\":\"https:\\\/\\\/www.allinclusivehotels.it\\\/fr\"},{\"@type\":\"ListItem\",\"position\":2,\"name\":\"Villages\",\"item\":\"https:\\\/\\\/www.allinclusivehotels.it\\\/fr\\\/villages\"},{\"@type\":\"ListItem\",\"position\":3,\"name\":\"\u00c9milie-Romagne\"}]},{\"@type\":\"WebSite\",\"@id\":\"https:\\\/\\\/www.allinclusivehotels.it\\\/fr#website\",\"url\":\"https:\\\/\\\/www.allinclusivehotels.it\\\/fr\",\"name\":\"All Inclusive Hotels\",\"description\":\"\",\"publisher\":{\"@id\":\"https:\\\/\\\/www.allinclusivehotels.it\\\/fr#organization\"},\"potentialAction\":[{\"@type\":\"SearchAction\",\"target\":{\"@type\":\"EntryPoint\",\"urlTemplate\":\"https:\\\/\\\/www.allinclusivehotels.it\\\/fr?s={search_term_string}\"},\"query-input\":{\"@type\":\"PropertyValueSpecification\",\"valueRequired\":true,\"valueName\":\"search_term_string\"}}],\"inLanguage\":\"fr-FR\"},{\"@type\":\"Organization\",\"@id\":\"https:\\\/\\\/www.allinclusivehotels.it\\\/fr#organization\",\"name\":\"All Inclusive Hotels\",\"url\":\"https:\\\/\\\/www.allinclusivehotels.it\\\/fr\",\"logo\":{\"@type\":\"ImageObject\",\"inLanguage\":\"fr-FR\",\"@id\":\"https:\\\/\\\/www.allinclusivehotels.it\\\/fr#\\\/schema\\\/logo\\\/image\\\/\",\"url\":\"\",\"contentUrl\":\"\",\"caption\":\"All Inclusive Hotels\"},\"image\":{\"@id\":\"https:\\\/\\\/www.allinclusivehotels.it\\\/fr#\\\/schema\\\/logo\\\/image\\\/\"}}]}<\/script>\n<!-- \/ Yoast SEO plugin. -->","yoast_head_json":{"title":"Les meilleurs Villages Vacances All Inclusive en Romagne","description":"Vous cherchez un Village Vacances All Inclusive en Romagne? D\u00e9couvrez la plus grande s\u00e9lection de villages tout compris: Voyez les offres!","robots":{"index":"index","follow":"follow","max-snippet":"max-snippet:-1","max-image-preview":"max-image-preview:large","max-video-preview":"max-video-preview:-1"},"canonical":"https:\/\/www.allinclusivehotels.it\/fr\/villages\/emilie-romagne","og_locale":"fr_FR","og_type":"article","og_title":"Les meilleurs Villages Vacances All Inclusive en Romagne","og_description":"Vous cherchez un Village Vacances All Inclusive en Romagne? D\u00e9couvrez la plus grande s\u00e9lection de villages tout compris: Voyez les offres!","og_url":"https:\/\/www.allinclusivehotels.it\/fr\/villages\/emilie-romagne","og_site_name":"All Inclusive Hotels","article_modified_time":"2022-04-21T08:11:35+00:00","twitter_card":"summary_large_image","twitter_misc":{"Dur\u00e9e de lecture estim\u00e9e":"1 minute"},"schema":{"@context":"https:\/\/schema.org","@graph":[{"@type":"WebPage","@id":"https:\/\/www.allinclusivehotels.it\/fr\/villages\/emilie-romagne","url":"https:\/\/www.allinclusivehotels.it\/fr\/villages\/emilie-romagne","name":"Les meilleurs Villages Vacances All Inclusive en Romagne","isPartOf":{"@id":"https:\/\/www.allinclusivehotels.it\/fr#website"},"datePublished":"2022-02-16T13:41:37+00:00","dateModified":"2022-04-21T08:11:35+00:00","description":"Vous cherchez un Village Vacances All Inclusive en Romagne? D\u00e9couvrez la plus grande s\u00e9lection de villages tout compris: Voyez les offres!","breadcrumb":{"@id":"https:\/\/www.allinclusivehotels.it\/fr\/villages\/emilie-romagne#breadcrumb"},"inLanguage":"fr-FR","potentialAction":[{"@type":"ReadAction","target":["https:\/\/www.allinclusivehotels.it\/fr\/villages\/emilie-romagne"]}]},{"@type":"BreadcrumbList","@id":"https:\/\/www.allinclusivehotels.it\/fr\/villages\/emilie-romagne#breadcrumb","itemListElement":[{"@type":"ListItem","position":1,"name":"Home","item":"https:\/\/www.allinclusivehotels.it\/fr"},{"@type":"ListItem","position":2,"name":"Villages","item":"https:\/\/www.allinclusivehotels.it\/fr\/villages"},{"@type":"ListItem","position":3,"name":"\u00c9milie-Romagne"}]},{"@type":"WebSite","@id":"https:\/\/www.allinclusivehotels.it\/fr#website","url":"https:\/\/www.allinclusivehotels.it\/fr","name":"All Inclusive Hotels","description":"","publisher":{"@id":"https:\/\/www.allinclusivehotels.it\/fr#organization"},"potentialAction":[{"@type":"SearchAction","target":{"@type":"EntryPoint","urlTemplate":"https:\/\/www.allinclusivehotels.it\/fr?s={search_term_string}"},"query-input":{"@type":"PropertyValueSpecification","valueRequired":true,"valueName":"search_term_string"}}],"inLanguage":"fr-FR"},{"@type":"Organization","@id":"https:\/\/www.allinclusivehotels.it\/fr#organization","name":"All Inclusive Hotels","url":"https:\/\/www.allinclusivehotels.it\/fr","logo":{"@type":"ImageObject","inLanguage":"fr-FR","@id":"https:\/\/www.allinclusivehotels.it\/fr#\/schema\/logo\/image\/","url":"","contentUrl":"","caption":"All Inclusive Hotels"},"image":{"@id":"https:\/\/www.allinclusivehotels.it\/fr#\/schema\/logo\/image\/"}}]}},"_links":{"self":[{"href":"https:\/\/www.allinclusivehotels.it\/fr\/wp-json\/wp\/v2\/pages\/10548","targetHints":{"allow":["GET"]}}],"collection":[{"href":"https:\/\/www.allinclusivehotels.it\/fr\/wp-json\/wp\/v2\/pages"}],"about":[{"href":"https:\/\/www.allinclusivehotels.it\/fr\/wp-json\/wp\/v2\/types\/page"}],"author":[{"embeddable":true,"href":"https:\/\/www.allinclusivehotels.it\/fr\/wp-json\/wp\/v2\/users\/1"}],"replies":[{"embeddable":true,"href":"https:\/\/www.allinclusivehotels.it\/fr\/wp-json\/wp\/v2\/comments?post=10548"}],"version-history":[{"count":5,"href":"https:\/\/www.allinclusivehotels.it\/fr\/wp-json\/wp\/v2\/pages\/10548\/revisions"}],"predecessor-version":[{"id":18971,"href":"https:\/\/www.allinclusivehotels.it\/fr\/wp-json\/wp\/v2\/pages\/10548\/revisions\/18971"}],"up":[{"embeddable":true,"href":"https:\/\/www.allinclusivehotels.it\/fr\/wp-json\/wp\/v2\/pages\/8229"}],"wp:attachment":[{"href":"https:\/\/www.allinclusivehotels.it\/fr\/wp-json\/wp\/v2\/media?parent=10548"}],"curies":[{"name":"wp","href":"https:\/\/api.w.org\/{rel}","templated":true}]}}