{"id":10546,"date":"2022-02-16T14:41:37","date_gmt":"2022-02-16T13:41:37","guid":{"rendered":"https:\/\/www.allinclusivehotels.it\/destinations\/tesero"},"modified":"2022-04-12T11:00:48","modified_gmt":"2022-04-12T09:00:48","slug":"tesero","status":"publish","type":"page","link":"https:\/\/www.allinclusivehotels.it\/fr\/destinations\/tesero","title":{"rendered":"Tesero"},"content":{"rendered":"\n<p><b>Tesero<\/b> est un <b>village pittoresque du Val di Fiemme<\/b> qui offre un cadre id\u00e9al pour les passionn\u00e9s d\u2019activit\u00e9s en plein air, hiver comme \u00e9t\u00e9. Ici vous pourrez pratique du trekking, du ski, de la p\u00eache sportive, parcourir de sentiers d\u2019excursion adapt\u00e9s \u00e0 tous sur le Latemar, m\u00eame aux familles avec enfants en bas \u00e2ge, et pourquoi pas, une visite en alpage. L\u2019accueil chaleureux et exclusif des <b>All Inclusive Hotel Tesero<\/b> vous attendent pour des <b>vacances tout compris<\/b> sous le signe de l\u2019insouciance.<\/p>\n\n\n\n<p>Peu de gens savent que <b>Tesero poss\u00e8de une ancienne tradition de No\u00ebl<\/b>. Tous les ans, a lieu la manifestation <b>\u201cTesero et ses cr\u00e8ches\u201d<\/b>, avec une exposition de cr\u00e8ches artistiques le long des ruelles du bourg ainsi qu\u2019une repr\u00e9sentation d\u2019une grande \u201cNativit\u00e9 itin\u00e9rante\u201d, qui a \u00e9t\u00e9 expos\u00e9 aussi au Vatican. Pendant la belle saison les places du village accueillent <b>\u201cLe corte de Tiezer\u201d<\/b>, pour c\u00e9l\u00e9brer les anciens m\u00e9tiers, avec musique live et expositions \u0153nogastronomiques.<\/p>\n\n\n\n<!--more-->\n\n\n\n<p>Tesero est aussi c\u00e9l\u00e8bre pour son <b>artisanat artistique<\/b>, in notamment de meubles et d\u2019instruments de musique, ainsi que pour les activit\u00e9s de plein air, gr\u00e2ce \u00e0 sa proximit\u00e9 avec les <b>45 kilom\u00e8tres de pistes du domaine Ski Center L\u00e0temar<\/b>, et la possibilit\u00e9 de pratiquer <b>cyclotourisme<\/b>, <b>marche nordique<\/b>, <b>\u00e9quitation<\/b>, <b>escalade et<\/b> <b>trekking<\/b>. Et pour les passionn\u00e9s d\u2019art, enfin, il y a l\u2019incontournable <b>RespirArt de Pampeago<\/b>, le parc artistique le \u201cplus haut du monde\u201d&nbsp;!<\/p>\n","protected":false},"excerpt":{"rendered":"<p>Tesero est un village pittoresque du Val di Fiemme qui offre un cadre id\u00e9al pour &hellip;<\/p>\n","protected":false},"author":1,"featured_media":0,"parent":8167,"menu_order":0,"comment_status":"closed","ping_status":"closed","template":"page-templates\/destinazione.php","meta":{"_acf_changed":false,"footnotes":""},"class_list":["post-10546","page","type-page","status-publish","hentry"],"acf":[],"yoast_head":"<!-- This site is optimized with the Yoast SEO plugin v27.0 - https:\/\/yoast.com\/product\/yoast-seo-wordpress\/ -->\n<title>H\u00f4tels All Inclusive \u00e0 Tesero | Offres forfaits vacances dans les Dolomites<\/title>\n<meta name=\"description\" content=\"Vous cherchez des H\u00f4tels All Inclusive \u00e0 Tesero en Trentin Haute Adige? Voici la plus grande s\u00e9lection des meilleurs h\u00f4tels\" \/>\n<meta name=\"robots\" content=\"index, follow, max-snippet:-1, max-image-preview:large, max-video-preview:-1\" \/>\n<link rel=\"canonical\" href=\"https:\/\/www.allinclusivehotels.it\/fr\/destinations\/tesero\" \/>\n<meta property=\"og:locale\" content=\"fr_FR\" \/>\n<meta property=\"og:type\" content=\"article\" \/>\n<meta property=\"og:title\" content=\"H\u00f4tels All Inclusive \u00e0 Tesero | Offres forfaits vacances dans les Dolomites\" \/>\n<meta property=\"og:description\" content=\"Vous cherchez des H\u00f4tels All Inclusive \u00e0 Tesero en Trentin Haute Adige? Voici la plus grande s\u00e9lection des meilleurs h\u00f4tels\" \/>\n<meta property=\"og:url\" content=\"https:\/\/www.allinclusivehotels.it\/fr\/destinations\/tesero\" \/>\n<meta property=\"og:site_name\" content=\"All Inclusive Hotels\" \/>\n<meta property=\"article:modified_time\" content=\"2022-04-12T09:00:48+00:00\" \/>\n<meta name=\"twitter:card\" content=\"summary_large_image\" \/>\n<meta name=\"twitter:label1\" content=\"Dur\u00e9e de lecture estim\u00e9e\" \/>\n\t<meta name=\"twitter:data1\" content=\"2 minutes\" \/>\n<script type=\"application\/ld+json\" class=\"yoast-schema-graph\">{\"@context\":\"https:\/\/schema.org\",\"@graph\":[{\"@type\":\"WebPage\",\"@id\":\"https:\/\/www.allinclusivehotels.it\/fr\/destinations\/tesero\",\"url\":\"https:\/\/www.allinclusivehotels.it\/fr\/destinations\/tesero\",\"name\":\"H\u00f4tels All Inclusive \u00e0 Tesero | Offres forfaits vacances dans les Dolomites\",\"isPartOf\":{\"@id\":\"https:\/\/www.allinclusivehotels.it\/fr#website\"},\"datePublished\":\"2022-02-16T13:41:37+00:00\",\"dateModified\":\"2022-04-12T09:00:48+00:00\",\"description\":\"Vous cherchez des H\u00f4tels All Inclusive \u00e0 Tesero en Trentin Haute Adige? Voici la plus grande s\u00e9lection des meilleurs h\u00f4tels\",\"breadcrumb\":{\"@id\":\"https:\/\/www.allinclusivehotels.it\/fr\/destinations\/tesero#breadcrumb\"},\"inLanguage\":\"fr-FR\",\"potentialAction\":[{\"@type\":\"ReadAction\",\"target\":[\"https:\/\/www.allinclusivehotels.it\/fr\/destinations\/tesero\"]}]},{\"@type\":\"BreadcrumbList\",\"@id\":\"https:\/\/www.allinclusivehotels.it\/fr\/destinations\/tesero#breadcrumb\",\"itemListElement\":[{\"@type\":\"ListItem\",\"position\":1,\"name\":\"Home\",\"item\":\"https:\/\/www.allinclusivehotels.it\/fr\"},{\"@type\":\"ListItem\",\"position\":2,\"name\":\"Destinations\",\"item\":\"https:\/\/www.allinclusivehotels.it\/fr\/destinations\"},{\"@type\":\"ListItem\",\"position\":3,\"name\":\"Tesero\"}]},{\"@type\":\"WebSite\",\"@id\":\"https:\/\/www.allinclusivehotels.it\/fr#website\",\"url\":\"https:\/\/www.allinclusivehotels.it\/fr\",\"name\":\"All Inclusive Hotels\",\"description\":\"\",\"publisher\":{\"@id\":\"https:\/\/www.allinclusivehotels.it\/fr#organization\"},\"potentialAction\":[{\"@type\":\"SearchAction\",\"target\":{\"@type\":\"EntryPoint\",\"urlTemplate\":\"https:\/\/www.allinclusivehotels.it\/fr?s={search_term_string}\"},\"query-input\":{\"@type\":\"PropertyValueSpecification\",\"valueRequired\":true,\"valueName\":\"search_term_string\"}}],\"inLanguage\":\"fr-FR\"},{\"@type\":\"Organization\",\"@id\":\"https:\/\/www.allinclusivehotels.it\/fr#organization\",\"name\":\"All Inclusive Hotels\",\"url\":\"https:\/\/www.allinclusivehotels.it\/fr\",\"logo\":{\"@type\":\"ImageObject\",\"inLanguage\":\"fr-FR\",\"@id\":\"https:\/\/www.allinclusivehotels.it\/fr#\/schema\/logo\/image\/\",\"url\":\"\",\"contentUrl\":\"\",\"caption\":\"All Inclusive Hotels\"},\"image\":{\"@id\":\"https:\/\/www.allinclusivehotels.it\/fr#\/schema\/logo\/image\/\"}}]}<\/script>\n<!-- \/ Yoast SEO plugin. -->","yoast_head_json":{"title":"H\u00f4tels All Inclusive \u00e0 Tesero | Offres forfaits vacances dans les Dolomites","description":"Vous cherchez des H\u00f4tels All Inclusive \u00e0 Tesero en Trentin Haute Adige? Voici la plus grande s\u00e9lection des meilleurs h\u00f4tels","robots":{"index":"index","follow":"follow","max-snippet":"max-snippet:-1","max-image-preview":"max-image-preview:large","max-video-preview":"max-video-preview:-1"},"canonical":"https:\/\/www.allinclusivehotels.it\/fr\/destinations\/tesero","og_locale":"fr_FR","og_type":"article","og_title":"H\u00f4tels All Inclusive \u00e0 Tesero | Offres forfaits vacances dans les Dolomites","og_description":"Vous cherchez des H\u00f4tels All Inclusive \u00e0 Tesero en Trentin Haute Adige? Voici la plus grande s\u00e9lection des meilleurs h\u00f4tels","og_url":"https:\/\/www.allinclusivehotels.it\/fr\/destinations\/tesero","og_site_name":"All Inclusive Hotels","article_modified_time":"2022-04-12T09:00:48+00:00","twitter_card":"summary_large_image","twitter_misc":{"Dur\u00e9e de lecture estim\u00e9e":"2 minutes"},"schema":{"@context":"https:\/\/schema.org","@graph":[{"@type":"WebPage","@id":"https:\/\/www.allinclusivehotels.it\/fr\/destinations\/tesero","url":"https:\/\/www.allinclusivehotels.it\/fr\/destinations\/tesero","name":"H\u00f4tels All Inclusive \u00e0 Tesero | Offres forfaits vacances dans les Dolomites","isPartOf":{"@id":"https:\/\/www.allinclusivehotels.it\/fr#website"},"datePublished":"2022-02-16T13:41:37+00:00","dateModified":"2022-04-12T09:00:48+00:00","description":"Vous cherchez des H\u00f4tels All Inclusive \u00e0 Tesero en Trentin Haute Adige? Voici la plus grande s\u00e9lection des meilleurs h\u00f4tels","breadcrumb":{"@id":"https:\/\/www.allinclusivehotels.it\/fr\/destinations\/tesero#breadcrumb"},"inLanguage":"fr-FR","potentialAction":[{"@type":"ReadAction","target":["https:\/\/www.allinclusivehotels.it\/fr\/destinations\/tesero"]}]},{"@type":"BreadcrumbList","@id":"https:\/\/www.allinclusivehotels.it\/fr\/destinations\/tesero#breadcrumb","itemListElement":[{"@type":"ListItem","position":1,"name":"Home","item":"https:\/\/www.allinclusivehotels.it\/fr"},{"@type":"ListItem","position":2,"name":"Destinations","item":"https:\/\/www.allinclusivehotels.it\/fr\/destinations"},{"@type":"ListItem","position":3,"name":"Tesero"}]},{"@type":"WebSite","@id":"https:\/\/www.allinclusivehotels.it\/fr#website","url":"https:\/\/www.allinclusivehotels.it\/fr","name":"All Inclusive Hotels","description":"","publisher":{"@id":"https:\/\/www.allinclusivehotels.it\/fr#organization"},"potentialAction":[{"@type":"SearchAction","target":{"@type":"EntryPoint","urlTemplate":"https:\/\/www.allinclusivehotels.it\/fr?s={search_term_string}"},"query-input":{"@type":"PropertyValueSpecification","valueRequired":true,"valueName":"search_term_string"}}],"inLanguage":"fr-FR"},{"@type":"Organization","@id":"https:\/\/www.allinclusivehotels.it\/fr#organization","name":"All Inclusive Hotels","url":"https:\/\/www.allinclusivehotels.it\/fr","logo":{"@type":"ImageObject","inLanguage":"fr-FR","@id":"https:\/\/www.allinclusivehotels.it\/fr#\/schema\/logo\/image\/","url":"","contentUrl":"","caption":"All Inclusive Hotels"},"image":{"@id":"https:\/\/www.allinclusivehotels.it\/fr#\/schema\/logo\/image\/"}}]}},"_links":{"self":[{"href":"https:\/\/www.allinclusivehotels.it\/fr\/wp-json\/wp\/v2\/pages\/10546","targetHints":{"allow":["GET"]}}],"collection":[{"href":"https:\/\/www.allinclusivehotels.it\/fr\/wp-json\/wp\/v2\/pages"}],"about":[{"href":"https:\/\/www.allinclusivehotels.it\/fr\/wp-json\/wp\/v2\/types\/page"}],"author":[{"embeddable":true,"href":"https:\/\/www.allinclusivehotels.it\/fr\/wp-json\/wp\/v2\/users\/1"}],"replies":[{"embeddable":true,"href":"https:\/\/www.allinclusivehotels.it\/fr\/wp-json\/wp\/v2\/comments?post=10546"}],"version-history":[{"count":6,"href":"https:\/\/www.allinclusivehotels.it\/fr\/wp-json\/wp\/v2\/pages\/10546\/revisions"}],"predecessor-version":[{"id":18354,"href":"https:\/\/www.allinclusivehotels.it\/fr\/wp-json\/wp\/v2\/pages\/10546\/revisions\/18354"}],"up":[{"embeddable":true,"href":"https:\/\/www.allinclusivehotels.it\/fr\/wp-json\/wp\/v2\/pages\/8167"}],"wp:attachment":[{"href":"https:\/\/www.allinclusivehotels.it\/fr\/wp-json\/wp\/v2\/media?parent=10546"}],"curies":[{"name":"wp","href":"https:\/\/api.w.org\/{rel}","templated":true}]}}