{"id":10530,"date":"2022-02-16T14:41:36","date_gmt":"2022-02-16T13:41:36","guid":{"rendered":"https:\/\/www.allinclusivehotels.it\/hotels-2\/rio-stava-family-resort-spa"},"modified":"2022-09-05T15:43:59","modified_gmt":"2022-09-05T13:43:59","slug":"rio-stava-family-resort-spa","status":"publish","type":"page","link":"https:\/\/www.allinclusivehotels.it\/fr\/hotels\/rio-stava-family-resort-spa","title":{"rendered":"Rio Stava Family Resort &#038; Spa"},"content":{"rendered":"\n<p>Le Rio Stava Family Resort &amp; Spa de Tesero est le lieu id\u00e9al o\u00f9 passer des vacances en famille sous le signe du bien-\u00eatre et des loisirs. L&#8217;\u00e9tablissement dispose d&#8217;un spa de 1500 m\u00e8tres carr\u00e9s dans lequel vous trouverez un bain turc et diff\u00e9rents types de sauna, une grotte et des espaces d\u00e9tente. Vous y trouverez aussi deux piscines (une pour les enfants et une seconde pour les adultes) avec jacuzzi<b> en ext\u00e9rieur<\/b>. Les enfants et adolescents pourront eux aussi profiter des soins et des massages.<\/p>\n\n\n\n<p>L&#8217;h\u00f4tel est situ\u00e9 en plein c\u0153ur d&#8217;un <b>jardin de<\/b> <b>10 000 m\u00e8tres carr\u00e9s <\/b>dans lequel se trouvent plusieurs aires de jeux et <b>un petit lac o\u00f9 vous pourrez vous baigner.<\/b> Notre \u00e9quipe d\u2019animateurs organise des <b>activit\u00e9s ludiques pour enfants \u00e0 partir de 2 ans<\/b> \u00e0 l&#8217;ext\u00e9rieur comme \u00e0 l\u2019int\u00e9rieur. Le Mini Club est ouvert <strong>tous les jours<\/strong> (<b>8 heures par jour<\/b>), vos enfants pourront jouer et participer \u00e0 des ateliers et \u00e0 des spectacles en soir\u00e9e. Les b\u00e9b\u00e9s jusqu&#8217;\u00e0 2 ans pourront jouer dans une salle color\u00e9e tandis que les adolescents pourront profiter des salles multim\u00e9dias. \u00c9t\u00e9 comme hiver vous pourrez participer \u00e0 des <b>excursions et promenades en raquettes en famille<\/b>.<\/p>\n\n\n\n<!--more-->\n\n\n\n<p>Notre h\u00f4tel propose une formule unique (<b>pension \u00be gourmet soft All Inclusive<\/b><strong>)<\/strong>, les boissons sans alcool sont incluses sans limites. Pour bien commencer la journ\u00e9e, vous pourrez d\u00e9guster un copieux petit-d\u00e9jeuner compos\u00e9 de pains, brioches, tartes, g\u00e2teaux, focaccias, confitures, charcuteries et fromages locaux, sans oublier les yaourts, \u0153ufs, fruits frais et produits bios. <b>Vous pourrez aussi vous r\u00e9galer tous les jours \u00e0 l&#8217;heure du go\u00fbter (de 15h \u00e0 17h30) <\/b>en d\u00e9gustant des petits-fours et des p\u00e2tisseries maison. Au d\u00eener vous aurez le choix entre <b>4 menus de sp\u00e9cialit\u00e9s locales<\/b> et pourrez vous servir sur un buffet sp\u00e9cial d\u2019entr\u00e9es, de l\u00e9gumes, de salades, fromages et fruits. Vous appr\u00e9cierez aussi notre s\u00e9lection de vins.<\/p>\n\n\n\n<p>Les <b>enfants peuvent commander de d\u00e9licieux menus enfants et d\u00eener en compagnie des animateurs<\/b>. Notre personnel se fera aussi un plaisir de pr\u00e9parer des bouillies, des soupes et moulin\u00e9s de l\u00e9gumes.<\/p>\n","protected":false},"excerpt":{"rendered":"<p>Le Rio Stava Family Resort &amp; Spa de Tesero est le lieu id\u00e9al o\u00f9 passer &hellip;<\/p>\n","protected":false},"author":1,"featured_media":0,"parent":8241,"menu_order":0,"comment_status":"closed","ping_status":"closed","template":"page-templates\/scheda_hotel.php","meta":{"_acf_changed":false,"footnotes":""},"class_list":["post-10530","page","type-page","status-publish","hentry"],"acf":[],"yoast_head":"<!-- This site is optimized with the Yoast SEO plugin v27.0 - https:\/\/yoast.com\/product\/yoast-seo-wordpress\/ -->\n<title>Offres All Inclusive de l&#039;H\u00f4tel Rio Stava Family Resort Spa \u00e0 Tesero<\/title>\n<meta name=\"description\" content=\"Vacances tout compris en Italie? D\u00e9couvrez les forfaits All Inclusive de l&#039;H\u00f4tel Rio Stava Family Resort Spa \u00e0 Tesero Dolomites\" \/>\n<meta name=\"robots\" content=\"index, follow, max-snippet:-1, max-image-preview:large, max-video-preview:-1\" \/>\n<link rel=\"canonical\" href=\"https:\/\/www.allinclusivehotels.it\/fr\/hotels\/rio-stava-family-resort-spa\" \/>\n<meta property=\"og:locale\" content=\"fr_FR\" \/>\n<meta property=\"og:type\" content=\"article\" \/>\n<meta property=\"og:title\" content=\"Offres All Inclusive de l&#039;H\u00f4tel Rio Stava Family Resort Spa \u00e0 Tesero\" \/>\n<meta property=\"og:description\" content=\"Vacances tout compris en Italie? D\u00e9couvrez les forfaits All Inclusive de l&#039;H\u00f4tel Rio Stava Family Resort Spa \u00e0 Tesero Dolomites\" \/>\n<meta property=\"og:url\" content=\"https:\/\/www.allinclusivehotels.it\/fr\/hotels\/rio-stava-family-resort-spa\" \/>\n<meta property=\"og:site_name\" content=\"All Inclusive Hotels\" \/>\n<meta property=\"article:modified_time\" content=\"2022-09-05T13:43:59+00:00\" \/>\n<meta name=\"twitter:card\" content=\"summary_large_image\" \/>\n<meta name=\"twitter:label1\" content=\"Dur\u00e9e de lecture estim\u00e9e\" \/>\n\t<meta name=\"twitter:data1\" content=\"2 minutes\" \/>\n<script type=\"application\/ld+json\" class=\"yoast-schema-graph\">{\"@context\":\"https:\/\/schema.org\",\"@graph\":[{\"@type\":\"WebPage\",\"@id\":\"https:\/\/www.allinclusivehotels.it\/fr\/hotels\/rio-stava-family-resort-spa\",\"url\":\"https:\/\/www.allinclusivehotels.it\/fr\/hotels\/rio-stava-family-resort-spa\",\"name\":\"Offres All Inclusive de l'H\u00f4tel Rio Stava Family Resort Spa \u00e0 Tesero\",\"isPartOf\":{\"@id\":\"https:\/\/www.allinclusivehotels.it\/fr#website\"},\"datePublished\":\"2022-02-16T13:41:36+00:00\",\"dateModified\":\"2022-09-05T13:43:59+00:00\",\"description\":\"Vacances tout compris en Italie? D\u00e9couvrez les forfaits All Inclusive de l'H\u00f4tel Rio Stava Family Resort Spa \u00e0 Tesero Dolomites\",\"breadcrumb\":{\"@id\":\"https:\/\/www.allinclusivehotels.it\/fr\/hotels\/rio-stava-family-resort-spa#breadcrumb\"},\"inLanguage\":\"fr-FR\",\"potentialAction\":[{\"@type\":\"ReadAction\",\"target\":[\"https:\/\/www.allinclusivehotels.it\/fr\/hotels\/rio-stava-family-resort-spa\"]}]},{\"@type\":\"BreadcrumbList\",\"@id\":\"https:\/\/www.allinclusivehotels.it\/fr\/hotels\/rio-stava-family-resort-spa#breadcrumb\",\"itemListElement\":[{\"@type\":\"ListItem\",\"position\":1,\"name\":\"Home\",\"item\":\"https:\/\/www.allinclusivehotels.it\/fr\"},{\"@type\":\"ListItem\",\"position\":2,\"name\":\"H\u00f4tels\",\"item\":\"https:\/\/www.allinclusivehotels.it\/fr\/hotels\"},{\"@type\":\"ListItem\",\"position\":3,\"name\":\"Rio Stava Family Resort &#038; Spa\"}]},{\"@type\":\"WebSite\",\"@id\":\"https:\/\/www.allinclusivehotels.it\/fr#website\",\"url\":\"https:\/\/www.allinclusivehotels.it\/fr\",\"name\":\"All Inclusive Hotels\",\"description\":\"\",\"publisher\":{\"@id\":\"https:\/\/www.allinclusivehotels.it\/fr#organization\"},\"potentialAction\":[{\"@type\":\"SearchAction\",\"target\":{\"@type\":\"EntryPoint\",\"urlTemplate\":\"https:\/\/www.allinclusivehotels.it\/fr?s={search_term_string}\"},\"query-input\":{\"@type\":\"PropertyValueSpecification\",\"valueRequired\":true,\"valueName\":\"search_term_string\"}}],\"inLanguage\":\"fr-FR\"},{\"@type\":\"Organization\",\"@id\":\"https:\/\/www.allinclusivehotels.it\/fr#organization\",\"name\":\"All Inclusive Hotels\",\"url\":\"https:\/\/www.allinclusivehotels.it\/fr\",\"logo\":{\"@type\":\"ImageObject\",\"inLanguage\":\"fr-FR\",\"@id\":\"https:\/\/www.allinclusivehotels.it\/fr#\/schema\/logo\/image\/\",\"url\":\"\",\"contentUrl\":\"\",\"caption\":\"All Inclusive Hotels\"},\"image\":{\"@id\":\"https:\/\/www.allinclusivehotels.it\/fr#\/schema\/logo\/image\/\"}}]}<\/script>\n<!-- \/ Yoast SEO plugin. -->","yoast_head_json":{"title":"Offres All Inclusive de l'H\u00f4tel Rio Stava Family Resort Spa \u00e0 Tesero","description":"Vacances tout compris en Italie? D\u00e9couvrez les forfaits All Inclusive de l'H\u00f4tel Rio Stava Family Resort Spa \u00e0 Tesero Dolomites","robots":{"index":"index","follow":"follow","max-snippet":"max-snippet:-1","max-image-preview":"max-image-preview:large","max-video-preview":"max-video-preview:-1"},"canonical":"https:\/\/www.allinclusivehotels.it\/fr\/hotels\/rio-stava-family-resort-spa","og_locale":"fr_FR","og_type":"article","og_title":"Offres All Inclusive de l'H\u00f4tel Rio Stava Family Resort Spa \u00e0 Tesero","og_description":"Vacances tout compris en Italie? D\u00e9couvrez les forfaits All Inclusive de l'H\u00f4tel Rio Stava Family Resort Spa \u00e0 Tesero Dolomites","og_url":"https:\/\/www.allinclusivehotels.it\/fr\/hotels\/rio-stava-family-resort-spa","og_site_name":"All Inclusive Hotels","article_modified_time":"2022-09-05T13:43:59+00:00","twitter_card":"summary_large_image","twitter_misc":{"Dur\u00e9e de lecture estim\u00e9e":"2 minutes"},"schema":{"@context":"https:\/\/schema.org","@graph":[{"@type":"WebPage","@id":"https:\/\/www.allinclusivehotels.it\/fr\/hotels\/rio-stava-family-resort-spa","url":"https:\/\/www.allinclusivehotels.it\/fr\/hotels\/rio-stava-family-resort-spa","name":"Offres All Inclusive de l'H\u00f4tel Rio Stava Family Resort Spa \u00e0 Tesero","isPartOf":{"@id":"https:\/\/www.allinclusivehotels.it\/fr#website"},"datePublished":"2022-02-16T13:41:36+00:00","dateModified":"2022-09-05T13:43:59+00:00","description":"Vacances tout compris en Italie? D\u00e9couvrez les forfaits All Inclusive de l'H\u00f4tel Rio Stava Family Resort Spa \u00e0 Tesero Dolomites","breadcrumb":{"@id":"https:\/\/www.allinclusivehotels.it\/fr\/hotels\/rio-stava-family-resort-spa#breadcrumb"},"inLanguage":"fr-FR","potentialAction":[{"@type":"ReadAction","target":["https:\/\/www.allinclusivehotels.it\/fr\/hotels\/rio-stava-family-resort-spa"]}]},{"@type":"BreadcrumbList","@id":"https:\/\/www.allinclusivehotels.it\/fr\/hotels\/rio-stava-family-resort-spa#breadcrumb","itemListElement":[{"@type":"ListItem","position":1,"name":"Home","item":"https:\/\/www.allinclusivehotels.it\/fr"},{"@type":"ListItem","position":2,"name":"H\u00f4tels","item":"https:\/\/www.allinclusivehotels.it\/fr\/hotels"},{"@type":"ListItem","position":3,"name":"Rio Stava Family Resort &#038; Spa"}]},{"@type":"WebSite","@id":"https:\/\/www.allinclusivehotels.it\/fr#website","url":"https:\/\/www.allinclusivehotels.it\/fr","name":"All Inclusive Hotels","description":"","publisher":{"@id":"https:\/\/www.allinclusivehotels.it\/fr#organization"},"potentialAction":[{"@type":"SearchAction","target":{"@type":"EntryPoint","urlTemplate":"https:\/\/www.allinclusivehotels.it\/fr?s={search_term_string}"},"query-input":{"@type":"PropertyValueSpecification","valueRequired":true,"valueName":"search_term_string"}}],"inLanguage":"fr-FR"},{"@type":"Organization","@id":"https:\/\/www.allinclusivehotels.it\/fr#organization","name":"All Inclusive Hotels","url":"https:\/\/www.allinclusivehotels.it\/fr","logo":{"@type":"ImageObject","inLanguage":"fr-FR","@id":"https:\/\/www.allinclusivehotels.it\/fr#\/schema\/logo\/image\/","url":"","contentUrl":"","caption":"All Inclusive Hotels"},"image":{"@id":"https:\/\/www.allinclusivehotels.it\/fr#\/schema\/logo\/image\/"}}]}},"_links":{"self":[{"href":"https:\/\/www.allinclusivehotels.it\/fr\/wp-json\/wp\/v2\/pages\/10530","targetHints":{"allow":["GET"]}}],"collection":[{"href":"https:\/\/www.allinclusivehotels.it\/fr\/wp-json\/wp\/v2\/pages"}],"about":[{"href":"https:\/\/www.allinclusivehotels.it\/fr\/wp-json\/wp\/v2\/types\/page"}],"author":[{"embeddable":true,"href":"https:\/\/www.allinclusivehotels.it\/fr\/wp-json\/wp\/v2\/users\/1"}],"replies":[{"embeddable":true,"href":"https:\/\/www.allinclusivehotels.it\/fr\/wp-json\/wp\/v2\/comments?post=10530"}],"version-history":[{"count":10,"href":"https:\/\/www.allinclusivehotels.it\/fr\/wp-json\/wp\/v2\/pages\/10530\/revisions"}],"predecessor-version":[{"id":22799,"href":"https:\/\/www.allinclusivehotels.it\/fr\/wp-json\/wp\/v2\/pages\/10530\/revisions\/22799"}],"up":[{"embeddable":true,"href":"https:\/\/www.allinclusivehotels.it\/fr\/wp-json\/wp\/v2\/pages\/8241"}],"wp:attachment":[{"href":"https:\/\/www.allinclusivehotels.it\/fr\/wp-json\/wp\/v2\/media?parent=10530"}],"curies":[{"name":"wp","href":"https:\/\/api.w.org\/{rel}","templated":true}]}}