{"id":10528,"date":"2022-02-16T14:41:35","date_gmt":"2022-02-16T13:41:35","guid":{"rendered":"https:\/\/www.allinclusivehotels.it\/destinations\/vigo-di-fassa"},"modified":"2022-04-12T11:01:09","modified_gmt":"2022-04-12T09:01:09","slug":"vigo-di-fassa","status":"publish","type":"page","link":"https:\/\/www.allinclusivehotels.it\/fr\/destinations\/vigo-di-fassa","title":{"rendered":"Vigo di Fassa"},"content":{"rendered":"\n<p><b>Vigo di Fassa<\/b> est un petit et paisible village de culture ladine, b\u00e9n\u00e9ficiant d\u2019une situation exceptionnelle dans le <b>groupe dolomitique du Catinaccio<\/b>. Caract\u00e9ris\u00e9 par ses constructions en pierre et en bois, il fait partie du circuit des &#8220;plus beaux villages d\u2019Italie&#8221;. Les <b>All Inclusive Hotels Vigo di Fassa<\/b> vous attendent pour des vacances en pleine nature, alliant bonne cuisine traditionnelle du Trentin, d\u00e9tente, et excursions pour toute la famille.<\/p>\n\n\n\n<p>Parmi les <b>attractions incontournables \u00e0 Vigo di Fassa, il y a le<\/b> <b>mus\u00e9e Ladin de Fascia<\/b>, o\u00f9 d\u00e9couvrir les traditions de l\u2019ancien peuple ladin, la <b>Pieve de San Giovanni<\/b>, le <b>mus\u00e9e min\u00e9ralogique Monzoni <\/b>avec une riche s\u00e9lection de min\u00e9raux des Dolomites.<\/p>\n\n\n\n<!--more-->\n\n\n\n<p>Pendant l\u2019\u00e9t\u00e9, <b>Vigo di Fassa<\/b> est le point de d\u00e9part id\u00e9al pour faire des <b>excursions \u00e0 pieds ou en t\u00e9l\u00e9ph\u00e9rique<\/b>. Vous pourrez rejoindre la route panoramique du <b>Ciamped\u00ece<\/b> et emprunter un des nombreux sentiers qui vous m\u00e8neront \u00e0 la d\u00e9couverte des Dolomites. \u00c0 ne pas rater&nbsp;: le festival <b>Entorn Vich<\/b> avec concerts, d\u00e9gustations, groupe de musique et reconstitution des anciens m\u00e9tiers ladins.<\/p>\n\n\n\n<p>Pendant l\u2019<b>hiver, Vigo di Fassa <\/b>est la destination pr\u00e9f\u00e9r\u00e9e des amateurs d\u2019activit\u00e9s en plein air. C\u2019est pr\u00e9cis\u00e9ment du centre que part le t\u00e9l\u00e9ph\u00e9rique pour la <b>Ski Area Catinaccio<\/b>, avec ses 13 kilom\u00e8tres de pistes, un grand <b>Baby Park avec \u00e9cole de ski et le Mini Club<\/b> <b>Tananai<\/b>. Les passionn\u00e9s de comp\u00e9titions de ski pourront se tester sur la <b>piste Thonei <\/b>o\u00f9 s\u2019entra\u00eenait Alberto Tomba.<\/p>\n","protected":false},"excerpt":{"rendered":"<p>Vigo di Fassa est un petit et paisible village de culture ladine, b\u00e9n\u00e9ficiant d\u2019une situation &hellip;<\/p>\n","protected":false},"author":1,"featured_media":0,"parent":8167,"menu_order":0,"comment_status":"closed","ping_status":"closed","template":"page-templates\/destinazione.php","meta":{"_acf_changed":false,"footnotes":""},"class_list":["post-10528","page","type-page","status-publish","hentry"],"acf":[],"yoast_head":"<!-- This site is optimized with the Yoast SEO plugin v27.0 - https:\/\/yoast.com\/product\/yoast-seo-wordpress\/ -->\n<title>H\u00f4tels All Inclusive \u00e0 Vigo di Fassa | Forfaits Vacances dans les Dolomites<\/title>\n<meta name=\"description\" content=\"Vous cherchez des H\u00f4tels All Inclusive \u00e0 Vigo di Fassa dans les Dolomites en Italie? Voici la plus grande s\u00e9lection des meilleurs h\u00f4tels\" \/>\n<meta name=\"robots\" content=\"index, follow, max-snippet:-1, max-image-preview:large, max-video-preview:-1\" \/>\n<link rel=\"canonical\" href=\"https:\/\/www.allinclusivehotels.it\/fr\/destinations\/vigo-di-fassa\" \/>\n<meta property=\"og:locale\" content=\"fr_FR\" \/>\n<meta property=\"og:type\" content=\"article\" \/>\n<meta property=\"og:title\" content=\"H\u00f4tels All Inclusive \u00e0 Vigo di Fassa | Forfaits Vacances dans les Dolomites\" \/>\n<meta property=\"og:description\" content=\"Vous cherchez des H\u00f4tels All Inclusive \u00e0 Vigo di Fassa dans les Dolomites en Italie? Voici la plus grande s\u00e9lection des meilleurs h\u00f4tels\" \/>\n<meta property=\"og:url\" content=\"https:\/\/www.allinclusivehotels.it\/fr\/destinations\/vigo-di-fassa\" \/>\n<meta property=\"og:site_name\" content=\"All Inclusive Hotels\" \/>\n<meta property=\"article:modified_time\" content=\"2022-04-12T09:01:09+00:00\" \/>\n<meta name=\"twitter:card\" content=\"summary_large_image\" \/>\n<meta name=\"twitter:label1\" content=\"Dur\u00e9e de lecture estim\u00e9e\" \/>\n\t<meta name=\"twitter:data1\" content=\"2 minutes\" \/>\n<script type=\"application\/ld+json\" class=\"yoast-schema-graph\">{\"@context\":\"https:\/\/schema.org\",\"@graph\":[{\"@type\":\"WebPage\",\"@id\":\"https:\/\/www.allinclusivehotels.it\/fr\/destinations\/vigo-di-fassa\",\"url\":\"https:\/\/www.allinclusivehotels.it\/fr\/destinations\/vigo-di-fassa\",\"name\":\"H\u00f4tels All Inclusive \u00e0 Vigo di Fassa | Forfaits Vacances dans les Dolomites\",\"isPartOf\":{\"@id\":\"https:\/\/www.allinclusivehotels.it\/fr#website\"},\"datePublished\":\"2022-02-16T13:41:35+00:00\",\"dateModified\":\"2022-04-12T09:01:09+00:00\",\"description\":\"Vous cherchez des H\u00f4tels All Inclusive \u00e0 Vigo di Fassa dans les Dolomites en Italie? Voici la plus grande s\u00e9lection des meilleurs h\u00f4tels\",\"breadcrumb\":{\"@id\":\"https:\/\/www.allinclusivehotels.it\/fr\/destinations\/vigo-di-fassa#breadcrumb\"},\"inLanguage\":\"fr-FR\",\"potentialAction\":[{\"@type\":\"ReadAction\",\"target\":[\"https:\/\/www.allinclusivehotels.it\/fr\/destinations\/vigo-di-fassa\"]}]},{\"@type\":\"BreadcrumbList\",\"@id\":\"https:\/\/www.allinclusivehotels.it\/fr\/destinations\/vigo-di-fassa#breadcrumb\",\"itemListElement\":[{\"@type\":\"ListItem\",\"position\":1,\"name\":\"Home\",\"item\":\"https:\/\/www.allinclusivehotels.it\/fr\"},{\"@type\":\"ListItem\",\"position\":2,\"name\":\"Destinations\",\"item\":\"https:\/\/www.allinclusivehotels.it\/fr\/destinations\"},{\"@type\":\"ListItem\",\"position\":3,\"name\":\"Vigo di Fassa\"}]},{\"@type\":\"WebSite\",\"@id\":\"https:\/\/www.allinclusivehotels.it\/fr#website\",\"url\":\"https:\/\/www.allinclusivehotels.it\/fr\",\"name\":\"All Inclusive Hotels\",\"description\":\"\",\"publisher\":{\"@id\":\"https:\/\/www.allinclusivehotels.it\/fr#organization\"},\"potentialAction\":[{\"@type\":\"SearchAction\",\"target\":{\"@type\":\"EntryPoint\",\"urlTemplate\":\"https:\/\/www.allinclusivehotels.it\/fr?s={search_term_string}\"},\"query-input\":{\"@type\":\"PropertyValueSpecification\",\"valueRequired\":true,\"valueName\":\"search_term_string\"}}],\"inLanguage\":\"fr-FR\"},{\"@type\":\"Organization\",\"@id\":\"https:\/\/www.allinclusivehotels.it\/fr#organization\",\"name\":\"All Inclusive Hotels\",\"url\":\"https:\/\/www.allinclusivehotels.it\/fr\",\"logo\":{\"@type\":\"ImageObject\",\"inLanguage\":\"fr-FR\",\"@id\":\"https:\/\/www.allinclusivehotels.it\/fr#\/schema\/logo\/image\/\",\"url\":\"\",\"contentUrl\":\"\",\"caption\":\"All Inclusive Hotels\"},\"image\":{\"@id\":\"https:\/\/www.allinclusivehotels.it\/fr#\/schema\/logo\/image\/\"}}]}<\/script>\n<!-- \/ Yoast SEO plugin. -->","yoast_head_json":{"title":"H\u00f4tels All Inclusive \u00e0 Vigo di Fassa | Forfaits Vacances dans les Dolomites","description":"Vous cherchez des H\u00f4tels All Inclusive \u00e0 Vigo di Fassa dans les Dolomites en Italie? Voici la plus grande s\u00e9lection des meilleurs h\u00f4tels","robots":{"index":"index","follow":"follow","max-snippet":"max-snippet:-1","max-image-preview":"max-image-preview:large","max-video-preview":"max-video-preview:-1"},"canonical":"https:\/\/www.allinclusivehotels.it\/fr\/destinations\/vigo-di-fassa","og_locale":"fr_FR","og_type":"article","og_title":"H\u00f4tels All Inclusive \u00e0 Vigo di Fassa | Forfaits Vacances dans les Dolomites","og_description":"Vous cherchez des H\u00f4tels All Inclusive \u00e0 Vigo di Fassa dans les Dolomites en Italie? Voici la plus grande s\u00e9lection des meilleurs h\u00f4tels","og_url":"https:\/\/www.allinclusivehotels.it\/fr\/destinations\/vigo-di-fassa","og_site_name":"All Inclusive Hotels","article_modified_time":"2022-04-12T09:01:09+00:00","twitter_card":"summary_large_image","twitter_misc":{"Dur\u00e9e de lecture estim\u00e9e":"2 minutes"},"schema":{"@context":"https:\/\/schema.org","@graph":[{"@type":"WebPage","@id":"https:\/\/www.allinclusivehotels.it\/fr\/destinations\/vigo-di-fassa","url":"https:\/\/www.allinclusivehotels.it\/fr\/destinations\/vigo-di-fassa","name":"H\u00f4tels All Inclusive \u00e0 Vigo di Fassa | Forfaits Vacances dans les Dolomites","isPartOf":{"@id":"https:\/\/www.allinclusivehotels.it\/fr#website"},"datePublished":"2022-02-16T13:41:35+00:00","dateModified":"2022-04-12T09:01:09+00:00","description":"Vous cherchez des H\u00f4tels All Inclusive \u00e0 Vigo di Fassa dans les Dolomites en Italie? Voici la plus grande s\u00e9lection des meilleurs h\u00f4tels","breadcrumb":{"@id":"https:\/\/www.allinclusivehotels.it\/fr\/destinations\/vigo-di-fassa#breadcrumb"},"inLanguage":"fr-FR","potentialAction":[{"@type":"ReadAction","target":["https:\/\/www.allinclusivehotels.it\/fr\/destinations\/vigo-di-fassa"]}]},{"@type":"BreadcrumbList","@id":"https:\/\/www.allinclusivehotels.it\/fr\/destinations\/vigo-di-fassa#breadcrumb","itemListElement":[{"@type":"ListItem","position":1,"name":"Home","item":"https:\/\/www.allinclusivehotels.it\/fr"},{"@type":"ListItem","position":2,"name":"Destinations","item":"https:\/\/www.allinclusivehotels.it\/fr\/destinations"},{"@type":"ListItem","position":3,"name":"Vigo di Fassa"}]},{"@type":"WebSite","@id":"https:\/\/www.allinclusivehotels.it\/fr#website","url":"https:\/\/www.allinclusivehotels.it\/fr","name":"All Inclusive Hotels","description":"","publisher":{"@id":"https:\/\/www.allinclusivehotels.it\/fr#organization"},"potentialAction":[{"@type":"SearchAction","target":{"@type":"EntryPoint","urlTemplate":"https:\/\/www.allinclusivehotels.it\/fr?s={search_term_string}"},"query-input":{"@type":"PropertyValueSpecification","valueRequired":true,"valueName":"search_term_string"}}],"inLanguage":"fr-FR"},{"@type":"Organization","@id":"https:\/\/www.allinclusivehotels.it\/fr#organization","name":"All Inclusive Hotels","url":"https:\/\/www.allinclusivehotels.it\/fr","logo":{"@type":"ImageObject","inLanguage":"fr-FR","@id":"https:\/\/www.allinclusivehotels.it\/fr#\/schema\/logo\/image\/","url":"","contentUrl":"","caption":"All Inclusive Hotels"},"image":{"@id":"https:\/\/www.allinclusivehotels.it\/fr#\/schema\/logo\/image\/"}}]}},"_links":{"self":[{"href":"https:\/\/www.allinclusivehotels.it\/fr\/wp-json\/wp\/v2\/pages\/10528","targetHints":{"allow":["GET"]}}],"collection":[{"href":"https:\/\/www.allinclusivehotels.it\/fr\/wp-json\/wp\/v2\/pages"}],"about":[{"href":"https:\/\/www.allinclusivehotels.it\/fr\/wp-json\/wp\/v2\/types\/page"}],"author":[{"embeddable":true,"href":"https:\/\/www.allinclusivehotels.it\/fr\/wp-json\/wp\/v2\/users\/1"}],"replies":[{"embeddable":true,"href":"https:\/\/www.allinclusivehotels.it\/fr\/wp-json\/wp\/v2\/comments?post=10528"}],"version-history":[{"count":6,"href":"https:\/\/www.allinclusivehotels.it\/fr\/wp-json\/wp\/v2\/pages\/10528\/revisions"}],"predecessor-version":[{"id":18358,"href":"https:\/\/www.allinclusivehotels.it\/fr\/wp-json\/wp\/v2\/pages\/10528\/revisions\/18358"}],"up":[{"embeddable":true,"href":"https:\/\/www.allinclusivehotels.it\/fr\/wp-json\/wp\/v2\/pages\/8167"}],"wp:attachment":[{"href":"https:\/\/www.allinclusivehotels.it\/fr\/wp-json\/wp\/v2\/media?parent=10528"}],"curies":[{"name":"wp","href":"https:\/\/api.w.org\/{rel}","templated":true}]}}