{"id":10492,"date":"2022-02-16T14:41:33","date_gmt":"2022-02-16T13:41:33","guid":{"rendered":"https:\/\/www.allinclusivehotels.it\/hotels-2\/hotel-andes"},"modified":"2022-09-04T11:49:22","modified_gmt":"2022-09-04T09:49:22","slug":"hotel-andes","status":"publish","type":"page","link":"https:\/\/www.allinclusivehotels.it\/fr\/hotels\/hotel-andes","title":{"rendered":"Hotel Andes"},"content":{"rendered":"\n<p>Situ\u00e9 \u00e0 <strong>Vigo di Fassa<\/strong>, l&#8217;<b>Hotel Andes<\/b> accueille les familles en qu\u00eate de vacances reposantes dans la nature\u00a0: sa <b>position est id\u00e9ale <\/b>pour rejoindre les remont\u00e9es m\u00e9caniques, faire <b>des excursions et des sorties \u00e0 v\u00e9lo ou une promenade <\/b>avec une poussette. En hiver les enfants pourront aller \u00e0 l\u2019\u00e9cole de ski avec les animateurs tandis que les parents s\u2019amuseront sur les pistes. De retour \u00e0 l&#8217;h\u00f4tel, vous pourrez vous rendre au <b>spa<\/b> en famille (600 m\u00e8tres carr\u00e9s) et profiter d&#8217;une <b>piscine couverte chauff\u00e9e avec petit bassin<\/b>. Les enfants pourront ensuite se r\u00e9galer avec un d\u00e9licieux <b>go\u00fbter<\/b>. Ils adoreront aussi la Nutella Party\u00a0!<\/p>\n\n\n\n<!--more-->\n\n\n\n<p><b>De 9h \u00e0 16h<\/b>, l&#8217;h\u00f4tel fournit un <b>service de garderie <\/b>pour les enfants <b>d&#8217;un an \u00e0 trois ans<\/b>. Les plus grands <strong>(jusqu&#8217;\u00e0 <\/strong><b>12 ans<strong>)<\/strong><\/b> appr\u00e9cieront le programme du <b>Mini Club\u00a0:<\/b> art attack de 16h \u00e0 19h, cours de cuisine, maquillage, r\u00e9p\u00e9titions du mini show, <b>d\u00eener pirates, pizza party <\/b>avec les animateurs\u00a0et <b>baby dance<\/b>. <strong>Des spectacles sont aussi organis\u00e9s le soir<\/strong><b>, <\/b>et chaque journ\u00e9e s&#8217;ach\u00e8vera en douceur avec un rituel gourmand (<strong>biscuit party<\/strong>) et une <b>chasse au tr\u00e9sor<\/b>.<\/p>\n\n\n\n<p>Vivez une exp\u00e9rience \u0153nogastronomique unique : d\u00e9gustez des <b>recettes traditionnelles du Trentin<\/b> pr\u00e9par\u00e9es \u00e0 base de produits de haute qualit\u00e9. Au petit-d\u00e9jeuner, vous aurez le choix entre g\u00e2teaux et pains faits maison, charcuterie et fromages du terroir, fruits, c\u00e9r\u00e9ales, yaourts et confitures. <strong>Au d\u00e9jeuner comme au d\u00eener<\/strong>,<b> vous aurez le choix entre 3 menus pr\u00e9par\u00e9s avec le plus grands soin<\/b>. Pour varier les plaisirs les menus changent chaque jour. Vous pourrez m\u00eame participer \u00e0 de nombreuses soir\u00e9es gastronomiques \u00e0 th\u00e8me pour petits et grands. Notre personnel pr\u00e9parera des <b>menus enfants, bouillies, soupes et moulin\u00e9es de l\u00e9gumes<\/b> pour vos enfants.<\/p>\n","protected":false},"excerpt":{"rendered":"<p>Situ\u00e9 \u00e0 Vigo di Fassa, l&#8217;Hotel Andes accueille les familles en qu\u00eate de vacances reposantes &hellip;<\/p>\n","protected":false},"author":1,"featured_media":0,"parent":8241,"menu_order":0,"comment_status":"closed","ping_status":"closed","template":"page-templates\/scheda_hotel.php","meta":{"_acf_changed":false,"footnotes":""},"class_list":["post-10492","page","type-page","status-publish","hentry"],"acf":[],"yoast_head":"<!-- This site is optimized with the Yoast SEO plugin v27.0 - https:\/\/yoast.com\/product\/yoast-seo-wordpress\/ -->\n<title>Offres All Inclusive de l&#039;H\u00f4tel Andes dans les Dolomites<\/title>\n<meta name=\"description\" content=\"acances tout compris en Italie? D\u00e9couvrez les forfaits All Inclusive de l&#039;H\u00f4tel Andes \u00e0 Vigo di Fassa dans les Dolomites\" \/>\n<meta name=\"robots\" content=\"index, follow, max-snippet:-1, max-image-preview:large, max-video-preview:-1\" \/>\n<link rel=\"canonical\" href=\"https:\/\/www.allinclusivehotels.it\/fr\/hotels\/hotel-andes\" \/>\n<meta property=\"og:locale\" content=\"fr_FR\" \/>\n<meta property=\"og:type\" content=\"article\" \/>\n<meta property=\"og:title\" content=\"Offres All Inclusive de l&#039;H\u00f4tel Andes dans les Dolomites\" \/>\n<meta property=\"og:description\" content=\"acances tout compris en Italie? D\u00e9couvrez les forfaits All Inclusive de l&#039;H\u00f4tel Andes \u00e0 Vigo di Fassa dans les Dolomites\" \/>\n<meta property=\"og:url\" content=\"https:\/\/www.allinclusivehotels.it\/fr\/hotels\/hotel-andes\" \/>\n<meta property=\"og:site_name\" content=\"All Inclusive Hotels\" \/>\n<meta property=\"article:modified_time\" content=\"2022-09-04T09:49:22+00:00\" \/>\n<meta name=\"twitter:card\" content=\"summary_large_image\" \/>\n<meta name=\"twitter:label1\" content=\"Dur\u00e9e de lecture estim\u00e9e\" \/>\n\t<meta name=\"twitter:data1\" content=\"2 minutes\" \/>\n<script type=\"application\/ld+json\" class=\"yoast-schema-graph\">{\"@context\":\"https:\/\/schema.org\",\"@graph\":[{\"@type\":\"WebPage\",\"@id\":\"https:\/\/www.allinclusivehotels.it\/fr\/hotels\/hotel-andes\",\"url\":\"https:\/\/www.allinclusivehotels.it\/fr\/hotels\/hotel-andes\",\"name\":\"Offres All Inclusive de l'H\u00f4tel Andes dans les Dolomites\",\"isPartOf\":{\"@id\":\"https:\/\/www.allinclusivehotels.it\/fr#website\"},\"datePublished\":\"2022-02-16T13:41:33+00:00\",\"dateModified\":\"2022-09-04T09:49:22+00:00\",\"description\":\"acances tout compris en Italie? D\u00e9couvrez les forfaits All Inclusive de l'H\u00f4tel Andes \u00e0 Vigo di Fassa dans les Dolomites\",\"breadcrumb\":{\"@id\":\"https:\/\/www.allinclusivehotels.it\/fr\/hotels\/hotel-andes#breadcrumb\"},\"inLanguage\":\"fr-FR\",\"potentialAction\":[{\"@type\":\"ReadAction\",\"target\":[\"https:\/\/www.allinclusivehotels.it\/fr\/hotels\/hotel-andes\"]}]},{\"@type\":\"BreadcrumbList\",\"@id\":\"https:\/\/www.allinclusivehotels.it\/fr\/hotels\/hotel-andes#breadcrumb\",\"itemListElement\":[{\"@type\":\"ListItem\",\"position\":1,\"name\":\"Home\",\"item\":\"https:\/\/www.allinclusivehotels.it\/fr\"},{\"@type\":\"ListItem\",\"position\":2,\"name\":\"H\u00f4tels\",\"item\":\"https:\/\/www.allinclusivehotels.it\/fr\/hotels\"},{\"@type\":\"ListItem\",\"position\":3,\"name\":\"Hotel Andes\"}]},{\"@type\":\"WebSite\",\"@id\":\"https:\/\/www.allinclusivehotels.it\/fr#website\",\"url\":\"https:\/\/www.allinclusivehotels.it\/fr\",\"name\":\"All Inclusive Hotels\",\"description\":\"\",\"publisher\":{\"@id\":\"https:\/\/www.allinclusivehotels.it\/fr#organization\"},\"potentialAction\":[{\"@type\":\"SearchAction\",\"target\":{\"@type\":\"EntryPoint\",\"urlTemplate\":\"https:\/\/www.allinclusivehotels.it\/fr?s={search_term_string}\"},\"query-input\":{\"@type\":\"PropertyValueSpecification\",\"valueRequired\":true,\"valueName\":\"search_term_string\"}}],\"inLanguage\":\"fr-FR\"},{\"@type\":\"Organization\",\"@id\":\"https:\/\/www.allinclusivehotels.it\/fr#organization\",\"name\":\"All Inclusive Hotels\",\"url\":\"https:\/\/www.allinclusivehotels.it\/fr\",\"logo\":{\"@type\":\"ImageObject\",\"inLanguage\":\"fr-FR\",\"@id\":\"https:\/\/www.allinclusivehotels.it\/fr#\/schema\/logo\/image\/\",\"url\":\"\",\"contentUrl\":\"\",\"caption\":\"All Inclusive Hotels\"},\"image\":{\"@id\":\"https:\/\/www.allinclusivehotels.it\/fr#\/schema\/logo\/image\/\"}}]}<\/script>\n<!-- \/ Yoast SEO plugin. -->","yoast_head_json":{"title":"Offres All Inclusive de l'H\u00f4tel Andes dans les Dolomites","description":"acances tout compris en Italie? D\u00e9couvrez les forfaits All Inclusive de l'H\u00f4tel Andes \u00e0 Vigo di Fassa dans les Dolomites","robots":{"index":"index","follow":"follow","max-snippet":"max-snippet:-1","max-image-preview":"max-image-preview:large","max-video-preview":"max-video-preview:-1"},"canonical":"https:\/\/www.allinclusivehotels.it\/fr\/hotels\/hotel-andes","og_locale":"fr_FR","og_type":"article","og_title":"Offres All Inclusive de l'H\u00f4tel Andes dans les Dolomites","og_description":"acances tout compris en Italie? D\u00e9couvrez les forfaits All Inclusive de l'H\u00f4tel Andes \u00e0 Vigo di Fassa dans les Dolomites","og_url":"https:\/\/www.allinclusivehotels.it\/fr\/hotels\/hotel-andes","og_site_name":"All Inclusive Hotels","article_modified_time":"2022-09-04T09:49:22+00:00","twitter_card":"summary_large_image","twitter_misc":{"Dur\u00e9e de lecture estim\u00e9e":"2 minutes"},"schema":{"@context":"https:\/\/schema.org","@graph":[{"@type":"WebPage","@id":"https:\/\/www.allinclusivehotels.it\/fr\/hotels\/hotel-andes","url":"https:\/\/www.allinclusivehotels.it\/fr\/hotels\/hotel-andes","name":"Offres All Inclusive de l'H\u00f4tel Andes dans les Dolomites","isPartOf":{"@id":"https:\/\/www.allinclusivehotels.it\/fr#website"},"datePublished":"2022-02-16T13:41:33+00:00","dateModified":"2022-09-04T09:49:22+00:00","description":"acances tout compris en Italie? D\u00e9couvrez les forfaits All Inclusive de l'H\u00f4tel Andes \u00e0 Vigo di Fassa dans les Dolomites","breadcrumb":{"@id":"https:\/\/www.allinclusivehotels.it\/fr\/hotels\/hotel-andes#breadcrumb"},"inLanguage":"fr-FR","potentialAction":[{"@type":"ReadAction","target":["https:\/\/www.allinclusivehotels.it\/fr\/hotels\/hotel-andes"]}]},{"@type":"BreadcrumbList","@id":"https:\/\/www.allinclusivehotels.it\/fr\/hotels\/hotel-andes#breadcrumb","itemListElement":[{"@type":"ListItem","position":1,"name":"Home","item":"https:\/\/www.allinclusivehotels.it\/fr"},{"@type":"ListItem","position":2,"name":"H\u00f4tels","item":"https:\/\/www.allinclusivehotels.it\/fr\/hotels"},{"@type":"ListItem","position":3,"name":"Hotel Andes"}]},{"@type":"WebSite","@id":"https:\/\/www.allinclusivehotels.it\/fr#website","url":"https:\/\/www.allinclusivehotels.it\/fr","name":"All Inclusive Hotels","description":"","publisher":{"@id":"https:\/\/www.allinclusivehotels.it\/fr#organization"},"potentialAction":[{"@type":"SearchAction","target":{"@type":"EntryPoint","urlTemplate":"https:\/\/www.allinclusivehotels.it\/fr?s={search_term_string}"},"query-input":{"@type":"PropertyValueSpecification","valueRequired":true,"valueName":"search_term_string"}}],"inLanguage":"fr-FR"},{"@type":"Organization","@id":"https:\/\/www.allinclusivehotels.it\/fr#organization","name":"All Inclusive Hotels","url":"https:\/\/www.allinclusivehotels.it\/fr","logo":{"@type":"ImageObject","inLanguage":"fr-FR","@id":"https:\/\/www.allinclusivehotels.it\/fr#\/schema\/logo\/image\/","url":"","contentUrl":"","caption":"All Inclusive Hotels"},"image":{"@id":"https:\/\/www.allinclusivehotels.it\/fr#\/schema\/logo\/image\/"}}]}},"_links":{"self":[{"href":"https:\/\/www.allinclusivehotels.it\/fr\/wp-json\/wp\/v2\/pages\/10492","targetHints":{"allow":["GET"]}}],"collection":[{"href":"https:\/\/www.allinclusivehotels.it\/fr\/wp-json\/wp\/v2\/pages"}],"about":[{"href":"https:\/\/www.allinclusivehotels.it\/fr\/wp-json\/wp\/v2\/types\/page"}],"author":[{"embeddable":true,"href":"https:\/\/www.allinclusivehotels.it\/fr\/wp-json\/wp\/v2\/users\/1"}],"replies":[{"embeddable":true,"href":"https:\/\/www.allinclusivehotels.it\/fr\/wp-json\/wp\/v2\/comments?post=10492"}],"version-history":[{"count":11,"href":"https:\/\/www.allinclusivehotels.it\/fr\/wp-json\/wp\/v2\/pages\/10492\/revisions"}],"predecessor-version":[{"id":22789,"href":"https:\/\/www.allinclusivehotels.it\/fr\/wp-json\/wp\/v2\/pages\/10492\/revisions\/22789"}],"up":[{"embeddable":true,"href":"https:\/\/www.allinclusivehotels.it\/fr\/wp-json\/wp\/v2\/pages\/8241"}],"wp:attachment":[{"href":"https:\/\/www.allinclusivehotels.it\/fr\/wp-json\/wp\/v2\/media?parent=10492"}],"curies":[{"name":"wp","href":"https:\/\/api.w.org\/{rel}","templated":true}]}}