{"id":10470,"date":"2022-02-16T14:41:32","date_gmt":"2022-02-16T13:41:32","guid":{"rendered":"https:\/\/www.allinclusivehotels.it\/hotels-2\/hotel-savoy"},"modified":"2023-12-04T11:47:00","modified_gmt":"2023-12-04T10:47:00","slug":"hotel-savoy","status":"publish","type":"page","link":"https:\/\/www.allinclusivehotels.it\/fr\/hotels\/hotel-savoy","title":{"rendered":"MyTime Hotels Savoy"},"content":{"rendered":"\n<p><strong>MyTime Hotels Savoy<\/strong> se situe dans le <b>Val di Fassa<\/b>, en plein c\u0153ur de paysages sc\u00e9niques typiques des <b>Dolomites<\/b>. L&#8217;\u00e9tablissement fait partie du groupe <b>MyTime Hotel<\/b>, un groupe qui optimise les vacances en familles, en organisant des <b>activit\u00e9s par tranches d\u2019\u00e2ge 6 jours sur 7 de 9h \u00e0 16h : les adultes, les enfants de 3 \u00e0 9 ans et les adolescents jusqu\u2019\u00e0 15 ans<\/b> pourront profiter des parcours \u00e0 v\u00e9los, des excursions pour aller \u00e0 la rencontre des chamois, de sessions d&#8217;escalade, de rafting en famille et de promenades dans la neige avec et sans raquettes. L&#8217;hiver, les enfants pourront apprendre \u00e0 skier avec des moniteurs.<\/p>\n\n\n\n<p>\u00c0 peine rentr\u00e9s d\u2019une matin\u00e9e d\u2019activit\u00e9s en plein air, les enfants et les adolescents pourront s&#8217;amuser aux <b>Mini Club et au Teen Club<\/b> <b>de 16h \u00e0 22h&nbsp;<\/b>! Pendant que les plus petits participent \u00e0 des jeux et \u00e0 des ateliers, les parents pourront se d\u00e9tendre au <b>spa<\/b> ou se baigner dans la<b> piscine chauff\u00e9e avec vue sur la montagne<\/b>.<\/p>\n\n\n\n<!--more-->\n\n\n\n<p>L&#8217;h\u00f4tel propose des formules en demi-pension. Vous pourrez emporter quelques mignardises du buffet du petit-d\u00e9jeuner&nbsp;pour prendre un encas sur les pistes. Un <b>copieux go\u00fbter (sucr\u00e9 et sal\u00e9) vous attendra au retour&nbsp;<\/b>!<\/p>\n\n\n\n<p><b>Profitez d&#8217;une exp\u00e9rience \u0153nogastronomique<\/b> unique et d\u00e9couvrez la cuisine du Trentin en savourant des plats pr\u00e9par\u00e9s avec des ingr\u00e9dients locaux. Commencez la journ\u00e9e en beaut\u00e9 avec un petit-d\u00e9jeuner dans la salle panoramique et terminez-la avec l&#8217;un de nos d\u00eeners traditionnels pendant que vos <b>enfants se font de nouveaux amis et se r\u00e9galent sous le regard bienveillant des animateurs<\/b>. Une attention particuli\u00e8re est apport\u00e9e aux enfants tout au long du s\u00e9jour : <b>menus<\/b> <strong>enfants<\/strong> gourmands, <b>deux soir\u00e9es VIB<\/b> (Very Important B\u00e9b\u00e9s), spectacles en soir\u00e9e et Baby Dance.<\/p>\n","protected":false},"excerpt":{"rendered":"<p>MyTime Hotels Savoy se situe dans le Val di Fassa, en plein c\u0153ur de paysages &hellip;<\/p>\n","protected":false},"author":1,"featured_media":0,"parent":8241,"menu_order":0,"comment_status":"closed","ping_status":"closed","template":"page-templates\/scheda_hotel.php","meta":{"_acf_changed":false,"footnotes":""},"class_list":["post-10470","page","type-page","status-publish","hentry"],"acf":[],"yoast_head":"<!-- This site is optimized with the Yoast SEO plugin v27.0 - https:\/\/yoast.com\/product\/yoast-seo-wordpress\/ -->\n<title>Offres All Inclusive de MyTime Hotels Savoy en Val di Fassa Dolomites<\/title>\n<meta name=\"description\" content=\"Vacances tout compris en Italie? D\u00e9couvrez les forfaits All Inclusive de MyTime Hotels Savoy en Val di Fassa dans les Dolomites\" \/>\n<meta name=\"robots\" content=\"index, follow, max-snippet:-1, max-image-preview:large, max-video-preview:-1\" \/>\n<link rel=\"canonical\" href=\"https:\/\/www.allinclusivehotels.it\/fr\/hotels\/hotel-savoy\" \/>\n<meta property=\"og:locale\" content=\"fr_FR\" \/>\n<meta property=\"og:type\" content=\"article\" \/>\n<meta property=\"og:title\" content=\"Offres All Inclusive de MyTime Hotels Savoy en Val di Fassa Dolomites\" \/>\n<meta property=\"og:description\" content=\"Vacances tout compris en Italie? D\u00e9couvrez les forfaits All Inclusive de MyTime Hotels Savoy en Val di Fassa dans les Dolomites\" \/>\n<meta property=\"og:url\" content=\"https:\/\/www.allinclusivehotels.it\/fr\/hotels\/hotel-savoy\" \/>\n<meta property=\"og:site_name\" content=\"All Inclusive Hotels\" \/>\n<meta property=\"article:modified_time\" content=\"2023-12-04T10:47:00+00:00\" \/>\n<meta name=\"twitter:card\" content=\"summary_large_image\" \/>\n<meta name=\"twitter:label1\" content=\"Dur\u00e9e de lecture estim\u00e9e\" \/>\n\t<meta name=\"twitter:data1\" content=\"2 minutes\" \/>\n<script type=\"application\/ld+json\" class=\"yoast-schema-graph\">{\"@context\":\"https:\/\/schema.org\",\"@graph\":[{\"@type\":\"WebPage\",\"@id\":\"https:\/\/www.allinclusivehotels.it\/fr\/hotels\/hotel-savoy\",\"url\":\"https:\/\/www.allinclusivehotels.it\/fr\/hotels\/hotel-savoy\",\"name\":\"Offres All Inclusive de MyTime Hotels Savoy en Val di Fassa Dolomites\",\"isPartOf\":{\"@id\":\"https:\/\/www.allinclusivehotels.it\/fr#website\"},\"datePublished\":\"2022-02-16T13:41:32+00:00\",\"dateModified\":\"2023-12-04T10:47:00+00:00\",\"description\":\"Vacances tout compris en Italie? D\u00e9couvrez les forfaits All Inclusive de MyTime Hotels Savoy en Val di Fassa dans les Dolomites\",\"breadcrumb\":{\"@id\":\"https:\/\/www.allinclusivehotels.it\/fr\/hotels\/hotel-savoy#breadcrumb\"},\"inLanguage\":\"fr-FR\",\"potentialAction\":[{\"@type\":\"ReadAction\",\"target\":[\"https:\/\/www.allinclusivehotels.it\/fr\/hotels\/hotel-savoy\"]}]},{\"@type\":\"BreadcrumbList\",\"@id\":\"https:\/\/www.allinclusivehotels.it\/fr\/hotels\/hotel-savoy#breadcrumb\",\"itemListElement\":[{\"@type\":\"ListItem\",\"position\":1,\"name\":\"Home\",\"item\":\"https:\/\/www.allinclusivehotels.it\/fr\"},{\"@type\":\"ListItem\",\"position\":2,\"name\":\"H\u00f4tels\",\"item\":\"https:\/\/www.allinclusivehotels.it\/fr\/hotels\"},{\"@type\":\"ListItem\",\"position\":3,\"name\":\"MyTime Hotels Savoy\"}]},{\"@type\":\"WebSite\",\"@id\":\"https:\/\/www.allinclusivehotels.it\/fr#website\",\"url\":\"https:\/\/www.allinclusivehotels.it\/fr\",\"name\":\"All Inclusive Hotels\",\"description\":\"\",\"publisher\":{\"@id\":\"https:\/\/www.allinclusivehotels.it\/fr#organization\"},\"potentialAction\":[{\"@type\":\"SearchAction\",\"target\":{\"@type\":\"EntryPoint\",\"urlTemplate\":\"https:\/\/www.allinclusivehotels.it\/fr?s={search_term_string}\"},\"query-input\":{\"@type\":\"PropertyValueSpecification\",\"valueRequired\":true,\"valueName\":\"search_term_string\"}}],\"inLanguage\":\"fr-FR\"},{\"@type\":\"Organization\",\"@id\":\"https:\/\/www.allinclusivehotels.it\/fr#organization\",\"name\":\"All Inclusive Hotels\",\"url\":\"https:\/\/www.allinclusivehotels.it\/fr\",\"logo\":{\"@type\":\"ImageObject\",\"inLanguage\":\"fr-FR\",\"@id\":\"https:\/\/www.allinclusivehotels.it\/fr#\/schema\/logo\/image\/\",\"url\":\"\",\"contentUrl\":\"\",\"caption\":\"All Inclusive Hotels\"},\"image\":{\"@id\":\"https:\/\/www.allinclusivehotels.it\/fr#\/schema\/logo\/image\/\"}}]}<\/script>\n<!-- \/ Yoast SEO plugin. -->","yoast_head_json":{"title":"Offres All Inclusive de MyTime Hotels Savoy en Val di Fassa Dolomites","description":"Vacances tout compris en Italie? D\u00e9couvrez les forfaits All Inclusive de MyTime Hotels Savoy en Val di Fassa dans les Dolomites","robots":{"index":"index","follow":"follow","max-snippet":"max-snippet:-1","max-image-preview":"max-image-preview:large","max-video-preview":"max-video-preview:-1"},"canonical":"https:\/\/www.allinclusivehotels.it\/fr\/hotels\/hotel-savoy","og_locale":"fr_FR","og_type":"article","og_title":"Offres All Inclusive de MyTime Hotels Savoy en Val di Fassa Dolomites","og_description":"Vacances tout compris en Italie? D\u00e9couvrez les forfaits All Inclusive de MyTime Hotels Savoy en Val di Fassa dans les Dolomites","og_url":"https:\/\/www.allinclusivehotels.it\/fr\/hotels\/hotel-savoy","og_site_name":"All Inclusive Hotels","article_modified_time":"2023-12-04T10:47:00+00:00","twitter_card":"summary_large_image","twitter_misc":{"Dur\u00e9e de lecture estim\u00e9e":"2 minutes"},"schema":{"@context":"https:\/\/schema.org","@graph":[{"@type":"WebPage","@id":"https:\/\/www.allinclusivehotels.it\/fr\/hotels\/hotel-savoy","url":"https:\/\/www.allinclusivehotels.it\/fr\/hotels\/hotel-savoy","name":"Offres All Inclusive de MyTime Hotels Savoy en Val di Fassa Dolomites","isPartOf":{"@id":"https:\/\/www.allinclusivehotels.it\/fr#website"},"datePublished":"2022-02-16T13:41:32+00:00","dateModified":"2023-12-04T10:47:00+00:00","description":"Vacances tout compris en Italie? D\u00e9couvrez les forfaits All Inclusive de MyTime Hotels Savoy en Val di Fassa dans les Dolomites","breadcrumb":{"@id":"https:\/\/www.allinclusivehotels.it\/fr\/hotels\/hotel-savoy#breadcrumb"},"inLanguage":"fr-FR","potentialAction":[{"@type":"ReadAction","target":["https:\/\/www.allinclusivehotels.it\/fr\/hotels\/hotel-savoy"]}]},{"@type":"BreadcrumbList","@id":"https:\/\/www.allinclusivehotels.it\/fr\/hotels\/hotel-savoy#breadcrumb","itemListElement":[{"@type":"ListItem","position":1,"name":"Home","item":"https:\/\/www.allinclusivehotels.it\/fr"},{"@type":"ListItem","position":2,"name":"H\u00f4tels","item":"https:\/\/www.allinclusivehotels.it\/fr\/hotels"},{"@type":"ListItem","position":3,"name":"MyTime Hotels Savoy"}]},{"@type":"WebSite","@id":"https:\/\/www.allinclusivehotels.it\/fr#website","url":"https:\/\/www.allinclusivehotels.it\/fr","name":"All Inclusive Hotels","description":"","publisher":{"@id":"https:\/\/www.allinclusivehotels.it\/fr#organization"},"potentialAction":[{"@type":"SearchAction","target":{"@type":"EntryPoint","urlTemplate":"https:\/\/www.allinclusivehotels.it\/fr?s={search_term_string}"},"query-input":{"@type":"PropertyValueSpecification","valueRequired":true,"valueName":"search_term_string"}}],"inLanguage":"fr-FR"},{"@type":"Organization","@id":"https:\/\/www.allinclusivehotels.it\/fr#organization","name":"All Inclusive Hotels","url":"https:\/\/www.allinclusivehotels.it\/fr","logo":{"@type":"ImageObject","inLanguage":"fr-FR","@id":"https:\/\/www.allinclusivehotels.it\/fr#\/schema\/logo\/image\/","url":"","contentUrl":"","caption":"All Inclusive Hotels"},"image":{"@id":"https:\/\/www.allinclusivehotels.it\/fr#\/schema\/logo\/image\/"}}]}},"_links":{"self":[{"href":"https:\/\/www.allinclusivehotels.it\/fr\/wp-json\/wp\/v2\/pages\/10470","targetHints":{"allow":["GET"]}}],"collection":[{"href":"https:\/\/www.allinclusivehotels.it\/fr\/wp-json\/wp\/v2\/pages"}],"about":[{"href":"https:\/\/www.allinclusivehotels.it\/fr\/wp-json\/wp\/v2\/types\/page"}],"author":[{"embeddable":true,"href":"https:\/\/www.allinclusivehotels.it\/fr\/wp-json\/wp\/v2\/users\/1"}],"replies":[{"embeddable":true,"href":"https:\/\/www.allinclusivehotels.it\/fr\/wp-json\/wp\/v2\/comments?post=10470"}],"version-history":[{"count":12,"href":"https:\/\/www.allinclusivehotels.it\/fr\/wp-json\/wp\/v2\/pages\/10470\/revisions"}],"predecessor-version":[{"id":33608,"href":"https:\/\/www.allinclusivehotels.it\/fr\/wp-json\/wp\/v2\/pages\/10470\/revisions\/33608"}],"up":[{"embeddable":true,"href":"https:\/\/www.allinclusivehotels.it\/fr\/wp-json\/wp\/v2\/pages\/8241"}],"wp:attachment":[{"href":"https:\/\/www.allinclusivehotels.it\/fr\/wp-json\/wp\/v2\/media?parent=10470"}],"curies":[{"name":"wp","href":"https:\/\/api.w.org\/{rel}","templated":true}]}}