{"id":10468,"date":"2022-02-16T14:41:31","date_gmt":"2022-02-16T13:41:31","guid":{"rendered":"https:\/\/www.allinclusivehotels.it\/hotels-2\/hotel-la-grotta"},"modified":"2023-12-04T11:04:04","modified_gmt":"2023-12-04T10:04:04","slug":"hotel-la-grotta","status":"publish","type":"page","link":"https:\/\/www.allinclusivehotels.it\/fr\/hotels\/hotel-la-grotta","title":{"rendered":"MyTime Hotels la Grotta"},"content":{"rendered":"\n<p>Situ\u00e9 <strong>dans le Val di Fassa<\/strong> au c\u0153ur d\u2019un paisible<strong> jardin priv\u00e9 de 5 000 m\u00e8tres carr\u00e9s<\/strong> avec quantit\u00e9 de jeux pour enfants et \u00e0 50 m\u00e8tres seulement du centre historique, <strong>MyTime Hotels la Grotta<\/strong> jouit d\u2019une position privil\u00e9gi\u00e9e. Le t\u00e9l\u00e9ph\u00e9rique du Catinaccio et les 40 kilom\u00e8tres de pistes cyclables sont \u00e0 quelques minutes seulement de l&#8217;\u00e9tablissement et en font le point de d\u00e9part id\u00e9al pour vivre des exp\u00e9riences inoubliables en famille. Vous appr\u00e9cierez aussi les nombreuses <b>activit\u00e9s<\/b> <b>organis\u00e9es par le personnel 6 jours sur 7<\/b>. L&#8217;h\u00f4tel propose des s\u00e9jours en<b> demi-pension<\/b>, mais vous pourrez emporter quelques gourmandises du buffet du petit-d\u00e9jeuner avant de partir en excursion et vous r\u00e9galer avec un <b>copieux go\u00fbter l\u2019apr\u00e8s-midi <\/b>\u00e0 votre retour.<\/p>\n\n\n\n<!--more-->\n\n\n\n<p>Pendant l\u2019\u00e9t\u00e9, notre <b>programme<\/b> <b>EasyFun<\/b> vous permet de d\u00e9couvrir la montagne avec notre \u00e9quipe d\u2019animateurs. Vous pourrez faire des excursions en for\u00eat pour aller \u00e0 la rencontre des marmottes, faire des c\u00e2lins aux arbres, construire une cabane comme de vrais explorateurs et d\u00e9couvrir les secrets des peintures rupestres. Ceux qui le souhaitent pourront aussi participer \u00e0 des sorties \u00e0 v\u00e9lo (v\u00e9lo \u00e9lectrique) au bord du lac de Carezza ou visiter une ferme. Les plus sportifs choisiront le <b>programme Adventure<\/b> et feront du rafting et de l\u2019escalade. Ils pourront aussi partir en excursion \u00e0 l&#8217;Acropark, participer aux olympiades de la montagne, randonner et participer \u00e0 un stage de survie en camping.<\/p>\n\n\n\n<p>L\u2019<b>hiver<\/b>, vous pourrez skier, vous promener en cal\u00e8che, monter \u00e0 cheval, vous promener en raquettes et faire du bobsleigh&#8230; que d&#8217;aventures \u00e0 vivre en famille !<\/p>\n\n\n\n<p>Chaque jour<b> notre Mini Club accueille les enfants de 3 \u00e0 10 ans<\/b> <strong>de 16 \u00e0 22h<\/strong> et leur propose de participer \u00e0 des ateliers et \u00e0 des jeux dans le jardin ou dans des salles d\u00e9di\u00e9es pendant que les parents se d\u00e9tendent et se font chouchouter dans notre <b>centre bien-\u00eatre.<\/b><\/p>\n\n\n\n<p>Vous appr\u00e9cierez l\u2019excellente <b>gastronomie traditionnelle <\/b>de la r\u00e9gion en contemplant une vue magnifique sur les Dolomites et pourrez accompagner vos repas de vins de qualit\u00e9 s\u00e9lectionn\u00e9s par notre sommelier. Vos enfants pourront commander un menu enfant et d\u00e9jeuner avec leurs amis et les animateurs du club deux fois par semaine pendant que vous profiterez d&#8217;une <b>soir\u00e9e romantique <\/b>ou participerez aux <b>d\u00e9gustations de vins et de bi\u00e8res du Trentin<\/b>.<\/p>\n","protected":false},"excerpt":{"rendered":"<p>Situ\u00e9 dans le Val di Fassa au c\u0153ur d\u2019un paisible jardin priv\u00e9 de 5 000 &hellip;<\/p>\n","protected":false},"author":1,"featured_media":0,"parent":8241,"menu_order":0,"comment_status":"closed","ping_status":"closed","template":"page-templates\/scheda_hotel.php","meta":{"_acf_changed":false,"footnotes":""},"class_list":["post-10468","page","type-page","status-publish","hentry"],"acf":[],"yoast_head":"<!-- This site is optimized with the Yoast SEO plugin v27.0 - https:\/\/yoast.com\/product\/yoast-seo-wordpress\/ -->\n<title>Offres All Inclusive de MyTime Hotels la Grotta en Val di Fassa Dolomites<\/title>\n<meta name=\"description\" content=\"Vacances tout compris en Italie? D\u00e9couvrez les forfaits All Inclusive de MyTime Hotels la Grotta en Val di Fassa dans les Dolomites\" \/>\n<meta name=\"robots\" content=\"index, follow, max-snippet:-1, max-image-preview:large, max-video-preview:-1\" \/>\n<link rel=\"canonical\" href=\"https:\/\/www.allinclusivehotels.it\/fr\/hotels\/hotel-la-grotta\" \/>\n<meta property=\"og:locale\" content=\"fr_FR\" \/>\n<meta property=\"og:type\" content=\"article\" \/>\n<meta property=\"og:title\" content=\"Offres All Inclusive de MyTime Hotels la Grotta en Val di Fassa Dolomites\" \/>\n<meta property=\"og:description\" content=\"Vacances tout compris en Italie? D\u00e9couvrez les forfaits All Inclusive de MyTime Hotels la Grotta en Val di Fassa dans les Dolomites\" \/>\n<meta property=\"og:url\" content=\"https:\/\/www.allinclusivehotels.it\/fr\/hotels\/hotel-la-grotta\" \/>\n<meta property=\"og:site_name\" content=\"All Inclusive Hotels\" \/>\n<meta property=\"article:modified_time\" content=\"2023-12-04T10:04:04+00:00\" \/>\n<meta name=\"twitter:card\" content=\"summary_large_image\" \/>\n<meta name=\"twitter:label1\" content=\"Dur\u00e9e de lecture estim\u00e9e\" \/>\n\t<meta name=\"twitter:data1\" content=\"2 minutes\" \/>\n<script type=\"application\/ld+json\" class=\"yoast-schema-graph\">{\"@context\":\"https:\/\/schema.org\",\"@graph\":[{\"@type\":\"WebPage\",\"@id\":\"https:\/\/www.allinclusivehotels.it\/fr\/hotels\/hotel-la-grotta\",\"url\":\"https:\/\/www.allinclusivehotels.it\/fr\/hotels\/hotel-la-grotta\",\"name\":\"Offres All Inclusive de MyTime Hotels la Grotta en Val di Fassa Dolomites\",\"isPartOf\":{\"@id\":\"https:\/\/www.allinclusivehotels.it\/fr#website\"},\"datePublished\":\"2022-02-16T13:41:31+00:00\",\"dateModified\":\"2023-12-04T10:04:04+00:00\",\"description\":\"Vacances tout compris en Italie? D\u00e9couvrez les forfaits All Inclusive de MyTime Hotels la Grotta en Val di Fassa dans les Dolomites\",\"breadcrumb\":{\"@id\":\"https:\/\/www.allinclusivehotels.it\/fr\/hotels\/hotel-la-grotta#breadcrumb\"},\"inLanguage\":\"fr-FR\",\"potentialAction\":[{\"@type\":\"ReadAction\",\"target\":[\"https:\/\/www.allinclusivehotels.it\/fr\/hotels\/hotel-la-grotta\"]}]},{\"@type\":\"BreadcrumbList\",\"@id\":\"https:\/\/www.allinclusivehotels.it\/fr\/hotels\/hotel-la-grotta#breadcrumb\",\"itemListElement\":[{\"@type\":\"ListItem\",\"position\":1,\"name\":\"Home\",\"item\":\"https:\/\/www.allinclusivehotels.it\/fr\"},{\"@type\":\"ListItem\",\"position\":2,\"name\":\"H\u00f4tels\",\"item\":\"https:\/\/www.allinclusivehotels.it\/fr\/hotels\"},{\"@type\":\"ListItem\",\"position\":3,\"name\":\"MyTime Hotels la Grotta\"}]},{\"@type\":\"WebSite\",\"@id\":\"https:\/\/www.allinclusivehotels.it\/fr#website\",\"url\":\"https:\/\/www.allinclusivehotels.it\/fr\",\"name\":\"All Inclusive Hotels\",\"description\":\"\",\"publisher\":{\"@id\":\"https:\/\/www.allinclusivehotels.it\/fr#organization\"},\"potentialAction\":[{\"@type\":\"SearchAction\",\"target\":{\"@type\":\"EntryPoint\",\"urlTemplate\":\"https:\/\/www.allinclusivehotels.it\/fr?s={search_term_string}\"},\"query-input\":{\"@type\":\"PropertyValueSpecification\",\"valueRequired\":true,\"valueName\":\"search_term_string\"}}],\"inLanguage\":\"fr-FR\"},{\"@type\":\"Organization\",\"@id\":\"https:\/\/www.allinclusivehotels.it\/fr#organization\",\"name\":\"All Inclusive Hotels\",\"url\":\"https:\/\/www.allinclusivehotels.it\/fr\",\"logo\":{\"@type\":\"ImageObject\",\"inLanguage\":\"fr-FR\",\"@id\":\"https:\/\/www.allinclusivehotels.it\/fr#\/schema\/logo\/image\/\",\"url\":\"\",\"contentUrl\":\"\",\"caption\":\"All Inclusive Hotels\"},\"image\":{\"@id\":\"https:\/\/www.allinclusivehotels.it\/fr#\/schema\/logo\/image\/\"}}]}<\/script>\n<!-- \/ Yoast SEO plugin. -->","yoast_head_json":{"title":"Offres All Inclusive de MyTime Hotels la Grotta en Val di Fassa Dolomites","description":"Vacances tout compris en Italie? D\u00e9couvrez les forfaits All Inclusive de MyTime Hotels la Grotta en Val di Fassa dans les Dolomites","robots":{"index":"index","follow":"follow","max-snippet":"max-snippet:-1","max-image-preview":"max-image-preview:large","max-video-preview":"max-video-preview:-1"},"canonical":"https:\/\/www.allinclusivehotels.it\/fr\/hotels\/hotel-la-grotta","og_locale":"fr_FR","og_type":"article","og_title":"Offres All Inclusive de MyTime Hotels la Grotta en Val di Fassa Dolomites","og_description":"Vacances tout compris en Italie? D\u00e9couvrez les forfaits All Inclusive de MyTime Hotels la Grotta en Val di Fassa dans les Dolomites","og_url":"https:\/\/www.allinclusivehotels.it\/fr\/hotels\/hotel-la-grotta","og_site_name":"All Inclusive Hotels","article_modified_time":"2023-12-04T10:04:04+00:00","twitter_card":"summary_large_image","twitter_misc":{"Dur\u00e9e de lecture estim\u00e9e":"2 minutes"},"schema":{"@context":"https:\/\/schema.org","@graph":[{"@type":"WebPage","@id":"https:\/\/www.allinclusivehotels.it\/fr\/hotels\/hotel-la-grotta","url":"https:\/\/www.allinclusivehotels.it\/fr\/hotels\/hotel-la-grotta","name":"Offres All Inclusive de MyTime Hotels la Grotta en Val di Fassa Dolomites","isPartOf":{"@id":"https:\/\/www.allinclusivehotels.it\/fr#website"},"datePublished":"2022-02-16T13:41:31+00:00","dateModified":"2023-12-04T10:04:04+00:00","description":"Vacances tout compris en Italie? D\u00e9couvrez les forfaits All Inclusive de MyTime Hotels la Grotta en Val di Fassa dans les Dolomites","breadcrumb":{"@id":"https:\/\/www.allinclusivehotels.it\/fr\/hotels\/hotel-la-grotta#breadcrumb"},"inLanguage":"fr-FR","potentialAction":[{"@type":"ReadAction","target":["https:\/\/www.allinclusivehotels.it\/fr\/hotels\/hotel-la-grotta"]}]},{"@type":"BreadcrumbList","@id":"https:\/\/www.allinclusivehotels.it\/fr\/hotels\/hotel-la-grotta#breadcrumb","itemListElement":[{"@type":"ListItem","position":1,"name":"Home","item":"https:\/\/www.allinclusivehotels.it\/fr"},{"@type":"ListItem","position":2,"name":"H\u00f4tels","item":"https:\/\/www.allinclusivehotels.it\/fr\/hotels"},{"@type":"ListItem","position":3,"name":"MyTime Hotels la Grotta"}]},{"@type":"WebSite","@id":"https:\/\/www.allinclusivehotels.it\/fr#website","url":"https:\/\/www.allinclusivehotels.it\/fr","name":"All Inclusive Hotels","description":"","publisher":{"@id":"https:\/\/www.allinclusivehotels.it\/fr#organization"},"potentialAction":[{"@type":"SearchAction","target":{"@type":"EntryPoint","urlTemplate":"https:\/\/www.allinclusivehotels.it\/fr?s={search_term_string}"},"query-input":{"@type":"PropertyValueSpecification","valueRequired":true,"valueName":"search_term_string"}}],"inLanguage":"fr-FR"},{"@type":"Organization","@id":"https:\/\/www.allinclusivehotels.it\/fr#organization","name":"All Inclusive Hotels","url":"https:\/\/www.allinclusivehotels.it\/fr","logo":{"@type":"ImageObject","inLanguage":"fr-FR","@id":"https:\/\/www.allinclusivehotels.it\/fr#\/schema\/logo\/image\/","url":"","contentUrl":"","caption":"All Inclusive Hotels"},"image":{"@id":"https:\/\/www.allinclusivehotels.it\/fr#\/schema\/logo\/image\/"}}]}},"_links":{"self":[{"href":"https:\/\/www.allinclusivehotels.it\/fr\/wp-json\/wp\/v2\/pages\/10468","targetHints":{"allow":["GET"]}}],"collection":[{"href":"https:\/\/www.allinclusivehotels.it\/fr\/wp-json\/wp\/v2\/pages"}],"about":[{"href":"https:\/\/www.allinclusivehotels.it\/fr\/wp-json\/wp\/v2\/types\/page"}],"author":[{"embeddable":true,"href":"https:\/\/www.allinclusivehotels.it\/fr\/wp-json\/wp\/v2\/users\/1"}],"replies":[{"embeddable":true,"href":"https:\/\/www.allinclusivehotels.it\/fr\/wp-json\/wp\/v2\/comments?post=10468"}],"version-history":[{"count":9,"href":"https:\/\/www.allinclusivehotels.it\/fr\/wp-json\/wp\/v2\/pages\/10468\/revisions"}],"predecessor-version":[{"id":33600,"href":"https:\/\/www.allinclusivehotels.it\/fr\/wp-json\/wp\/v2\/pages\/10468\/revisions\/33600"}],"up":[{"embeddable":true,"href":"https:\/\/www.allinclusivehotels.it\/fr\/wp-json\/wp\/v2\/pages\/8241"}],"wp:attachment":[{"href":"https:\/\/www.allinclusivehotels.it\/fr\/wp-json\/wp\/v2\/media?parent=10468"}],"curies":[{"name":"wp","href":"https:\/\/api.w.org\/{rel}","templated":true}]}}