{"id":10438,"date":"2022-02-16T14:41:29","date_gmt":"2022-02-16T13:41:29","guid":{"rendered":"https:\/\/www.allinclusivehotels.it\/hotels-2\/hotel-nettuno"},"modified":"2022-07-21T17:24:36","modified_gmt":"2022-07-21T15:24:36","slug":"hotel-nettuno","status":"publish","type":"page","link":"https:\/\/www.allinclusivehotels.it\/fr\/hotels\/hotel-nettuno","title":{"rendered":"Hotel Nettuno"},"content":{"rendered":"\n<p>L&#8217;<b>Hotel Nettuno<\/b> est situ\u00e9 sur le <b>front de mer de Cattolica<\/b>, juste devant une <b>grande plage tranquille o\u00f9 <\/b>de nombreuses <b>animations sont organis\u00e9es tous les jours \u00e0 destination des adultes comme des enfants<\/b>. Si vous souhaitez vous d\u00e9tendre sans quitter le confort de l&#8217;h\u00f4tel, vous appr\u00e9cierez notre <b>piscine chauff\u00e9e<\/b> ; ses trois bassins conviendront aux enfants comme aux adultes et elle <b>peut \u00eatre<\/b> <b>couverte<\/b> <strong>en cas de mauvais temps<\/strong>. En plus d&#8217;un jacuzzi, vous y trouverez des cascades, un bassin avec courants et des toboggans.<\/p>\n\n\n\n<!--more-->\n\n\n\n<p>Notre <b>\u00e9quipe d\u2019animateurs <\/b>organise chaque jour des animations. Pour les enfants : jeux, cabarets, tournois, ateliers, ap\u00e9ritifs Disney et baby dance. Pour les adultes : r\u00e9veil musculaire, aquagym, spectacles pyrotechniques, danses br\u00e9siliennes et cubaines. Vous trouverez \u00e9galement plusieurs <b>espaces communs, une salle de sport<\/b> et de<b> nombreux<\/b> <b>espaces ext\u00e9rieurs <\/b>o\u00f9 vous d\u00e9tendre.<\/p>\n\n\n\n<p>D\u00e9marrez votre journ\u00e9e avec un copieux <b>petit-d\u00e9jeuner sucr\u00e9 ou sal\u00e9 en profitant de la vue sur la mer<\/b>. Au d\u00e9jeuner comme au d\u00eener, vous pourrez appr\u00e9cier l&#8217;excellente cuisine traditionnelle revisit\u00e9e par notre chef et aurez le choix entre <b>trois menus servis \u00e0 table<\/b>. Vous pourrez aussi commander une pizza et vous servir sur le buffet de l\u00e9gumes et d&#8217;accompagnements. Les gourmands appr\u00e9cieront aussi nos glaces artisanales et nos p\u00e2tisseries faites maison.<\/p>\n\n\n\n<p>Le chef pr\u00e9parera aussi des <b>menus enfants <\/b>et les jeunes parents auront toujours \u00e0 leur disposition une <b>cuisine dans laquelle pr\u00e9parer eux-m\u00eames les repas de leur b\u00e9b\u00e9<\/b>. En cas d&#8217;allergies ou d\u2019<b>intol\u00e9rances alimentaires, notre \u00e9quipe se fera un plaisir de vous proposer des alternatives adapt\u00e9e<\/b><strong>s<\/strong> \u00e0 vos go\u00fbts et \u00e0 votre r\u00e9gime.<\/p>\n","protected":false},"excerpt":{"rendered":"<p>L&#8217;Hotel Nettuno est situ\u00e9 sur le front de mer de Cattolica, juste devant une grande &hellip;<\/p>\n","protected":false},"author":1,"featured_media":0,"parent":8241,"menu_order":0,"comment_status":"closed","ping_status":"closed","template":"page-templates\/scheda_hotel.php","meta":{"_acf_changed":false,"footnotes":""},"class_list":["post-10438","page","type-page","status-publish","hentry"],"acf":[],"yoast_head":"<!-- This site is optimized with the Yoast SEO plugin v27.0 - https:\/\/yoast.com\/product\/yoast-seo-wordpress\/ -->\n<title>Offres All Inclusive de l&#039;H\u00f4tel Nettuno \u00e0 Cattolica<\/title>\n<meta name=\"description\" content=\"Vacances tout compris en Italie? D\u00e9couvrez les forfaits All Inclusive de l&#039;H\u00f4tel Nettuno \u00e0 Cattolica sur la c\u00f4te Adriatique\" \/>\n<meta name=\"robots\" content=\"index, follow, max-snippet:-1, max-image-preview:large, max-video-preview:-1\" \/>\n<link rel=\"canonical\" href=\"https:\/\/www.allinclusivehotels.it\/fr\/hotels\/hotel-nettuno\" \/>\n<meta property=\"og:locale\" content=\"fr_FR\" \/>\n<meta property=\"og:type\" content=\"article\" \/>\n<meta property=\"og:title\" content=\"Offres All Inclusive de l&#039;H\u00f4tel Nettuno \u00e0 Cattolica\" \/>\n<meta property=\"og:description\" content=\"Vacances tout compris en Italie? D\u00e9couvrez les forfaits All Inclusive de l&#039;H\u00f4tel Nettuno \u00e0 Cattolica sur la c\u00f4te Adriatique\" \/>\n<meta property=\"og:url\" content=\"https:\/\/www.allinclusivehotels.it\/fr\/hotels\/hotel-nettuno\" \/>\n<meta property=\"og:site_name\" content=\"All Inclusive Hotels\" \/>\n<meta property=\"article:modified_time\" content=\"2022-07-21T15:24:36+00:00\" \/>\n<meta name=\"twitter:card\" content=\"summary_large_image\" \/>\n<meta name=\"twitter:label1\" content=\"Dur\u00e9e de lecture estim\u00e9e\" \/>\n\t<meta name=\"twitter:data1\" content=\"2 minutes\" \/>\n<script type=\"application\/ld+json\" class=\"yoast-schema-graph\">{\"@context\":\"https:\/\/schema.org\",\"@graph\":[{\"@type\":\"WebPage\",\"@id\":\"https:\/\/www.allinclusivehotels.it\/fr\/hotels\/hotel-nettuno\",\"url\":\"https:\/\/www.allinclusivehotels.it\/fr\/hotels\/hotel-nettuno\",\"name\":\"Offres All Inclusive de l'H\u00f4tel Nettuno \u00e0 Cattolica\",\"isPartOf\":{\"@id\":\"https:\/\/www.allinclusivehotels.it\/fr#website\"},\"datePublished\":\"2022-02-16T13:41:29+00:00\",\"dateModified\":\"2022-07-21T15:24:36+00:00\",\"description\":\"Vacances tout compris en Italie? D\u00e9couvrez les forfaits All Inclusive de l'H\u00f4tel Nettuno \u00e0 Cattolica sur la c\u00f4te Adriatique\",\"breadcrumb\":{\"@id\":\"https:\/\/www.allinclusivehotels.it\/fr\/hotels\/hotel-nettuno#breadcrumb\"},\"inLanguage\":\"fr-FR\",\"potentialAction\":[{\"@type\":\"ReadAction\",\"target\":[\"https:\/\/www.allinclusivehotels.it\/fr\/hotels\/hotel-nettuno\"]}]},{\"@type\":\"BreadcrumbList\",\"@id\":\"https:\/\/www.allinclusivehotels.it\/fr\/hotels\/hotel-nettuno#breadcrumb\",\"itemListElement\":[{\"@type\":\"ListItem\",\"position\":1,\"name\":\"Home\",\"item\":\"https:\/\/www.allinclusivehotels.it\/fr\"},{\"@type\":\"ListItem\",\"position\":2,\"name\":\"H\u00f4tels\",\"item\":\"https:\/\/www.allinclusivehotels.it\/fr\/hotels\"},{\"@type\":\"ListItem\",\"position\":3,\"name\":\"Hotel Nettuno\"}]},{\"@type\":\"WebSite\",\"@id\":\"https:\/\/www.allinclusivehotels.it\/fr#website\",\"url\":\"https:\/\/www.allinclusivehotels.it\/fr\",\"name\":\"All Inclusive Hotels\",\"description\":\"\",\"publisher\":{\"@id\":\"https:\/\/www.allinclusivehotels.it\/fr#organization\"},\"potentialAction\":[{\"@type\":\"SearchAction\",\"target\":{\"@type\":\"EntryPoint\",\"urlTemplate\":\"https:\/\/www.allinclusivehotels.it\/fr?s={search_term_string}\"},\"query-input\":{\"@type\":\"PropertyValueSpecification\",\"valueRequired\":true,\"valueName\":\"search_term_string\"}}],\"inLanguage\":\"fr-FR\"},{\"@type\":\"Organization\",\"@id\":\"https:\/\/www.allinclusivehotels.it\/fr#organization\",\"name\":\"All Inclusive Hotels\",\"url\":\"https:\/\/www.allinclusivehotels.it\/fr\",\"logo\":{\"@type\":\"ImageObject\",\"inLanguage\":\"fr-FR\",\"@id\":\"https:\/\/www.allinclusivehotels.it\/fr#\/schema\/logo\/image\/\",\"url\":\"\",\"contentUrl\":\"\",\"caption\":\"All Inclusive Hotels\"},\"image\":{\"@id\":\"https:\/\/www.allinclusivehotels.it\/fr#\/schema\/logo\/image\/\"}}]}<\/script>\n<!-- \/ Yoast SEO plugin. -->","yoast_head_json":{"title":"Offres All Inclusive de l'H\u00f4tel Nettuno \u00e0 Cattolica","description":"Vacances tout compris en Italie? D\u00e9couvrez les forfaits All Inclusive de l'H\u00f4tel Nettuno \u00e0 Cattolica sur la c\u00f4te Adriatique","robots":{"index":"index","follow":"follow","max-snippet":"max-snippet:-1","max-image-preview":"max-image-preview:large","max-video-preview":"max-video-preview:-1"},"canonical":"https:\/\/www.allinclusivehotels.it\/fr\/hotels\/hotel-nettuno","og_locale":"fr_FR","og_type":"article","og_title":"Offres All Inclusive de l'H\u00f4tel Nettuno \u00e0 Cattolica","og_description":"Vacances tout compris en Italie? D\u00e9couvrez les forfaits All Inclusive de l'H\u00f4tel Nettuno \u00e0 Cattolica sur la c\u00f4te Adriatique","og_url":"https:\/\/www.allinclusivehotels.it\/fr\/hotels\/hotel-nettuno","og_site_name":"All Inclusive Hotels","article_modified_time":"2022-07-21T15:24:36+00:00","twitter_card":"summary_large_image","twitter_misc":{"Dur\u00e9e de lecture estim\u00e9e":"2 minutes"},"schema":{"@context":"https:\/\/schema.org","@graph":[{"@type":"WebPage","@id":"https:\/\/www.allinclusivehotels.it\/fr\/hotels\/hotel-nettuno","url":"https:\/\/www.allinclusivehotels.it\/fr\/hotels\/hotel-nettuno","name":"Offres All Inclusive de l'H\u00f4tel Nettuno \u00e0 Cattolica","isPartOf":{"@id":"https:\/\/www.allinclusivehotels.it\/fr#website"},"datePublished":"2022-02-16T13:41:29+00:00","dateModified":"2022-07-21T15:24:36+00:00","description":"Vacances tout compris en Italie? D\u00e9couvrez les forfaits All Inclusive de l'H\u00f4tel Nettuno \u00e0 Cattolica sur la c\u00f4te Adriatique","breadcrumb":{"@id":"https:\/\/www.allinclusivehotels.it\/fr\/hotels\/hotel-nettuno#breadcrumb"},"inLanguage":"fr-FR","potentialAction":[{"@type":"ReadAction","target":["https:\/\/www.allinclusivehotels.it\/fr\/hotels\/hotel-nettuno"]}]},{"@type":"BreadcrumbList","@id":"https:\/\/www.allinclusivehotels.it\/fr\/hotels\/hotel-nettuno#breadcrumb","itemListElement":[{"@type":"ListItem","position":1,"name":"Home","item":"https:\/\/www.allinclusivehotels.it\/fr"},{"@type":"ListItem","position":2,"name":"H\u00f4tels","item":"https:\/\/www.allinclusivehotels.it\/fr\/hotels"},{"@type":"ListItem","position":3,"name":"Hotel Nettuno"}]},{"@type":"WebSite","@id":"https:\/\/www.allinclusivehotels.it\/fr#website","url":"https:\/\/www.allinclusivehotels.it\/fr","name":"All Inclusive Hotels","description":"","publisher":{"@id":"https:\/\/www.allinclusivehotels.it\/fr#organization"},"potentialAction":[{"@type":"SearchAction","target":{"@type":"EntryPoint","urlTemplate":"https:\/\/www.allinclusivehotels.it\/fr?s={search_term_string}"},"query-input":{"@type":"PropertyValueSpecification","valueRequired":true,"valueName":"search_term_string"}}],"inLanguage":"fr-FR"},{"@type":"Organization","@id":"https:\/\/www.allinclusivehotels.it\/fr#organization","name":"All Inclusive Hotels","url":"https:\/\/www.allinclusivehotels.it\/fr","logo":{"@type":"ImageObject","inLanguage":"fr-FR","@id":"https:\/\/www.allinclusivehotels.it\/fr#\/schema\/logo\/image\/","url":"","contentUrl":"","caption":"All Inclusive Hotels"},"image":{"@id":"https:\/\/www.allinclusivehotels.it\/fr#\/schema\/logo\/image\/"}}]}},"_links":{"self":[{"href":"https:\/\/www.allinclusivehotels.it\/fr\/wp-json\/wp\/v2\/pages\/10438","targetHints":{"allow":["GET"]}}],"collection":[{"href":"https:\/\/www.allinclusivehotels.it\/fr\/wp-json\/wp\/v2\/pages"}],"about":[{"href":"https:\/\/www.allinclusivehotels.it\/fr\/wp-json\/wp\/v2\/types\/page"}],"author":[{"embeddable":true,"href":"https:\/\/www.allinclusivehotels.it\/fr\/wp-json\/wp\/v2\/users\/1"}],"replies":[{"embeddable":true,"href":"https:\/\/www.allinclusivehotels.it\/fr\/wp-json\/wp\/v2\/comments?post=10438"}],"version-history":[{"count":10,"href":"https:\/\/www.allinclusivehotels.it\/fr\/wp-json\/wp\/v2\/pages\/10438\/revisions"}],"predecessor-version":[{"id":22334,"href":"https:\/\/www.allinclusivehotels.it\/fr\/wp-json\/wp\/v2\/pages\/10438\/revisions\/22334"}],"up":[{"embeddable":true,"href":"https:\/\/www.allinclusivehotels.it\/fr\/wp-json\/wp\/v2\/pages\/8241"}],"wp:attachment":[{"href":"https:\/\/www.allinclusivehotels.it\/fr\/wp-json\/wp\/v2\/media?parent=10438"}],"curies":[{"name":"wp","href":"https:\/\/api.w.org\/{rel}","templated":true}]}}